{"id":9996,"date":"2020-03-10T14:35:16","date_gmt":"2020-03-10T15:38:13","guid":{"rendered":"https:\/\/burespro.neorgvirtual.com\/product\/prodeasa-rt50-ecologique\/"},"modified":"2020-08-13T12:10:44","modified_gmt":"2020-08-13T10:10:44","slug":"prodeasa-rt50-ecologique","status":"publish","type":"product","link":"https:\/\/www.burespro.com\/fr\/product\/prodeasa-rt50-ecologique\/","title":{"rendered":"PRODEASA RT50 ECOLOGIQUE"},"content":{"rendered":"<p>Les substrats PRODEASA sont fabriqu\u00e9s \u00e0 partir de mati\u00e8res premi\u00e8res de haute qualit\u00e9 qui, m\u00e9lang\u00e9es avec pr\u00e9cision, garantissent l&rsquo;efficacit\u00e9 du substrat, avec un drainage et une ventilation ad\u00e9quate aux besoins de chaque culture. Chacun des substrats a une composition diff\u00e9rente et un abonn\u00e9 personnalis\u00e9.<br \/>\nTous les substrats sont commercialis\u00e9s avec le pH corrig\u00e9 (5,5-6,5), et avec un engrais de base (NPK) pour le d\u00e9but de la culture.<br \/>\nParmi les substrats PRODEASA, il existe quatre grandes lignes diff\u00e9renci\u00e9es en termes de type de mat\u00e9riau et de ses propri\u00e9t\u00e9s.<\/p>\n<p>LIGNE RT \/ RTC<br \/>\n<strong> Avec effet suppresseur de maladies. <\/strong><\/p>\n<p>Substrats fabriqu\u00e9s avec du Rold\u00f3 compost\u00e9s et calibr\u00e9s qui ont un effet suppresseur important des maladies du cou et des racines et en m\u00eame temps un effet stimulant de la croissance des plantes.<br \/>\nLigne de produits qui se distinguent par leurs propri\u00e9t\u00e9s de drainage et d&rsquo;a\u00e9ration, ainsi que par leur stabilit\u00e9 \u00e0 long terme.<br \/>\nSa formulation comprend de la tourbe blonde \u00e0 la sphaigne et de la fibre de coco longue pour la gamme RTC.<\/p>\n<p><strong>RODEASA RT50<\/strong><br \/>\nLe substrat RT50 est une combinaison de tourbe blonde de sphaigne et d&rsquo;\u00e9corce calibr\u00e9e compost\u00e9e et d&rsquo;engrais organique \u00e9cologique. Il fournit un m\u00e9lange organique d&rsquo;engrais organique Vigorhumus H00 et un rapport de 4kg \/ m\u00b3.<\/p>\n<p>&nbsp;<\/p>\n<p><strong>Produit applicable \u00e0 l&rsquo;agriculture biologique conform\u00e9ment au r\u00e8glement (CE) N\u00ba834 \/ 2007 du Conseil, du 28 juin 2007, sur la production et l&rsquo;\u00e9tiquetage des produits biologiques avec la Certification N\u00baCT71PAE-18.6 r\u00e9alis\u00e9e par Sohiscert.<\/strong><\/p>\n","protected":false},"excerpt":{"rendered":"<p>Les substrats PRODEASA sont fabriqu\u00e9s \u00e0 partir de mati\u00e8res premi\u00e8res de haute qualit\u00e9 qui, m\u00e9lang\u00e9es avec pr\u00e9cision, garantissent l&rsquo;efficacit\u00e9 du substrat, avec un drainage et une ventilation ad\u00e9quate aux besoins de chaque culture. Chacun des substrats a une composition diff\u00e9rente et un abonn\u00e9 personnalis\u00e9. Tous les substrats sont commercialis\u00e9s avec le pH corrig\u00e9 (5,5-6,5), et [&hellip;]<\/p>\n","protected":false},"featured_media":1482,"comment_status":"closed","ping_status":"closed","template":"","meta":{"_acf_changed":false,"inline_featured_image":false},"product_brand":[],"product_cat":[426,218,219,215,414],"product_tag":[452,506,558,561,567,564,591,597,606,609],"sectores":[364,371,419,367,372,368,369],"class_list":{"0":"post-9996","1":"product","2":"type-product","3":"status-publish","4":"has-post-thumbnail","6":"product_cat-substrats-prodeasa-fr","7":"product_cat-substrats-ecologiques","8":"product_cat-terreaux-pour-la-culture","9":"product_cat-terreaux-pour-le-jardin","10":"product_cat-substrats-de-jardinage","11":"product_tag-bures-profesional-fr","12":"product_tag-construction-de-jardin","13":"product_tag-jardinage-de-gerone","14":"product_tag-jardinage-professionnel","15":"product_tag-materiel-de-jardinage","16":"product_tag-materiel-de-jardinage-girona","17":"product_tag-substrats-de-gerone","18":"product_tag-substrats-de-jardinage","19":"product_tag-substrats-en-croissance","20":"product_tag-supports-professionnels","21":"sectores-pepiniere","22":"sectores-fructiculture-et-horticulture","23":"sectores-floriculture-fr","24":"sectores-jardinage-professionnel-paysagisme","25":"sectores-genieux-publiques-et-civiles","26":"sectores-administrations-publiques","27":"sectores-centres-de-jardinerie","29":"first","30":"instock","31":"product-type-simple"},"acf":[],"yoast_head":"<!-- This site is optimized with the Yoast SEO plugin v26.7 - https:\/\/yoast.com\/wordpress\/plugins\/seo\/ -->\n<title>PRODEASA RT50 ECOLOGIQUE | Bur\u00e9s Profesional<\/title>\n<meta name=\"robots\" content=\"index, follow, max-snippet:-1, max-image-preview:large, max-video-preview:-1\" \/>\n<link rel=\"canonical\" href=\"https:\/\/www.burespro.com\/fr\/product\/prodeasa-rt50-ecologique\/\" \/>\n<meta property=\"og:locale\" content=\"fr_FR\" \/>\n<meta property=\"og:type\" content=\"article\" \/>\n<meta property=\"og:title\" content=\"PRODEASA RT50 ECOLOGIQUE | Bur\u00e9s Profesional\" \/>\n<meta property=\"og:description\" content=\"Les substrats PRODEASA sont fabriqu\u00e9s \u00e0 partir de mati\u00e8res premi\u00e8res de haute qualit\u00e9 qui, m\u00e9lang\u00e9es avec pr\u00e9cision, garantissent l&rsquo;efficacit\u00e9 du substrat, avec un drainage et une ventilation ad\u00e9quate aux besoins de chaque culture. Chacun des substrats a une composition diff\u00e9rente et un abonn\u00e9 personnalis\u00e9. Tous les substrats sont commercialis\u00e9s avec le pH corrig\u00e9 (5,5-6,5), et [&hellip;]\" \/>\n<meta property=\"og:url\" content=\"https:\/\/www.burespro.com\/fr\/product\/prodeasa-rt50-ecologique\/\" \/>\n<meta property=\"og:site_name\" content=\"Bur\u00e9s Profesional\" \/>\n<meta property=\"article:publisher\" content=\"https:\/\/www.facebook.com\/buresprofesionalsa\" \/>\n<meta property=\"article:modified_time\" content=\"2020-08-13T10:10:44+00:00\" \/>\n<meta property=\"og:image\" content=\"https:\/\/www.burespro.com\/wp-content\/uploads\/2020\/01\/302_medium.jpg\" \/>\n\t<meta property=\"og:image:width\" content=\"800\" \/>\n\t<meta property=\"og:image:height\" content=\"600\" \/>\n\t<meta property=\"og:image:type\" content=\"image\/jpeg\" \/>\n<meta name=\"twitter:card\" content=\"summary_large_image\" \/>\n<meta name=\"twitter:label1\" content=\"Dur\u00e9e de lecture estim\u00e9e\" \/>\n\t<meta name=\"twitter:data1\" content=\"1 minute\" \/>\n<script type=\"application\/ld+json\" class=\"yoast-schema-graph\">{\"@context\":\"https:\/\/schema.org\",\"@graph\":[{\"@type\":\"WebPage\",\"@id\":\"https:\/\/www.burespro.com\/fr\/product\/prodeasa-rt50-ecologique\/\",\"url\":\"https:\/\/www.burespro.com\/fr\/product\/prodeasa-rt50-ecologique\/\",\"name\":\"PRODEASA RT50 ECOLOGIQUE | Bur\u00e9s Profesional\",\"isPartOf\":{\"@id\":\"https:\/\/www.burespro.com\/#website\"},\"primaryImageOfPage\":{\"@id\":\"https:\/\/www.burespro.com\/fr\/product\/prodeasa-rt50-ecologique\/#primaryimage\"},\"image\":{\"@id\":\"https:\/\/www.burespro.com\/fr\/product\/prodeasa-rt50-ecologique\/#primaryimage\"},\"thumbnailUrl\":\"https:\/\/www.burespro.com\/wp-content\/uploads\/2020\/01\/302_medium.jpg\",\"datePublished\":\"2020-03-10T15:38:13+00:00\",\"dateModified\":\"2020-08-13T10:10:44+00:00\",\"breadcrumb\":{\"@id\":\"https:\/\/www.burespro.com\/fr\/product\/prodeasa-rt50-ecologique\/#breadcrumb\"},\"inLanguage\":\"fr-FR\",\"potentialAction\":[{\"@type\":\"ReadAction\",\"target\":[\"https:\/\/www.burespro.com\/fr\/product\/prodeasa-rt50-ecologique\/\"]}]},{\"@type\":\"ImageObject\",\"inLanguage\":\"fr-FR\",\"@id\":\"https:\/\/www.burespro.com\/fr\/product\/prodeasa-rt50-ecologique\/#primaryimage\",\"url\":\"https:\/\/www.burespro.com\/wp-content\/uploads\/2020\/01\/302_medium.jpg\",\"contentUrl\":\"https:\/\/www.burespro.com\/wp-content\/uploads\/2020\/01\/302_medium.jpg\",\"width\":800,\"height\":600},{\"@type\":\"BreadcrumbList\",\"@id\":\"https:\/\/www.burespro.com\/fr\/product\/prodeasa-rt50-ecologique\/#breadcrumb\",\"itemListElement\":[{\"@type\":\"ListItem\",\"position\":1,\"name\":\"Inici\",\"item\":\"https:\/\/www.burespro.com\/fr\/\"},{\"@type\":\"ListItem\",\"position\":2,\"name\":\"Boutique\",\"item\":\"https:\/\/www.burespro.com\/fr\/substrats-engrais\/\"},{\"@type\":\"ListItem\",\"position\":3,\"name\":\"PRODEASA RT50 ECOLOGIQUE\"}]},{\"@type\":\"WebSite\",\"@id\":\"https:\/\/www.burespro.com\/#website\",\"url\":\"https:\/\/www.burespro.com\/\",\"name\":\"Bur\u00e9s Profesional\",\"description\":\"Fabricants de terres, substrats de cultiu, fertilitzants i adobs org\u00e0nics\",\"potentialAction\":[{\"@type\":\"SearchAction\",\"target\":{\"@type\":\"EntryPoint\",\"urlTemplate\":\"https:\/\/www.burespro.com\/?s={search_term_string}\"},\"query-input\":{\"@type\":\"PropertyValueSpecification\",\"valueRequired\":true,\"valueName\":\"search_term_string\"}}],\"inLanguage\":\"fr-FR\"}]}<\/script>\n<!-- \/ Yoast SEO plugin. -->","yoast_head_json":{"title":"PRODEASA RT50 ECOLOGIQUE | Bur\u00e9s Profesional","robots":{"index":"index","follow":"follow","max-snippet":"max-snippet:-1","max-image-preview":"max-image-preview:large","max-video-preview":"max-video-preview:-1"},"canonical":"https:\/\/www.burespro.com\/fr\/product\/prodeasa-rt50-ecologique\/","og_locale":"fr_FR","og_type":"article","og_title":"PRODEASA RT50 ECOLOGIQUE | Bur\u00e9s Profesional","og_description":"Les substrats PRODEASA sont fabriqu\u00e9s \u00e0 partir de mati\u00e8res premi\u00e8res de haute qualit\u00e9 qui, m\u00e9lang\u00e9es avec pr\u00e9cision, garantissent l&rsquo;efficacit\u00e9 du substrat, avec un drainage et une ventilation ad\u00e9quate aux besoins de chaque culture. Chacun des substrats a une composition diff\u00e9rente et un abonn\u00e9 personnalis\u00e9. Tous les substrats sont commercialis\u00e9s avec le pH corrig\u00e9 (5,5-6,5), et [&hellip;]","og_url":"https:\/\/www.burespro.com\/fr\/product\/prodeasa-rt50-ecologique\/","og_site_name":"Bur\u00e9s Profesional","article_publisher":"https:\/\/www.facebook.com\/buresprofesionalsa","article_modified_time":"2020-08-13T10:10:44+00:00","og_image":[{"width":800,"height":600,"url":"https:\/\/www.burespro.com\/wp-content\/uploads\/2020\/01\/302_medium.jpg","type":"image\/jpeg"}],"twitter_card":"summary_large_image","twitter_misc":{"Dur\u00e9e de lecture estim\u00e9e":"1 minute"},"schema":{"@context":"https:\/\/schema.org","@graph":[{"@type":"WebPage","@id":"https:\/\/www.burespro.com\/fr\/product\/prodeasa-rt50-ecologique\/","url":"https:\/\/www.burespro.com\/fr\/product\/prodeasa-rt50-ecologique\/","name":"PRODEASA RT50 ECOLOGIQUE | Bur\u00e9s Profesional","isPartOf":{"@id":"https:\/\/www.burespro.com\/#website"},"primaryImageOfPage":{"@id":"https:\/\/www.burespro.com\/fr\/product\/prodeasa-rt50-ecologique\/#primaryimage"},"image":{"@id":"https:\/\/www.burespro.com\/fr\/product\/prodeasa-rt50-ecologique\/#primaryimage"},"thumbnailUrl":"https:\/\/www.burespro.com\/wp-content\/uploads\/2020\/01\/302_medium.jpg","datePublished":"2020-03-10T15:38:13+00:00","dateModified":"2020-08-13T10:10:44+00:00","breadcrumb":{"@id":"https:\/\/www.burespro.com\/fr\/product\/prodeasa-rt50-ecologique\/#breadcrumb"},"inLanguage":"fr-FR","potentialAction":[{"@type":"ReadAction","target":["https:\/\/www.burespro.com\/fr\/product\/prodeasa-rt50-ecologique\/"]}]},{"@type":"ImageObject","inLanguage":"fr-FR","@id":"https:\/\/www.burespro.com\/fr\/product\/prodeasa-rt50-ecologique\/#primaryimage","url":"https:\/\/www.burespro.com\/wp-content\/uploads\/2020\/01\/302_medium.jpg","contentUrl":"https:\/\/www.burespro.com\/wp-content\/uploads\/2020\/01\/302_medium.jpg","width":800,"height":600},{"@type":"BreadcrumbList","@id":"https:\/\/www.burespro.com\/fr\/product\/prodeasa-rt50-ecologique\/#breadcrumb","itemListElement":[{"@type":"ListItem","position":1,"name":"Inici","item":"https:\/\/www.burespro.com\/fr\/"},{"@type":"ListItem","position":2,"name":"Boutique","item":"https:\/\/www.burespro.com\/fr\/substrats-engrais\/"},{"@type":"ListItem","position":3,"name":"PRODEASA RT50 ECOLOGIQUE"}]},{"@type":"WebSite","@id":"https:\/\/www.burespro.com\/#website","url":"https:\/\/www.burespro.com\/","name":"Bur\u00e9s Profesional","description":"Fabricants de terres, substrats de cultiu, fertilitzants i adobs org\u00e0nics","potentialAction":[{"@type":"SearchAction","target":{"@type":"EntryPoint","urlTemplate":"https:\/\/www.burespro.com\/?s={search_term_string}"},"query-input":{"@type":"PropertyValueSpecification","valueRequired":true,"valueName":"search_term_string"}}],"inLanguage":"fr-FR"}]}},"_links":{"self":[{"href":"https:\/\/www.burespro.com\/fr\/wp-json\/wp\/v2\/product\/9996","targetHints":{"allow":["GET"]}}],"collection":[{"href":"https:\/\/www.burespro.com\/fr\/wp-json\/wp\/v2\/product"}],"about":[{"href":"https:\/\/www.burespro.com\/fr\/wp-json\/wp\/v2\/types\/product"}],"replies":[{"embeddable":true,"href":"https:\/\/www.burespro.com\/fr\/wp-json\/wp\/v2\/comments?post=9996"}],"wp:featuredmedia":[{"embeddable":true,"href":"https:\/\/www.burespro.com\/fr\/wp-json\/wp\/v2\/media\/1482"}],"wp:attachment":[{"href":"https:\/\/www.burespro.com\/fr\/wp-json\/wp\/v2\/media?parent=9996"}],"wp:term":[{"taxonomy":"product_brand","embeddable":true,"href":"https:\/\/www.burespro.com\/fr\/wp-json\/wp\/v2\/product_brand?post=9996"},{"taxonomy":"product_cat","embeddable":true,"href":"https:\/\/www.burespro.com\/fr\/wp-json\/wp\/v2\/product_cat?post=9996"},{"taxonomy":"product_tag","embeddable":true,"href":"https:\/\/www.burespro.com\/fr\/wp-json\/wp\/v2\/product_tag?post=9996"},{"taxonomy":"sectores","embeddable":true,"href":"https:\/\/www.burespro.com\/fr\/wp-json\/wp\/v2\/sectores?post=9996"}],"curies":[{"name":"wp","href":"https:\/\/api.w.org\/{rel}","templated":true}]}}