{"id":9982,"date":"2020-03-10T14:34:27","date_gmt":"2020-03-10T15:37:51","guid":{"rendered":"https:\/\/burespro.neorgvirtual.com\/product\/prodeasa-bvu\/"},"modified":"2020-08-12T16:46:14","modified_gmt":"2020-08-12T14:46:14","slug":"prodeasa-bvu","status":"publish","type":"product","link":"https:\/\/www.burespro.com\/fr\/product\/prodeasa-bvu\/","title":{"rendered":"PRODEASA BVU"},"content":{"rendered":"<p>Les substrats PRODEASA sont fabriqu\u00e9s \u00e0 partir de mati\u00e8res premi\u00e8res de haute qualit\u00e9 qui, lorsqu&rsquo;ils sont m\u00e9lang\u00e9s ensemble, assurent l&rsquo;efficacit\u00e9 du substrat et un drainage et une ventilation appropri\u00e9s pour chaque culture. Chaque substrat a une composition diff\u00e9rente et un engrais sur mesure.<br \/>\nTous les substrats sont commercialis\u00e9s avec un pH corrig\u00e9 (5,5-6,5) et un engrais de base (NPK) pour le d\u00e9but de la culture.<br \/>\nEntre les substrats, PRODEASA se distingue par quatre grandes lignes diff\u00e9renci\u00e9es en fonction du type de mat\u00e9riau et de ses propri\u00e9t\u00e9s.<\/p>\n<p>BV LINE<br \/>\nSubstrats fabriqu\u00e9s avec ECOBOSC pour obtenir des cultures plus r\u00e9sistantes et mieux soutenir la transplantation dans le sol.<br \/>\nC&rsquo;est l&rsquo;alternative parfaite \u00e0 la tourbe, car la pr\u00e9sence naturelle de micro-organismes b\u00e9n\u00e9fiques dans le compos\u00e9 a des effets favorables sur la croissance des plantes et sa tol\u00e9rance aux conditions d\u00e9favorables. Sa formulation comprend \u00e9galement du pouzzolane volcanique (pour faciliter le drainage et maintenir la structure du substrat) et de la tourbe blonde \u00e0 35% de sphaigne.<br \/>\n<strong> Avec effet durcissant sur les plantes. <\/strong><\/p>\n<p><strong>PRODEASA BVU <\/strong><br \/>\nLe substrat PRODEASA BVU est destin\u00e9 \u00e0 la culture forc\u00e9e en p\u00e9pini\u00e8re, permettant une irrigation \u00e0 haute fr\u00e9quence.<\/p>\n<p>Le substrat PRODEASA BVU est un substrat de m\u00e9lange \u00e0 base de tourbe. Le substrat BVU est un substrat polyvalent caract\u00e9ris\u00e9 par une performance \u00e9quilibr\u00e9e entre la r\u00e9tention d&rsquo;eau et l&rsquo;a\u00e9ration. BVU est le r\u00e9sultat d&rsquo;ann\u00e9es d&rsquo;\u00e9tude pour un bon substrat<br \/>\nBVU est fabriqu\u00e9 \u00e0 partir de tourbe blonde de sphaigne, d&rsquo;Ecobosc et de sol volcanique de qualit\u00e9 sup\u00e9rieure. Le substrat est un produit enti\u00e8rement v\u00e9g\u00e9tal, avec l&rsquo;ajout d&rsquo;engrais sp\u00e9cial pour les premi\u00e8res semaines avec un ratio NPK 20-10-5.<\/p>\n","protected":false},"excerpt":{"rendered":"<p>Les substrats PRODEASA sont fabriqu\u00e9s \u00e0 partir de mati\u00e8res premi\u00e8res de haute qualit\u00e9 qui, lorsqu&rsquo;ils sont m\u00e9lang\u00e9s ensemble, assurent l&rsquo;efficacit\u00e9 du substrat et un drainage et une ventilation appropri\u00e9s pour chaque culture. Chaque substrat a une composition diff\u00e9rente et un engrais sur mesure. Tous les substrats sont commercialis\u00e9s avec un pH corrig\u00e9 (5,5-6,5) et un [&hellip;]<\/p>\n","protected":false},"featured_media":1415,"comment_status":"closed","ping_status":"closed","template":"","meta":{"_acf_changed":false,"inline_featured_image":false},"product_brand":[],"product_cat":[426],"product_tag":[506,558,561,567,564,591,597,606,609],"sectores":[364,419,367,372,368],"class_list":{"0":"post-9982","1":"product","2":"type-product","3":"status-publish","4":"has-post-thumbnail","6":"product_cat-substrats-prodeasa-fr","7":"product_tag-construction-de-jardin","8":"product_tag-jardinage-de-gerone","9":"product_tag-jardinage-professionnel","10":"product_tag-materiel-de-jardinage","11":"product_tag-materiel-de-jardinage-girona","12":"product_tag-substrats-de-gerone","13":"product_tag-substrats-de-jardinage","14":"product_tag-substrats-en-croissance","15":"product_tag-supports-professionnels","16":"sectores-pepiniere","17":"sectores-floriculture-fr","18":"sectores-jardinage-professionnel-paysagisme","19":"sectores-genieux-publiques-et-civiles","20":"sectores-administrations-publiques","22":"first","23":"instock","24":"product-type-simple"},"acf":[],"yoast_head":"<!-- This site is optimized with the Yoast SEO plugin v26.7 - https:\/\/yoast.com\/wordpress\/plugins\/seo\/ -->\n<title>PRODEASA BVU | Bur\u00e9s Profesional<\/title>\n<meta name=\"robots\" content=\"index, follow, max-snippet:-1, max-image-preview:large, max-video-preview:-1\" \/>\n<link rel=\"canonical\" href=\"https:\/\/www.burespro.com\/fr\/product\/prodeasa-bvu\/\" \/>\n<meta property=\"og:locale\" content=\"fr_FR\" \/>\n<meta property=\"og:type\" content=\"article\" \/>\n<meta property=\"og:title\" content=\"PRODEASA BVU | Bur\u00e9s Profesional\" \/>\n<meta property=\"og:description\" content=\"Les substrats PRODEASA sont fabriqu\u00e9s \u00e0 partir de mati\u00e8res premi\u00e8res de haute qualit\u00e9 qui, lorsqu&rsquo;ils sont m\u00e9lang\u00e9s ensemble, assurent l&rsquo;efficacit\u00e9 du substrat et un drainage et une ventilation appropri\u00e9s pour chaque culture. Chaque substrat a une composition diff\u00e9rente et un engrais sur mesure. Tous les substrats sont commercialis\u00e9s avec un pH corrig\u00e9 (5,5-6,5) et un [&hellip;]\" \/>\n<meta property=\"og:url\" content=\"https:\/\/www.burespro.com\/fr\/product\/prodeasa-bvu\/\" \/>\n<meta property=\"og:site_name\" content=\"Bur\u00e9s Profesional\" \/>\n<meta property=\"article:publisher\" content=\"https:\/\/www.facebook.com\/buresprofesionalsa\" \/>\n<meta property=\"article:modified_time\" content=\"2020-08-12T14:46:14+00:00\" \/>\n<meta property=\"og:image\" content=\"https:\/\/www.burespro.com\/wp-content\/uploads\/2020\/01\/324_medium.jpg\" \/>\n\t<meta property=\"og:image:width\" content=\"900\" \/>\n\t<meta property=\"og:image:height\" content=\"506\" \/>\n\t<meta property=\"og:image:type\" content=\"image\/jpeg\" \/>\n<meta name=\"twitter:card\" content=\"summary_large_image\" \/>\n<meta name=\"twitter:label1\" content=\"Dur\u00e9e de lecture estim\u00e9e\" \/>\n\t<meta name=\"twitter:data1\" content=\"2 minutes\" \/>\n<script type=\"application\/ld+json\" class=\"yoast-schema-graph\">{\"@context\":\"https:\/\/schema.org\",\"@graph\":[{\"@type\":\"WebPage\",\"@id\":\"https:\/\/www.burespro.com\/fr\/product\/prodeasa-bvu\/\",\"url\":\"https:\/\/www.burespro.com\/fr\/product\/prodeasa-bvu\/\",\"name\":\"PRODEASA BVU | Bur\u00e9s Profesional\",\"isPartOf\":{\"@id\":\"https:\/\/www.burespro.com\/#website\"},\"primaryImageOfPage\":{\"@id\":\"https:\/\/www.burespro.com\/fr\/product\/prodeasa-bvu\/#primaryimage\"},\"image\":{\"@id\":\"https:\/\/www.burespro.com\/fr\/product\/prodeasa-bvu\/#primaryimage\"},\"thumbnailUrl\":\"https:\/\/www.burespro.com\/wp-content\/uploads\/2020\/01\/324_medium.jpg\",\"datePublished\":\"2020-03-10T15:37:51+00:00\",\"dateModified\":\"2020-08-12T14:46:14+00:00\",\"breadcrumb\":{\"@id\":\"https:\/\/www.burespro.com\/fr\/product\/prodeasa-bvu\/#breadcrumb\"},\"inLanguage\":\"fr-FR\",\"potentialAction\":[{\"@type\":\"ReadAction\",\"target\":[\"https:\/\/www.burespro.com\/fr\/product\/prodeasa-bvu\/\"]}]},{\"@type\":\"ImageObject\",\"inLanguage\":\"fr-FR\",\"@id\":\"https:\/\/www.burespro.com\/fr\/product\/prodeasa-bvu\/#primaryimage\",\"url\":\"https:\/\/www.burespro.com\/wp-content\/uploads\/2020\/01\/324_medium.jpg\",\"contentUrl\":\"https:\/\/www.burespro.com\/wp-content\/uploads\/2020\/01\/324_medium.jpg\",\"width\":900,\"height\":506},{\"@type\":\"BreadcrumbList\",\"@id\":\"https:\/\/www.burespro.com\/fr\/product\/prodeasa-bvu\/#breadcrumb\",\"itemListElement\":[{\"@type\":\"ListItem\",\"position\":1,\"name\":\"Inici\",\"item\":\"https:\/\/www.burespro.com\/fr\/\"},{\"@type\":\"ListItem\",\"position\":2,\"name\":\"Boutique\",\"item\":\"https:\/\/www.burespro.com\/fr\/substrats-engrais\/\"},{\"@type\":\"ListItem\",\"position\":3,\"name\":\"PRODEASA BVU\"}]},{\"@type\":\"WebSite\",\"@id\":\"https:\/\/www.burespro.com\/#website\",\"url\":\"https:\/\/www.burespro.com\/\",\"name\":\"Bur\u00e9s Profesional\",\"description\":\"Fabricants de terres, substrats de cultiu, fertilitzants i adobs org\u00e0nics\",\"potentialAction\":[{\"@type\":\"SearchAction\",\"target\":{\"@type\":\"EntryPoint\",\"urlTemplate\":\"https:\/\/www.burespro.com\/?s={search_term_string}\"},\"query-input\":{\"@type\":\"PropertyValueSpecification\",\"valueRequired\":true,\"valueName\":\"search_term_string\"}}],\"inLanguage\":\"fr-FR\"}]}<\/script>\n<!-- \/ Yoast SEO plugin. -->","yoast_head_json":{"title":"PRODEASA BVU | Bur\u00e9s Profesional","robots":{"index":"index","follow":"follow","max-snippet":"max-snippet:-1","max-image-preview":"max-image-preview:large","max-video-preview":"max-video-preview:-1"},"canonical":"https:\/\/www.burespro.com\/fr\/product\/prodeasa-bvu\/","og_locale":"fr_FR","og_type":"article","og_title":"PRODEASA BVU | Bur\u00e9s Profesional","og_description":"Les substrats PRODEASA sont fabriqu\u00e9s \u00e0 partir de mati\u00e8res premi\u00e8res de haute qualit\u00e9 qui, lorsqu&rsquo;ils sont m\u00e9lang\u00e9s ensemble, assurent l&rsquo;efficacit\u00e9 du substrat et un drainage et une ventilation appropri\u00e9s pour chaque culture. Chaque substrat a une composition diff\u00e9rente et un engrais sur mesure. Tous les substrats sont commercialis\u00e9s avec un pH corrig\u00e9 (5,5-6,5) et un [&hellip;]","og_url":"https:\/\/www.burespro.com\/fr\/product\/prodeasa-bvu\/","og_site_name":"Bur\u00e9s Profesional","article_publisher":"https:\/\/www.facebook.com\/buresprofesionalsa","article_modified_time":"2020-08-12T14:46:14+00:00","og_image":[{"width":900,"height":506,"url":"https:\/\/www.burespro.com\/wp-content\/uploads\/2020\/01\/324_medium.jpg","type":"image\/jpeg"}],"twitter_card":"summary_large_image","twitter_misc":{"Dur\u00e9e de lecture estim\u00e9e":"2 minutes"},"schema":{"@context":"https:\/\/schema.org","@graph":[{"@type":"WebPage","@id":"https:\/\/www.burespro.com\/fr\/product\/prodeasa-bvu\/","url":"https:\/\/www.burespro.com\/fr\/product\/prodeasa-bvu\/","name":"PRODEASA BVU | Bur\u00e9s Profesional","isPartOf":{"@id":"https:\/\/www.burespro.com\/#website"},"primaryImageOfPage":{"@id":"https:\/\/www.burespro.com\/fr\/product\/prodeasa-bvu\/#primaryimage"},"image":{"@id":"https:\/\/www.burespro.com\/fr\/product\/prodeasa-bvu\/#primaryimage"},"thumbnailUrl":"https:\/\/www.burespro.com\/wp-content\/uploads\/2020\/01\/324_medium.jpg","datePublished":"2020-03-10T15:37:51+00:00","dateModified":"2020-08-12T14:46:14+00:00","breadcrumb":{"@id":"https:\/\/www.burespro.com\/fr\/product\/prodeasa-bvu\/#breadcrumb"},"inLanguage":"fr-FR","potentialAction":[{"@type":"ReadAction","target":["https:\/\/www.burespro.com\/fr\/product\/prodeasa-bvu\/"]}]},{"@type":"ImageObject","inLanguage":"fr-FR","@id":"https:\/\/www.burespro.com\/fr\/product\/prodeasa-bvu\/#primaryimage","url":"https:\/\/www.burespro.com\/wp-content\/uploads\/2020\/01\/324_medium.jpg","contentUrl":"https:\/\/www.burespro.com\/wp-content\/uploads\/2020\/01\/324_medium.jpg","width":900,"height":506},{"@type":"BreadcrumbList","@id":"https:\/\/www.burespro.com\/fr\/product\/prodeasa-bvu\/#breadcrumb","itemListElement":[{"@type":"ListItem","position":1,"name":"Inici","item":"https:\/\/www.burespro.com\/fr\/"},{"@type":"ListItem","position":2,"name":"Boutique","item":"https:\/\/www.burespro.com\/fr\/substrats-engrais\/"},{"@type":"ListItem","position":3,"name":"PRODEASA BVU"}]},{"@type":"WebSite","@id":"https:\/\/www.burespro.com\/#website","url":"https:\/\/www.burespro.com\/","name":"Bur\u00e9s Profesional","description":"Fabricants de terres, substrats de cultiu, fertilitzants i adobs org\u00e0nics","potentialAction":[{"@type":"SearchAction","target":{"@type":"EntryPoint","urlTemplate":"https:\/\/www.burespro.com\/?s={search_term_string}"},"query-input":{"@type":"PropertyValueSpecification","valueRequired":true,"valueName":"search_term_string"}}],"inLanguage":"fr-FR"}]}},"_links":{"self":[{"href":"https:\/\/www.burespro.com\/fr\/wp-json\/wp\/v2\/product\/9982","targetHints":{"allow":["GET"]}}],"collection":[{"href":"https:\/\/www.burespro.com\/fr\/wp-json\/wp\/v2\/product"}],"about":[{"href":"https:\/\/www.burespro.com\/fr\/wp-json\/wp\/v2\/types\/product"}],"replies":[{"embeddable":true,"href":"https:\/\/www.burespro.com\/fr\/wp-json\/wp\/v2\/comments?post=9982"}],"wp:featuredmedia":[{"embeddable":true,"href":"https:\/\/www.burespro.com\/fr\/wp-json\/wp\/v2\/media\/1415"}],"wp:attachment":[{"href":"https:\/\/www.burespro.com\/fr\/wp-json\/wp\/v2\/media?parent=9982"}],"wp:term":[{"taxonomy":"product_brand","embeddable":true,"href":"https:\/\/www.burespro.com\/fr\/wp-json\/wp\/v2\/product_brand?post=9982"},{"taxonomy":"product_cat","embeddable":true,"href":"https:\/\/www.burespro.com\/fr\/wp-json\/wp\/v2\/product_cat?post=9982"},{"taxonomy":"product_tag","embeddable":true,"href":"https:\/\/www.burespro.com\/fr\/wp-json\/wp\/v2\/product_tag?post=9982"},{"taxonomy":"sectores","embeddable":true,"href":"https:\/\/www.burespro.com\/fr\/wp-json\/wp\/v2\/sectores?post=9982"}],"curies":[{"name":"wp","href":"https:\/\/api.w.org\/{rel}","templated":true}]}}