{"id":9975,"date":"2020-03-10T14:34:27","date_gmt":"2020-03-10T15:37:51","guid":{"rendered":"https:\/\/burespro.neorgvirtual.com\/product\/prodeasa-bvt\/"},"modified":"2020-03-11T11:57:20","modified_gmt":"2020-03-11T11:57:20","slug":"prodeasa-bvt","status":"publish","type":"product","link":"https:\/\/www.burespro.com\/fr\/product\/prodeasa-bvt\/","title":{"rendered":"PRODEASA BVT"},"content":{"rendered":"<p>Les substrats PRODEASA sont fabriqu\u00e9s \u00e0 partir de mati\u00e8res premi\u00e8res de haute qualit\u00e9 qui, lorsqu&rsquo;ils sont m\u00e9lang\u00e9s ensemble, assurent l&rsquo;efficacit\u00e9 du substrat et un drainage et une ventilation appropri\u00e9s pour chaque culture. Chaque substrat a une composition diff\u00e9rente et un engrais sur mesure. <br \/>\nTous les substrats sont commercialis\u00e9s avec un pH corrig\u00e9 (5,5-6,5) et un engrais de base (NPK) pour le d\u00e9but de la culture. <br \/>\nEntre les substrats, PRODEASA se distingue par quatre grandes lignes diff\u00e9renci\u00e9es en fonction du type de mat\u00e9riau et de ses propri\u00e9t\u00e9s. <\/p>\n<p>BV LINE <br \/>\nSubstrats fabriqu\u00e9s avec ECOBOSC pour obtenir des cultures plus r\u00e9sistantes et mieux soutenir la transplantation dans le sol. <br \/>\nC&rsquo;est l&rsquo;alternative parfaite \u00e0 la tourbe, car la pr\u00e9sence naturelle de micro-organismes b\u00e9n\u00e9fiques dans le compos\u00e9 a des effets favorables sur la croissance des plantes et sa tol\u00e9rance aux conditions d\u00e9favorables. Sa formulation comprend \u00e9galement du pouzzolane volcanique (pour faciliter le drainage et maintenir la structure du substrat) et de la tourbe blonde \u00e0 35% de sphaigne. <br \/>\n<strong> Avec un effet durcissant sur les plantes. <\/strong> <\/p>\n<p>PRODEASA BVT <br \/>\nLe substrat BVT est un substrat compos\u00e9 de compos\u00e9 ECOBOSC, d&rsquo;argile volcanique et de pouzzolane. L&rsquo;\u00e9corce de pin est un composant important du substrat, qui a un effet suppressif sur certaines maladies et champignons de la plante. <br \/>\nLe BVT a une r\u00e9tention d&rsquo;eau \u00e9lev\u00e9e gr\u00e2ce \u00e0 l&rsquo;argile, qui retient une partie de l&rsquo;eau et la lib\u00e8re progressivement. De plus, il am\u00e9liore l&rsquo;\u00e9change de cations en tirant le meilleur parti des nutriments. Le poids de l&rsquo;argile rend difficile la chute \u00e0 cause du vent. Volcanique donne au substrat la porosit\u00e9 n\u00e9cessaire pour a\u00e9rer le substrat et le maintenir tout au long de la saison de croissance. <\/p>\n<p>CARACT\u00c9RISTIQUES <br \/>\nLa composition de ce m\u00e9lange est remarquable pour sa pr\u00e9sence dans l&rsquo;argile, ce qui am\u00e9liore la r\u00e9sistance \u00e0 la s\u00e9cheresse du substrat et am\u00e9liore son \u00e9change cationique et sa capacit\u00e9 de stockage des nutriments. Ce substrat permet de distancer l&rsquo;irrigation et les engrais. <br \/>\nLe substrat pour conteneurs \u00e9cologiques permet \u00e0 la plante de s&rsquo;enraciner facilement et de vivre confortablement. Dans le m\u00eame temps, il r\u00e9pond aux exigences d&rsquo;une plantation de haut niveau. Il permet \u00e0 l&rsquo;arbuste ou \u00e0 l&rsquo;arbre de s&rsquo;enraciner fortement, aidant les pinces. <br \/>\nLe substrat a une densit\u00e9 de 1405 kg \/ m3. <\/p>\n<p>APPLICATION <br \/>\nLe BVT peut \u00eatre utilis\u00e9 dans la culture en conteneurs (p\u00e9pini\u00e8re, transplantations), directement au sol ou pour l&rsquo;am\u00e9nagement paysager (jardinage et am\u00e9nagement paysager). <BR><\/p>\n","protected":false},"excerpt":{"rendered":"<p>Les substrats PRODEASA sont fabriqu\u00e9s \u00e0 partir de mati\u00e8res premi\u00e8res de haute qualit\u00e9 qui, lorsqu&rsquo;ils sont m\u00e9lang\u00e9s ensemble, assurent l&rsquo;efficacit\u00e9 du substrat et un drainage et une ventilation appropri\u00e9s pour chaque culture. Chaque substrat a une composition diff\u00e9rente et un engrais sur mesure. Tous les substrats sont commercialis\u00e9s avec un pH corrig\u00e9 (5,5-6,5) et un [&hellip;]<\/p>\n","protected":false},"featured_media":1388,"comment_status":"closed","ping_status":"closed","template":"","meta":{"_acf_changed":false,"inline_featured_image":false},"product_brand":[],"product_cat":[217,680],"product_tag":[452,506,558,561,567,564,591,597,606,609],"sectores":[364,367,372,368],"class_list":{"0":"post-9975","1":"product","2":"type-product","3":"status-publish","4":"has-post-thumbnail","6":"product_cat-substrates-speciaux","7":"product_cat-substrats-pour-toitures-vegetalisees","8":"product_tag-bures-profesional-fr","9":"product_tag-construction-de-jardin","10":"product_tag-jardinage-de-gerone","11":"product_tag-jardinage-professionnel","12":"product_tag-materiel-de-jardinage","13":"product_tag-materiel-de-jardinage-girona","14":"product_tag-substrats-de-gerone","15":"product_tag-substrats-de-jardinage","16":"product_tag-substrats-en-croissance","17":"product_tag-supports-professionnels","18":"sectores-pepiniere","19":"sectores-jardinage-professionnel-paysagisme","20":"sectores-genieux-publiques-et-civiles","21":"sectores-administrations-publiques","23":"first","24":"instock","25":"product-type-simple"},"acf":[],"yoast_head":"<!-- This site is optimized with the Yoast SEO plugin v26.7 - https:\/\/yoast.com\/wordpress\/plugins\/seo\/ -->\n<title>PRODEASA BVT | Bur\u00e9s Profesional<\/title>\n<meta name=\"robots\" content=\"index, follow, max-snippet:-1, max-image-preview:large, max-video-preview:-1\" \/>\n<link rel=\"canonical\" href=\"https:\/\/www.burespro.com\/fr\/product\/prodeasa-bvt\/\" \/>\n<meta property=\"og:locale\" content=\"fr_FR\" \/>\n<meta property=\"og:type\" content=\"article\" \/>\n<meta property=\"og:title\" content=\"PRODEASA BVT | Bur\u00e9s Profesional\" \/>\n<meta property=\"og:description\" content=\"Les substrats PRODEASA sont fabriqu\u00e9s \u00e0 partir de mati\u00e8res premi\u00e8res de haute qualit\u00e9 qui, lorsqu&rsquo;ils sont m\u00e9lang\u00e9s ensemble, assurent l&rsquo;efficacit\u00e9 du substrat et un drainage et une ventilation appropri\u00e9s pour chaque culture. Chaque substrat a une composition diff\u00e9rente et un engrais sur mesure. Tous les substrats sont commercialis\u00e9s avec un pH corrig\u00e9 (5,5-6,5) et un [&hellip;]\" \/>\n<meta property=\"og:url\" content=\"https:\/\/www.burespro.com\/fr\/product\/prodeasa-bvt\/\" \/>\n<meta property=\"og:site_name\" content=\"Bur\u00e9s Profesional\" \/>\n<meta property=\"article:publisher\" content=\"https:\/\/www.facebook.com\/buresprofesionalsa\" \/>\n<meta property=\"article:modified_time\" content=\"2020-03-11T11:57:20+00:00\" \/>\n<meta property=\"og:image\" content=\"https:\/\/www.burespro.com\/wp-content\/uploads\/2020\/01\/323_medium.jpg\" \/>\n\t<meta property=\"og:image:width\" content=\"900\" \/>\n\t<meta property=\"og:image:height\" content=\"506\" \/>\n\t<meta property=\"og:image:type\" content=\"image\/jpeg\" \/>\n<meta name=\"twitter:card\" content=\"summary_large_image\" \/>\n<meta name=\"twitter:label1\" content=\"Dur\u00e9e de lecture estim\u00e9e\" \/>\n\t<meta name=\"twitter:data1\" content=\"2 minutes\" \/>\n<script type=\"application\/ld+json\" class=\"yoast-schema-graph\">{\"@context\":\"https:\/\/schema.org\",\"@graph\":[{\"@type\":\"WebPage\",\"@id\":\"https:\/\/www.burespro.com\/fr\/product\/prodeasa-bvt\/\",\"url\":\"https:\/\/www.burespro.com\/fr\/product\/prodeasa-bvt\/\",\"name\":\"PRODEASA BVT | Bur\u00e9s Profesional\",\"isPartOf\":{\"@id\":\"https:\/\/www.burespro.com\/#website\"},\"primaryImageOfPage\":{\"@id\":\"https:\/\/www.burespro.com\/fr\/product\/prodeasa-bvt\/#primaryimage\"},\"image\":{\"@id\":\"https:\/\/www.burespro.com\/fr\/product\/prodeasa-bvt\/#primaryimage\"},\"thumbnailUrl\":\"https:\/\/www.burespro.com\/wp-content\/uploads\/2020\/01\/323_medium.jpg\",\"datePublished\":\"2020-03-10T15:37:51+00:00\",\"dateModified\":\"2020-03-11T11:57:20+00:00\",\"breadcrumb\":{\"@id\":\"https:\/\/www.burespro.com\/fr\/product\/prodeasa-bvt\/#breadcrumb\"},\"inLanguage\":\"fr-FR\",\"potentialAction\":[{\"@type\":\"ReadAction\",\"target\":[\"https:\/\/www.burespro.com\/fr\/product\/prodeasa-bvt\/\"]}]},{\"@type\":\"ImageObject\",\"inLanguage\":\"fr-FR\",\"@id\":\"https:\/\/www.burespro.com\/fr\/product\/prodeasa-bvt\/#primaryimage\",\"url\":\"https:\/\/www.burespro.com\/wp-content\/uploads\/2020\/01\/323_medium.jpg\",\"contentUrl\":\"https:\/\/www.burespro.com\/wp-content\/uploads\/2020\/01\/323_medium.jpg\",\"width\":900,\"height\":506},{\"@type\":\"BreadcrumbList\",\"@id\":\"https:\/\/www.burespro.com\/fr\/product\/prodeasa-bvt\/#breadcrumb\",\"itemListElement\":[{\"@type\":\"ListItem\",\"position\":1,\"name\":\"Inici\",\"item\":\"https:\/\/www.burespro.com\/fr\/\"},{\"@type\":\"ListItem\",\"position\":2,\"name\":\"Boutique\",\"item\":\"https:\/\/www.burespro.com\/fr\/substrats-engrais\/\"},{\"@type\":\"ListItem\",\"position\":3,\"name\":\"PRODEASA BVT\"}]},{\"@type\":\"WebSite\",\"@id\":\"https:\/\/www.burespro.com\/#website\",\"url\":\"https:\/\/www.burespro.com\/\",\"name\":\"Bur\u00e9s Profesional\",\"description\":\"Fabricants de terres, substrats de cultiu, fertilitzants i adobs org\u00e0nics\",\"potentialAction\":[{\"@type\":\"SearchAction\",\"target\":{\"@type\":\"EntryPoint\",\"urlTemplate\":\"https:\/\/www.burespro.com\/?s={search_term_string}\"},\"query-input\":{\"@type\":\"PropertyValueSpecification\",\"valueRequired\":true,\"valueName\":\"search_term_string\"}}],\"inLanguage\":\"fr-FR\"}]}<\/script>\n<!-- \/ Yoast SEO plugin. -->","yoast_head_json":{"title":"PRODEASA BVT | Bur\u00e9s Profesional","robots":{"index":"index","follow":"follow","max-snippet":"max-snippet:-1","max-image-preview":"max-image-preview:large","max-video-preview":"max-video-preview:-1"},"canonical":"https:\/\/www.burespro.com\/fr\/product\/prodeasa-bvt\/","og_locale":"fr_FR","og_type":"article","og_title":"PRODEASA BVT | Bur\u00e9s Profesional","og_description":"Les substrats PRODEASA sont fabriqu\u00e9s \u00e0 partir de mati\u00e8res premi\u00e8res de haute qualit\u00e9 qui, lorsqu&rsquo;ils sont m\u00e9lang\u00e9s ensemble, assurent l&rsquo;efficacit\u00e9 du substrat et un drainage et une ventilation appropri\u00e9s pour chaque culture. Chaque substrat a une composition diff\u00e9rente et un engrais sur mesure. Tous les substrats sont commercialis\u00e9s avec un pH corrig\u00e9 (5,5-6,5) et un [&hellip;]","og_url":"https:\/\/www.burespro.com\/fr\/product\/prodeasa-bvt\/","og_site_name":"Bur\u00e9s Profesional","article_publisher":"https:\/\/www.facebook.com\/buresprofesionalsa","article_modified_time":"2020-03-11T11:57:20+00:00","og_image":[{"width":900,"height":506,"url":"https:\/\/www.burespro.com\/wp-content\/uploads\/2020\/01\/323_medium.jpg","type":"image\/jpeg"}],"twitter_card":"summary_large_image","twitter_misc":{"Dur\u00e9e de lecture estim\u00e9e":"2 minutes"},"schema":{"@context":"https:\/\/schema.org","@graph":[{"@type":"WebPage","@id":"https:\/\/www.burespro.com\/fr\/product\/prodeasa-bvt\/","url":"https:\/\/www.burespro.com\/fr\/product\/prodeasa-bvt\/","name":"PRODEASA BVT | Bur\u00e9s Profesional","isPartOf":{"@id":"https:\/\/www.burespro.com\/#website"},"primaryImageOfPage":{"@id":"https:\/\/www.burespro.com\/fr\/product\/prodeasa-bvt\/#primaryimage"},"image":{"@id":"https:\/\/www.burespro.com\/fr\/product\/prodeasa-bvt\/#primaryimage"},"thumbnailUrl":"https:\/\/www.burespro.com\/wp-content\/uploads\/2020\/01\/323_medium.jpg","datePublished":"2020-03-10T15:37:51+00:00","dateModified":"2020-03-11T11:57:20+00:00","breadcrumb":{"@id":"https:\/\/www.burespro.com\/fr\/product\/prodeasa-bvt\/#breadcrumb"},"inLanguage":"fr-FR","potentialAction":[{"@type":"ReadAction","target":["https:\/\/www.burespro.com\/fr\/product\/prodeasa-bvt\/"]}]},{"@type":"ImageObject","inLanguage":"fr-FR","@id":"https:\/\/www.burespro.com\/fr\/product\/prodeasa-bvt\/#primaryimage","url":"https:\/\/www.burespro.com\/wp-content\/uploads\/2020\/01\/323_medium.jpg","contentUrl":"https:\/\/www.burespro.com\/wp-content\/uploads\/2020\/01\/323_medium.jpg","width":900,"height":506},{"@type":"BreadcrumbList","@id":"https:\/\/www.burespro.com\/fr\/product\/prodeasa-bvt\/#breadcrumb","itemListElement":[{"@type":"ListItem","position":1,"name":"Inici","item":"https:\/\/www.burespro.com\/fr\/"},{"@type":"ListItem","position":2,"name":"Boutique","item":"https:\/\/www.burespro.com\/fr\/substrats-engrais\/"},{"@type":"ListItem","position":3,"name":"PRODEASA BVT"}]},{"@type":"WebSite","@id":"https:\/\/www.burespro.com\/#website","url":"https:\/\/www.burespro.com\/","name":"Bur\u00e9s Profesional","description":"Fabricants de terres, substrats de cultiu, fertilitzants i adobs org\u00e0nics","potentialAction":[{"@type":"SearchAction","target":{"@type":"EntryPoint","urlTemplate":"https:\/\/www.burespro.com\/?s={search_term_string}"},"query-input":{"@type":"PropertyValueSpecification","valueRequired":true,"valueName":"search_term_string"}}],"inLanguage":"fr-FR"}]}},"_links":{"self":[{"href":"https:\/\/www.burespro.com\/fr\/wp-json\/wp\/v2\/product\/9975","targetHints":{"allow":["GET"]}}],"collection":[{"href":"https:\/\/www.burespro.com\/fr\/wp-json\/wp\/v2\/product"}],"about":[{"href":"https:\/\/www.burespro.com\/fr\/wp-json\/wp\/v2\/types\/product"}],"replies":[{"embeddable":true,"href":"https:\/\/www.burespro.com\/fr\/wp-json\/wp\/v2\/comments?post=9975"}],"wp:featuredmedia":[{"embeddable":true,"href":"https:\/\/www.burespro.com\/fr\/wp-json\/wp\/v2\/media\/1388"}],"wp:attachment":[{"href":"https:\/\/www.burespro.com\/fr\/wp-json\/wp\/v2\/media?parent=9975"}],"wp:term":[{"taxonomy":"product_brand","embeddable":true,"href":"https:\/\/www.burespro.com\/fr\/wp-json\/wp\/v2\/product_brand?post=9975"},{"taxonomy":"product_cat","embeddable":true,"href":"https:\/\/www.burespro.com\/fr\/wp-json\/wp\/v2\/product_cat?post=9975"},{"taxonomy":"product_tag","embeddable":true,"href":"https:\/\/www.burespro.com\/fr\/wp-json\/wp\/v2\/product_tag?post=9975"},{"taxonomy":"sectores","embeddable":true,"href":"https:\/\/www.burespro.com\/fr\/wp-json\/wp\/v2\/sectores?post=9975"}],"curies":[{"name":"wp","href":"https:\/\/api.w.org\/{rel}","templated":true}]}}