{"id":9961,"date":"2020-03-10T14:34:27","date_gmt":"2020-03-10T15:37:51","guid":{"rendered":"https:\/\/burespro.neorgvirtual.com\/product\/prodeasa-bvm-1-pour-couverture-vegetale-ecologique\/"},"modified":"2020-09-10T10:40:48","modified_gmt":"2020-09-10T08:40:48","slug":"prodeasa-bvm-1-pour-couverture-vegetale-ecologique","status":"publish","type":"product","link":"https:\/\/www.burespro.com\/fr\/product\/prodeasa-bvm-1-pour-couverture-vegetale-ecologique\/","title":{"rendered":"PRODEASA BVM-1 POUR COUVERTURE V\u00c9G\u00c9TALE ECOLOGIQUE"},"content":{"rendered":"<p>Les nouveaux quartiers r\u00e9sidentiels, ainsi que les nouvelles infrastructures de transport, soulignent la n\u00e9cessit\u00e9 de r\u00e9cup\u00e9rer des espaces verts pour am\u00e9liorer la sant\u00e9 de notre environnement, ainsi que notre bien-\u00eatre.<\/p>\n<p>Le<strong> substrat BVM-1<\/strong> est formul\u00e9 \u00e0 partir de paillis v\u00e9g\u00e9tal de compostage et de sable volcanique de granulom\u00e9trie 0-6 mm.<br \/>\nLe compost v\u00e9g\u00e9tal apporte toutes les qualit\u00e9s d&rsquo;un amendement organique; La pr\u00e9sence de mati\u00e8re organique favorise la r\u00e9tention d&rsquo;eau, en plus de maintenir la structure du substrat et \u00e0 long terme, elle lib\u00e8re des nutriments \u00e0 petites doses et progressivement.<br \/>\nEn revanche, le mat\u00e9riau volcanique met en \u00e9vidence sa bonne a\u00e9ration, son inertie chimique et la stabilit\u00e9 de sa structure.<br \/>\nDe plus, le substrat BVM-1 pour les toits paysagers, inclut dans sa formulation un engrais de fond pour faciliter l&rsquo;enracinement et le d\u00e9but de la culture.<\/p>\n<p><strong>Avantages du produit:<\/strong><br \/>\n\u2022 Capacit\u00e9 de r\u00e9tention d&rsquo;eau \u00e9lev\u00e9e.<br \/>\n\u2022 Excellent drainage.<br \/>\n\u2022 Porosit\u00e9 \u00e9lev\u00e9e.<br \/>\n\u2022 Faible densit\u00e9 apparente.<br \/>\n\u2022 Grande capacit\u00e9 de couverture et formation de tapisserie verte (r\u00e9duction de l&rsquo;apparence des mauvaises herbes).<\/p>\n<p>L&rsquo;ensemble du processus de fabrication, ainsi que le produit final, est soumis \u00e0 nos contr\u00f4les de qualit\u00e9 rigoureux bas\u00e9s sur les normes ISO-9001 et 14001, afin de garantir la satisfaction de nos clients, ainsi que le respect de l&rsquo;environnement en Toutes nos activit\u00e9s.<\/p>\n","protected":false},"excerpt":{"rendered":"<p>Les nouveaux quartiers r\u00e9sidentiels, ainsi que les nouvelles infrastructures de transport, soulignent la n\u00e9cessit\u00e9 de r\u00e9cup\u00e9rer des espaces verts pour am\u00e9liorer la sant\u00e9 de notre environnement, ainsi que notre bien-\u00eatre. Le substrat BVM-1 est formul\u00e9 \u00e0 partir de paillis v\u00e9g\u00e9tal de compostage et de sable volcanique de granulom\u00e9trie 0-6 mm. Le compost v\u00e9g\u00e9tal apporte toutes [&hellip;]<\/p>\n","protected":false},"featured_media":1361,"comment_status":"closed","ping_status":"closed","template":"","meta":{"_acf_changed":false,"inline_featured_image":false},"product_brand":[],"product_cat":[217,680],"product_tag":[452,506,558,561,567,564,591,597,606,609,509,511],"sectores":[367,372,368],"class_list":{"0":"post-9961","1":"product","2":"type-product","3":"status-publish","4":"has-post-thumbnail","6":"product_cat-substrates-speciaux","7":"product_cat-substrats-pour-toitures-vegetalisees","8":"product_tag-bures-profesional-fr","9":"product_tag-construction-de-jardin","10":"product_tag-jardinage-de-gerone","11":"product_tag-jardinage-professionnel","12":"product_tag-materiel-de-jardinage","13":"product_tag-materiel-de-jardinage-girona","14":"product_tag-substrats-de-gerone","15":"product_tag-substrats-de-jardinage","16":"product_tag-substrats-en-croissance","17":"product_tag-supports-professionnels","18":"product_tag-toits-verts","19":"product_tag-toits-verts-fr","20":"sectores-jardinage-professionnel-paysagisme","21":"sectores-genieux-publiques-et-civiles","22":"sectores-administrations-publiques","24":"first","25":"instock","26":"product-type-simple"},"acf":[],"yoast_head":"<!-- This site is optimized with the Yoast SEO plugin v26.7 - https:\/\/yoast.com\/wordpress\/plugins\/seo\/ -->\n<title>PRODEASA BVM-1 POUR COUVERTURE V\u00c9G\u00c9TALE ECOLOGIQUE | Bur\u00e9s Profesional<\/title>\n<meta name=\"description\" content=\"PRODEASA BVM-2 Substrat sp\u00e9cial pour toitures v\u00e9g\u00e9talis\u00e9es.\" \/>\n<meta name=\"robots\" content=\"index, follow, max-snippet:-1, max-image-preview:large, max-video-preview:-1\" \/>\n<link rel=\"canonical\" href=\"https:\/\/www.burespro.com\/fr\/product\/prodeasa-bvm-1-pour-couverture-vegetale-ecologique\/\" \/>\n<meta property=\"og:locale\" content=\"fr_FR\" \/>\n<meta property=\"og:type\" content=\"article\" \/>\n<meta property=\"og:title\" content=\"PRODEASA BVM-1 POUR COUVERTURE V\u00c9G\u00c9TALE ECOLOGIQUE | Bur\u00e9s Profesional\" \/>\n<meta property=\"og:description\" content=\"PRODEASA BVM-2 Substrat sp\u00e9cial pour toitures v\u00e9g\u00e9talis\u00e9es.\" \/>\n<meta property=\"og:url\" content=\"https:\/\/www.burespro.com\/fr\/product\/prodeasa-bvm-1-pour-couverture-vegetale-ecologique\/\" \/>\n<meta property=\"og:site_name\" content=\"Bur\u00e9s Profesional\" \/>\n<meta property=\"article:publisher\" content=\"https:\/\/www.facebook.com\/buresprofesionalsa\" \/>\n<meta property=\"article:modified_time\" content=\"2020-09-10T08:40:48+00:00\" \/>\n<meta property=\"og:image\" content=\"https:\/\/www.burespro.com\/wp-content\/uploads\/2020\/01\/378_medium.jpg\" \/>\n\t<meta property=\"og:image:width\" content=\"800\" \/>\n\t<meta property=\"og:image:height\" content=\"600\" \/>\n\t<meta property=\"og:image:type\" content=\"image\/jpeg\" \/>\n<meta name=\"twitter:card\" content=\"summary_large_image\" \/>\n<meta name=\"twitter:label1\" content=\"Dur\u00e9e de lecture estim\u00e9e\" \/>\n\t<meta name=\"twitter:data1\" content=\"1 minute\" \/>\n<script type=\"application\/ld+json\" class=\"yoast-schema-graph\">{\"@context\":\"https:\/\/schema.org\",\"@graph\":[{\"@type\":\"WebPage\",\"@id\":\"https:\/\/www.burespro.com\/fr\/product\/prodeasa-bvm-1-pour-couverture-vegetale-ecologique\/\",\"url\":\"https:\/\/www.burespro.com\/fr\/product\/prodeasa-bvm-1-pour-couverture-vegetale-ecologique\/\",\"name\":\"PRODEASA BVM-1 POUR COUVERTURE V\u00c9G\u00c9TALE ECOLOGIQUE | Bur\u00e9s Profesional\",\"isPartOf\":{\"@id\":\"https:\/\/www.burespro.com\/#website\"},\"primaryImageOfPage\":{\"@id\":\"https:\/\/www.burespro.com\/fr\/product\/prodeasa-bvm-1-pour-couverture-vegetale-ecologique\/#primaryimage\"},\"image\":{\"@id\":\"https:\/\/www.burespro.com\/fr\/product\/prodeasa-bvm-1-pour-couverture-vegetale-ecologique\/#primaryimage\"},\"thumbnailUrl\":\"https:\/\/www.burespro.com\/wp-content\/uploads\/2020\/01\/378_medium.jpg\",\"datePublished\":\"2020-03-10T15:37:51+00:00\",\"dateModified\":\"2020-09-10T08:40:48+00:00\",\"description\":\"PRODEASA BVM-2 Substrat sp\u00e9cial pour toitures v\u00e9g\u00e9talis\u00e9es.\",\"breadcrumb\":{\"@id\":\"https:\/\/www.burespro.com\/fr\/product\/prodeasa-bvm-1-pour-couverture-vegetale-ecologique\/#breadcrumb\"},\"inLanguage\":\"fr-FR\",\"potentialAction\":[{\"@type\":\"ReadAction\",\"target\":[\"https:\/\/www.burespro.com\/fr\/product\/prodeasa-bvm-1-pour-couverture-vegetale-ecologique\/\"]}]},{\"@type\":\"ImageObject\",\"inLanguage\":\"fr-FR\",\"@id\":\"https:\/\/www.burespro.com\/fr\/product\/prodeasa-bvm-1-pour-couverture-vegetale-ecologique\/#primaryimage\",\"url\":\"https:\/\/www.burespro.com\/wp-content\/uploads\/2020\/01\/378_medium.jpg\",\"contentUrl\":\"https:\/\/www.burespro.com\/wp-content\/uploads\/2020\/01\/378_medium.jpg\",\"width\":800,\"height\":600},{\"@type\":\"BreadcrumbList\",\"@id\":\"https:\/\/www.burespro.com\/fr\/product\/prodeasa-bvm-1-pour-couverture-vegetale-ecologique\/#breadcrumb\",\"itemListElement\":[{\"@type\":\"ListItem\",\"position\":1,\"name\":\"Inici\",\"item\":\"https:\/\/www.burespro.com\/fr\/\"},{\"@type\":\"ListItem\",\"position\":2,\"name\":\"Boutique\",\"item\":\"https:\/\/www.burespro.com\/fr\/substrats-engrais\/\"},{\"@type\":\"ListItem\",\"position\":3,\"name\":\"PRODEASA BVM-1 POUR COUVERTURE V\u00c9G\u00c9TALE ECOLOGIQUE\"}]},{\"@type\":\"WebSite\",\"@id\":\"https:\/\/www.burespro.com\/#website\",\"url\":\"https:\/\/www.burespro.com\/\",\"name\":\"Bur\u00e9s Profesional\",\"description\":\"Fabricants de terres, substrats de cultiu, fertilitzants i adobs org\u00e0nics\",\"potentialAction\":[{\"@type\":\"SearchAction\",\"target\":{\"@type\":\"EntryPoint\",\"urlTemplate\":\"https:\/\/www.burespro.com\/?s={search_term_string}\"},\"query-input\":{\"@type\":\"PropertyValueSpecification\",\"valueRequired\":true,\"valueName\":\"search_term_string\"}}],\"inLanguage\":\"fr-FR\"}]}<\/script>\n<!-- \/ Yoast SEO plugin. -->","yoast_head_json":{"title":"PRODEASA BVM-1 POUR COUVERTURE V\u00c9G\u00c9TALE ECOLOGIQUE | Bur\u00e9s Profesional","description":"PRODEASA BVM-2 Substrat sp\u00e9cial pour toitures v\u00e9g\u00e9talis\u00e9es.","robots":{"index":"index","follow":"follow","max-snippet":"max-snippet:-1","max-image-preview":"max-image-preview:large","max-video-preview":"max-video-preview:-1"},"canonical":"https:\/\/www.burespro.com\/fr\/product\/prodeasa-bvm-1-pour-couverture-vegetale-ecologique\/","og_locale":"fr_FR","og_type":"article","og_title":"PRODEASA BVM-1 POUR COUVERTURE V\u00c9G\u00c9TALE ECOLOGIQUE | Bur\u00e9s Profesional","og_description":"PRODEASA BVM-2 Substrat sp\u00e9cial pour toitures v\u00e9g\u00e9talis\u00e9es.","og_url":"https:\/\/www.burespro.com\/fr\/product\/prodeasa-bvm-1-pour-couverture-vegetale-ecologique\/","og_site_name":"Bur\u00e9s Profesional","article_publisher":"https:\/\/www.facebook.com\/buresprofesionalsa","article_modified_time":"2020-09-10T08:40:48+00:00","og_image":[{"width":800,"height":600,"url":"https:\/\/www.burespro.com\/wp-content\/uploads\/2020\/01\/378_medium.jpg","type":"image\/jpeg"}],"twitter_card":"summary_large_image","twitter_misc":{"Dur\u00e9e de lecture estim\u00e9e":"1 minute"},"schema":{"@context":"https:\/\/schema.org","@graph":[{"@type":"WebPage","@id":"https:\/\/www.burespro.com\/fr\/product\/prodeasa-bvm-1-pour-couverture-vegetale-ecologique\/","url":"https:\/\/www.burespro.com\/fr\/product\/prodeasa-bvm-1-pour-couverture-vegetale-ecologique\/","name":"PRODEASA BVM-1 POUR COUVERTURE V\u00c9G\u00c9TALE ECOLOGIQUE | Bur\u00e9s Profesional","isPartOf":{"@id":"https:\/\/www.burespro.com\/#website"},"primaryImageOfPage":{"@id":"https:\/\/www.burespro.com\/fr\/product\/prodeasa-bvm-1-pour-couverture-vegetale-ecologique\/#primaryimage"},"image":{"@id":"https:\/\/www.burespro.com\/fr\/product\/prodeasa-bvm-1-pour-couverture-vegetale-ecologique\/#primaryimage"},"thumbnailUrl":"https:\/\/www.burespro.com\/wp-content\/uploads\/2020\/01\/378_medium.jpg","datePublished":"2020-03-10T15:37:51+00:00","dateModified":"2020-09-10T08:40:48+00:00","description":"PRODEASA BVM-2 Substrat sp\u00e9cial pour toitures v\u00e9g\u00e9talis\u00e9es.","breadcrumb":{"@id":"https:\/\/www.burespro.com\/fr\/product\/prodeasa-bvm-1-pour-couverture-vegetale-ecologique\/#breadcrumb"},"inLanguage":"fr-FR","potentialAction":[{"@type":"ReadAction","target":["https:\/\/www.burespro.com\/fr\/product\/prodeasa-bvm-1-pour-couverture-vegetale-ecologique\/"]}]},{"@type":"ImageObject","inLanguage":"fr-FR","@id":"https:\/\/www.burespro.com\/fr\/product\/prodeasa-bvm-1-pour-couverture-vegetale-ecologique\/#primaryimage","url":"https:\/\/www.burespro.com\/wp-content\/uploads\/2020\/01\/378_medium.jpg","contentUrl":"https:\/\/www.burespro.com\/wp-content\/uploads\/2020\/01\/378_medium.jpg","width":800,"height":600},{"@type":"BreadcrumbList","@id":"https:\/\/www.burespro.com\/fr\/product\/prodeasa-bvm-1-pour-couverture-vegetale-ecologique\/#breadcrumb","itemListElement":[{"@type":"ListItem","position":1,"name":"Inici","item":"https:\/\/www.burespro.com\/fr\/"},{"@type":"ListItem","position":2,"name":"Boutique","item":"https:\/\/www.burespro.com\/fr\/substrats-engrais\/"},{"@type":"ListItem","position":3,"name":"PRODEASA BVM-1 POUR COUVERTURE V\u00c9G\u00c9TALE ECOLOGIQUE"}]},{"@type":"WebSite","@id":"https:\/\/www.burespro.com\/#website","url":"https:\/\/www.burespro.com\/","name":"Bur\u00e9s Profesional","description":"Fabricants de terres, substrats de cultiu, fertilitzants i adobs org\u00e0nics","potentialAction":[{"@type":"SearchAction","target":{"@type":"EntryPoint","urlTemplate":"https:\/\/www.burespro.com\/?s={search_term_string}"},"query-input":{"@type":"PropertyValueSpecification","valueRequired":true,"valueName":"search_term_string"}}],"inLanguage":"fr-FR"}]}},"_links":{"self":[{"href":"https:\/\/www.burespro.com\/fr\/wp-json\/wp\/v2\/product\/9961","targetHints":{"allow":["GET"]}}],"collection":[{"href":"https:\/\/www.burespro.com\/fr\/wp-json\/wp\/v2\/product"}],"about":[{"href":"https:\/\/www.burespro.com\/fr\/wp-json\/wp\/v2\/types\/product"}],"replies":[{"embeddable":true,"href":"https:\/\/www.burespro.com\/fr\/wp-json\/wp\/v2\/comments?post=9961"}],"wp:featuredmedia":[{"embeddable":true,"href":"https:\/\/www.burespro.com\/fr\/wp-json\/wp\/v2\/media\/1361"}],"wp:attachment":[{"href":"https:\/\/www.burespro.com\/fr\/wp-json\/wp\/v2\/media?parent=9961"}],"wp:term":[{"taxonomy":"product_brand","embeddable":true,"href":"https:\/\/www.burespro.com\/fr\/wp-json\/wp\/v2\/product_brand?post=9961"},{"taxonomy":"product_cat","embeddable":true,"href":"https:\/\/www.burespro.com\/fr\/wp-json\/wp\/v2\/product_cat?post=9961"},{"taxonomy":"product_tag","embeddable":true,"href":"https:\/\/www.burespro.com\/fr\/wp-json\/wp\/v2\/product_tag?post=9961"},{"taxonomy":"sectores","embeddable":true,"href":"https:\/\/www.burespro.com\/fr\/wp-json\/wp\/v2\/sectores?post=9961"}],"curies":[{"name":"wp","href":"https:\/\/api.w.org\/{rel}","templated":true}]}}