{"id":9960,"date":"2020-03-10T14:34:27","date_gmt":"2020-03-10T15:37:51","guid":{"rendered":"https:\/\/burespro.neorgvirtual.com\/product\/prodeasa-bv35\/"},"modified":"2020-04-09T10:53:50","modified_gmt":"2020-04-09T08:53:50","slug":"prodeasa-bv35","status":"publish","type":"product","link":"https:\/\/www.burespro.com\/fr\/product\/prodeasa-bv35\/","title":{"rendered":"PRODEASA BV35"},"content":{"rendered":"<p>Les substrats PRODEASA sont fabriqu\u00e9s \u00e0 partir de mati\u00e8res premi\u00e8res de haute qualit\u00e9 qui, m\u00e9lang\u00e9es avec pr\u00e9cision, garantissent l&rsquo;efficacit\u00e9 du substrat, avec un drainage et une a\u00e9ration ad\u00e9quate aux besoins de chaque culture. Chacun des substrats a une composition diff\u00e9rente et un abonn\u00e9 personnalis\u00e9.<br \/>\nTous les substrats sont commercialis\u00e9s avec le pH corrig\u00e9 (5,5-6,5), et avec un engrais de base (NPK) pour le d\u00e9but de la culture.<br \/>\nParmi les substrats PRODEASA, il existe quatre grandes lignes diff\u00e9renci\u00e9es en termes de type de mat\u00e9riau et de ses propri\u00e9t\u00e9s.<\/p>\n<p>BV LINE<br \/>\nSubstrats en ECOBOSC qui permettent d&rsquo;obtenir des cultures plus r\u00e9sistantes et qui supportent mieux la transplantation au sol.<br \/>\nC&rsquo;est l&rsquo;alternative parfaite \u00e0 la tourbe, car la pr\u00e9sence naturelle de micro-organismes b\u00e9n\u00e9fiques dans le compost a des effets favorables pour la croissance des plantes et leur tol\u00e9rance aux conditions d\u00e9favorables. Sa formulation comprend \u00e9galement de la pouzzolane volcanique (pour faciliter le drainage et maintenir la structure du substrat) et 35% de tourbe blonde de Sphagnum.<br \/>\n<strong>Avec effet durcissant des plantes. <\/strong><\/p>\n<p>PRODEASA BV35<br \/>\nLe m\u00e9lange des composants permet de distancer la fr\u00e9quence d&rsquo;irrigation de mani\u00e8re \u00e0 faciliter la gestion de la p\u00e9pini\u00e8re, en obtenant des plantes plus r\u00e9sistantes au stress hydrique apr\u00e8s transplantation.<br \/>\nC&rsquo;est le substrat de jardinage professionnel, recommand\u00e9 pour la culture en jardini\u00e8res, conteneurs et grands pots de tous types de plantes. Convient pour la culture en ext\u00e9rieur de plantes \u00e0 cycle moyen-long dans des conteneurs et dans de grands pots, particuli\u00e8rement indiqu\u00e9 pour les plantes arbustives.<\/p>\n","protected":false},"excerpt":{"rendered":"<p>Les substrats PRODEASA sont fabriqu\u00e9s \u00e0 partir de mati\u00e8res premi\u00e8res de haute qualit\u00e9 qui, m\u00e9lang\u00e9es avec pr\u00e9cision, garantissent l&rsquo;efficacit\u00e9 du substrat, avec un drainage et une a\u00e9ration ad\u00e9quate aux besoins de chaque culture. Chacun des substrats a une composition diff\u00e9rente et un abonn\u00e9 personnalis\u00e9. Tous les substrats sont commercialis\u00e9s avec le pH corrig\u00e9 (5,5-6,5), et [&hellip;]<\/p>\n","protected":false},"featured_media":14715,"comment_status":"closed","ping_status":"closed","template":"","meta":{"_acf_changed":false,"inline_featured_image":false},"product_brand":[],"product_cat":[426,219],"product_tag":[452,558,567,564,591,597,606,609],"sectores":[364,419],"class_list":{"0":"post-9960","1":"product","2":"type-product","3":"status-publish","4":"has-post-thumbnail","6":"product_cat-substrats-prodeasa-fr","7":"product_cat-terreaux-pour-la-culture","8":"product_tag-bures-profesional-fr","9":"product_tag-jardinage-de-gerone","10":"product_tag-materiel-de-jardinage","11":"product_tag-materiel-de-jardinage-girona","12":"product_tag-substrats-de-gerone","13":"product_tag-substrats-de-jardinage","14":"product_tag-substrats-en-croissance","15":"product_tag-supports-professionnels","16":"sectores-pepiniere","17":"sectores-floriculture-fr","19":"first","20":"instock","21":"product-type-simple"},"acf":[],"yoast_head":"<!-- This site is optimized with the Yoast SEO plugin v26.7 - https:\/\/yoast.com\/wordpress\/plugins\/seo\/ -->\n<title>PRODEASA BV35 | Bur\u00e9s Profesional<\/title>\n<meta name=\"robots\" content=\"index, follow, max-snippet:-1, max-image-preview:large, max-video-preview:-1\" \/>\n<link rel=\"canonical\" href=\"https:\/\/www.burespro.com\/fr\/product\/prodeasa-bv35\/\" \/>\n<meta property=\"og:locale\" content=\"fr_FR\" \/>\n<meta property=\"og:type\" content=\"article\" \/>\n<meta property=\"og:title\" content=\"PRODEASA BV35 | Bur\u00e9s Profesional\" \/>\n<meta property=\"og:description\" content=\"Les substrats PRODEASA sont fabriqu\u00e9s \u00e0 partir de mati\u00e8res premi\u00e8res de haute qualit\u00e9 qui, m\u00e9lang\u00e9es avec pr\u00e9cision, garantissent l&rsquo;efficacit\u00e9 du substrat, avec un drainage et une a\u00e9ration ad\u00e9quate aux besoins de chaque culture. Chacun des substrats a une composition diff\u00e9rente et un abonn\u00e9 personnalis\u00e9. Tous les substrats sont commercialis\u00e9s avec le pH corrig\u00e9 (5,5-6,5), et [&hellip;]\" \/>\n<meta property=\"og:url\" content=\"https:\/\/www.burespro.com\/fr\/product\/prodeasa-bv35\/\" \/>\n<meta property=\"og:site_name\" content=\"Bur\u00e9s Profesional\" \/>\n<meta property=\"article:publisher\" content=\"https:\/\/www.facebook.com\/buresprofesionalsa\" \/>\n<meta property=\"article:modified_time\" content=\"2020-04-09T08:53:50+00:00\" \/>\n<meta property=\"og:image\" content=\"https:\/\/www.burespro.com\/wp-content\/uploads\/2020\/01\/297_medium.jpg\" \/>\n\t<meta property=\"og:image:width\" content=\"800\" \/>\n\t<meta property=\"og:image:height\" content=\"600\" \/>\n\t<meta property=\"og:image:type\" content=\"image\/jpeg\" \/>\n<meta name=\"twitter:card\" content=\"summary_large_image\" \/>\n<meta name=\"twitter:label1\" content=\"Dur\u00e9e de lecture estim\u00e9e\" \/>\n\t<meta name=\"twitter:data1\" content=\"1 minute\" \/>\n<script type=\"application\/ld+json\" class=\"yoast-schema-graph\">{\"@context\":\"https:\/\/schema.org\",\"@graph\":[{\"@type\":\"WebPage\",\"@id\":\"https:\/\/www.burespro.com\/fr\/product\/prodeasa-bv35\/\",\"url\":\"https:\/\/www.burespro.com\/fr\/product\/prodeasa-bv35\/\",\"name\":\"PRODEASA BV35 | Bur\u00e9s Profesional\",\"isPartOf\":{\"@id\":\"https:\/\/www.burespro.com\/#website\"},\"primaryImageOfPage\":{\"@id\":\"https:\/\/www.burespro.com\/fr\/product\/prodeasa-bv35\/#primaryimage\"},\"image\":{\"@id\":\"https:\/\/www.burespro.com\/fr\/product\/prodeasa-bv35\/#primaryimage\"},\"thumbnailUrl\":\"https:\/\/www.burespro.com\/wp-content\/uploads\/2020\/01\/297_medium.jpg\",\"datePublished\":\"2020-03-10T15:37:51+00:00\",\"dateModified\":\"2020-04-09T08:53:50+00:00\",\"breadcrumb\":{\"@id\":\"https:\/\/www.burespro.com\/fr\/product\/prodeasa-bv35\/#breadcrumb\"},\"inLanguage\":\"fr-FR\",\"potentialAction\":[{\"@type\":\"ReadAction\",\"target\":[\"https:\/\/www.burespro.com\/fr\/product\/prodeasa-bv35\/\"]}]},{\"@type\":\"ImageObject\",\"inLanguage\":\"fr-FR\",\"@id\":\"https:\/\/www.burespro.com\/fr\/product\/prodeasa-bv35\/#primaryimage\",\"url\":\"https:\/\/www.burespro.com\/wp-content\/uploads\/2020\/01\/297_medium.jpg\",\"contentUrl\":\"https:\/\/www.burespro.com\/wp-content\/uploads\/2020\/01\/297_medium.jpg\",\"width\":800,\"height\":600},{\"@type\":\"BreadcrumbList\",\"@id\":\"https:\/\/www.burespro.com\/fr\/product\/prodeasa-bv35\/#breadcrumb\",\"itemListElement\":[{\"@type\":\"ListItem\",\"position\":1,\"name\":\"Inici\",\"item\":\"https:\/\/www.burespro.com\/fr\/\"},{\"@type\":\"ListItem\",\"position\":2,\"name\":\"Boutique\",\"item\":\"https:\/\/www.burespro.com\/fr\/substrats-engrais\/\"},{\"@type\":\"ListItem\",\"position\":3,\"name\":\"PRODEASA BV35\"}]},{\"@type\":\"WebSite\",\"@id\":\"https:\/\/www.burespro.com\/#website\",\"url\":\"https:\/\/www.burespro.com\/\",\"name\":\"Bur\u00e9s Profesional\",\"description\":\"Fabricants de terres, substrats de cultiu, fertilitzants i adobs org\u00e0nics\",\"potentialAction\":[{\"@type\":\"SearchAction\",\"target\":{\"@type\":\"EntryPoint\",\"urlTemplate\":\"https:\/\/www.burespro.com\/?s={search_term_string}\"},\"query-input\":{\"@type\":\"PropertyValueSpecification\",\"valueRequired\":true,\"valueName\":\"search_term_string\"}}],\"inLanguage\":\"fr-FR\"}]}<\/script>\n<!-- \/ Yoast SEO plugin. -->","yoast_head_json":{"title":"PRODEASA BV35 | Bur\u00e9s Profesional","robots":{"index":"index","follow":"follow","max-snippet":"max-snippet:-1","max-image-preview":"max-image-preview:large","max-video-preview":"max-video-preview:-1"},"canonical":"https:\/\/www.burespro.com\/fr\/product\/prodeasa-bv35\/","og_locale":"fr_FR","og_type":"article","og_title":"PRODEASA BV35 | Bur\u00e9s Profesional","og_description":"Les substrats PRODEASA sont fabriqu\u00e9s \u00e0 partir de mati\u00e8res premi\u00e8res de haute qualit\u00e9 qui, m\u00e9lang\u00e9es avec pr\u00e9cision, garantissent l&rsquo;efficacit\u00e9 du substrat, avec un drainage et une a\u00e9ration ad\u00e9quate aux besoins de chaque culture. Chacun des substrats a une composition diff\u00e9rente et un abonn\u00e9 personnalis\u00e9. Tous les substrats sont commercialis\u00e9s avec le pH corrig\u00e9 (5,5-6,5), et [&hellip;]","og_url":"https:\/\/www.burespro.com\/fr\/product\/prodeasa-bv35\/","og_site_name":"Bur\u00e9s Profesional","article_publisher":"https:\/\/www.facebook.com\/buresprofesionalsa","article_modified_time":"2020-04-09T08:53:50+00:00","og_image":[{"width":800,"height":600,"url":"https:\/\/www.burespro.com\/wp-content\/uploads\/2020\/01\/297_medium.jpg","type":"image\/jpeg"}],"twitter_card":"summary_large_image","twitter_misc":{"Dur\u00e9e de lecture estim\u00e9e":"1 minute"},"schema":{"@context":"https:\/\/schema.org","@graph":[{"@type":"WebPage","@id":"https:\/\/www.burespro.com\/fr\/product\/prodeasa-bv35\/","url":"https:\/\/www.burespro.com\/fr\/product\/prodeasa-bv35\/","name":"PRODEASA BV35 | Bur\u00e9s Profesional","isPartOf":{"@id":"https:\/\/www.burespro.com\/#website"},"primaryImageOfPage":{"@id":"https:\/\/www.burespro.com\/fr\/product\/prodeasa-bv35\/#primaryimage"},"image":{"@id":"https:\/\/www.burespro.com\/fr\/product\/prodeasa-bv35\/#primaryimage"},"thumbnailUrl":"https:\/\/www.burespro.com\/wp-content\/uploads\/2020\/01\/297_medium.jpg","datePublished":"2020-03-10T15:37:51+00:00","dateModified":"2020-04-09T08:53:50+00:00","breadcrumb":{"@id":"https:\/\/www.burespro.com\/fr\/product\/prodeasa-bv35\/#breadcrumb"},"inLanguage":"fr-FR","potentialAction":[{"@type":"ReadAction","target":["https:\/\/www.burespro.com\/fr\/product\/prodeasa-bv35\/"]}]},{"@type":"ImageObject","inLanguage":"fr-FR","@id":"https:\/\/www.burespro.com\/fr\/product\/prodeasa-bv35\/#primaryimage","url":"https:\/\/www.burespro.com\/wp-content\/uploads\/2020\/01\/297_medium.jpg","contentUrl":"https:\/\/www.burespro.com\/wp-content\/uploads\/2020\/01\/297_medium.jpg","width":800,"height":600},{"@type":"BreadcrumbList","@id":"https:\/\/www.burespro.com\/fr\/product\/prodeasa-bv35\/#breadcrumb","itemListElement":[{"@type":"ListItem","position":1,"name":"Inici","item":"https:\/\/www.burespro.com\/fr\/"},{"@type":"ListItem","position":2,"name":"Boutique","item":"https:\/\/www.burespro.com\/fr\/substrats-engrais\/"},{"@type":"ListItem","position":3,"name":"PRODEASA BV35"}]},{"@type":"WebSite","@id":"https:\/\/www.burespro.com\/#website","url":"https:\/\/www.burespro.com\/","name":"Bur\u00e9s Profesional","description":"Fabricants de terres, substrats de cultiu, fertilitzants i adobs org\u00e0nics","potentialAction":[{"@type":"SearchAction","target":{"@type":"EntryPoint","urlTemplate":"https:\/\/www.burespro.com\/?s={search_term_string}"},"query-input":{"@type":"PropertyValueSpecification","valueRequired":true,"valueName":"search_term_string"}}],"inLanguage":"fr-FR"}]}},"_links":{"self":[{"href":"https:\/\/www.burespro.com\/fr\/wp-json\/wp\/v2\/product\/9960","targetHints":{"allow":["GET"]}}],"collection":[{"href":"https:\/\/www.burespro.com\/fr\/wp-json\/wp\/v2\/product"}],"about":[{"href":"https:\/\/www.burespro.com\/fr\/wp-json\/wp\/v2\/types\/product"}],"replies":[{"embeddable":true,"href":"https:\/\/www.burespro.com\/fr\/wp-json\/wp\/v2\/comments?post=9960"}],"wp:featuredmedia":[{"embeddable":true,"href":"https:\/\/www.burespro.com\/fr\/wp-json\/wp\/v2\/media\/14715"}],"wp:attachment":[{"href":"https:\/\/www.burespro.com\/fr\/wp-json\/wp\/v2\/media?parent=9960"}],"wp:term":[{"taxonomy":"product_brand","embeddable":true,"href":"https:\/\/www.burespro.com\/fr\/wp-json\/wp\/v2\/product_brand?post=9960"},{"taxonomy":"product_cat","embeddable":true,"href":"https:\/\/www.burespro.com\/fr\/wp-json\/wp\/v2\/product_cat?post=9960"},{"taxonomy":"product_tag","embeddable":true,"href":"https:\/\/www.burespro.com\/fr\/wp-json\/wp\/v2\/product_tag?post=9960"},{"taxonomy":"sectores","embeddable":true,"href":"https:\/\/www.burespro.com\/fr\/wp-json\/wp\/v2\/sectores?post=9960"}],"curies":[{"name":"wp","href":"https:\/\/api.w.org\/{rel}","templated":true}]}}