{"id":9934,"date":"2020-03-10T14:34:27","date_gmt":"2020-03-10T15:37:20","guid":{"rendered":"https:\/\/burespro.neorgvirtual.com\/product\/perlite\/"},"modified":"2020-03-11T11:57:15","modified_gmt":"2020-03-11T11:57:15","slug":"perlite","status":"publish","type":"product","link":"https:\/\/www.burespro.com\/fr\/product\/perlite\/","title":{"rendered":"PERLITE"},"content":{"rendered":"<p>Min\u00e9ral de silicate expans\u00e9 tr\u00e8s poreux. En horticulture, il est utilis\u00e9 pour am\u00e9liorer la perm\u00e9abilit\u00e9 du sol et am\u00e9liorer son a\u00e9ration. Dans les jardins urbains, il est utilis\u00e9 en compl\u00e9ment du substrat. En jardinage, il est \u00e9galement utilis\u00e9 pour am\u00e9liorer les caract\u00e9ristiques de r\u00e9tention de l&rsquo;air et de l&rsquo;eau. <\/p>\n<p>CARACT\u00c9RISTIQUES: <br \/>\nLa perlite est un mat\u00e9riau d&rsquo;origine volcanique, c&rsquo;est une roche silicat\u00e9e, ce qui implique une grande quantit\u00e9 de silicium (Si). Cette pierre broy\u00e9e est chauff\u00e9e \u00e0 1600 \u00b0 Celsius, provoquant l&rsquo;expansion du mat\u00e9riau. Le r\u00e9sultat du processus rend cette perlite expans\u00e9e extr\u00eamement l\u00e9g\u00e8re et peut absorber son poids tant de fois dans l&rsquo;eau. <\/p>\n<p>Cette pierre incorpor\u00e9e dans un substrat augmente l&rsquo;oxyg\u00e9nation du sol, tout en augmentant la r\u00e9tention d&rsquo;eau. La perlite est un mat\u00e9riau inerte et a un pH neutre (proche de 7). <\/p>\n<p>PERLITA A-13 <br \/>\nS88607 sac 100L <br \/>\nS86609 Big-bag 1&rsquo;2m\u00b3 <\/p>\n<p>PERLITA B-10 <br \/>\nS86606 sac 100L <\/p>\n<p>PERLITA B-12 <br \/>\nS86612 sac 100L <\/p>\n<p>APPLICATION: <br \/>\nLa perlite peut \u00eatre utilis\u00e9e dans les cultures hydroponiques ou m\u00e9lang\u00e9e dans les substrats de jardinage et de p\u00e9pini\u00e8re. L&rsquo;utilisation de perlite ne modifie pas les propri\u00e9t\u00e9s de la fibre de coco, de la tourbe ou du compos\u00e9. <BR><\/p>\n","protected":false},"excerpt":{"rendered":"<p>Min\u00e9ral de silicate expans\u00e9 tr\u00e8s poreux. En horticulture, il est utilis\u00e9 pour am\u00e9liorer la perm\u00e9abilit\u00e9 du sol et am\u00e9liorer son a\u00e9ration. Dans les jardins urbains, il est utilis\u00e9 en compl\u00e9ment du substrat. En jardinage, il est \u00e9galement utilis\u00e9 pour am\u00e9liorer les caract\u00e9ristiques de r\u00e9tention de l&rsquo;air et de l&rsquo;eau. CARACT\u00c9RISTIQUES: La perlite est un mat\u00e9riau [&hellip;]<\/p>\n","protected":false},"featured_media":1282,"comment_status":"closed","ping_status":"closed","template":"","meta":{"_acf_changed":false,"inline_featured_image":false},"product_brand":[],"product_cat":[214],"product_tag":[637,659],"sectores":[364,371,419,421],"class_list":{"0":"post-9934","1":"product","2":"type-product","3":"status-publish","4":"has-post-thumbnail","6":"product_cat-supplements-pour-la-culture","7":"product_tag-culture-hydroponique","8":"product_tag-melange-de-substrat","9":"sectores-pepiniere","10":"sectores-fructiculture-et-horticulture","11":"sectores-floriculture-fr","12":"sectores-viticulture-fr","14":"first","15":"instock","16":"product-type-simple"},"acf":[],"yoast_head":"<!-- This site is optimized with the Yoast SEO plugin v26.7 - https:\/\/yoast.com\/wordpress\/plugins\/seo\/ -->\n<title>PERLITE | Bur\u00e9s Profesional<\/title>\n<meta name=\"robots\" content=\"index, follow, max-snippet:-1, max-image-preview:large, max-video-preview:-1\" \/>\n<link rel=\"canonical\" href=\"https:\/\/www.burespro.com\/fr\/product\/perlite\/\" \/>\n<meta property=\"og:locale\" content=\"fr_FR\" \/>\n<meta property=\"og:type\" content=\"article\" \/>\n<meta property=\"og:title\" content=\"PERLITE | Bur\u00e9s Profesional\" \/>\n<meta property=\"og:description\" content=\"Min\u00e9ral de silicate expans\u00e9 tr\u00e8s poreux. En horticulture, il est utilis\u00e9 pour am\u00e9liorer la perm\u00e9abilit\u00e9 du sol et am\u00e9liorer son a\u00e9ration. Dans les jardins urbains, il est utilis\u00e9 en compl\u00e9ment du substrat. En jardinage, il est \u00e9galement utilis\u00e9 pour am\u00e9liorer les caract\u00e9ristiques de r\u00e9tention de l&rsquo;air et de l&rsquo;eau. CARACT\u00c9RISTIQUES: La perlite est un mat\u00e9riau [&hellip;]\" \/>\n<meta property=\"og:url\" content=\"https:\/\/www.burespro.com\/fr\/product\/perlite\/\" \/>\n<meta property=\"og:site_name\" content=\"Bur\u00e9s Profesional\" \/>\n<meta property=\"article:publisher\" content=\"https:\/\/www.facebook.com\/buresprofesionalsa\" \/>\n<meta property=\"article:modified_time\" content=\"2020-03-11T11:57:15+00:00\" \/>\n<meta property=\"og:image\" content=\"https:\/\/www.burespro.com\/wp-content\/uploads\/2020\/01\/376_medium.jpg\" \/>\n\t<meta property=\"og:image:width\" content=\"800\" \/>\n\t<meta property=\"og:image:height\" content=\"600\" \/>\n\t<meta property=\"og:image:type\" content=\"image\/jpeg\" \/>\n<meta name=\"twitter:card\" content=\"summary_large_image\" \/>\n<meta name=\"twitter:label1\" content=\"Dur\u00e9e de lecture estim\u00e9e\" \/>\n\t<meta name=\"twitter:data1\" content=\"1 minute\" \/>\n<script type=\"application\/ld+json\" class=\"yoast-schema-graph\">{\"@context\":\"https:\/\/schema.org\",\"@graph\":[{\"@type\":\"WebPage\",\"@id\":\"https:\/\/www.burespro.com\/fr\/product\/perlite\/\",\"url\":\"https:\/\/www.burespro.com\/fr\/product\/perlite\/\",\"name\":\"PERLITE | Bur\u00e9s Profesional\",\"isPartOf\":{\"@id\":\"https:\/\/www.burespro.com\/#website\"},\"primaryImageOfPage\":{\"@id\":\"https:\/\/www.burespro.com\/fr\/product\/perlite\/#primaryimage\"},\"image\":{\"@id\":\"https:\/\/www.burespro.com\/fr\/product\/perlite\/#primaryimage\"},\"thumbnailUrl\":\"https:\/\/www.burespro.com\/wp-content\/uploads\/2020\/01\/376_medium.jpg\",\"datePublished\":\"2020-03-10T15:37:20+00:00\",\"dateModified\":\"2020-03-11T11:57:15+00:00\",\"breadcrumb\":{\"@id\":\"https:\/\/www.burespro.com\/fr\/product\/perlite\/#breadcrumb\"},\"inLanguage\":\"fr-FR\",\"potentialAction\":[{\"@type\":\"ReadAction\",\"target\":[\"https:\/\/www.burespro.com\/fr\/product\/perlite\/\"]}]},{\"@type\":\"ImageObject\",\"inLanguage\":\"fr-FR\",\"@id\":\"https:\/\/www.burespro.com\/fr\/product\/perlite\/#primaryimage\",\"url\":\"https:\/\/www.burespro.com\/wp-content\/uploads\/2020\/01\/376_medium.jpg\",\"contentUrl\":\"https:\/\/www.burespro.com\/wp-content\/uploads\/2020\/01\/376_medium.jpg\",\"width\":800,\"height\":600},{\"@type\":\"BreadcrumbList\",\"@id\":\"https:\/\/www.burespro.com\/fr\/product\/perlite\/#breadcrumb\",\"itemListElement\":[{\"@type\":\"ListItem\",\"position\":1,\"name\":\"Inici\",\"item\":\"https:\/\/www.burespro.com\/fr\/\"},{\"@type\":\"ListItem\",\"position\":2,\"name\":\"Boutique\",\"item\":\"https:\/\/www.burespro.com\/fr\/substrats-engrais\/\"},{\"@type\":\"ListItem\",\"position\":3,\"name\":\"PERLITE\"}]},{\"@type\":\"WebSite\",\"@id\":\"https:\/\/www.burespro.com\/#website\",\"url\":\"https:\/\/www.burespro.com\/\",\"name\":\"Bur\u00e9s Profesional\",\"description\":\"Fabricants de terres, substrats de cultiu, fertilitzants i adobs org\u00e0nics\",\"potentialAction\":[{\"@type\":\"SearchAction\",\"target\":{\"@type\":\"EntryPoint\",\"urlTemplate\":\"https:\/\/www.burespro.com\/?s={search_term_string}\"},\"query-input\":{\"@type\":\"PropertyValueSpecification\",\"valueRequired\":true,\"valueName\":\"search_term_string\"}}],\"inLanguage\":\"fr-FR\"}]}<\/script>\n<!-- \/ Yoast SEO plugin. -->","yoast_head_json":{"title":"PERLITE | Bur\u00e9s Profesional","robots":{"index":"index","follow":"follow","max-snippet":"max-snippet:-1","max-image-preview":"max-image-preview:large","max-video-preview":"max-video-preview:-1"},"canonical":"https:\/\/www.burespro.com\/fr\/product\/perlite\/","og_locale":"fr_FR","og_type":"article","og_title":"PERLITE | Bur\u00e9s Profesional","og_description":"Min\u00e9ral de silicate expans\u00e9 tr\u00e8s poreux. En horticulture, il est utilis\u00e9 pour am\u00e9liorer la perm\u00e9abilit\u00e9 du sol et am\u00e9liorer son a\u00e9ration. Dans les jardins urbains, il est utilis\u00e9 en compl\u00e9ment du substrat. En jardinage, il est \u00e9galement utilis\u00e9 pour am\u00e9liorer les caract\u00e9ristiques de r\u00e9tention de l&rsquo;air et de l&rsquo;eau. CARACT\u00c9RISTIQUES: La perlite est un mat\u00e9riau [&hellip;]","og_url":"https:\/\/www.burespro.com\/fr\/product\/perlite\/","og_site_name":"Bur\u00e9s Profesional","article_publisher":"https:\/\/www.facebook.com\/buresprofesionalsa","article_modified_time":"2020-03-11T11:57:15+00:00","og_image":[{"width":800,"height":600,"url":"https:\/\/www.burespro.com\/wp-content\/uploads\/2020\/01\/376_medium.jpg","type":"image\/jpeg"}],"twitter_card":"summary_large_image","twitter_misc":{"Dur\u00e9e de lecture estim\u00e9e":"1 minute"},"schema":{"@context":"https:\/\/schema.org","@graph":[{"@type":"WebPage","@id":"https:\/\/www.burespro.com\/fr\/product\/perlite\/","url":"https:\/\/www.burespro.com\/fr\/product\/perlite\/","name":"PERLITE | Bur\u00e9s Profesional","isPartOf":{"@id":"https:\/\/www.burespro.com\/#website"},"primaryImageOfPage":{"@id":"https:\/\/www.burespro.com\/fr\/product\/perlite\/#primaryimage"},"image":{"@id":"https:\/\/www.burespro.com\/fr\/product\/perlite\/#primaryimage"},"thumbnailUrl":"https:\/\/www.burespro.com\/wp-content\/uploads\/2020\/01\/376_medium.jpg","datePublished":"2020-03-10T15:37:20+00:00","dateModified":"2020-03-11T11:57:15+00:00","breadcrumb":{"@id":"https:\/\/www.burespro.com\/fr\/product\/perlite\/#breadcrumb"},"inLanguage":"fr-FR","potentialAction":[{"@type":"ReadAction","target":["https:\/\/www.burespro.com\/fr\/product\/perlite\/"]}]},{"@type":"ImageObject","inLanguage":"fr-FR","@id":"https:\/\/www.burespro.com\/fr\/product\/perlite\/#primaryimage","url":"https:\/\/www.burespro.com\/wp-content\/uploads\/2020\/01\/376_medium.jpg","contentUrl":"https:\/\/www.burespro.com\/wp-content\/uploads\/2020\/01\/376_medium.jpg","width":800,"height":600},{"@type":"BreadcrumbList","@id":"https:\/\/www.burespro.com\/fr\/product\/perlite\/#breadcrumb","itemListElement":[{"@type":"ListItem","position":1,"name":"Inici","item":"https:\/\/www.burespro.com\/fr\/"},{"@type":"ListItem","position":2,"name":"Boutique","item":"https:\/\/www.burespro.com\/fr\/substrats-engrais\/"},{"@type":"ListItem","position":3,"name":"PERLITE"}]},{"@type":"WebSite","@id":"https:\/\/www.burespro.com\/#website","url":"https:\/\/www.burespro.com\/","name":"Bur\u00e9s Profesional","description":"Fabricants de terres, substrats de cultiu, fertilitzants i adobs org\u00e0nics","potentialAction":[{"@type":"SearchAction","target":{"@type":"EntryPoint","urlTemplate":"https:\/\/www.burespro.com\/?s={search_term_string}"},"query-input":{"@type":"PropertyValueSpecification","valueRequired":true,"valueName":"search_term_string"}}],"inLanguage":"fr-FR"}]}},"_links":{"self":[{"href":"https:\/\/www.burespro.com\/fr\/wp-json\/wp\/v2\/product\/9934","targetHints":{"allow":["GET"]}}],"collection":[{"href":"https:\/\/www.burespro.com\/fr\/wp-json\/wp\/v2\/product"}],"about":[{"href":"https:\/\/www.burespro.com\/fr\/wp-json\/wp\/v2\/types\/product"}],"replies":[{"embeddable":true,"href":"https:\/\/www.burespro.com\/fr\/wp-json\/wp\/v2\/comments?post=9934"}],"wp:featuredmedia":[{"embeddable":true,"href":"https:\/\/www.burespro.com\/fr\/wp-json\/wp\/v2\/media\/1282"}],"wp:attachment":[{"href":"https:\/\/www.burespro.com\/fr\/wp-json\/wp\/v2\/media?parent=9934"}],"wp:term":[{"taxonomy":"product_brand","embeddable":true,"href":"https:\/\/www.burespro.com\/fr\/wp-json\/wp\/v2\/product_brand?post=9934"},{"taxonomy":"product_cat","embeddable":true,"href":"https:\/\/www.burespro.com\/fr\/wp-json\/wp\/v2\/product_cat?post=9934"},{"taxonomy":"product_tag","embeddable":true,"href":"https:\/\/www.burespro.com\/fr\/wp-json\/wp\/v2\/product_tag?post=9934"},{"taxonomy":"sectores","embeddable":true,"href":"https:\/\/www.burespro.com\/fr\/wp-json\/wp\/v2\/sectores?post=9934"}],"curies":[{"name":"wp","href":"https:\/\/api.w.org\/{rel}","templated":true}]}}