{"id":9910,"date":"2020-03-10T14:34:27","date_gmt":"2020-03-10T15:37:20","guid":{"rendered":"https:\/\/burespro.neorgvirtual.com\/product\/marc-de-cafe-organic-amendment\/"},"modified":"2020-03-11T11:57:13","modified_gmt":"2020-03-11T11:57:13","slug":"marc-de-cafe-organic-amendment","status":"publish","type":"product","link":"https:\/\/www.burespro.com\/fr\/product\/marc-de-cafe-organic-amendment\/","title":{"rendered":"MARC DE CAF\u00c9 (ORGANIC AMENDMENT)"},"content":{"rendered":"<p>MARRO DE CAF\u00c9 est un produit d&rsquo;une richesse organique et fertilisante importante, particuli\u00e8rement indiqu\u00e9 dans l&rsquo;agriculture, la culture fruiti\u00e8re, l&rsquo;am\u00e9nagement paysager et les grands espaces verts. <br \/>\nCe produit repr\u00e9sente une alternative \u00e9conomique et de qualit\u00e9 aux amendements organiques existant actuellement sur le march\u00e9. <\/p>\n<p>COMPOSITION <br \/>\nLe CAF\u00c9 MARRO est obtenu \u00e0 partir de la fabrication de caf\u00e9 soluble, en phase d&rsquo;extraction de caf\u00e9 liquide par pression et temp\u00e9rature. <br \/>\nC&rsquo;est un produit 100% v\u00e9g\u00e9tal avec un potentiel de rendement humique \u00e9lev\u00e9. <br \/>\nSa teneur en mati\u00e8re organique d&rsquo;un ordre> 99% m2 est am\u00e9lior\u00e9e dans la structure et la capacit\u00e9 de r\u00e9tention de l&rsquo;eau du sol, ainsi que dans sa capacit\u00e9 d&rsquo;\u00e9change cationique. <br \/>\nDe l&rsquo;apport de MARRO DE CAF\u00c9, sa fraction humique totale \u00e9lev\u00e9e se d\u00e9tache (environ 22%), dont 12,7% correspondraient \u00e0 des acides humiques. <br \/>\nCOFFEE MARRO, am\u00e9liore significativement la fertilit\u00e9 et la structure du sol auquel il est incorpor\u00e9, compactant les sableux et brisant l&rsquo;argile. <br \/>\nDe plus, <br \/>\n\u2022 Augmente la capacit\u00e9 de r\u00e9tention d&rsquo;eau. <br \/>\n\u2022 Active la flore microbienne. <br \/>\n\u2022 Favorise l&rsquo;assimilation des \u00e9l\u00e9ments nutritionnels tels que le phosphore et les micronutriments. <br \/>\n\u2022 Am\u00e9liore les performances de l&rsquo;abonn\u00e9 chimique. <br \/>\nC&rsquo;est pourquoi MARRO DE CAF\u00c9, r\u00e9pond aux exigences exig\u00e9es par l&rsquo;enregistrement des engrais, pour \u00eatre class\u00e9 comme amendement organique humique. <\/p>\n<p>CARACT\u00c9RISTIQUES <br \/>\nMARRO DE CAF\u00c9 est utilis\u00e9 comme amendement organique du sol. Il est appliqu\u00e9 en le m\u00e9langeant avec le sol sur lequel il est pr\u00e9vu de planter ou d&rsquo;am\u00e9liorer sa structure. <\/p>\n<p>FORMAT ET APPLICATION <br \/>\nCOFFEE MARRO, est pr\u00e9sent\u00e9 en vrac, broy\u00e9 de mani\u00e8re \u00e0 obtenir un produit granul\u00e9 fin et non pulv\u00e9rulent, ce qui facilite son transport et sa manipulation m\u00eame par des syst\u00e8mes pneumatiques. <br \/>\nApr\u00e8s environ 3-5 semaines, la culture peut \u00eatre plant\u00e9e. <br \/>\nNotre service technique vous conseillera dans le calcul des besoins r\u00e9els en mati\u00e8re organique de votre parcelle, ainsi que dans le calcul et la mise en \u0153uvre d&rsquo;un programme d&rsquo;enrichissement. <\/p>\n<p>RECOMMANDATIONS <br \/>\nNous recommandons MARRO DE CAF\u00c9 pour un type d&rsquo;applications nombreuses et vari\u00e9es, parmi lesquelles nous pouvons mettre en avant. <br \/>\n\u2022 Agriculture extensive: c\u00e9r\u00e9ales, fourrage. <br \/>\n\u2022 Foresterie, viticulture, plantations fruiti\u00e8res et ornementales. <br \/>\n\u2022 Rev\u00e9g\u00e9talisassions des pentes \u00e0 proximit\u00e9 des voies de communication, apr\u00e8s avoir r\u00e9alis\u00e9 la construction et r\u00e9cup\u00e9r\u00e9 des terrains de mauvaise qualit\u00e9 \u00e0 partir des creux. <br \/>\n\u2022 Restauration des espaces d\u00e9grad\u00e9s tels que les carri\u00e8res et les terrains industriels. <br \/>\n\u2022 Pour une utilisation en tant que composante des terrains pour l&rsquo;am\u00e9nagement paysager et les substrats. <br \/>\n\u2022 Agriculture, horticulture, floriculture: terres intensivement exploit\u00e9es. <br \/>\n\u2022 D\u00e9contamination des sols. <\/p>\n<p>MARRO DE CAF\u00c9 est enregistr\u00e9 dans le registre des engrais conform\u00e9ment au d\u00e9cret royal 824\/2005 (RD506 \/ 2013), sous le num\u00e9ro F0001465 \/ 2020. <\/p>\n<p>Produit pouvant \u00eatre utilis\u00e9 en agriculture biologique conform\u00e9ment au r\u00e8glement (CE) n \u00b0 834\/2007 <BR><\/p>\n","protected":false},"excerpt":{"rendered":"<p>MARRO DE CAF\u00c9 est un produit d&rsquo;une richesse organique et fertilisante importante, particuli\u00e8rement indiqu\u00e9 dans l&rsquo;agriculture, la culture fruiti\u00e8re, l&rsquo;am\u00e9nagement paysager et les grands espaces verts. Ce produit repr\u00e9sente une alternative \u00e9conomique et de qualit\u00e9 aux amendements organiques existant actuellement sur le march\u00e9. COMPOSITION Le CAF\u00c9 MARRO est obtenu \u00e0 partir de la fabrication de [&hellip;]<\/p>\n","protected":false},"featured_media":1258,"comment_status":"closed","ping_status":"open","template":"","meta":{"_acf_changed":false,"inline_featured_image":false},"product_brand":[],"product_cat":[388,186],"product_tag":[],"sectores":[364,371,419,421],"class_list":{"0":"post-9910","1":"product","2":"type-product","3":"status-publish","4":"has-post-thumbnail","6":"product_cat-engrais-ecologiques","7":"product_cat-matieries-premieres","8":"sectores-pepiniere","9":"sectores-fructiculture-et-horticulture","10":"sectores-floriculture-fr","11":"sectores-viticulture-fr","13":"first","14":"instock","15":"product-type-simple"},"acf":[],"yoast_head":"<!-- This site is optimized with the Yoast SEO plugin v26.7 - https:\/\/yoast.com\/wordpress\/plugins\/seo\/ -->\n<title>MARC DE CAF\u00c9 (ORGANIC AMENDMENT) | Bur\u00e9s Profesional<\/title>\n<meta name=\"robots\" content=\"index, follow, max-snippet:-1, max-image-preview:large, max-video-preview:-1\" \/>\n<link rel=\"canonical\" href=\"https:\/\/www.burespro.com\/fr\/product\/marc-de-cafe-organic-amendment\/\" \/>\n<meta property=\"og:locale\" content=\"fr_FR\" \/>\n<meta property=\"og:type\" content=\"article\" \/>\n<meta property=\"og:title\" content=\"MARC DE CAF\u00c9 (ORGANIC AMENDMENT) | Bur\u00e9s Profesional\" \/>\n<meta property=\"og:description\" content=\"MARRO DE CAF\u00c9 est un produit d&rsquo;une richesse organique et fertilisante importante, particuli\u00e8rement indiqu\u00e9 dans l&rsquo;agriculture, la culture fruiti\u00e8re, l&rsquo;am\u00e9nagement paysager et les grands espaces verts. Ce produit repr\u00e9sente une alternative \u00e9conomique et de qualit\u00e9 aux amendements organiques existant actuellement sur le march\u00e9. COMPOSITION Le CAF\u00c9 MARRO est obtenu \u00e0 partir de la fabrication de [&hellip;]\" \/>\n<meta property=\"og:url\" content=\"https:\/\/www.burespro.com\/fr\/product\/marc-de-cafe-organic-amendment\/\" \/>\n<meta property=\"og:site_name\" content=\"Bur\u00e9s Profesional\" \/>\n<meta property=\"article:publisher\" content=\"https:\/\/www.facebook.com\/buresprofesionalsa\" \/>\n<meta property=\"article:modified_time\" content=\"2020-03-11T11:57:13+00:00\" \/>\n<meta property=\"og:image\" content=\"https:\/\/www.burespro.com\/wp-content\/uploads\/2020\/01\/257_medium.png\" \/>\n\t<meta property=\"og:image:width\" content=\"755\" \/>\n\t<meta property=\"og:image:height\" content=\"568\" \/>\n\t<meta property=\"og:image:type\" content=\"image\/jpeg\" \/>\n<meta name=\"twitter:card\" content=\"summary_large_image\" \/>\n<meta name=\"twitter:label1\" content=\"Dur\u00e9e de lecture estim\u00e9e\" \/>\n\t<meta name=\"twitter:data1\" content=\"2 minutes\" \/>\n<script type=\"application\/ld+json\" class=\"yoast-schema-graph\">{\"@context\":\"https:\/\/schema.org\",\"@graph\":[{\"@type\":\"WebPage\",\"@id\":\"https:\/\/www.burespro.com\/fr\/product\/marc-de-cafe-organic-amendment\/\",\"url\":\"https:\/\/www.burespro.com\/fr\/product\/marc-de-cafe-organic-amendment\/\",\"name\":\"MARC DE CAF\u00c9 (ORGANIC AMENDMENT) | Bur\u00e9s Profesional\",\"isPartOf\":{\"@id\":\"https:\/\/www.burespro.com\/#website\"},\"primaryImageOfPage\":{\"@id\":\"https:\/\/www.burespro.com\/fr\/product\/marc-de-cafe-organic-amendment\/#primaryimage\"},\"image\":{\"@id\":\"https:\/\/www.burespro.com\/fr\/product\/marc-de-cafe-organic-amendment\/#primaryimage\"},\"thumbnailUrl\":\"https:\/\/www.burespro.com\/wp-content\/uploads\/2020\/01\/257_medium.png\",\"datePublished\":\"2020-03-10T15:37:20+00:00\",\"dateModified\":\"2020-03-11T11:57:13+00:00\",\"breadcrumb\":{\"@id\":\"https:\/\/www.burespro.com\/fr\/product\/marc-de-cafe-organic-amendment\/#breadcrumb\"},\"inLanguage\":\"fr-FR\",\"potentialAction\":[{\"@type\":\"ReadAction\",\"target\":[\"https:\/\/www.burespro.com\/fr\/product\/marc-de-cafe-organic-amendment\/\"]}]},{\"@type\":\"ImageObject\",\"inLanguage\":\"fr-FR\",\"@id\":\"https:\/\/www.burespro.com\/fr\/product\/marc-de-cafe-organic-amendment\/#primaryimage\",\"url\":\"https:\/\/www.burespro.com\/wp-content\/uploads\/2020\/01\/257_medium.png\",\"contentUrl\":\"https:\/\/www.burespro.com\/wp-content\/uploads\/2020\/01\/257_medium.png\",\"width\":755,\"height\":568},{\"@type\":\"BreadcrumbList\",\"@id\":\"https:\/\/www.burespro.com\/fr\/product\/marc-de-cafe-organic-amendment\/#breadcrumb\",\"itemListElement\":[{\"@type\":\"ListItem\",\"position\":1,\"name\":\"Inici\",\"item\":\"https:\/\/www.burespro.com\/fr\/\"},{\"@type\":\"ListItem\",\"position\":2,\"name\":\"Boutique\",\"item\":\"https:\/\/www.burespro.com\/fr\/substrats-engrais\/\"},{\"@type\":\"ListItem\",\"position\":3,\"name\":\"MARC DE CAF\u00c9 (ORGANIC AMENDMENT)\"}]},{\"@type\":\"WebSite\",\"@id\":\"https:\/\/www.burespro.com\/#website\",\"url\":\"https:\/\/www.burespro.com\/\",\"name\":\"Bur\u00e9s Profesional\",\"description\":\"Fabricants de terres, substrats de cultiu, fertilitzants i adobs org\u00e0nics\",\"potentialAction\":[{\"@type\":\"SearchAction\",\"target\":{\"@type\":\"EntryPoint\",\"urlTemplate\":\"https:\/\/www.burespro.com\/?s={search_term_string}\"},\"query-input\":{\"@type\":\"PropertyValueSpecification\",\"valueRequired\":true,\"valueName\":\"search_term_string\"}}],\"inLanguage\":\"fr-FR\"}]}<\/script>\n<!-- \/ Yoast SEO plugin. -->","yoast_head_json":{"title":"MARC DE CAF\u00c9 (ORGANIC AMENDMENT) | Bur\u00e9s Profesional","robots":{"index":"index","follow":"follow","max-snippet":"max-snippet:-1","max-image-preview":"max-image-preview:large","max-video-preview":"max-video-preview:-1"},"canonical":"https:\/\/www.burespro.com\/fr\/product\/marc-de-cafe-organic-amendment\/","og_locale":"fr_FR","og_type":"article","og_title":"MARC DE CAF\u00c9 (ORGANIC AMENDMENT) | Bur\u00e9s Profesional","og_description":"MARRO DE CAF\u00c9 est un produit d&rsquo;une richesse organique et fertilisante importante, particuli\u00e8rement indiqu\u00e9 dans l&rsquo;agriculture, la culture fruiti\u00e8re, l&rsquo;am\u00e9nagement paysager et les grands espaces verts. Ce produit repr\u00e9sente une alternative \u00e9conomique et de qualit\u00e9 aux amendements organiques existant actuellement sur le march\u00e9. COMPOSITION Le CAF\u00c9 MARRO est obtenu \u00e0 partir de la fabrication de [&hellip;]","og_url":"https:\/\/www.burespro.com\/fr\/product\/marc-de-cafe-organic-amendment\/","og_site_name":"Bur\u00e9s Profesional","article_publisher":"https:\/\/www.facebook.com\/buresprofesionalsa","article_modified_time":"2020-03-11T11:57:13+00:00","og_image":[{"width":755,"height":568,"url":"https:\/\/www.burespro.com\/wp-content\/uploads\/2020\/01\/257_medium.png","type":"image\/jpeg"}],"twitter_card":"summary_large_image","twitter_misc":{"Dur\u00e9e de lecture estim\u00e9e":"2 minutes"},"schema":{"@context":"https:\/\/schema.org","@graph":[{"@type":"WebPage","@id":"https:\/\/www.burespro.com\/fr\/product\/marc-de-cafe-organic-amendment\/","url":"https:\/\/www.burespro.com\/fr\/product\/marc-de-cafe-organic-amendment\/","name":"MARC DE CAF\u00c9 (ORGANIC AMENDMENT) | Bur\u00e9s Profesional","isPartOf":{"@id":"https:\/\/www.burespro.com\/#website"},"primaryImageOfPage":{"@id":"https:\/\/www.burespro.com\/fr\/product\/marc-de-cafe-organic-amendment\/#primaryimage"},"image":{"@id":"https:\/\/www.burespro.com\/fr\/product\/marc-de-cafe-organic-amendment\/#primaryimage"},"thumbnailUrl":"https:\/\/www.burespro.com\/wp-content\/uploads\/2020\/01\/257_medium.png","datePublished":"2020-03-10T15:37:20+00:00","dateModified":"2020-03-11T11:57:13+00:00","breadcrumb":{"@id":"https:\/\/www.burespro.com\/fr\/product\/marc-de-cafe-organic-amendment\/#breadcrumb"},"inLanguage":"fr-FR","potentialAction":[{"@type":"ReadAction","target":["https:\/\/www.burespro.com\/fr\/product\/marc-de-cafe-organic-amendment\/"]}]},{"@type":"ImageObject","inLanguage":"fr-FR","@id":"https:\/\/www.burespro.com\/fr\/product\/marc-de-cafe-organic-amendment\/#primaryimage","url":"https:\/\/www.burespro.com\/wp-content\/uploads\/2020\/01\/257_medium.png","contentUrl":"https:\/\/www.burespro.com\/wp-content\/uploads\/2020\/01\/257_medium.png","width":755,"height":568},{"@type":"BreadcrumbList","@id":"https:\/\/www.burespro.com\/fr\/product\/marc-de-cafe-organic-amendment\/#breadcrumb","itemListElement":[{"@type":"ListItem","position":1,"name":"Inici","item":"https:\/\/www.burespro.com\/fr\/"},{"@type":"ListItem","position":2,"name":"Boutique","item":"https:\/\/www.burespro.com\/fr\/substrats-engrais\/"},{"@type":"ListItem","position":3,"name":"MARC DE CAF\u00c9 (ORGANIC AMENDMENT)"}]},{"@type":"WebSite","@id":"https:\/\/www.burespro.com\/#website","url":"https:\/\/www.burespro.com\/","name":"Bur\u00e9s Profesional","description":"Fabricants de terres, substrats de cultiu, fertilitzants i adobs org\u00e0nics","potentialAction":[{"@type":"SearchAction","target":{"@type":"EntryPoint","urlTemplate":"https:\/\/www.burespro.com\/?s={search_term_string}"},"query-input":{"@type":"PropertyValueSpecification","valueRequired":true,"valueName":"search_term_string"}}],"inLanguage":"fr-FR"}]}},"_links":{"self":[{"href":"https:\/\/www.burespro.com\/fr\/wp-json\/wp\/v2\/product\/9910","targetHints":{"allow":["GET"]}}],"collection":[{"href":"https:\/\/www.burespro.com\/fr\/wp-json\/wp\/v2\/product"}],"about":[{"href":"https:\/\/www.burespro.com\/fr\/wp-json\/wp\/v2\/types\/product"}],"replies":[{"embeddable":true,"href":"https:\/\/www.burespro.com\/fr\/wp-json\/wp\/v2\/comments?post=9910"}],"wp:featuredmedia":[{"embeddable":true,"href":"https:\/\/www.burespro.com\/fr\/wp-json\/wp\/v2\/media\/1258"}],"wp:attachment":[{"href":"https:\/\/www.burespro.com\/fr\/wp-json\/wp\/v2\/media?parent=9910"}],"wp:term":[{"taxonomy":"product_brand","embeddable":true,"href":"https:\/\/www.burespro.com\/fr\/wp-json\/wp\/v2\/product_brand?post=9910"},{"taxonomy":"product_cat","embeddable":true,"href":"https:\/\/www.burespro.com\/fr\/wp-json\/wp\/v2\/product_cat?post=9910"},{"taxonomy":"product_tag","embeddable":true,"href":"https:\/\/www.burespro.com\/fr\/wp-json\/wp\/v2\/product_tag?post=9910"},{"taxonomy":"sectores","embeddable":true,"href":"https:\/\/www.burespro.com\/fr\/wp-json\/wp\/v2\/sectores?post=9910"}],"curies":[{"name":"wp","href":"https:\/\/api.w.org\/{rel}","templated":true}]}}