{"id":9903,"date":"2020-03-10T14:34:27","date_gmt":"2020-03-10T15:37:20","guid":{"rendered":"https:\/\/burespro.neorgvirtual.com\/product\/marc-de-cafe-a-utiliser-dans-des-biocarburants\/"},"modified":"2020-03-11T11:57:13","modified_gmt":"2020-03-11T11:57:13","slug":"marc-de-cafe-a-utiliser-dans-des-biocarburants","status":"publish","type":"product","link":"https:\/\/www.burespro.com\/fr\/product\/marc-de-cafe-a-utiliser-dans-des-biocarburants\/","title":{"rendered":"MARC DE CAF\u00c9 \u00c0 UTILISER DANS DES BIOCARBURANTS"},"content":{"rendered":"<p>Le MARC DE CAF\u00c9 est un mat\u00e9riau pr\u00e9sent\u00e9 en vrac, concass\u00e9 de mani\u00e8re \u00e0 obtenir un produit non pulv\u00e9rulent, mais \u00e0 grain fin, ce qui facilite son transport et sa manipulation, m\u00eame dans les syst\u00e8mes pneumatiques.<br \/>\nEn ce qui concerne le stockage, il s\u2019agit d\u2019un mat\u00e9riau non hygroscopique, \u00e0 l\u2019aspect visuel sec, qui peut \u00eatre stock\u00e9 \u00e0 l\u2019ext\u00e9rieur, bien qu\u2019il soit pratique d\u2019\u00e9viter la pluie directe sur le produit.<br \/>\nNotre soci\u00e9t\u00e9 garantit la possibilit\u00e9 de servir de grandes quantit\u00e9s, de l&rsquo;ordre de milliers de tonnes par an.<br \/>\nLa teneur en calories \u00e9lev\u00e9e et la puissance \u00e9nerg\u00e9tique offertes par MARC DE CAF\u00c9. Ainsi, apr\u00e8s diff\u00e9rents proc\u00e9d\u00e9s chimiques, le marc de caf\u00e9 m\u00e9lang\u00e9 \u00e0 d\u2019autres huiles cr\u00e9e un biocarburant.\t\t<BR><\/p>\n","protected":false},"excerpt":{"rendered":"<p>Le MARC DE CAF\u00c9 est un mat\u00e9riau pr\u00e9sent\u00e9 en vrac, concass\u00e9 de mani\u00e8re \u00e0 obtenir un produit non pulv\u00e9rulent, mais \u00e0 grain fin, ce qui facilite son transport et sa manipulation, m\u00eame dans les syst\u00e8mes pneumatiques. En ce qui concerne le stockage, il s\u2019agit d\u2019un mat\u00e9riau non hygroscopique, \u00e0 l\u2019aspect visuel sec, qui peut \u00eatre [&hellip;]<\/p>\n","protected":false},"featured_media":2419,"comment_status":"closed","ping_status":"closed","template":"","meta":{"_acf_changed":false,"inline_featured_image":false},"product_brand":[],"product_cat":[191],"product_tag":[],"sectores":[365,366],"class_list":{"0":"post-9903","1":"product","2":"type-product","3":"status-publish","4":"has-post-thumbnail","6":"product_cat-biocarburant","7":"sectores-usage-industriel","8":"sectores-biocarburant","10":"first","11":"instock","12":"product-type-simple"},"acf":[],"yoast_head":"<!-- This site is optimized with the Yoast SEO plugin v26.7 - https:\/\/yoast.com\/wordpress\/plugins\/seo\/ -->\n<title>MARC DE CAF\u00c9 \u00c0 UTILISER DANS DES BIOCARBURANTS | Bur\u00e9s Profesional<\/title>\n<meta name=\"robots\" content=\"index, follow, max-snippet:-1, max-image-preview:large, max-video-preview:-1\" \/>\n<link rel=\"canonical\" href=\"https:\/\/www.burespro.com\/fr\/product\/marc-de-cafe-a-utiliser-dans-des-biocarburants\/\" \/>\n<meta property=\"og:locale\" content=\"fr_FR\" \/>\n<meta property=\"og:type\" content=\"article\" \/>\n<meta property=\"og:title\" content=\"MARC DE CAF\u00c9 \u00c0 UTILISER DANS DES BIOCARBURANTS | Bur\u00e9s Profesional\" \/>\n<meta property=\"og:description\" content=\"Le MARC DE CAF\u00c9 est un mat\u00e9riau pr\u00e9sent\u00e9 en vrac, concass\u00e9 de mani\u00e8re \u00e0 obtenir un produit non pulv\u00e9rulent, mais \u00e0 grain fin, ce qui facilite son transport et sa manipulation, m\u00eame dans les syst\u00e8mes pneumatiques. En ce qui concerne le stockage, il s\u2019agit d\u2019un mat\u00e9riau non hygroscopique, \u00e0 l\u2019aspect visuel sec, qui peut \u00eatre [&hellip;]\" \/>\n<meta property=\"og:url\" content=\"https:\/\/www.burespro.com\/fr\/product\/marc-de-cafe-a-utiliser-dans-des-biocarburants\/\" \/>\n<meta property=\"og:site_name\" content=\"Bur\u00e9s Profesional\" \/>\n<meta property=\"article:publisher\" content=\"https:\/\/www.facebook.com\/buresprofesionalsa\" \/>\n<meta property=\"article:modified_time\" content=\"2020-03-11T11:57:13+00:00\" \/>\n<meta property=\"og:image\" content=\"https:\/\/www.burespro.com\/wp-content\/uploads\/2020\/01\/466_medium.png\" \/>\n\t<meta property=\"og:image:width\" content=\"762\" \/>\n\t<meta property=\"og:image:height\" content=\"571\" \/>\n\t<meta property=\"og:image:type\" content=\"image\/jpeg\" \/>\n<meta name=\"twitter:card\" content=\"summary_large_image\" \/>\n<meta name=\"twitter:label1\" content=\"Dur\u00e9e de lecture estim\u00e9e\" \/>\n\t<meta name=\"twitter:data1\" content=\"1 minute\" \/>\n<script type=\"application\/ld+json\" class=\"yoast-schema-graph\">{\"@context\":\"https:\/\/schema.org\",\"@graph\":[{\"@type\":\"WebPage\",\"@id\":\"https:\/\/www.burespro.com\/fr\/product\/marc-de-cafe-a-utiliser-dans-des-biocarburants\/\",\"url\":\"https:\/\/www.burespro.com\/fr\/product\/marc-de-cafe-a-utiliser-dans-des-biocarburants\/\",\"name\":\"MARC DE CAF\u00c9 \u00c0 UTILISER DANS DES BIOCARBURANTS | Bur\u00e9s Profesional\",\"isPartOf\":{\"@id\":\"https:\/\/www.burespro.com\/#website\"},\"primaryImageOfPage\":{\"@id\":\"https:\/\/www.burespro.com\/fr\/product\/marc-de-cafe-a-utiliser-dans-des-biocarburants\/#primaryimage\"},\"image\":{\"@id\":\"https:\/\/www.burespro.com\/fr\/product\/marc-de-cafe-a-utiliser-dans-des-biocarburants\/#primaryimage\"},\"thumbnailUrl\":\"https:\/\/www.burespro.com\/wp-content\/uploads\/2020\/01\/466_medium.png\",\"datePublished\":\"2020-03-10T15:37:20+00:00\",\"dateModified\":\"2020-03-11T11:57:13+00:00\",\"breadcrumb\":{\"@id\":\"https:\/\/www.burespro.com\/fr\/product\/marc-de-cafe-a-utiliser-dans-des-biocarburants\/#breadcrumb\"},\"inLanguage\":\"fr-FR\",\"potentialAction\":[{\"@type\":\"ReadAction\",\"target\":[\"https:\/\/www.burespro.com\/fr\/product\/marc-de-cafe-a-utiliser-dans-des-biocarburants\/\"]}]},{\"@type\":\"ImageObject\",\"inLanguage\":\"fr-FR\",\"@id\":\"https:\/\/www.burespro.com\/fr\/product\/marc-de-cafe-a-utiliser-dans-des-biocarburants\/#primaryimage\",\"url\":\"https:\/\/www.burespro.com\/wp-content\/uploads\/2020\/01\/466_medium.png\",\"contentUrl\":\"https:\/\/www.burespro.com\/wp-content\/uploads\/2020\/01\/466_medium.png\",\"width\":762,\"height\":571},{\"@type\":\"BreadcrumbList\",\"@id\":\"https:\/\/www.burespro.com\/fr\/product\/marc-de-cafe-a-utiliser-dans-des-biocarburants\/#breadcrumb\",\"itemListElement\":[{\"@type\":\"ListItem\",\"position\":1,\"name\":\"Inici\",\"item\":\"https:\/\/www.burespro.com\/fr\/\"},{\"@type\":\"ListItem\",\"position\":2,\"name\":\"Boutique\",\"item\":\"https:\/\/www.burespro.com\/fr\/substrats-engrais\/\"},{\"@type\":\"ListItem\",\"position\":3,\"name\":\"MARC DE CAF\u00c9 \u00c0 UTILISER DANS DES BIOCARBURANTS\"}]},{\"@type\":\"WebSite\",\"@id\":\"https:\/\/www.burespro.com\/#website\",\"url\":\"https:\/\/www.burespro.com\/\",\"name\":\"Bur\u00e9s Profesional\",\"description\":\"Fabricants de terres, substrats de cultiu, fertilitzants i adobs org\u00e0nics\",\"potentialAction\":[{\"@type\":\"SearchAction\",\"target\":{\"@type\":\"EntryPoint\",\"urlTemplate\":\"https:\/\/www.burespro.com\/?s={search_term_string}\"},\"query-input\":{\"@type\":\"PropertyValueSpecification\",\"valueRequired\":true,\"valueName\":\"search_term_string\"}}],\"inLanguage\":\"fr-FR\"}]}<\/script>\n<!-- \/ Yoast SEO plugin. -->","yoast_head_json":{"title":"MARC DE CAF\u00c9 \u00c0 UTILISER DANS DES BIOCARBURANTS | Bur\u00e9s Profesional","robots":{"index":"index","follow":"follow","max-snippet":"max-snippet:-1","max-image-preview":"max-image-preview:large","max-video-preview":"max-video-preview:-1"},"canonical":"https:\/\/www.burespro.com\/fr\/product\/marc-de-cafe-a-utiliser-dans-des-biocarburants\/","og_locale":"fr_FR","og_type":"article","og_title":"MARC DE CAF\u00c9 \u00c0 UTILISER DANS DES BIOCARBURANTS | Bur\u00e9s Profesional","og_description":"Le MARC DE CAF\u00c9 est un mat\u00e9riau pr\u00e9sent\u00e9 en vrac, concass\u00e9 de mani\u00e8re \u00e0 obtenir un produit non pulv\u00e9rulent, mais \u00e0 grain fin, ce qui facilite son transport et sa manipulation, m\u00eame dans les syst\u00e8mes pneumatiques. En ce qui concerne le stockage, il s\u2019agit d\u2019un mat\u00e9riau non hygroscopique, \u00e0 l\u2019aspect visuel sec, qui peut \u00eatre [&hellip;]","og_url":"https:\/\/www.burespro.com\/fr\/product\/marc-de-cafe-a-utiliser-dans-des-biocarburants\/","og_site_name":"Bur\u00e9s Profesional","article_publisher":"https:\/\/www.facebook.com\/buresprofesionalsa","article_modified_time":"2020-03-11T11:57:13+00:00","og_image":[{"width":762,"height":571,"url":"https:\/\/www.burespro.com\/wp-content\/uploads\/2020\/01\/466_medium.png","type":"image\/jpeg"}],"twitter_card":"summary_large_image","twitter_misc":{"Dur\u00e9e de lecture estim\u00e9e":"1 minute"},"schema":{"@context":"https:\/\/schema.org","@graph":[{"@type":"WebPage","@id":"https:\/\/www.burespro.com\/fr\/product\/marc-de-cafe-a-utiliser-dans-des-biocarburants\/","url":"https:\/\/www.burespro.com\/fr\/product\/marc-de-cafe-a-utiliser-dans-des-biocarburants\/","name":"MARC DE CAF\u00c9 \u00c0 UTILISER DANS DES BIOCARBURANTS | Bur\u00e9s Profesional","isPartOf":{"@id":"https:\/\/www.burespro.com\/#website"},"primaryImageOfPage":{"@id":"https:\/\/www.burespro.com\/fr\/product\/marc-de-cafe-a-utiliser-dans-des-biocarburants\/#primaryimage"},"image":{"@id":"https:\/\/www.burespro.com\/fr\/product\/marc-de-cafe-a-utiliser-dans-des-biocarburants\/#primaryimage"},"thumbnailUrl":"https:\/\/www.burespro.com\/wp-content\/uploads\/2020\/01\/466_medium.png","datePublished":"2020-03-10T15:37:20+00:00","dateModified":"2020-03-11T11:57:13+00:00","breadcrumb":{"@id":"https:\/\/www.burespro.com\/fr\/product\/marc-de-cafe-a-utiliser-dans-des-biocarburants\/#breadcrumb"},"inLanguage":"fr-FR","potentialAction":[{"@type":"ReadAction","target":["https:\/\/www.burespro.com\/fr\/product\/marc-de-cafe-a-utiliser-dans-des-biocarburants\/"]}]},{"@type":"ImageObject","inLanguage":"fr-FR","@id":"https:\/\/www.burespro.com\/fr\/product\/marc-de-cafe-a-utiliser-dans-des-biocarburants\/#primaryimage","url":"https:\/\/www.burespro.com\/wp-content\/uploads\/2020\/01\/466_medium.png","contentUrl":"https:\/\/www.burespro.com\/wp-content\/uploads\/2020\/01\/466_medium.png","width":762,"height":571},{"@type":"BreadcrumbList","@id":"https:\/\/www.burespro.com\/fr\/product\/marc-de-cafe-a-utiliser-dans-des-biocarburants\/#breadcrumb","itemListElement":[{"@type":"ListItem","position":1,"name":"Inici","item":"https:\/\/www.burespro.com\/fr\/"},{"@type":"ListItem","position":2,"name":"Boutique","item":"https:\/\/www.burespro.com\/fr\/substrats-engrais\/"},{"@type":"ListItem","position":3,"name":"MARC DE CAF\u00c9 \u00c0 UTILISER DANS DES BIOCARBURANTS"}]},{"@type":"WebSite","@id":"https:\/\/www.burespro.com\/#website","url":"https:\/\/www.burespro.com\/","name":"Bur\u00e9s Profesional","description":"Fabricants de terres, substrats de cultiu, fertilitzants i adobs org\u00e0nics","potentialAction":[{"@type":"SearchAction","target":{"@type":"EntryPoint","urlTemplate":"https:\/\/www.burespro.com\/?s={search_term_string}"},"query-input":{"@type":"PropertyValueSpecification","valueRequired":true,"valueName":"search_term_string"}}],"inLanguage":"fr-FR"}]}},"_links":{"self":[{"href":"https:\/\/www.burespro.com\/fr\/wp-json\/wp\/v2\/product\/9903","targetHints":{"allow":["GET"]}}],"collection":[{"href":"https:\/\/www.burespro.com\/fr\/wp-json\/wp\/v2\/product"}],"about":[{"href":"https:\/\/www.burespro.com\/fr\/wp-json\/wp\/v2\/types\/product"}],"replies":[{"embeddable":true,"href":"https:\/\/www.burespro.com\/fr\/wp-json\/wp\/v2\/comments?post=9903"}],"wp:featuredmedia":[{"embeddable":true,"href":"https:\/\/www.burespro.com\/fr\/wp-json\/wp\/v2\/media\/2419"}],"wp:attachment":[{"href":"https:\/\/www.burespro.com\/fr\/wp-json\/wp\/v2\/media?parent=9903"}],"wp:term":[{"taxonomy":"product_brand","embeddable":true,"href":"https:\/\/www.burespro.com\/fr\/wp-json\/wp\/v2\/product_brand?post=9903"},{"taxonomy":"product_cat","embeddable":true,"href":"https:\/\/www.burespro.com\/fr\/wp-json\/wp\/v2\/product_cat?post=9903"},{"taxonomy":"product_tag","embeddable":true,"href":"https:\/\/www.burespro.com\/fr\/wp-json\/wp\/v2\/product_tag?post=9903"},{"taxonomy":"sectores","embeddable":true,"href":"https:\/\/www.burespro.com\/fr\/wp-json\/wp\/v2\/sectores?post=9903"}],"curies":[{"name":"wp","href":"https:\/\/api.w.org\/{rel}","templated":true}]}}