{"id":9896,"date":"2020-03-10T14:34:27","date_gmt":"2020-03-10T15:37:20","guid":{"rendered":"https:\/\/burespro.neorgvirtual.com\/product\/mantillo\/"},"modified":"2020-03-20T11:30:49","modified_gmt":"2020-03-20T11:30:49","slug":"mantillo","status":"publish","type":"product","link":"https:\/\/www.burespro.com\/fr\/product\/mantillo\/","title":{"rendered":"MANTILLO (ENERVIT VEGETAL)"},"content":{"rendered":"<p>&nbsp;<\/p>\n<p>MANTILLO BUR\u00c9S est un amendement organique obtenu \u00e0 partir de mati\u00e8re organique d&rsquo;origine v\u00e9g\u00e9tale compos\u00e9e. Sp\u00e9cialement pr\u00e9par\u00e9 pour le jardinage professionnel, il peut \u00e9galement \u00eatre utilis\u00e9 dans d&rsquo;autres secteurs tels que l&rsquo;horticulture, pour planter des cultures, ou comme ingr\u00e9dient de substrat, en le m\u00e9langeant avec des mat\u00e9riaux inorganiques (terre, sable).<\/p>\n<p>&nbsp;<\/p>\n","protected":false},"excerpt":{"rendered":"<p>&nbsp; MANTILLO BUR\u00c9S est un amendement organique obtenu \u00e0 partir de mati\u00e8re organique d&rsquo;origine v\u00e9g\u00e9tale compos\u00e9e. Sp\u00e9cialement pr\u00e9par\u00e9 pour le jardinage professionnel, il peut \u00e9galement \u00eatre utilis\u00e9 dans d&rsquo;autres secteurs tels que l&rsquo;horticulture, pour planter des cultures, ou comme ingr\u00e9dient de substrat, en le m\u00e9langeant avec des mat\u00e9riaux inorganiques (terre, sable). &nbsp;<\/p>\n","protected":false},"featured_media":1237,"comment_status":"closed","ping_status":"closed","template":"","meta":{"_acf_changed":false,"inline_featured_image":false},"product_brand":[],"product_cat":[204,414],"product_tag":[],"sectores":[367,372,368,374,369],"class_list":{"0":"post-9896","1":"product","2":"type-product","3":"status-publish","4":"has-post-thumbnail","6":"product_cat-engrais-organiques","7":"product_cat-substrats-de-jardinage","8":"sectores-jardinage-professionnel-paysagisme","9":"sectores-genieux-publiques-et-civiles","10":"sectores-administrations-publiques","11":"sectores-terrains-de-sport-professionels","12":"sectores-centres-de-jardinerie","14":"first","15":"instock","16":"product-type-simple"},"acf":[],"yoast_head":"<!-- This site is optimized with the Yoast SEO plugin v26.7 - https:\/\/yoast.com\/wordpress\/plugins\/seo\/ -->\n<title>MANTILLO (ENERVIT VEGETAL) | Bur\u00e9s Profesional<\/title>\n<meta name=\"robots\" content=\"index, follow, max-snippet:-1, max-image-preview:large, max-video-preview:-1\" \/>\n<link rel=\"canonical\" href=\"https:\/\/www.burespro.com\/fr\/product\/mantillo\/\" \/>\n<meta property=\"og:locale\" content=\"fr_FR\" \/>\n<meta property=\"og:type\" content=\"article\" \/>\n<meta property=\"og:title\" content=\"MANTILLO (ENERVIT VEGETAL) | Bur\u00e9s Profesional\" \/>\n<meta property=\"og:description\" content=\"&nbsp; MANTILLO BUR\u00c9S est un amendement organique obtenu \u00e0 partir de mati\u00e8re organique d&rsquo;origine v\u00e9g\u00e9tale compos\u00e9e. Sp\u00e9cialement pr\u00e9par\u00e9 pour le jardinage professionnel, il peut \u00e9galement \u00eatre utilis\u00e9 dans d&rsquo;autres secteurs tels que l&rsquo;horticulture, pour planter des cultures, ou comme ingr\u00e9dient de substrat, en le m\u00e9langeant avec des mat\u00e9riaux inorganiques (terre, sable). &nbsp;\" \/>\n<meta property=\"og:url\" content=\"https:\/\/www.burespro.com\/fr\/product\/mantillo\/\" \/>\n<meta property=\"og:site_name\" content=\"Bur\u00e9s Profesional\" \/>\n<meta property=\"article:publisher\" content=\"https:\/\/www.facebook.com\/buresprofesionalsa\" \/>\n<meta property=\"article:modified_time\" content=\"2020-03-20T11:30:49+00:00\" \/>\n<meta property=\"og:image\" content=\"https:\/\/www.burespro.com\/wp-content\/uploads\/2020\/01\/269_medium.jpg\" \/>\n\t<meta property=\"og:image:width\" content=\"800\" \/>\n\t<meta property=\"og:image:height\" content=\"600\" \/>\n\t<meta property=\"og:image:type\" content=\"image\/jpeg\" \/>\n<meta name=\"twitter:card\" content=\"summary_large_image\" \/>\n<script type=\"application\/ld+json\" class=\"yoast-schema-graph\">{\"@context\":\"https:\/\/schema.org\",\"@graph\":[{\"@type\":\"WebPage\",\"@id\":\"https:\/\/www.burespro.com\/fr\/product\/mantillo\/\",\"url\":\"https:\/\/www.burespro.com\/fr\/product\/mantillo\/\",\"name\":\"MANTILLO (ENERVIT VEGETAL) | Bur\u00e9s Profesional\",\"isPartOf\":{\"@id\":\"https:\/\/www.burespro.com\/#website\"},\"primaryImageOfPage\":{\"@id\":\"https:\/\/www.burespro.com\/fr\/product\/mantillo\/#primaryimage\"},\"image\":{\"@id\":\"https:\/\/www.burespro.com\/fr\/product\/mantillo\/#primaryimage\"},\"thumbnailUrl\":\"https:\/\/www.burespro.com\/wp-content\/uploads\/2020\/01\/269_medium.jpg\",\"datePublished\":\"2020-03-10T15:37:20+00:00\",\"dateModified\":\"2020-03-20T11:30:49+00:00\",\"breadcrumb\":{\"@id\":\"https:\/\/www.burespro.com\/fr\/product\/mantillo\/#breadcrumb\"},\"inLanguage\":\"fr-FR\",\"potentialAction\":[{\"@type\":\"ReadAction\",\"target\":[\"https:\/\/www.burespro.com\/fr\/product\/mantillo\/\"]}]},{\"@type\":\"ImageObject\",\"inLanguage\":\"fr-FR\",\"@id\":\"https:\/\/www.burespro.com\/fr\/product\/mantillo\/#primaryimage\",\"url\":\"https:\/\/www.burespro.com\/wp-content\/uploads\/2020\/01\/269_medium.jpg\",\"contentUrl\":\"https:\/\/www.burespro.com\/wp-content\/uploads\/2020\/01\/269_medium.jpg\",\"width\":800,\"height\":600},{\"@type\":\"BreadcrumbList\",\"@id\":\"https:\/\/www.burespro.com\/fr\/product\/mantillo\/#breadcrumb\",\"itemListElement\":[{\"@type\":\"ListItem\",\"position\":1,\"name\":\"Inici\",\"item\":\"https:\/\/www.burespro.com\/fr\/\"},{\"@type\":\"ListItem\",\"position\":2,\"name\":\"Boutique\",\"item\":\"https:\/\/www.burespro.com\/fr\/substrats-engrais\/\"},{\"@type\":\"ListItem\",\"position\":3,\"name\":\"MANTILLO (ENERVIT VEGETAL)\"}]},{\"@type\":\"WebSite\",\"@id\":\"https:\/\/www.burespro.com\/#website\",\"url\":\"https:\/\/www.burespro.com\/\",\"name\":\"Bur\u00e9s Profesional\",\"description\":\"Fabricants de terres, substrats de cultiu, fertilitzants i adobs org\u00e0nics\",\"potentialAction\":[{\"@type\":\"SearchAction\",\"target\":{\"@type\":\"EntryPoint\",\"urlTemplate\":\"https:\/\/www.burespro.com\/?s={search_term_string}\"},\"query-input\":{\"@type\":\"PropertyValueSpecification\",\"valueRequired\":true,\"valueName\":\"search_term_string\"}}],\"inLanguage\":\"fr-FR\"}]}<\/script>\n<!-- \/ Yoast SEO plugin. -->","yoast_head_json":{"title":"MANTILLO (ENERVIT VEGETAL) | Bur\u00e9s Profesional","robots":{"index":"index","follow":"follow","max-snippet":"max-snippet:-1","max-image-preview":"max-image-preview:large","max-video-preview":"max-video-preview:-1"},"canonical":"https:\/\/www.burespro.com\/fr\/product\/mantillo\/","og_locale":"fr_FR","og_type":"article","og_title":"MANTILLO (ENERVIT VEGETAL) | Bur\u00e9s Profesional","og_description":"&nbsp; MANTILLO BUR\u00c9S est un amendement organique obtenu \u00e0 partir de mati\u00e8re organique d&rsquo;origine v\u00e9g\u00e9tale compos\u00e9e. Sp\u00e9cialement pr\u00e9par\u00e9 pour le jardinage professionnel, il peut \u00e9galement \u00eatre utilis\u00e9 dans d&rsquo;autres secteurs tels que l&rsquo;horticulture, pour planter des cultures, ou comme ingr\u00e9dient de substrat, en le m\u00e9langeant avec des mat\u00e9riaux inorganiques (terre, sable). &nbsp;","og_url":"https:\/\/www.burespro.com\/fr\/product\/mantillo\/","og_site_name":"Bur\u00e9s Profesional","article_publisher":"https:\/\/www.facebook.com\/buresprofesionalsa","article_modified_time":"2020-03-20T11:30:49+00:00","og_image":[{"width":800,"height":600,"url":"https:\/\/www.burespro.com\/wp-content\/uploads\/2020\/01\/269_medium.jpg","type":"image\/jpeg"}],"twitter_card":"summary_large_image","schema":{"@context":"https:\/\/schema.org","@graph":[{"@type":"WebPage","@id":"https:\/\/www.burespro.com\/fr\/product\/mantillo\/","url":"https:\/\/www.burespro.com\/fr\/product\/mantillo\/","name":"MANTILLO (ENERVIT VEGETAL) | Bur\u00e9s Profesional","isPartOf":{"@id":"https:\/\/www.burespro.com\/#website"},"primaryImageOfPage":{"@id":"https:\/\/www.burespro.com\/fr\/product\/mantillo\/#primaryimage"},"image":{"@id":"https:\/\/www.burespro.com\/fr\/product\/mantillo\/#primaryimage"},"thumbnailUrl":"https:\/\/www.burespro.com\/wp-content\/uploads\/2020\/01\/269_medium.jpg","datePublished":"2020-03-10T15:37:20+00:00","dateModified":"2020-03-20T11:30:49+00:00","breadcrumb":{"@id":"https:\/\/www.burespro.com\/fr\/product\/mantillo\/#breadcrumb"},"inLanguage":"fr-FR","potentialAction":[{"@type":"ReadAction","target":["https:\/\/www.burespro.com\/fr\/product\/mantillo\/"]}]},{"@type":"ImageObject","inLanguage":"fr-FR","@id":"https:\/\/www.burespro.com\/fr\/product\/mantillo\/#primaryimage","url":"https:\/\/www.burespro.com\/wp-content\/uploads\/2020\/01\/269_medium.jpg","contentUrl":"https:\/\/www.burespro.com\/wp-content\/uploads\/2020\/01\/269_medium.jpg","width":800,"height":600},{"@type":"BreadcrumbList","@id":"https:\/\/www.burespro.com\/fr\/product\/mantillo\/#breadcrumb","itemListElement":[{"@type":"ListItem","position":1,"name":"Inici","item":"https:\/\/www.burespro.com\/fr\/"},{"@type":"ListItem","position":2,"name":"Boutique","item":"https:\/\/www.burespro.com\/fr\/substrats-engrais\/"},{"@type":"ListItem","position":3,"name":"MANTILLO (ENERVIT VEGETAL)"}]},{"@type":"WebSite","@id":"https:\/\/www.burespro.com\/#website","url":"https:\/\/www.burespro.com\/","name":"Bur\u00e9s Profesional","description":"Fabricants de terres, substrats de cultiu, fertilitzants i adobs org\u00e0nics","potentialAction":[{"@type":"SearchAction","target":{"@type":"EntryPoint","urlTemplate":"https:\/\/www.burespro.com\/?s={search_term_string}"},"query-input":{"@type":"PropertyValueSpecification","valueRequired":true,"valueName":"search_term_string"}}],"inLanguage":"fr-FR"}]}},"_links":{"self":[{"href":"https:\/\/www.burespro.com\/fr\/wp-json\/wp\/v2\/product\/9896","targetHints":{"allow":["GET"]}}],"collection":[{"href":"https:\/\/www.burespro.com\/fr\/wp-json\/wp\/v2\/product"}],"about":[{"href":"https:\/\/www.burespro.com\/fr\/wp-json\/wp\/v2\/types\/product"}],"replies":[{"embeddable":true,"href":"https:\/\/www.burespro.com\/fr\/wp-json\/wp\/v2\/comments?post=9896"}],"wp:featuredmedia":[{"embeddable":true,"href":"https:\/\/www.burespro.com\/fr\/wp-json\/wp\/v2\/media\/1237"}],"wp:attachment":[{"href":"https:\/\/www.burespro.com\/fr\/wp-json\/wp\/v2\/media?parent=9896"}],"wp:term":[{"taxonomy":"product_brand","embeddable":true,"href":"https:\/\/www.burespro.com\/fr\/wp-json\/wp\/v2\/product_brand?post=9896"},{"taxonomy":"product_cat","embeddable":true,"href":"https:\/\/www.burespro.com\/fr\/wp-json\/wp\/v2\/product_cat?post=9896"},{"taxonomy":"product_tag","embeddable":true,"href":"https:\/\/www.burespro.com\/fr\/wp-json\/wp\/v2\/product_tag?post=9896"},{"taxonomy":"sectores","embeddable":true,"href":"https:\/\/www.burespro.com\/fr\/wp-json\/wp\/v2\/sectores?post=9896"}],"curies":[{"name":"wp","href":"https:\/\/api.w.org\/{rel}","templated":true}]}}