{"id":9895,"date":"2020-03-10T14:34:27","date_gmt":"2020-03-10T15:37:20","guid":{"rendered":"https:\/\/burespro.neorgvirtual.com\/product\/maille-anti-herbes-bures\/"},"modified":"2020-03-11T11:57:12","modified_gmt":"2020-03-11T11:57:12","slug":"maille-anti-herbes-bures","status":"publish","type":"product","link":"https:\/\/www.burespro.com\/fr\/product\/maille-anti-herbes-bures\/","title":{"rendered":"MAILLE ANTI-HERBES BURES"},"content":{"rendered":"<p>Le tissu en maille BUR\u00c9S est une maille anti-mauvaises herbes de poly\u00e9thyl\u00e8ne et poreux appropri\u00e9 pour la mise en terre. Sa souplesse et sa durabilit\u00e9 le rend appropri\u00e9 pour les jardins et les serres. Permet de donner une finition polie au jardin, en particulier dans les zones arides et parterres de fleurs, qu&rsquo;ils sont les protagonistes. Il est \u00e9galement utilis\u00e9 dans les serres pour r\u00e9duire la concurrence de toute la flore adventice en croissance. <\/p>\n<p>Le maillage BUR\u00c9S anti-mauvaises herbes est vendu en rouleaux de 2&rsquo;10 m de large et 100 m de long.\t\t<BR><\/p>\n","protected":false},"excerpt":{"rendered":"<p>Le tissu en maille BUR\u00c9S est une maille anti-mauvaises herbes de poly\u00e9thyl\u00e8ne et poreux appropri\u00e9 pour la mise en terre. Sa souplesse et sa durabilit\u00e9 le rend appropri\u00e9 pour les jardins et les serres. Permet de donner une finition polie au jardin, en particulier dans les zones arides et parterres de fleurs, qu&rsquo;ils sont les [&hellip;]<\/p>\n","protected":false},"featured_media":1227,"comment_status":"closed","ping_status":"closed","template":"","meta":{"_acf_changed":false,"inline_featured_image":false},"product_brand":[],"product_cat":[704,193],"product_tag":[569,522,525,657,663],"sectores":[371,367,372,368,374,369],"class_list":{"0":"post-9895","1":"product","2":"type-product","3":"status-publish","4":"has-post-thumbnail","6":"product_cat-agregats-et-pierres","7":"product_cat-gazon-artificiel","8":"product_tag-assemblage-de-gazon-artificiel","9":"product_tag-gazon-artificiel","10":"product_tag-gazon-artificiel-girona","11":"product_tag-maillage-de-culture","12":"product_tag-protection-des-cultures","13":"sectores-fructiculture-et-horticulture","14":"sectores-jardinage-professionnel-paysagisme","15":"sectores-genieux-publiques-et-civiles","16":"sectores-administrations-publiques","17":"sectores-terrains-de-sport-professionels","18":"sectores-centres-de-jardinerie","20":"first","21":"instock","22":"product-type-simple"},"acf":[],"yoast_head":"<!-- This site is optimized with the Yoast SEO plugin v26.7 - https:\/\/yoast.com\/wordpress\/plugins\/seo\/ -->\n<title>MAILLE ANTI-HERBES BURES | Bur\u00e9s Profesional<\/title>\n<meta name=\"robots\" content=\"index, follow, max-snippet:-1, max-image-preview:large, max-video-preview:-1\" \/>\n<link rel=\"canonical\" href=\"https:\/\/www.burespro.com\/fr\/product\/maille-anti-herbes-bures\/\" \/>\n<meta property=\"og:locale\" content=\"fr_FR\" \/>\n<meta property=\"og:type\" content=\"article\" \/>\n<meta property=\"og:title\" content=\"MAILLE ANTI-HERBES BURES | Bur\u00e9s Profesional\" \/>\n<meta property=\"og:description\" content=\"Le tissu en maille BUR\u00c9S est une maille anti-mauvaises herbes de poly\u00e9thyl\u00e8ne et poreux appropri\u00e9 pour la mise en terre. Sa souplesse et sa durabilit\u00e9 le rend appropri\u00e9 pour les jardins et les serres. Permet de donner une finition polie au jardin, en particulier dans les zones arides et parterres de fleurs, qu&rsquo;ils sont les [&hellip;]\" \/>\n<meta property=\"og:url\" content=\"https:\/\/www.burespro.com\/fr\/product\/maille-anti-herbes-bures\/\" \/>\n<meta property=\"og:site_name\" content=\"Bur\u00e9s Profesional\" \/>\n<meta property=\"article:publisher\" content=\"https:\/\/www.facebook.com\/buresprofesionalsa\" \/>\n<meta property=\"article:modified_time\" content=\"2020-03-11T11:57:12+00:00\" \/>\n<meta property=\"og:image\" content=\"https:\/\/www.burespro.com\/wp-content\/uploads\/2020\/01\/374_medium.jpg\" \/>\n\t<meta property=\"og:image:width\" content=\"800\" \/>\n\t<meta property=\"og:image:height\" content=\"600\" \/>\n\t<meta property=\"og:image:type\" content=\"image\/jpeg\" \/>\n<meta name=\"twitter:card\" content=\"summary_large_image\" \/>\n<script type=\"application\/ld+json\" class=\"yoast-schema-graph\">{\"@context\":\"https:\/\/schema.org\",\"@graph\":[{\"@type\":\"WebPage\",\"@id\":\"https:\/\/www.burespro.com\/fr\/product\/maille-anti-herbes-bures\/\",\"url\":\"https:\/\/www.burespro.com\/fr\/product\/maille-anti-herbes-bures\/\",\"name\":\"MAILLE ANTI-HERBES BURES | Bur\u00e9s Profesional\",\"isPartOf\":{\"@id\":\"https:\/\/www.burespro.com\/#website\"},\"primaryImageOfPage\":{\"@id\":\"https:\/\/www.burespro.com\/fr\/product\/maille-anti-herbes-bures\/#primaryimage\"},\"image\":{\"@id\":\"https:\/\/www.burespro.com\/fr\/product\/maille-anti-herbes-bures\/#primaryimage\"},\"thumbnailUrl\":\"https:\/\/www.burespro.com\/wp-content\/uploads\/2020\/01\/374_medium.jpg\",\"datePublished\":\"2020-03-10T15:37:20+00:00\",\"dateModified\":\"2020-03-11T11:57:12+00:00\",\"breadcrumb\":{\"@id\":\"https:\/\/www.burespro.com\/fr\/product\/maille-anti-herbes-bures\/#breadcrumb\"},\"inLanguage\":\"fr-FR\",\"potentialAction\":[{\"@type\":\"ReadAction\",\"target\":[\"https:\/\/www.burespro.com\/fr\/product\/maille-anti-herbes-bures\/\"]}]},{\"@type\":\"ImageObject\",\"inLanguage\":\"fr-FR\",\"@id\":\"https:\/\/www.burespro.com\/fr\/product\/maille-anti-herbes-bures\/#primaryimage\",\"url\":\"https:\/\/www.burespro.com\/wp-content\/uploads\/2020\/01\/374_medium.jpg\",\"contentUrl\":\"https:\/\/www.burespro.com\/wp-content\/uploads\/2020\/01\/374_medium.jpg\",\"width\":800,\"height\":600,\"caption\":\"Malla antihierbas Bur\u00e9s\"},{\"@type\":\"BreadcrumbList\",\"@id\":\"https:\/\/www.burespro.com\/fr\/product\/maille-anti-herbes-bures\/#breadcrumb\",\"itemListElement\":[{\"@type\":\"ListItem\",\"position\":1,\"name\":\"Inici\",\"item\":\"https:\/\/www.burespro.com\/fr\/\"},{\"@type\":\"ListItem\",\"position\":2,\"name\":\"Boutique\",\"item\":\"https:\/\/www.burespro.com\/fr\/substrats-engrais\/\"},{\"@type\":\"ListItem\",\"position\":3,\"name\":\"MAILLE ANTI-HERBES BURES\"}]},{\"@type\":\"WebSite\",\"@id\":\"https:\/\/www.burespro.com\/#website\",\"url\":\"https:\/\/www.burespro.com\/\",\"name\":\"Bur\u00e9s Profesional\",\"description\":\"Fabricants de terres, substrats de cultiu, fertilitzants i adobs org\u00e0nics\",\"potentialAction\":[{\"@type\":\"SearchAction\",\"target\":{\"@type\":\"EntryPoint\",\"urlTemplate\":\"https:\/\/www.burespro.com\/?s={search_term_string}\"},\"query-input\":{\"@type\":\"PropertyValueSpecification\",\"valueRequired\":true,\"valueName\":\"search_term_string\"}}],\"inLanguage\":\"fr-FR\"}]}<\/script>\n<!-- \/ Yoast SEO plugin. -->","yoast_head_json":{"title":"MAILLE ANTI-HERBES BURES | Bur\u00e9s Profesional","robots":{"index":"index","follow":"follow","max-snippet":"max-snippet:-1","max-image-preview":"max-image-preview:large","max-video-preview":"max-video-preview:-1"},"canonical":"https:\/\/www.burespro.com\/fr\/product\/maille-anti-herbes-bures\/","og_locale":"fr_FR","og_type":"article","og_title":"MAILLE ANTI-HERBES BURES | Bur\u00e9s Profesional","og_description":"Le tissu en maille BUR\u00c9S est une maille anti-mauvaises herbes de poly\u00e9thyl\u00e8ne et poreux appropri\u00e9 pour la mise en terre. Sa souplesse et sa durabilit\u00e9 le rend appropri\u00e9 pour les jardins et les serres. Permet de donner une finition polie au jardin, en particulier dans les zones arides et parterres de fleurs, qu&rsquo;ils sont les [&hellip;]","og_url":"https:\/\/www.burespro.com\/fr\/product\/maille-anti-herbes-bures\/","og_site_name":"Bur\u00e9s Profesional","article_publisher":"https:\/\/www.facebook.com\/buresprofesionalsa","article_modified_time":"2020-03-11T11:57:12+00:00","og_image":[{"width":800,"height":600,"url":"https:\/\/www.burespro.com\/wp-content\/uploads\/2020\/01\/374_medium.jpg","type":"image\/jpeg"}],"twitter_card":"summary_large_image","schema":{"@context":"https:\/\/schema.org","@graph":[{"@type":"WebPage","@id":"https:\/\/www.burespro.com\/fr\/product\/maille-anti-herbes-bures\/","url":"https:\/\/www.burespro.com\/fr\/product\/maille-anti-herbes-bures\/","name":"MAILLE ANTI-HERBES BURES | Bur\u00e9s Profesional","isPartOf":{"@id":"https:\/\/www.burespro.com\/#website"},"primaryImageOfPage":{"@id":"https:\/\/www.burespro.com\/fr\/product\/maille-anti-herbes-bures\/#primaryimage"},"image":{"@id":"https:\/\/www.burespro.com\/fr\/product\/maille-anti-herbes-bures\/#primaryimage"},"thumbnailUrl":"https:\/\/www.burespro.com\/wp-content\/uploads\/2020\/01\/374_medium.jpg","datePublished":"2020-03-10T15:37:20+00:00","dateModified":"2020-03-11T11:57:12+00:00","breadcrumb":{"@id":"https:\/\/www.burespro.com\/fr\/product\/maille-anti-herbes-bures\/#breadcrumb"},"inLanguage":"fr-FR","potentialAction":[{"@type":"ReadAction","target":["https:\/\/www.burespro.com\/fr\/product\/maille-anti-herbes-bures\/"]}]},{"@type":"ImageObject","inLanguage":"fr-FR","@id":"https:\/\/www.burespro.com\/fr\/product\/maille-anti-herbes-bures\/#primaryimage","url":"https:\/\/www.burespro.com\/wp-content\/uploads\/2020\/01\/374_medium.jpg","contentUrl":"https:\/\/www.burespro.com\/wp-content\/uploads\/2020\/01\/374_medium.jpg","width":800,"height":600,"caption":"Malla antihierbas Bur\u00e9s"},{"@type":"BreadcrumbList","@id":"https:\/\/www.burespro.com\/fr\/product\/maille-anti-herbes-bures\/#breadcrumb","itemListElement":[{"@type":"ListItem","position":1,"name":"Inici","item":"https:\/\/www.burespro.com\/fr\/"},{"@type":"ListItem","position":2,"name":"Boutique","item":"https:\/\/www.burespro.com\/fr\/substrats-engrais\/"},{"@type":"ListItem","position":3,"name":"MAILLE ANTI-HERBES BURES"}]},{"@type":"WebSite","@id":"https:\/\/www.burespro.com\/#website","url":"https:\/\/www.burespro.com\/","name":"Bur\u00e9s Profesional","description":"Fabricants de terres, substrats de cultiu, fertilitzants i adobs org\u00e0nics","potentialAction":[{"@type":"SearchAction","target":{"@type":"EntryPoint","urlTemplate":"https:\/\/www.burespro.com\/?s={search_term_string}"},"query-input":{"@type":"PropertyValueSpecification","valueRequired":true,"valueName":"search_term_string"}}],"inLanguage":"fr-FR"}]}},"_links":{"self":[{"href":"https:\/\/www.burespro.com\/fr\/wp-json\/wp\/v2\/product\/9895","targetHints":{"allow":["GET"]}}],"collection":[{"href":"https:\/\/www.burespro.com\/fr\/wp-json\/wp\/v2\/product"}],"about":[{"href":"https:\/\/www.burespro.com\/fr\/wp-json\/wp\/v2\/types\/product"}],"replies":[{"embeddable":true,"href":"https:\/\/www.burespro.com\/fr\/wp-json\/wp\/v2\/comments?post=9895"}],"wp:featuredmedia":[{"embeddable":true,"href":"https:\/\/www.burespro.com\/fr\/wp-json\/wp\/v2\/media\/1227"}],"wp:attachment":[{"href":"https:\/\/www.burespro.com\/fr\/wp-json\/wp\/v2\/media?parent=9895"}],"wp:term":[{"taxonomy":"product_brand","embeddable":true,"href":"https:\/\/www.burespro.com\/fr\/wp-json\/wp\/v2\/product_brand?post=9895"},{"taxonomy":"product_cat","embeddable":true,"href":"https:\/\/www.burespro.com\/fr\/wp-json\/wp\/v2\/product_cat?post=9895"},{"taxonomy":"product_tag","embeddable":true,"href":"https:\/\/www.burespro.com\/fr\/wp-json\/wp\/v2\/product_tag?post=9895"},{"taxonomy":"sectores","embeddable":true,"href":"https:\/\/www.burespro.com\/fr\/wp-json\/wp\/v2\/sectores?post=9895"}],"curies":[{"name":"wp","href":"https:\/\/api.w.org\/{rel}","templated":true}]}}