{"id":9894,"date":"2020-03-10T14:34:12","date_gmt":"2020-03-10T15:37:09","guid":{"rendered":"https:\/\/burespro.neorgvirtual.com\/product\/kelamix-zn\/"},"modified":"2020-08-20T11:08:57","modified_gmt":"2020-08-20T09:08:57","slug":"kelamix-zn","status":"publish","type":"product","link":"https:\/\/www.burespro.com\/fr\/product\/kelamix-zn\/","title":{"rendered":"KELAMIX Zn"},"content":{"rendered":"<p><strong>KELAMIX Zn<\/strong> est un ch\u00e9late de zinc hautement soluble sous forme de microgranules, sp\u00e9cialement con\u00e7u pour pr\u00e9venir et corriger les carences en zinc dans tout type de culture.<br \/>\nEn raison de sa composition, <strong>KELAMIX Zn<\/strong> est indiqu\u00e9 pour une application foliaire. Il peut \u00e9galement \u00eatre appliqu\u00e9 directement sur le sol via n&rsquo;importe quel syst\u00e8me d&rsquo;irrigation.<\/p>\n","protected":false},"excerpt":{"rendered":"<p>KELAMIX Zn est un ch\u00e9late de zinc hautement soluble sous forme de microgranules, sp\u00e9cialement con\u00e7u pour pr\u00e9venir et corriger les carences en zinc dans tout type de culture. En raison de sa composition, KELAMIX Zn est indiqu\u00e9 pour une application foliaire. Il peut \u00e9galement \u00eatre appliqu\u00e9 directement sur le sol via n&rsquo;importe quel syst\u00e8me d&rsquo;irrigation.<\/p>\n","protected":false},"featured_media":15450,"comment_status":"closed","ping_status":"closed","template":"","meta":{"_acf_changed":false,"inline_featured_image":false},"product_brand":[],"product_cat":[213],"product_tag":[],"sectores":[364,371,419,421,367,369],"class_list":{"0":"post-9894","1":"product","2":"type-product","3":"status-publish","4":"has-post-thumbnail","6":"product_cat-correcteur-de-carences","7":"sectores-pepiniere","8":"sectores-fructiculture-et-horticulture","9":"sectores-floriculture-fr","10":"sectores-viticulture-fr","11":"sectores-jardinage-professionnel-paysagisme","12":"sectores-centres-de-jardinerie","14":"first","15":"instock","16":"product-type-simple"},"acf":[],"yoast_head":"<!-- This site is optimized with the Yoast SEO plugin v26.7 - https:\/\/yoast.com\/wordpress\/plugins\/seo\/ -->\n<title>KELAMIX Zn | Bur\u00e9s Profesional<\/title>\n<meta name=\"robots\" content=\"index, follow, max-snippet:-1, max-image-preview:large, max-video-preview:-1\" \/>\n<link rel=\"canonical\" href=\"https:\/\/www.burespro.com\/fr\/product\/kelamix-zn\/\" \/>\n<meta property=\"og:locale\" content=\"fr_FR\" \/>\n<meta property=\"og:type\" content=\"article\" \/>\n<meta property=\"og:title\" content=\"KELAMIX Zn | Bur\u00e9s Profesional\" \/>\n<meta property=\"og:description\" content=\"KELAMIX Zn est un ch\u00e9late de zinc hautement soluble sous forme de microgranules, sp\u00e9cialement con\u00e7u pour pr\u00e9venir et corriger les carences en zinc dans tout type de culture. En raison de sa composition, KELAMIX Zn est indiqu\u00e9 pour une application foliaire. Il peut \u00e9galement \u00eatre appliqu\u00e9 directement sur le sol via n&rsquo;importe quel syst\u00e8me d&rsquo;irrigation.\" \/>\n<meta property=\"og:url\" content=\"https:\/\/www.burespro.com\/fr\/product\/kelamix-zn\/\" \/>\n<meta property=\"og:site_name\" content=\"Bur\u00e9s Profesional\" \/>\n<meta property=\"article:publisher\" content=\"https:\/\/www.facebook.com\/buresprofesionalsa\" \/>\n<meta property=\"article:modified_time\" content=\"2020-08-20T09:08:57+00:00\" \/>\n<meta property=\"og:image\" content=\"https:\/\/www.burespro.com\/wp-content\/uploads\/2020\/03\/Kelamix_Zn.png\" \/>\n\t<meta property=\"og:image:width\" content=\"1200\" \/>\n\t<meta property=\"og:image:height\" content=\"666\" \/>\n\t<meta property=\"og:image:type\" content=\"image\/png\" \/>\n<meta name=\"twitter:card\" content=\"summary_large_image\" \/>\n<script type=\"application\/ld+json\" class=\"yoast-schema-graph\">{\"@context\":\"https:\/\/schema.org\",\"@graph\":[{\"@type\":\"WebPage\",\"@id\":\"https:\/\/www.burespro.com\/fr\/product\/kelamix-zn\/\",\"url\":\"https:\/\/www.burespro.com\/fr\/product\/kelamix-zn\/\",\"name\":\"KELAMIX Zn | Bur\u00e9s Profesional\",\"isPartOf\":{\"@id\":\"https:\/\/www.burespro.com\/#website\"},\"primaryImageOfPage\":{\"@id\":\"https:\/\/www.burespro.com\/fr\/product\/kelamix-zn\/#primaryimage\"},\"image\":{\"@id\":\"https:\/\/www.burespro.com\/fr\/product\/kelamix-zn\/#primaryimage\"},\"thumbnailUrl\":\"https:\/\/www.burespro.com\/wp-content\/uploads\/2020\/03\/Kelamix_Zn.png\",\"datePublished\":\"2020-03-10T15:37:09+00:00\",\"dateModified\":\"2020-08-20T09:08:57+00:00\",\"breadcrumb\":{\"@id\":\"https:\/\/www.burespro.com\/fr\/product\/kelamix-zn\/#breadcrumb\"},\"inLanguage\":\"fr-FR\",\"potentialAction\":[{\"@type\":\"ReadAction\",\"target\":[\"https:\/\/www.burespro.com\/fr\/product\/kelamix-zn\/\"]}]},{\"@type\":\"ImageObject\",\"inLanguage\":\"fr-FR\",\"@id\":\"https:\/\/www.burespro.com\/fr\/product\/kelamix-zn\/#primaryimage\",\"url\":\"https:\/\/www.burespro.com\/wp-content\/uploads\/2020\/03\/Kelamix_Zn.png\",\"contentUrl\":\"https:\/\/www.burespro.com\/wp-content\/uploads\/2020\/03\/Kelamix_Zn.png\",\"width\":1200,\"height\":666},{\"@type\":\"BreadcrumbList\",\"@id\":\"https:\/\/www.burespro.com\/fr\/product\/kelamix-zn\/#breadcrumb\",\"itemListElement\":[{\"@type\":\"ListItem\",\"position\":1,\"name\":\"Inici\",\"item\":\"https:\/\/www.burespro.com\/fr\/\"},{\"@type\":\"ListItem\",\"position\":2,\"name\":\"Boutique\",\"item\":\"https:\/\/www.burespro.com\/fr\/substrats-engrais\/\"},{\"@type\":\"ListItem\",\"position\":3,\"name\":\"KELAMIX Zn\"}]},{\"@type\":\"WebSite\",\"@id\":\"https:\/\/www.burespro.com\/#website\",\"url\":\"https:\/\/www.burespro.com\/\",\"name\":\"Bur\u00e9s Profesional\",\"description\":\"Fabricants de terres, substrats de cultiu, fertilitzants i adobs org\u00e0nics\",\"potentialAction\":[{\"@type\":\"SearchAction\",\"target\":{\"@type\":\"EntryPoint\",\"urlTemplate\":\"https:\/\/www.burespro.com\/?s={search_term_string}\"},\"query-input\":{\"@type\":\"PropertyValueSpecification\",\"valueRequired\":true,\"valueName\":\"search_term_string\"}}],\"inLanguage\":\"fr-FR\"}]}<\/script>\n<!-- \/ Yoast SEO plugin. -->","yoast_head_json":{"title":"KELAMIX Zn | Bur\u00e9s Profesional","robots":{"index":"index","follow":"follow","max-snippet":"max-snippet:-1","max-image-preview":"max-image-preview:large","max-video-preview":"max-video-preview:-1"},"canonical":"https:\/\/www.burespro.com\/fr\/product\/kelamix-zn\/","og_locale":"fr_FR","og_type":"article","og_title":"KELAMIX Zn | Bur\u00e9s Profesional","og_description":"KELAMIX Zn est un ch\u00e9late de zinc hautement soluble sous forme de microgranules, sp\u00e9cialement con\u00e7u pour pr\u00e9venir et corriger les carences en zinc dans tout type de culture. En raison de sa composition, KELAMIX Zn est indiqu\u00e9 pour une application foliaire. Il peut \u00e9galement \u00eatre appliqu\u00e9 directement sur le sol via n&rsquo;importe quel syst\u00e8me d&rsquo;irrigation.","og_url":"https:\/\/www.burespro.com\/fr\/product\/kelamix-zn\/","og_site_name":"Bur\u00e9s Profesional","article_publisher":"https:\/\/www.facebook.com\/buresprofesionalsa","article_modified_time":"2020-08-20T09:08:57+00:00","og_image":[{"width":1200,"height":666,"url":"https:\/\/www.burespro.com\/wp-content\/uploads\/2020\/03\/Kelamix_Zn.png","type":"image\/png"}],"twitter_card":"summary_large_image","schema":{"@context":"https:\/\/schema.org","@graph":[{"@type":"WebPage","@id":"https:\/\/www.burespro.com\/fr\/product\/kelamix-zn\/","url":"https:\/\/www.burespro.com\/fr\/product\/kelamix-zn\/","name":"KELAMIX Zn | Bur\u00e9s Profesional","isPartOf":{"@id":"https:\/\/www.burespro.com\/#website"},"primaryImageOfPage":{"@id":"https:\/\/www.burespro.com\/fr\/product\/kelamix-zn\/#primaryimage"},"image":{"@id":"https:\/\/www.burespro.com\/fr\/product\/kelamix-zn\/#primaryimage"},"thumbnailUrl":"https:\/\/www.burespro.com\/wp-content\/uploads\/2020\/03\/Kelamix_Zn.png","datePublished":"2020-03-10T15:37:09+00:00","dateModified":"2020-08-20T09:08:57+00:00","breadcrumb":{"@id":"https:\/\/www.burespro.com\/fr\/product\/kelamix-zn\/#breadcrumb"},"inLanguage":"fr-FR","potentialAction":[{"@type":"ReadAction","target":["https:\/\/www.burespro.com\/fr\/product\/kelamix-zn\/"]}]},{"@type":"ImageObject","inLanguage":"fr-FR","@id":"https:\/\/www.burespro.com\/fr\/product\/kelamix-zn\/#primaryimage","url":"https:\/\/www.burespro.com\/wp-content\/uploads\/2020\/03\/Kelamix_Zn.png","contentUrl":"https:\/\/www.burespro.com\/wp-content\/uploads\/2020\/03\/Kelamix_Zn.png","width":1200,"height":666},{"@type":"BreadcrumbList","@id":"https:\/\/www.burespro.com\/fr\/product\/kelamix-zn\/#breadcrumb","itemListElement":[{"@type":"ListItem","position":1,"name":"Inici","item":"https:\/\/www.burespro.com\/fr\/"},{"@type":"ListItem","position":2,"name":"Boutique","item":"https:\/\/www.burespro.com\/fr\/substrats-engrais\/"},{"@type":"ListItem","position":3,"name":"KELAMIX Zn"}]},{"@type":"WebSite","@id":"https:\/\/www.burespro.com\/#website","url":"https:\/\/www.burespro.com\/","name":"Bur\u00e9s Profesional","description":"Fabricants de terres, substrats de cultiu, fertilitzants i adobs org\u00e0nics","potentialAction":[{"@type":"SearchAction","target":{"@type":"EntryPoint","urlTemplate":"https:\/\/www.burespro.com\/?s={search_term_string}"},"query-input":{"@type":"PropertyValueSpecification","valueRequired":true,"valueName":"search_term_string"}}],"inLanguage":"fr-FR"}]}},"_links":{"self":[{"href":"https:\/\/www.burespro.com\/fr\/wp-json\/wp\/v2\/product\/9894","targetHints":{"allow":["GET"]}}],"collection":[{"href":"https:\/\/www.burespro.com\/fr\/wp-json\/wp\/v2\/product"}],"about":[{"href":"https:\/\/www.burespro.com\/fr\/wp-json\/wp\/v2\/types\/product"}],"replies":[{"embeddable":true,"href":"https:\/\/www.burespro.com\/fr\/wp-json\/wp\/v2\/comments?post=9894"}],"wp:featuredmedia":[{"embeddable":true,"href":"https:\/\/www.burespro.com\/fr\/wp-json\/wp\/v2\/media\/15450"}],"wp:attachment":[{"href":"https:\/\/www.burespro.com\/fr\/wp-json\/wp\/v2\/media?parent=9894"}],"wp:term":[{"taxonomy":"product_brand","embeddable":true,"href":"https:\/\/www.burespro.com\/fr\/wp-json\/wp\/v2\/product_brand?post=9894"},{"taxonomy":"product_cat","embeddable":true,"href":"https:\/\/www.burespro.com\/fr\/wp-json\/wp\/v2\/product_cat?post=9894"},{"taxonomy":"product_tag","embeddable":true,"href":"https:\/\/www.burespro.com\/fr\/wp-json\/wp\/v2\/product_tag?post=9894"},{"taxonomy":"sectores","embeddable":true,"href":"https:\/\/www.burespro.com\/fr\/wp-json\/wp\/v2\/sectores?post=9894"}],"curies":[{"name":"wp","href":"https:\/\/api.w.org\/{rel}","templated":true}]}}