{"id":9893,"date":"2020-03-10T14:34:12","date_gmt":"2020-03-10T15:37:09","guid":{"rendered":"https:\/\/burespro.neorgvirtual.com\/product\/kelamix-p-40-fe\/"},"modified":"2020-08-19T17:27:40","modified_gmt":"2020-08-19T15:27:40","slug":"kelamix-p-40-fe","status":"publish","type":"product","link":"https:\/\/www.burespro.com\/fr\/product\/kelamix-p-40-fe\/","title":{"rendered":"KELAMIX P-40 Fe"},"content":{"rendered":"<p>KELAMIX P-40 Fe est un engrais NK (3-0-15) contenant du fer (2,4% Fe sous forme d&rsquo;EDDHA) pr\u00e9sent\u00e9 sous forme m\u00e9nigranul\u00e9e pour faciliter les traitements contre la chlorose ferrique.<\/p>\n<p>La carence en fer provoque divers types de chlorose qui peuvent nuire gravement au d\u00e9veloppement normal de la culture. La large gamme de stabilit\u00e9 du KELAMIX P-40 Fe (pH 4 \u00e0 9) le rend adapt\u00e9 \u00e0 tous types de sols et en particulier \u00e0 ceux en calcaire et \/ ou alcalin et aux pauvres en mati\u00e8re organique o\u00f9 le huerro se verrouille plus facilement.<\/p>\n","protected":false},"excerpt":{"rendered":"<p>KELAMIX P-40 Fe est un engrais NK (3-0-15) contenant du fer (2,4% Fe sous forme d&rsquo;EDDHA) pr\u00e9sent\u00e9 sous forme m\u00e9nigranul\u00e9e pour faciliter les traitements contre la chlorose ferrique. La carence en fer provoque divers types de chlorose qui peuvent nuire gravement au d\u00e9veloppement normal de la culture. La large gamme de stabilit\u00e9 du KELAMIX P-40 [&hellip;]<\/p>\n","protected":false},"featured_media":15438,"comment_status":"closed","ping_status":"closed","template":"","meta":{"_acf_changed":false,"inline_featured_image":false},"product_brand":[],"product_cat":[213],"product_tag":[],"sectores":[364,371,419,421,367,369],"class_list":{"0":"post-9893","1":"product","2":"type-product","3":"status-publish","4":"has-post-thumbnail","6":"product_cat-correcteur-de-carences","7":"sectores-pepiniere","8":"sectores-fructiculture-et-horticulture","9":"sectores-floriculture-fr","10":"sectores-viticulture-fr","11":"sectores-jardinage-professionnel-paysagisme","12":"sectores-centres-de-jardinerie","14":"first","15":"instock","16":"product-type-simple"},"acf":[],"yoast_head":"<!-- This site is optimized with the Yoast SEO plugin v26.7 - https:\/\/yoast.com\/wordpress\/plugins\/seo\/ -->\n<title>KELAMIX P-40 Fe | Bur\u00e9s Profesional<\/title>\n<meta name=\"robots\" content=\"index, follow, max-snippet:-1, max-image-preview:large, max-video-preview:-1\" \/>\n<link rel=\"canonical\" href=\"https:\/\/www.burespro.com\/fr\/product\/kelamix-p-40-fe\/\" \/>\n<meta property=\"og:locale\" content=\"fr_FR\" \/>\n<meta property=\"og:type\" content=\"article\" \/>\n<meta property=\"og:title\" content=\"KELAMIX P-40 Fe | Bur\u00e9s Profesional\" \/>\n<meta property=\"og:description\" content=\"KELAMIX P-40 Fe est un engrais NK (3-0-15) contenant du fer (2,4% Fe sous forme d&rsquo;EDDHA) pr\u00e9sent\u00e9 sous forme m\u00e9nigranul\u00e9e pour faciliter les traitements contre la chlorose ferrique. La carence en fer provoque divers types de chlorose qui peuvent nuire gravement au d\u00e9veloppement normal de la culture. La large gamme de stabilit\u00e9 du KELAMIX P-40 [&hellip;]\" \/>\n<meta property=\"og:url\" content=\"https:\/\/www.burespro.com\/fr\/product\/kelamix-p-40-fe\/\" \/>\n<meta property=\"og:site_name\" content=\"Bur\u00e9s Profesional\" \/>\n<meta property=\"article:publisher\" content=\"https:\/\/www.facebook.com\/buresprofesionalsa\" \/>\n<meta property=\"article:modified_time\" content=\"2020-08-19T15:27:40+00:00\" \/>\n<meta property=\"og:image\" content=\"https:\/\/www.burespro.com\/wp-content\/uploads\/2020\/03\/KELAMIX-P-40.png\" \/>\n\t<meta property=\"og:image:width\" content=\"1200\" \/>\n\t<meta property=\"og:image:height\" content=\"666\" \/>\n\t<meta property=\"og:image:type\" content=\"image\/png\" \/>\n<meta name=\"twitter:card\" content=\"summary_large_image\" \/>\n<script type=\"application\/ld+json\" class=\"yoast-schema-graph\">{\"@context\":\"https:\/\/schema.org\",\"@graph\":[{\"@type\":\"WebPage\",\"@id\":\"https:\/\/www.burespro.com\/fr\/product\/kelamix-p-40-fe\/\",\"url\":\"https:\/\/www.burespro.com\/fr\/product\/kelamix-p-40-fe\/\",\"name\":\"KELAMIX P-40 Fe | Bur\u00e9s Profesional\",\"isPartOf\":{\"@id\":\"https:\/\/www.burespro.com\/#website\"},\"primaryImageOfPage\":{\"@id\":\"https:\/\/www.burespro.com\/fr\/product\/kelamix-p-40-fe\/#primaryimage\"},\"image\":{\"@id\":\"https:\/\/www.burespro.com\/fr\/product\/kelamix-p-40-fe\/#primaryimage\"},\"thumbnailUrl\":\"https:\/\/www.burespro.com\/wp-content\/uploads\/2020\/03\/KELAMIX-P-40.png\",\"datePublished\":\"2020-03-10T15:37:09+00:00\",\"dateModified\":\"2020-08-19T15:27:40+00:00\",\"breadcrumb\":{\"@id\":\"https:\/\/www.burespro.com\/fr\/product\/kelamix-p-40-fe\/#breadcrumb\"},\"inLanguage\":\"fr-FR\",\"potentialAction\":[{\"@type\":\"ReadAction\",\"target\":[\"https:\/\/www.burespro.com\/fr\/product\/kelamix-p-40-fe\/\"]}]},{\"@type\":\"ImageObject\",\"inLanguage\":\"fr-FR\",\"@id\":\"https:\/\/www.burespro.com\/fr\/product\/kelamix-p-40-fe\/#primaryimage\",\"url\":\"https:\/\/www.burespro.com\/wp-content\/uploads\/2020\/03\/KELAMIX-P-40.png\",\"contentUrl\":\"https:\/\/www.burespro.com\/wp-content\/uploads\/2020\/03\/KELAMIX-P-40.png\",\"width\":1200,\"height\":666},{\"@type\":\"BreadcrumbList\",\"@id\":\"https:\/\/www.burespro.com\/fr\/product\/kelamix-p-40-fe\/#breadcrumb\",\"itemListElement\":[{\"@type\":\"ListItem\",\"position\":1,\"name\":\"Inici\",\"item\":\"https:\/\/www.burespro.com\/fr\/\"},{\"@type\":\"ListItem\",\"position\":2,\"name\":\"Boutique\",\"item\":\"https:\/\/www.burespro.com\/fr\/substrats-engrais\/\"},{\"@type\":\"ListItem\",\"position\":3,\"name\":\"KELAMIX P-40 Fe\"}]},{\"@type\":\"WebSite\",\"@id\":\"https:\/\/www.burespro.com\/#website\",\"url\":\"https:\/\/www.burespro.com\/\",\"name\":\"Bur\u00e9s Profesional\",\"description\":\"Fabricants de terres, substrats de cultiu, fertilitzants i adobs org\u00e0nics\",\"potentialAction\":[{\"@type\":\"SearchAction\",\"target\":{\"@type\":\"EntryPoint\",\"urlTemplate\":\"https:\/\/www.burespro.com\/?s={search_term_string}\"},\"query-input\":{\"@type\":\"PropertyValueSpecification\",\"valueRequired\":true,\"valueName\":\"search_term_string\"}}],\"inLanguage\":\"fr-FR\"}]}<\/script>\n<!-- \/ Yoast SEO plugin. -->","yoast_head_json":{"title":"KELAMIX P-40 Fe | Bur\u00e9s Profesional","robots":{"index":"index","follow":"follow","max-snippet":"max-snippet:-1","max-image-preview":"max-image-preview:large","max-video-preview":"max-video-preview:-1"},"canonical":"https:\/\/www.burespro.com\/fr\/product\/kelamix-p-40-fe\/","og_locale":"fr_FR","og_type":"article","og_title":"KELAMIX P-40 Fe | Bur\u00e9s Profesional","og_description":"KELAMIX P-40 Fe est un engrais NK (3-0-15) contenant du fer (2,4% Fe sous forme d&rsquo;EDDHA) pr\u00e9sent\u00e9 sous forme m\u00e9nigranul\u00e9e pour faciliter les traitements contre la chlorose ferrique. La carence en fer provoque divers types de chlorose qui peuvent nuire gravement au d\u00e9veloppement normal de la culture. La large gamme de stabilit\u00e9 du KELAMIX P-40 [&hellip;]","og_url":"https:\/\/www.burespro.com\/fr\/product\/kelamix-p-40-fe\/","og_site_name":"Bur\u00e9s Profesional","article_publisher":"https:\/\/www.facebook.com\/buresprofesionalsa","article_modified_time":"2020-08-19T15:27:40+00:00","og_image":[{"width":1200,"height":666,"url":"https:\/\/www.burespro.com\/wp-content\/uploads\/2020\/03\/KELAMIX-P-40.png","type":"image\/png"}],"twitter_card":"summary_large_image","schema":{"@context":"https:\/\/schema.org","@graph":[{"@type":"WebPage","@id":"https:\/\/www.burespro.com\/fr\/product\/kelamix-p-40-fe\/","url":"https:\/\/www.burespro.com\/fr\/product\/kelamix-p-40-fe\/","name":"KELAMIX P-40 Fe | Bur\u00e9s Profesional","isPartOf":{"@id":"https:\/\/www.burespro.com\/#website"},"primaryImageOfPage":{"@id":"https:\/\/www.burespro.com\/fr\/product\/kelamix-p-40-fe\/#primaryimage"},"image":{"@id":"https:\/\/www.burespro.com\/fr\/product\/kelamix-p-40-fe\/#primaryimage"},"thumbnailUrl":"https:\/\/www.burespro.com\/wp-content\/uploads\/2020\/03\/KELAMIX-P-40.png","datePublished":"2020-03-10T15:37:09+00:00","dateModified":"2020-08-19T15:27:40+00:00","breadcrumb":{"@id":"https:\/\/www.burespro.com\/fr\/product\/kelamix-p-40-fe\/#breadcrumb"},"inLanguage":"fr-FR","potentialAction":[{"@type":"ReadAction","target":["https:\/\/www.burespro.com\/fr\/product\/kelamix-p-40-fe\/"]}]},{"@type":"ImageObject","inLanguage":"fr-FR","@id":"https:\/\/www.burespro.com\/fr\/product\/kelamix-p-40-fe\/#primaryimage","url":"https:\/\/www.burespro.com\/wp-content\/uploads\/2020\/03\/KELAMIX-P-40.png","contentUrl":"https:\/\/www.burespro.com\/wp-content\/uploads\/2020\/03\/KELAMIX-P-40.png","width":1200,"height":666},{"@type":"BreadcrumbList","@id":"https:\/\/www.burespro.com\/fr\/product\/kelamix-p-40-fe\/#breadcrumb","itemListElement":[{"@type":"ListItem","position":1,"name":"Inici","item":"https:\/\/www.burespro.com\/fr\/"},{"@type":"ListItem","position":2,"name":"Boutique","item":"https:\/\/www.burespro.com\/fr\/substrats-engrais\/"},{"@type":"ListItem","position":3,"name":"KELAMIX P-40 Fe"}]},{"@type":"WebSite","@id":"https:\/\/www.burespro.com\/#website","url":"https:\/\/www.burespro.com\/","name":"Bur\u00e9s Profesional","description":"Fabricants de terres, substrats de cultiu, fertilitzants i adobs org\u00e0nics","potentialAction":[{"@type":"SearchAction","target":{"@type":"EntryPoint","urlTemplate":"https:\/\/www.burespro.com\/?s={search_term_string}"},"query-input":{"@type":"PropertyValueSpecification","valueRequired":true,"valueName":"search_term_string"}}],"inLanguage":"fr-FR"}]}},"_links":{"self":[{"href":"https:\/\/www.burespro.com\/fr\/wp-json\/wp\/v2\/product\/9893","targetHints":{"allow":["GET"]}}],"collection":[{"href":"https:\/\/www.burespro.com\/fr\/wp-json\/wp\/v2\/product"}],"about":[{"href":"https:\/\/www.burespro.com\/fr\/wp-json\/wp\/v2\/types\/product"}],"replies":[{"embeddable":true,"href":"https:\/\/www.burespro.com\/fr\/wp-json\/wp\/v2\/comments?post=9893"}],"wp:featuredmedia":[{"embeddable":true,"href":"https:\/\/www.burespro.com\/fr\/wp-json\/wp\/v2\/media\/15438"}],"wp:attachment":[{"href":"https:\/\/www.burespro.com\/fr\/wp-json\/wp\/v2\/media?parent=9893"}],"wp:term":[{"taxonomy":"product_brand","embeddable":true,"href":"https:\/\/www.burespro.com\/fr\/wp-json\/wp\/v2\/product_brand?post=9893"},{"taxonomy":"product_cat","embeddable":true,"href":"https:\/\/www.burespro.com\/fr\/wp-json\/wp\/v2\/product_cat?post=9893"},{"taxonomy":"product_tag","embeddable":true,"href":"https:\/\/www.burespro.com\/fr\/wp-json\/wp\/v2\/product_tag?post=9893"},{"taxonomy":"sectores","embeddable":true,"href":"https:\/\/www.burespro.com\/fr\/wp-json\/wp\/v2\/sectores?post=9893"}],"curies":[{"name":"wp","href":"https:\/\/api.w.org\/{rel}","templated":true}]}}