{"id":9885,"date":"2020-03-10T14:34:12","date_gmt":"2020-03-10T15:37:09","guid":{"rendered":"https:\/\/burespro.neorgvirtual.com\/product\/kelamix-complex\/"},"modified":"2020-08-19T12:50:51","modified_gmt":"2020-08-19T10:50:51","slug":"kelamix-complex","status":"publish","type":"product","link":"https:\/\/www.burespro.com\/fr\/product\/kelamix-complex\/","title":{"rendered":"KELAMIX COMPLEX"},"content":{"rendered":"<p>KELAMIX COMPLEX est un engrais CE avec un m\u00e9lange de micronutriments, certains ch\u00e9lat\u00e9s par EDTA, et soluble dans l&rsquo;eau. Il est indiqu\u00e9 pour pr\u00e9venir et corriger les carences nutritionnelles en micronutriments dans les cultures, rapidement et durablement.<\/p>\n<p>En raison de sa composition, il est particuli\u00e8rement indiqu\u00e9 dans les cultures intensives, appliqu\u00e9 \u00e0 travers tout syst\u00e8me d&rsquo;irrigation. Il est \u00e9galement recommand\u00e9 dans les cultures hydroponiques, dans lesquelles un engrais de ces caract\u00e9ristiques est n\u00e9cessaire, en termes de contenu et de solubilit\u00e9.<\/p>\n","protected":false},"excerpt":{"rendered":"<p>KELAMIX COMPLEX est un engrais CE avec un m\u00e9lange de micronutriments, certains ch\u00e9lat\u00e9s par EDTA, et soluble dans l&rsquo;eau. Il est indiqu\u00e9 pour pr\u00e9venir et corriger les carences nutritionnelles en micronutriments dans les cultures, rapidement et durablement. En raison de sa composition, il est particuli\u00e8rement indiqu\u00e9 dans les cultures intensives, appliqu\u00e9 \u00e0 travers tout syst\u00e8me [&hellip;]<\/p>\n","protected":false},"featured_media":15423,"comment_status":"closed","ping_status":"closed","template":"","meta":{"_acf_changed":false,"inline_featured_image":false},"product_brand":[],"product_cat":[213],"product_tag":[],"sectores":[364,371,419,421,367,369],"class_list":{"0":"post-9885","1":"product","2":"type-product","3":"status-publish","4":"has-post-thumbnail","6":"product_cat-correcteur-de-carences","7":"sectores-pepiniere","8":"sectores-fructiculture-et-horticulture","9":"sectores-floriculture-fr","10":"sectores-viticulture-fr","11":"sectores-jardinage-professionnel-paysagisme","12":"sectores-centres-de-jardinerie","14":"first","15":"instock","16":"product-type-simple"},"acf":[],"yoast_head":"<!-- This site is optimized with the Yoast SEO plugin v26.7 - https:\/\/yoast.com\/wordpress\/plugins\/seo\/ -->\n<title>KELAMIX COMPLEX | Bur\u00e9s Profesional<\/title>\n<meta name=\"robots\" content=\"index, follow, max-snippet:-1, max-image-preview:large, max-video-preview:-1\" \/>\n<link rel=\"canonical\" href=\"https:\/\/www.burespro.com\/fr\/product\/kelamix-complex\/\" \/>\n<meta property=\"og:locale\" content=\"fr_FR\" \/>\n<meta property=\"og:type\" content=\"article\" \/>\n<meta property=\"og:title\" content=\"KELAMIX COMPLEX | Bur\u00e9s Profesional\" \/>\n<meta property=\"og:description\" content=\"KELAMIX COMPLEX est un engrais CE avec un m\u00e9lange de micronutriments, certains ch\u00e9lat\u00e9s par EDTA, et soluble dans l&rsquo;eau. Il est indiqu\u00e9 pour pr\u00e9venir et corriger les carences nutritionnelles en micronutriments dans les cultures, rapidement et durablement. En raison de sa composition, il est particuli\u00e8rement indiqu\u00e9 dans les cultures intensives, appliqu\u00e9 \u00e0 travers tout syst\u00e8me [&hellip;]\" \/>\n<meta property=\"og:url\" content=\"https:\/\/www.burespro.com\/fr\/product\/kelamix-complex\/\" \/>\n<meta property=\"og:site_name\" content=\"Bur\u00e9s Profesional\" \/>\n<meta property=\"article:publisher\" content=\"https:\/\/www.facebook.com\/buresprofesionalsa\" \/>\n<meta property=\"article:modified_time\" content=\"2020-08-19T10:50:51+00:00\" \/>\n<meta property=\"og:image\" content=\"https:\/\/www.burespro.com\/wp-content\/uploads\/2020\/03\/Kelamix_Complex.png\" \/>\n\t<meta property=\"og:image:width\" content=\"1200\" \/>\n\t<meta property=\"og:image:height\" content=\"666\" \/>\n\t<meta property=\"og:image:type\" content=\"image\/png\" \/>\n<meta name=\"twitter:card\" content=\"summary_large_image\" \/>\n<script type=\"application\/ld+json\" class=\"yoast-schema-graph\">{\"@context\":\"https:\/\/schema.org\",\"@graph\":[{\"@type\":\"WebPage\",\"@id\":\"https:\/\/www.burespro.com\/fr\/product\/kelamix-complex\/\",\"url\":\"https:\/\/www.burespro.com\/fr\/product\/kelamix-complex\/\",\"name\":\"KELAMIX COMPLEX | Bur\u00e9s Profesional\",\"isPartOf\":{\"@id\":\"https:\/\/www.burespro.com\/#website\"},\"primaryImageOfPage\":{\"@id\":\"https:\/\/www.burespro.com\/fr\/product\/kelamix-complex\/#primaryimage\"},\"image\":{\"@id\":\"https:\/\/www.burespro.com\/fr\/product\/kelamix-complex\/#primaryimage\"},\"thumbnailUrl\":\"https:\/\/www.burespro.com\/wp-content\/uploads\/2020\/03\/Kelamix_Complex.png\",\"datePublished\":\"2020-03-10T15:37:09+00:00\",\"dateModified\":\"2020-08-19T10:50:51+00:00\",\"breadcrumb\":{\"@id\":\"https:\/\/www.burespro.com\/fr\/product\/kelamix-complex\/#breadcrumb\"},\"inLanguage\":\"fr-FR\",\"potentialAction\":[{\"@type\":\"ReadAction\",\"target\":[\"https:\/\/www.burespro.com\/fr\/product\/kelamix-complex\/\"]}]},{\"@type\":\"ImageObject\",\"inLanguage\":\"fr-FR\",\"@id\":\"https:\/\/www.burespro.com\/fr\/product\/kelamix-complex\/#primaryimage\",\"url\":\"https:\/\/www.burespro.com\/wp-content\/uploads\/2020\/03\/Kelamix_Complex.png\",\"contentUrl\":\"https:\/\/www.burespro.com\/wp-content\/uploads\/2020\/03\/Kelamix_Complex.png\",\"width\":1200,\"height\":666},{\"@type\":\"BreadcrumbList\",\"@id\":\"https:\/\/www.burespro.com\/fr\/product\/kelamix-complex\/#breadcrumb\",\"itemListElement\":[{\"@type\":\"ListItem\",\"position\":1,\"name\":\"Inici\",\"item\":\"https:\/\/www.burespro.com\/fr\/\"},{\"@type\":\"ListItem\",\"position\":2,\"name\":\"Boutique\",\"item\":\"https:\/\/www.burespro.com\/fr\/substrats-engrais\/\"},{\"@type\":\"ListItem\",\"position\":3,\"name\":\"KELAMIX COMPLEX\"}]},{\"@type\":\"WebSite\",\"@id\":\"https:\/\/www.burespro.com\/#website\",\"url\":\"https:\/\/www.burespro.com\/\",\"name\":\"Bur\u00e9s Profesional\",\"description\":\"Fabricants de terres, substrats de cultiu, fertilitzants i adobs org\u00e0nics\",\"potentialAction\":[{\"@type\":\"SearchAction\",\"target\":{\"@type\":\"EntryPoint\",\"urlTemplate\":\"https:\/\/www.burespro.com\/?s={search_term_string}\"},\"query-input\":{\"@type\":\"PropertyValueSpecification\",\"valueRequired\":true,\"valueName\":\"search_term_string\"}}],\"inLanguage\":\"fr-FR\"}]}<\/script>\n<!-- \/ Yoast SEO plugin. -->","yoast_head_json":{"title":"KELAMIX COMPLEX | Bur\u00e9s Profesional","robots":{"index":"index","follow":"follow","max-snippet":"max-snippet:-1","max-image-preview":"max-image-preview:large","max-video-preview":"max-video-preview:-1"},"canonical":"https:\/\/www.burespro.com\/fr\/product\/kelamix-complex\/","og_locale":"fr_FR","og_type":"article","og_title":"KELAMIX COMPLEX | Bur\u00e9s Profesional","og_description":"KELAMIX COMPLEX est un engrais CE avec un m\u00e9lange de micronutriments, certains ch\u00e9lat\u00e9s par EDTA, et soluble dans l&rsquo;eau. Il est indiqu\u00e9 pour pr\u00e9venir et corriger les carences nutritionnelles en micronutriments dans les cultures, rapidement et durablement. En raison de sa composition, il est particuli\u00e8rement indiqu\u00e9 dans les cultures intensives, appliqu\u00e9 \u00e0 travers tout syst\u00e8me [&hellip;]","og_url":"https:\/\/www.burespro.com\/fr\/product\/kelamix-complex\/","og_site_name":"Bur\u00e9s Profesional","article_publisher":"https:\/\/www.facebook.com\/buresprofesionalsa","article_modified_time":"2020-08-19T10:50:51+00:00","og_image":[{"width":1200,"height":666,"url":"https:\/\/www.burespro.com\/wp-content\/uploads\/2020\/03\/Kelamix_Complex.png","type":"image\/png"}],"twitter_card":"summary_large_image","schema":{"@context":"https:\/\/schema.org","@graph":[{"@type":"WebPage","@id":"https:\/\/www.burespro.com\/fr\/product\/kelamix-complex\/","url":"https:\/\/www.burespro.com\/fr\/product\/kelamix-complex\/","name":"KELAMIX COMPLEX | Bur\u00e9s Profesional","isPartOf":{"@id":"https:\/\/www.burespro.com\/#website"},"primaryImageOfPage":{"@id":"https:\/\/www.burespro.com\/fr\/product\/kelamix-complex\/#primaryimage"},"image":{"@id":"https:\/\/www.burespro.com\/fr\/product\/kelamix-complex\/#primaryimage"},"thumbnailUrl":"https:\/\/www.burespro.com\/wp-content\/uploads\/2020\/03\/Kelamix_Complex.png","datePublished":"2020-03-10T15:37:09+00:00","dateModified":"2020-08-19T10:50:51+00:00","breadcrumb":{"@id":"https:\/\/www.burespro.com\/fr\/product\/kelamix-complex\/#breadcrumb"},"inLanguage":"fr-FR","potentialAction":[{"@type":"ReadAction","target":["https:\/\/www.burespro.com\/fr\/product\/kelamix-complex\/"]}]},{"@type":"ImageObject","inLanguage":"fr-FR","@id":"https:\/\/www.burespro.com\/fr\/product\/kelamix-complex\/#primaryimage","url":"https:\/\/www.burespro.com\/wp-content\/uploads\/2020\/03\/Kelamix_Complex.png","contentUrl":"https:\/\/www.burespro.com\/wp-content\/uploads\/2020\/03\/Kelamix_Complex.png","width":1200,"height":666},{"@type":"BreadcrumbList","@id":"https:\/\/www.burespro.com\/fr\/product\/kelamix-complex\/#breadcrumb","itemListElement":[{"@type":"ListItem","position":1,"name":"Inici","item":"https:\/\/www.burespro.com\/fr\/"},{"@type":"ListItem","position":2,"name":"Boutique","item":"https:\/\/www.burespro.com\/fr\/substrats-engrais\/"},{"@type":"ListItem","position":3,"name":"KELAMIX COMPLEX"}]},{"@type":"WebSite","@id":"https:\/\/www.burespro.com\/#website","url":"https:\/\/www.burespro.com\/","name":"Bur\u00e9s Profesional","description":"Fabricants de terres, substrats de cultiu, fertilitzants i adobs org\u00e0nics","potentialAction":[{"@type":"SearchAction","target":{"@type":"EntryPoint","urlTemplate":"https:\/\/www.burespro.com\/?s={search_term_string}"},"query-input":{"@type":"PropertyValueSpecification","valueRequired":true,"valueName":"search_term_string"}}],"inLanguage":"fr-FR"}]}},"_links":{"self":[{"href":"https:\/\/www.burespro.com\/fr\/wp-json\/wp\/v2\/product\/9885","targetHints":{"allow":["GET"]}}],"collection":[{"href":"https:\/\/www.burespro.com\/fr\/wp-json\/wp\/v2\/product"}],"about":[{"href":"https:\/\/www.burespro.com\/fr\/wp-json\/wp\/v2\/types\/product"}],"replies":[{"embeddable":true,"href":"https:\/\/www.burespro.com\/fr\/wp-json\/wp\/v2\/comments?post=9885"}],"wp:featuredmedia":[{"embeddable":true,"href":"https:\/\/www.burespro.com\/fr\/wp-json\/wp\/v2\/media\/15423"}],"wp:attachment":[{"href":"https:\/\/www.burespro.com\/fr\/wp-json\/wp\/v2\/media?parent=9885"}],"wp:term":[{"taxonomy":"product_brand","embeddable":true,"href":"https:\/\/www.burespro.com\/fr\/wp-json\/wp\/v2\/product_brand?post=9885"},{"taxonomy":"product_cat","embeddable":true,"href":"https:\/\/www.burespro.com\/fr\/wp-json\/wp\/v2\/product_cat?post=9885"},{"taxonomy":"product_tag","embeddable":true,"href":"https:\/\/www.burespro.com\/fr\/wp-json\/wp\/v2\/product_tag?post=9885"},{"taxonomy":"sectores","embeddable":true,"href":"https:\/\/www.burespro.com\/fr\/wp-json\/wp\/v2\/sectores?post=9885"}],"curies":[{"name":"wp","href":"https:\/\/api.w.org\/{rel}","templated":true}]}}