{"id":9884,"date":"2020-03-10T14:34:12","date_gmt":"2020-03-10T15:37:09","guid":{"rendered":"https:\/\/burespro.neorgvirtual.com\/product\/kelamix-fe\/"},"modified":"2020-12-16T09:56:28","modified_gmt":"2020-12-16T08:56:28","slug":"kelamix-fe","status":"publish","type":"product","link":"https:\/\/www.burespro.com\/fr\/product\/kelamix-fe\/","title":{"rendered":"KELAMIX Fe"},"content":{"rendered":"<p><strong>KELAMIX Fe<\/strong> est un ch\u00e9late de fer microgranul\u00e9, enti\u00e8rement soluble dans l&rsquo;eau (Fe EDDHA). Il contient 6% de fer stabilis\u00e9 par l&rsquo;ortho-ortho isom\u00e8tre de la mol\u00e9cule EDDHA, qui est le plus efficace dans les sols \u00e0 pH basique. Correcteur de chlorose ferrique due \u00e0 une carence ou \u00e0 une induction<\/p>\n<p><strong>RICHESSE GARANTIE<\/strong><br \/>\nFer (Fe) soluble dans l&rsquo;eau et ch\u00e9lat\u00e9 sous forme d&rsquo;EDDHA &#8230; 6%<br \/>\nAgent ch\u00e9latant: EDDHA<br \/>\nFer (Fe) ch\u00e9lat\u00e9 (isom\u00e8tre ortho-ortho *): 3,5%<br \/>\nStable \u00e0 pH: 3,5-9,5<br \/>\n* M\u00e9thode EN-13368-2<\/p>\n","protected":false},"excerpt":{"rendered":"<p>KELAMIX Fe est un ch\u00e9late de fer microgranul\u00e9, enti\u00e8rement soluble dans l&rsquo;eau (Fe EDDHA). Il contient 6% de fer stabilis\u00e9 par l&rsquo;ortho-ortho isom\u00e8tre de la mol\u00e9cule EDDHA, qui est le plus efficace dans les sols \u00e0 pH basique. Correcteur de chlorose ferrique due \u00e0 une carence ou \u00e0 une induction RICHESSE GARANTIE Fer (Fe) soluble [&hellip;]<\/p>\n","protected":false},"featured_media":1196,"comment_status":"closed","ping_status":"closed","template":"","meta":{"_acf_changed":false,"inline_featured_image":false},"product_brand":[],"product_cat":[213],"product_tag":[],"sectores":[364,371,419,421,367,369],"class_list":{"0":"post-9884","1":"product","2":"type-product","3":"status-publish","4":"has-post-thumbnail","6":"product_cat-correcteur-de-carences","7":"sectores-pepiniere","8":"sectores-fructiculture-et-horticulture","9":"sectores-floriculture-fr","10":"sectores-viticulture-fr","11":"sectores-jardinage-professionnel-paysagisme","12":"sectores-centres-de-jardinerie","14":"first","15":"instock","16":"product-type-simple"},"acf":[],"yoast_head":"<!-- This site is optimized with the Yoast SEO plugin v26.7 - https:\/\/yoast.com\/wordpress\/plugins\/seo\/ -->\n<title>KELAMIX Fe | Bur\u00e9s Profesional<\/title>\n<meta name=\"robots\" content=\"index, follow, max-snippet:-1, max-image-preview:large, max-video-preview:-1\" \/>\n<link rel=\"canonical\" href=\"https:\/\/www.burespro.com\/fr\/product\/kelamix-fe\/\" \/>\n<meta property=\"og:locale\" content=\"fr_FR\" \/>\n<meta property=\"og:type\" content=\"article\" \/>\n<meta property=\"og:title\" content=\"KELAMIX Fe | Bur\u00e9s Profesional\" \/>\n<meta property=\"og:description\" content=\"KELAMIX Fe est un ch\u00e9late de fer microgranul\u00e9, enti\u00e8rement soluble dans l&rsquo;eau (Fe EDDHA). Il contient 6% de fer stabilis\u00e9 par l&rsquo;ortho-ortho isom\u00e8tre de la mol\u00e9cule EDDHA, qui est le plus efficace dans les sols \u00e0 pH basique. Correcteur de chlorose ferrique due \u00e0 une carence ou \u00e0 une induction RICHESSE GARANTIE Fer (Fe) soluble [&hellip;]\" \/>\n<meta property=\"og:url\" content=\"https:\/\/www.burespro.com\/fr\/product\/kelamix-fe\/\" \/>\n<meta property=\"og:site_name\" content=\"Bur\u00e9s Profesional\" \/>\n<meta property=\"article:publisher\" content=\"https:\/\/www.facebook.com\/buresprofesionalsa\" \/>\n<meta property=\"article:modified_time\" content=\"2020-12-16T08:56:28+00:00\" \/>\n<meta property=\"og:image\" content=\"https:\/\/www.burespro.com\/wp-content\/uploads\/2020\/01\/163_medium.jpg\" \/>\n\t<meta property=\"og:image:width\" content=\"900\" \/>\n\t<meta property=\"og:image:height\" content=\"534\" \/>\n\t<meta property=\"og:image:type\" content=\"image\/jpeg\" \/>\n<meta name=\"twitter:card\" content=\"summary_large_image\" \/>\n<script type=\"application\/ld+json\" class=\"yoast-schema-graph\">{\"@context\":\"https:\/\/schema.org\",\"@graph\":[{\"@type\":\"WebPage\",\"@id\":\"https:\/\/www.burespro.com\/fr\/product\/kelamix-fe\/\",\"url\":\"https:\/\/www.burespro.com\/fr\/product\/kelamix-fe\/\",\"name\":\"KELAMIX Fe | Bur\u00e9s Profesional\",\"isPartOf\":{\"@id\":\"https:\/\/www.burespro.com\/#website\"},\"primaryImageOfPage\":{\"@id\":\"https:\/\/www.burespro.com\/fr\/product\/kelamix-fe\/#primaryimage\"},\"image\":{\"@id\":\"https:\/\/www.burespro.com\/fr\/product\/kelamix-fe\/#primaryimage\"},\"thumbnailUrl\":\"https:\/\/www.burespro.com\/wp-content\/uploads\/2020\/01\/163_medium.jpg\",\"datePublished\":\"2020-03-10T15:37:09+00:00\",\"dateModified\":\"2020-12-16T08:56:28+00:00\",\"breadcrumb\":{\"@id\":\"https:\/\/www.burespro.com\/fr\/product\/kelamix-fe\/#breadcrumb\"},\"inLanguage\":\"fr-FR\",\"potentialAction\":[{\"@type\":\"ReadAction\",\"target\":[\"https:\/\/www.burespro.com\/fr\/product\/kelamix-fe\/\"]}]},{\"@type\":\"ImageObject\",\"inLanguage\":\"fr-FR\",\"@id\":\"https:\/\/www.burespro.com\/fr\/product\/kelamix-fe\/#primaryimage\",\"url\":\"https:\/\/www.burespro.com\/wp-content\/uploads\/2020\/01\/163_medium.jpg\",\"contentUrl\":\"https:\/\/www.burespro.com\/wp-content\/uploads\/2020\/01\/163_medium.jpg\",\"width\":900,\"height\":534},{\"@type\":\"BreadcrumbList\",\"@id\":\"https:\/\/www.burespro.com\/fr\/product\/kelamix-fe\/#breadcrumb\",\"itemListElement\":[{\"@type\":\"ListItem\",\"position\":1,\"name\":\"Inici\",\"item\":\"https:\/\/www.burespro.com\/fr\/\"},{\"@type\":\"ListItem\",\"position\":2,\"name\":\"Boutique\",\"item\":\"https:\/\/www.burespro.com\/fr\/substrats-engrais\/\"},{\"@type\":\"ListItem\",\"position\":3,\"name\":\"KELAMIX Fe\"}]},{\"@type\":\"WebSite\",\"@id\":\"https:\/\/www.burespro.com\/#website\",\"url\":\"https:\/\/www.burespro.com\/\",\"name\":\"Bur\u00e9s Profesional\",\"description\":\"Fabricants de terres, substrats de cultiu, fertilitzants i adobs org\u00e0nics\",\"potentialAction\":[{\"@type\":\"SearchAction\",\"target\":{\"@type\":\"EntryPoint\",\"urlTemplate\":\"https:\/\/www.burespro.com\/?s={search_term_string}\"},\"query-input\":{\"@type\":\"PropertyValueSpecification\",\"valueRequired\":true,\"valueName\":\"search_term_string\"}}],\"inLanguage\":\"fr-FR\"}]}<\/script>\n<!-- \/ Yoast SEO plugin. -->","yoast_head_json":{"title":"KELAMIX Fe | Bur\u00e9s Profesional","robots":{"index":"index","follow":"follow","max-snippet":"max-snippet:-1","max-image-preview":"max-image-preview:large","max-video-preview":"max-video-preview:-1"},"canonical":"https:\/\/www.burespro.com\/fr\/product\/kelamix-fe\/","og_locale":"fr_FR","og_type":"article","og_title":"KELAMIX Fe | Bur\u00e9s Profesional","og_description":"KELAMIX Fe est un ch\u00e9late de fer microgranul\u00e9, enti\u00e8rement soluble dans l&rsquo;eau (Fe EDDHA). Il contient 6% de fer stabilis\u00e9 par l&rsquo;ortho-ortho isom\u00e8tre de la mol\u00e9cule EDDHA, qui est le plus efficace dans les sols \u00e0 pH basique. Correcteur de chlorose ferrique due \u00e0 une carence ou \u00e0 une induction RICHESSE GARANTIE Fer (Fe) soluble [&hellip;]","og_url":"https:\/\/www.burespro.com\/fr\/product\/kelamix-fe\/","og_site_name":"Bur\u00e9s Profesional","article_publisher":"https:\/\/www.facebook.com\/buresprofesionalsa","article_modified_time":"2020-12-16T08:56:28+00:00","og_image":[{"width":900,"height":534,"url":"https:\/\/www.burespro.com\/wp-content\/uploads\/2020\/01\/163_medium.jpg","type":"image\/jpeg"}],"twitter_card":"summary_large_image","schema":{"@context":"https:\/\/schema.org","@graph":[{"@type":"WebPage","@id":"https:\/\/www.burespro.com\/fr\/product\/kelamix-fe\/","url":"https:\/\/www.burespro.com\/fr\/product\/kelamix-fe\/","name":"KELAMIX Fe | Bur\u00e9s Profesional","isPartOf":{"@id":"https:\/\/www.burespro.com\/#website"},"primaryImageOfPage":{"@id":"https:\/\/www.burespro.com\/fr\/product\/kelamix-fe\/#primaryimage"},"image":{"@id":"https:\/\/www.burespro.com\/fr\/product\/kelamix-fe\/#primaryimage"},"thumbnailUrl":"https:\/\/www.burespro.com\/wp-content\/uploads\/2020\/01\/163_medium.jpg","datePublished":"2020-03-10T15:37:09+00:00","dateModified":"2020-12-16T08:56:28+00:00","breadcrumb":{"@id":"https:\/\/www.burespro.com\/fr\/product\/kelamix-fe\/#breadcrumb"},"inLanguage":"fr-FR","potentialAction":[{"@type":"ReadAction","target":["https:\/\/www.burespro.com\/fr\/product\/kelamix-fe\/"]}]},{"@type":"ImageObject","inLanguage":"fr-FR","@id":"https:\/\/www.burespro.com\/fr\/product\/kelamix-fe\/#primaryimage","url":"https:\/\/www.burespro.com\/wp-content\/uploads\/2020\/01\/163_medium.jpg","contentUrl":"https:\/\/www.burespro.com\/wp-content\/uploads\/2020\/01\/163_medium.jpg","width":900,"height":534},{"@type":"BreadcrumbList","@id":"https:\/\/www.burespro.com\/fr\/product\/kelamix-fe\/#breadcrumb","itemListElement":[{"@type":"ListItem","position":1,"name":"Inici","item":"https:\/\/www.burespro.com\/fr\/"},{"@type":"ListItem","position":2,"name":"Boutique","item":"https:\/\/www.burespro.com\/fr\/substrats-engrais\/"},{"@type":"ListItem","position":3,"name":"KELAMIX Fe"}]},{"@type":"WebSite","@id":"https:\/\/www.burespro.com\/#website","url":"https:\/\/www.burespro.com\/","name":"Bur\u00e9s Profesional","description":"Fabricants de terres, substrats de cultiu, fertilitzants i adobs org\u00e0nics","potentialAction":[{"@type":"SearchAction","target":{"@type":"EntryPoint","urlTemplate":"https:\/\/www.burespro.com\/?s={search_term_string}"},"query-input":{"@type":"PropertyValueSpecification","valueRequired":true,"valueName":"search_term_string"}}],"inLanguage":"fr-FR"}]}},"_links":{"self":[{"href":"https:\/\/www.burespro.com\/fr\/wp-json\/wp\/v2\/product\/9884","targetHints":{"allow":["GET"]}}],"collection":[{"href":"https:\/\/www.burespro.com\/fr\/wp-json\/wp\/v2\/product"}],"about":[{"href":"https:\/\/www.burespro.com\/fr\/wp-json\/wp\/v2\/types\/product"}],"replies":[{"embeddable":true,"href":"https:\/\/www.burespro.com\/fr\/wp-json\/wp\/v2\/comments?post=9884"}],"wp:featuredmedia":[{"embeddable":true,"href":"https:\/\/www.burespro.com\/fr\/wp-json\/wp\/v2\/media\/1196"}],"wp:attachment":[{"href":"https:\/\/www.burespro.com\/fr\/wp-json\/wp\/v2\/media?parent=9884"}],"wp:term":[{"taxonomy":"product_brand","embeddable":true,"href":"https:\/\/www.burespro.com\/fr\/wp-json\/wp\/v2\/product_brand?post=9884"},{"taxonomy":"product_cat","embeddable":true,"href":"https:\/\/www.burespro.com\/fr\/wp-json\/wp\/v2\/product_cat?post=9884"},{"taxonomy":"product_tag","embeddable":true,"href":"https:\/\/www.burespro.com\/fr\/wp-json\/wp\/v2\/product_tag?post=9884"},{"taxonomy":"sectores","embeddable":true,"href":"https:\/\/www.burespro.com\/fr\/wp-json\/wp\/v2\/sectores?post=9884"}],"curies":[{"name":"wp","href":"https:\/\/api.w.org\/{rel}","templated":true}]}}