{"id":9877,"date":"2020-03-10T14:34:12","date_gmt":"2020-03-10T15:37:09","guid":{"rendered":"https:\/\/burespro.neorgvirtual.com\/product\/kelamix-mn\/"},"modified":"2020-08-20T12:36:23","modified_gmt":"2020-08-20T10:36:23","slug":"kelamix-mn","status":"publish","type":"product","link":"https:\/\/www.burespro.com\/fr\/product\/kelamix-mn\/","title":{"rendered":"KELAMIX Mn"},"content":{"rendered":"<p><strong>KELAMIX Mn<\/strong> est un ch\u00e9late de mangan\u00e8se sous forme de microgranules \u00e0 haute solubilit\u00e9, sp\u00e9cialement con\u00e7u pour pr\u00e9venir et corriger les carences en mangan\u00e8se dans tout type de culture.<br \/>\nEn raison de sa composition, <strong>KELAMIX Mn<\/strong> est indiqu\u00e9 pour l&rsquo;application foliaire. Il peut \u00e9galement \u00eatre appliqu\u00e9 directement sur le sol via n&rsquo;importe quel syst\u00e8me d&rsquo;irrigation.<\/p>\n","protected":false},"excerpt":{"rendered":"<p>KELAMIX Mn est un ch\u00e9late de mangan\u00e8se sous forme de microgranules \u00e0 haute solubilit\u00e9, sp\u00e9cialement con\u00e7u pour pr\u00e9venir et corriger les carences en mangan\u00e8se dans tout type de culture. En raison de sa composition, KELAMIX Mn est indiqu\u00e9 pour l&rsquo;application foliaire. Il peut \u00e9galement \u00eatre appliqu\u00e9 directement sur le sol via n&rsquo;importe quel syst\u00e8me d&rsquo;irrigation.<\/p>\n","protected":false},"featured_media":15457,"comment_status":"closed","ping_status":"closed","template":"","meta":{"_acf_changed":false,"inline_featured_image":false},"product_brand":[],"product_cat":[213],"product_tag":[],"sectores":[364,371,419,421,367,369],"class_list":{"0":"post-9877","1":"product","2":"type-product","3":"status-publish","4":"has-post-thumbnail","6":"product_cat-correcteur-de-carences","7":"sectores-pepiniere","8":"sectores-fructiculture-et-horticulture","9":"sectores-floriculture-fr","10":"sectores-viticulture-fr","11":"sectores-jardinage-professionnel-paysagisme","12":"sectores-centres-de-jardinerie","14":"first","15":"instock","16":"product-type-simple"},"acf":[],"yoast_head":"<!-- This site is optimized with the Yoast SEO plugin v26.7 - https:\/\/yoast.com\/wordpress\/plugins\/seo\/ -->\n<title>KELAMIX Mn | Bur\u00e9s Profesional<\/title>\n<meta name=\"robots\" content=\"index, follow, max-snippet:-1, max-image-preview:large, max-video-preview:-1\" \/>\n<link rel=\"canonical\" href=\"https:\/\/www.burespro.com\/fr\/product\/kelamix-mn\/\" \/>\n<meta property=\"og:locale\" content=\"fr_FR\" \/>\n<meta property=\"og:type\" content=\"article\" \/>\n<meta property=\"og:title\" content=\"KELAMIX Mn | Bur\u00e9s Profesional\" \/>\n<meta property=\"og:description\" content=\"KELAMIX Mn est un ch\u00e9late de mangan\u00e8se sous forme de microgranules \u00e0 haute solubilit\u00e9, sp\u00e9cialement con\u00e7u pour pr\u00e9venir et corriger les carences en mangan\u00e8se dans tout type de culture. En raison de sa composition, KELAMIX Mn est indiqu\u00e9 pour l&rsquo;application foliaire. Il peut \u00e9galement \u00eatre appliqu\u00e9 directement sur le sol via n&rsquo;importe quel syst\u00e8me d&rsquo;irrigation.\" \/>\n<meta property=\"og:url\" content=\"https:\/\/www.burespro.com\/fr\/product\/kelamix-mn\/\" \/>\n<meta property=\"og:site_name\" content=\"Bur\u00e9s Profesional\" \/>\n<meta property=\"article:publisher\" content=\"https:\/\/www.facebook.com\/buresprofesionalsa\" \/>\n<meta property=\"article:modified_time\" content=\"2020-08-20T10:36:23+00:00\" \/>\n<meta property=\"og:image\" content=\"https:\/\/www.burespro.com\/wp-content\/uploads\/2020\/03\/Kelamix_Mn.png\" \/>\n\t<meta property=\"og:image:width\" content=\"1200\" \/>\n\t<meta property=\"og:image:height\" content=\"666\" \/>\n\t<meta property=\"og:image:type\" content=\"image\/png\" \/>\n<meta name=\"twitter:card\" content=\"summary_large_image\" \/>\n<script type=\"application\/ld+json\" class=\"yoast-schema-graph\">{\"@context\":\"https:\/\/schema.org\",\"@graph\":[{\"@type\":\"WebPage\",\"@id\":\"https:\/\/www.burespro.com\/fr\/product\/kelamix-mn\/\",\"url\":\"https:\/\/www.burespro.com\/fr\/product\/kelamix-mn\/\",\"name\":\"KELAMIX Mn | Bur\u00e9s Profesional\",\"isPartOf\":{\"@id\":\"https:\/\/www.burespro.com\/#website\"},\"primaryImageOfPage\":{\"@id\":\"https:\/\/www.burespro.com\/fr\/product\/kelamix-mn\/#primaryimage\"},\"image\":{\"@id\":\"https:\/\/www.burespro.com\/fr\/product\/kelamix-mn\/#primaryimage\"},\"thumbnailUrl\":\"https:\/\/www.burespro.com\/wp-content\/uploads\/2020\/03\/Kelamix_Mn.png\",\"datePublished\":\"2020-03-10T15:37:09+00:00\",\"dateModified\":\"2020-08-20T10:36:23+00:00\",\"breadcrumb\":{\"@id\":\"https:\/\/www.burespro.com\/fr\/product\/kelamix-mn\/#breadcrumb\"},\"inLanguage\":\"fr-FR\",\"potentialAction\":[{\"@type\":\"ReadAction\",\"target\":[\"https:\/\/www.burespro.com\/fr\/product\/kelamix-mn\/\"]}]},{\"@type\":\"ImageObject\",\"inLanguage\":\"fr-FR\",\"@id\":\"https:\/\/www.burespro.com\/fr\/product\/kelamix-mn\/#primaryimage\",\"url\":\"https:\/\/www.burespro.com\/wp-content\/uploads\/2020\/03\/Kelamix_Mn.png\",\"contentUrl\":\"https:\/\/www.burespro.com\/wp-content\/uploads\/2020\/03\/Kelamix_Mn.png\",\"width\":1200,\"height\":666},{\"@type\":\"BreadcrumbList\",\"@id\":\"https:\/\/www.burespro.com\/fr\/product\/kelamix-mn\/#breadcrumb\",\"itemListElement\":[{\"@type\":\"ListItem\",\"position\":1,\"name\":\"Inici\",\"item\":\"https:\/\/www.burespro.com\/fr\/\"},{\"@type\":\"ListItem\",\"position\":2,\"name\":\"Boutique\",\"item\":\"https:\/\/www.burespro.com\/fr\/substrats-engrais\/\"},{\"@type\":\"ListItem\",\"position\":3,\"name\":\"KELAMIX Mn\"}]},{\"@type\":\"WebSite\",\"@id\":\"https:\/\/www.burespro.com\/#website\",\"url\":\"https:\/\/www.burespro.com\/\",\"name\":\"Bur\u00e9s Profesional\",\"description\":\"Fabricants de terres, substrats de cultiu, fertilitzants i adobs org\u00e0nics\",\"potentialAction\":[{\"@type\":\"SearchAction\",\"target\":{\"@type\":\"EntryPoint\",\"urlTemplate\":\"https:\/\/www.burespro.com\/?s={search_term_string}\"},\"query-input\":{\"@type\":\"PropertyValueSpecification\",\"valueRequired\":true,\"valueName\":\"search_term_string\"}}],\"inLanguage\":\"fr-FR\"}]}<\/script>\n<!-- \/ Yoast SEO plugin. -->","yoast_head_json":{"title":"KELAMIX Mn | Bur\u00e9s Profesional","robots":{"index":"index","follow":"follow","max-snippet":"max-snippet:-1","max-image-preview":"max-image-preview:large","max-video-preview":"max-video-preview:-1"},"canonical":"https:\/\/www.burespro.com\/fr\/product\/kelamix-mn\/","og_locale":"fr_FR","og_type":"article","og_title":"KELAMIX Mn | Bur\u00e9s Profesional","og_description":"KELAMIX Mn est un ch\u00e9late de mangan\u00e8se sous forme de microgranules \u00e0 haute solubilit\u00e9, sp\u00e9cialement con\u00e7u pour pr\u00e9venir et corriger les carences en mangan\u00e8se dans tout type de culture. En raison de sa composition, KELAMIX Mn est indiqu\u00e9 pour l&rsquo;application foliaire. Il peut \u00e9galement \u00eatre appliqu\u00e9 directement sur le sol via n&rsquo;importe quel syst\u00e8me d&rsquo;irrigation.","og_url":"https:\/\/www.burespro.com\/fr\/product\/kelamix-mn\/","og_site_name":"Bur\u00e9s Profesional","article_publisher":"https:\/\/www.facebook.com\/buresprofesionalsa","article_modified_time":"2020-08-20T10:36:23+00:00","og_image":[{"width":1200,"height":666,"url":"https:\/\/www.burespro.com\/wp-content\/uploads\/2020\/03\/Kelamix_Mn.png","type":"image\/png"}],"twitter_card":"summary_large_image","schema":{"@context":"https:\/\/schema.org","@graph":[{"@type":"WebPage","@id":"https:\/\/www.burespro.com\/fr\/product\/kelamix-mn\/","url":"https:\/\/www.burespro.com\/fr\/product\/kelamix-mn\/","name":"KELAMIX Mn | Bur\u00e9s Profesional","isPartOf":{"@id":"https:\/\/www.burespro.com\/#website"},"primaryImageOfPage":{"@id":"https:\/\/www.burespro.com\/fr\/product\/kelamix-mn\/#primaryimage"},"image":{"@id":"https:\/\/www.burespro.com\/fr\/product\/kelamix-mn\/#primaryimage"},"thumbnailUrl":"https:\/\/www.burespro.com\/wp-content\/uploads\/2020\/03\/Kelamix_Mn.png","datePublished":"2020-03-10T15:37:09+00:00","dateModified":"2020-08-20T10:36:23+00:00","breadcrumb":{"@id":"https:\/\/www.burespro.com\/fr\/product\/kelamix-mn\/#breadcrumb"},"inLanguage":"fr-FR","potentialAction":[{"@type":"ReadAction","target":["https:\/\/www.burespro.com\/fr\/product\/kelamix-mn\/"]}]},{"@type":"ImageObject","inLanguage":"fr-FR","@id":"https:\/\/www.burespro.com\/fr\/product\/kelamix-mn\/#primaryimage","url":"https:\/\/www.burespro.com\/wp-content\/uploads\/2020\/03\/Kelamix_Mn.png","contentUrl":"https:\/\/www.burespro.com\/wp-content\/uploads\/2020\/03\/Kelamix_Mn.png","width":1200,"height":666},{"@type":"BreadcrumbList","@id":"https:\/\/www.burespro.com\/fr\/product\/kelamix-mn\/#breadcrumb","itemListElement":[{"@type":"ListItem","position":1,"name":"Inici","item":"https:\/\/www.burespro.com\/fr\/"},{"@type":"ListItem","position":2,"name":"Boutique","item":"https:\/\/www.burespro.com\/fr\/substrats-engrais\/"},{"@type":"ListItem","position":3,"name":"KELAMIX Mn"}]},{"@type":"WebSite","@id":"https:\/\/www.burespro.com\/#website","url":"https:\/\/www.burespro.com\/","name":"Bur\u00e9s Profesional","description":"Fabricants de terres, substrats de cultiu, fertilitzants i adobs org\u00e0nics","potentialAction":[{"@type":"SearchAction","target":{"@type":"EntryPoint","urlTemplate":"https:\/\/www.burespro.com\/?s={search_term_string}"},"query-input":{"@type":"PropertyValueSpecification","valueRequired":true,"valueName":"search_term_string"}}],"inLanguage":"fr-FR"}]}},"_links":{"self":[{"href":"https:\/\/www.burespro.com\/fr\/wp-json\/wp\/v2\/product\/9877","targetHints":{"allow":["GET"]}}],"collection":[{"href":"https:\/\/www.burespro.com\/fr\/wp-json\/wp\/v2\/product"}],"about":[{"href":"https:\/\/www.burespro.com\/fr\/wp-json\/wp\/v2\/types\/product"}],"replies":[{"embeddable":true,"href":"https:\/\/www.burespro.com\/fr\/wp-json\/wp\/v2\/comments?post=9877"}],"wp:featuredmedia":[{"embeddable":true,"href":"https:\/\/www.burespro.com\/fr\/wp-json\/wp\/v2\/media\/15457"}],"wp:attachment":[{"href":"https:\/\/www.burespro.com\/fr\/wp-json\/wp\/v2\/media?parent=9877"}],"wp:term":[{"taxonomy":"product_brand","embeddable":true,"href":"https:\/\/www.burespro.com\/fr\/wp-json\/wp\/v2\/product_brand?post=9877"},{"taxonomy":"product_cat","embeddable":true,"href":"https:\/\/www.burespro.com\/fr\/wp-json\/wp\/v2\/product_cat?post=9877"},{"taxonomy":"product_tag","embeddable":true,"href":"https:\/\/www.burespro.com\/fr\/wp-json\/wp\/v2\/product_tag?post=9877"},{"taxonomy":"sectores","embeddable":true,"href":"https:\/\/www.burespro.com\/fr\/wp-json\/wp\/v2\/sectores?post=9877"}],"curies":[{"name":"wp","href":"https:\/\/api.w.org\/{rel}","templated":true}]}}