{"id":9871,"date":"2020-03-10T14:34:12","date_gmt":"2020-03-10T15:37:00","guid":{"rendered":"https:\/\/burespro.neorgvirtual.com\/product\/gravier-de-marbre-vert-sombre\/"},"modified":"2020-04-07T08:57:38","modified_gmt":"2020-04-07T06:57:38","slug":"gravier-de-marbre-vert-sombre","status":"publish","type":"product","link":"https:\/\/www.burespro.com\/fr\/product\/gravier-de-marbre-vert-sombre\/","title":{"rendered":"GRAVIER DE MARBRE VERT SOMBR\u00c9"},"content":{"rendered":"<p>Les Bur\u00e9s Marmolinas sont des pierres de marbre naturelles \u00e0 bords vifs adapt\u00e9es \u00e0 la d\u00e9coration ext\u00e9rieure des jardins et des jardini\u00e8res. Ils peuvent \u00eatre utilis\u00e9s comme \u00e9l\u00e9ment de d\u00e9coration int\u00e9rieure.<\/p>\n<p>Pierre de marbre concass\u00e9e verte de 9-20 mm.<\/p>\n","protected":false},"excerpt":{"rendered":"<p>Les Bur\u00e9s Marmolinas sont des pierres de marbre naturelles \u00e0 bords vifs adapt\u00e9es \u00e0 la d\u00e9coration ext\u00e9rieure des jardins et des jardini\u00e8res. Ils peuvent \u00eatre utilis\u00e9s comme \u00e9l\u00e9ment de d\u00e9coration int\u00e9rieure. Pierre de marbre concass\u00e9e verte de 9-20 mm.<\/p>\n","protected":false},"featured_media":14752,"comment_status":"closed","ping_status":"closed","template":"","meta":{"_acf_changed":false,"inline_featured_image":false},"product_brand":[],"product_cat":[704,207],"product_tag":[671,506,531,528,558,561,567,564],"sectores":[367,368,369],"class_list":{"0":"post-9871","1":"product","2":"type-product","3":"status-publish","4":"has-post-thumbnail","6":"product_cat-agregats-et-pierres","7":"product_cat-decoration-pour-le-jardin","8":"product_tag-agregats","9":"product_tag-construction-de-jardin","10":"product_tag-decoratif-mineral","11":"product_tag-decoration-de-jardin","12":"product_tag-jardinage-de-gerone","13":"product_tag-jardinage-professionnel","14":"product_tag-materiel-de-jardinage","15":"product_tag-materiel-de-jardinage-girona","16":"sectores-jardinage-professionnel-paysagisme","17":"sectores-administrations-publiques","18":"sectores-centres-de-jardinerie","20":"first","21":"instock","22":"product-type-simple"},"acf":[],"yoast_head":"<!-- This site is optimized with the Yoast SEO plugin v26.7 - https:\/\/yoast.com\/wordpress\/plugins\/seo\/ -->\n<title>GRAVIER DE MARBRE VERT SOMBR\u00c9 | Bur\u00e9s Profesional<\/title>\n<meta name=\"robots\" content=\"index, follow, max-snippet:-1, max-image-preview:large, max-video-preview:-1\" \/>\n<link rel=\"canonical\" href=\"https:\/\/www.burespro.com\/fr\/product\/gravier-de-marbre-vert-sombre\/\" \/>\n<meta property=\"og:locale\" content=\"fr_FR\" \/>\n<meta property=\"og:type\" content=\"article\" \/>\n<meta property=\"og:title\" content=\"GRAVIER DE MARBRE VERT SOMBR\u00c9 | Bur\u00e9s Profesional\" \/>\n<meta property=\"og:description\" content=\"Les Bur\u00e9s Marmolinas sont des pierres de marbre naturelles \u00e0 bords vifs adapt\u00e9es \u00e0 la d\u00e9coration ext\u00e9rieure des jardins et des jardini\u00e8res. Ils peuvent \u00eatre utilis\u00e9s comme \u00e9l\u00e9ment de d\u00e9coration int\u00e9rieure. Pierre de marbre concass\u00e9e verte de 9-20 mm.\" \/>\n<meta property=\"og:url\" content=\"https:\/\/www.burespro.com\/fr\/product\/gravier-de-marbre-vert-sombre\/\" \/>\n<meta property=\"og:site_name\" content=\"Bur\u00e9s Profesional\" \/>\n<meta property=\"article:publisher\" content=\"https:\/\/www.facebook.com\/buresprofesionalsa\" \/>\n<meta property=\"article:modified_time\" content=\"2020-04-07T06:57:38+00:00\" \/>\n<meta property=\"og:image\" content=\"https:\/\/www.burespro.com\/wp-content\/uploads\/2020\/03\/MARMOLINA-VERDE-12052-2-1.jpg\" \/>\n\t<meta property=\"og:image:width\" content=\"700\" \/>\n\t<meta property=\"og:image:height\" content=\"700\" \/>\n\t<meta property=\"og:image:type\" content=\"image\/jpeg\" \/>\n<meta name=\"twitter:card\" content=\"summary_large_image\" \/>\n<script type=\"application\/ld+json\" class=\"yoast-schema-graph\">{\"@context\":\"https:\/\/schema.org\",\"@graph\":[{\"@type\":\"WebPage\",\"@id\":\"https:\/\/www.burespro.com\/fr\/product\/gravier-de-marbre-vert-sombre\/\",\"url\":\"https:\/\/www.burespro.com\/fr\/product\/gravier-de-marbre-vert-sombre\/\",\"name\":\"GRAVIER DE MARBRE VERT SOMBR\u00c9 | Bur\u00e9s Profesional\",\"isPartOf\":{\"@id\":\"https:\/\/www.burespro.com\/#website\"},\"primaryImageOfPage\":{\"@id\":\"https:\/\/www.burespro.com\/fr\/product\/gravier-de-marbre-vert-sombre\/#primaryimage\"},\"image\":{\"@id\":\"https:\/\/www.burespro.com\/fr\/product\/gravier-de-marbre-vert-sombre\/#primaryimage\"},\"thumbnailUrl\":\"https:\/\/www.burespro.com\/wp-content\/uploads\/2020\/03\/MARMOLINA-VERDE-12052-2-1.jpg\",\"datePublished\":\"2020-03-10T15:37:00+00:00\",\"dateModified\":\"2020-04-07T06:57:38+00:00\",\"breadcrumb\":{\"@id\":\"https:\/\/www.burespro.com\/fr\/product\/gravier-de-marbre-vert-sombre\/#breadcrumb\"},\"inLanguage\":\"fr-FR\",\"potentialAction\":[{\"@type\":\"ReadAction\",\"target\":[\"https:\/\/www.burespro.com\/fr\/product\/gravier-de-marbre-vert-sombre\/\"]}]},{\"@type\":\"ImageObject\",\"inLanguage\":\"fr-FR\",\"@id\":\"https:\/\/www.burespro.com\/fr\/product\/gravier-de-marbre-vert-sombre\/#primaryimage\",\"url\":\"https:\/\/www.burespro.com\/wp-content\/uploads\/2020\/03\/MARMOLINA-VERDE-12052-2-1.jpg\",\"contentUrl\":\"https:\/\/www.burespro.com\/wp-content\/uploads\/2020\/03\/MARMOLINA-VERDE-12052-2-1.jpg\",\"width\":700,\"height\":700},{\"@type\":\"BreadcrumbList\",\"@id\":\"https:\/\/www.burespro.com\/fr\/product\/gravier-de-marbre-vert-sombre\/#breadcrumb\",\"itemListElement\":[{\"@type\":\"ListItem\",\"position\":1,\"name\":\"Inici\",\"item\":\"https:\/\/www.burespro.com\/fr\/\"},{\"@type\":\"ListItem\",\"position\":2,\"name\":\"Boutique\",\"item\":\"https:\/\/www.burespro.com\/fr\/substrats-engrais\/\"},{\"@type\":\"ListItem\",\"position\":3,\"name\":\"GRAVIER DE MARBRE VERT SOMBR\u00c9\"}]},{\"@type\":\"WebSite\",\"@id\":\"https:\/\/www.burespro.com\/#website\",\"url\":\"https:\/\/www.burespro.com\/\",\"name\":\"Bur\u00e9s Profesional\",\"description\":\"Fabricants de terres, substrats de cultiu, fertilitzants i adobs org\u00e0nics\",\"potentialAction\":[{\"@type\":\"SearchAction\",\"target\":{\"@type\":\"EntryPoint\",\"urlTemplate\":\"https:\/\/www.burespro.com\/?s={search_term_string}\"},\"query-input\":{\"@type\":\"PropertyValueSpecification\",\"valueRequired\":true,\"valueName\":\"search_term_string\"}}],\"inLanguage\":\"fr-FR\"}]}<\/script>\n<!-- \/ Yoast SEO plugin. -->","yoast_head_json":{"title":"GRAVIER DE MARBRE VERT SOMBR\u00c9 | Bur\u00e9s Profesional","robots":{"index":"index","follow":"follow","max-snippet":"max-snippet:-1","max-image-preview":"max-image-preview:large","max-video-preview":"max-video-preview:-1"},"canonical":"https:\/\/www.burespro.com\/fr\/product\/gravier-de-marbre-vert-sombre\/","og_locale":"fr_FR","og_type":"article","og_title":"GRAVIER DE MARBRE VERT SOMBR\u00c9 | Bur\u00e9s Profesional","og_description":"Les Bur\u00e9s Marmolinas sont des pierres de marbre naturelles \u00e0 bords vifs adapt\u00e9es \u00e0 la d\u00e9coration ext\u00e9rieure des jardins et des jardini\u00e8res. Ils peuvent \u00eatre utilis\u00e9s comme \u00e9l\u00e9ment de d\u00e9coration int\u00e9rieure. Pierre de marbre concass\u00e9e verte de 9-20 mm.","og_url":"https:\/\/www.burespro.com\/fr\/product\/gravier-de-marbre-vert-sombre\/","og_site_name":"Bur\u00e9s Profesional","article_publisher":"https:\/\/www.facebook.com\/buresprofesionalsa","article_modified_time":"2020-04-07T06:57:38+00:00","og_image":[{"width":700,"height":700,"url":"https:\/\/www.burespro.com\/wp-content\/uploads\/2020\/03\/MARMOLINA-VERDE-12052-2-1.jpg","type":"image\/jpeg"}],"twitter_card":"summary_large_image","schema":{"@context":"https:\/\/schema.org","@graph":[{"@type":"WebPage","@id":"https:\/\/www.burespro.com\/fr\/product\/gravier-de-marbre-vert-sombre\/","url":"https:\/\/www.burespro.com\/fr\/product\/gravier-de-marbre-vert-sombre\/","name":"GRAVIER DE MARBRE VERT SOMBR\u00c9 | Bur\u00e9s Profesional","isPartOf":{"@id":"https:\/\/www.burespro.com\/#website"},"primaryImageOfPage":{"@id":"https:\/\/www.burespro.com\/fr\/product\/gravier-de-marbre-vert-sombre\/#primaryimage"},"image":{"@id":"https:\/\/www.burespro.com\/fr\/product\/gravier-de-marbre-vert-sombre\/#primaryimage"},"thumbnailUrl":"https:\/\/www.burespro.com\/wp-content\/uploads\/2020\/03\/MARMOLINA-VERDE-12052-2-1.jpg","datePublished":"2020-03-10T15:37:00+00:00","dateModified":"2020-04-07T06:57:38+00:00","breadcrumb":{"@id":"https:\/\/www.burespro.com\/fr\/product\/gravier-de-marbre-vert-sombre\/#breadcrumb"},"inLanguage":"fr-FR","potentialAction":[{"@type":"ReadAction","target":["https:\/\/www.burespro.com\/fr\/product\/gravier-de-marbre-vert-sombre\/"]}]},{"@type":"ImageObject","inLanguage":"fr-FR","@id":"https:\/\/www.burespro.com\/fr\/product\/gravier-de-marbre-vert-sombre\/#primaryimage","url":"https:\/\/www.burespro.com\/wp-content\/uploads\/2020\/03\/MARMOLINA-VERDE-12052-2-1.jpg","contentUrl":"https:\/\/www.burespro.com\/wp-content\/uploads\/2020\/03\/MARMOLINA-VERDE-12052-2-1.jpg","width":700,"height":700},{"@type":"BreadcrumbList","@id":"https:\/\/www.burespro.com\/fr\/product\/gravier-de-marbre-vert-sombre\/#breadcrumb","itemListElement":[{"@type":"ListItem","position":1,"name":"Inici","item":"https:\/\/www.burespro.com\/fr\/"},{"@type":"ListItem","position":2,"name":"Boutique","item":"https:\/\/www.burespro.com\/fr\/substrats-engrais\/"},{"@type":"ListItem","position":3,"name":"GRAVIER DE MARBRE VERT SOMBR\u00c9"}]},{"@type":"WebSite","@id":"https:\/\/www.burespro.com\/#website","url":"https:\/\/www.burespro.com\/","name":"Bur\u00e9s Profesional","description":"Fabricants de terres, substrats de cultiu, fertilitzants i adobs org\u00e0nics","potentialAction":[{"@type":"SearchAction","target":{"@type":"EntryPoint","urlTemplate":"https:\/\/www.burespro.com\/?s={search_term_string}"},"query-input":{"@type":"PropertyValueSpecification","valueRequired":true,"valueName":"search_term_string"}}],"inLanguage":"fr-FR"}]}},"_links":{"self":[{"href":"https:\/\/www.burespro.com\/fr\/wp-json\/wp\/v2\/product\/9871","targetHints":{"allow":["GET"]}}],"collection":[{"href":"https:\/\/www.burespro.com\/fr\/wp-json\/wp\/v2\/product"}],"about":[{"href":"https:\/\/www.burespro.com\/fr\/wp-json\/wp\/v2\/types\/product"}],"replies":[{"embeddable":true,"href":"https:\/\/www.burespro.com\/fr\/wp-json\/wp\/v2\/comments?post=9871"}],"wp:featuredmedia":[{"embeddable":true,"href":"https:\/\/www.burespro.com\/fr\/wp-json\/wp\/v2\/media\/14752"}],"wp:attachment":[{"href":"https:\/\/www.burespro.com\/fr\/wp-json\/wp\/v2\/media?parent=9871"}],"wp:term":[{"taxonomy":"product_brand","embeddable":true,"href":"https:\/\/www.burespro.com\/fr\/wp-json\/wp\/v2\/product_brand?post=9871"},{"taxonomy":"product_cat","embeddable":true,"href":"https:\/\/www.burespro.com\/fr\/wp-json\/wp\/v2\/product_cat?post=9871"},{"taxonomy":"product_tag","embeddable":true,"href":"https:\/\/www.burespro.com\/fr\/wp-json\/wp\/v2\/product_tag?post=9871"},{"taxonomy":"sectores","embeddable":true,"href":"https:\/\/www.burespro.com\/fr\/wp-json\/wp\/v2\/sectores?post=9871"}],"curies":[{"name":"wp","href":"https:\/\/api.w.org\/{rel}","templated":true}]}}