{"id":9867,"date":"2020-03-10T14:34:12","date_gmt":"2020-03-10T15:37:00","guid":{"rendered":"https:\/\/burespro.neorgvirtual.com\/product\/gravier-de-marbre-blanche\/"},"modified":"2020-04-09T12:55:04","modified_gmt":"2020-04-09T10:55:04","slug":"gravier-de-marbre-blanche","status":"publish","type":"product","link":"https:\/\/www.burespro.com\/fr\/product\/gravier-de-marbre-blanche\/","title":{"rendered":"GRAVIER DE MARBRE BLANCHE"},"content":{"rendered":"<p>Les Bur\u00e9s Marmolinas sont des pierres de marbre naturelles \u00e0 bords vifs adapt\u00e9es \u00e0 la d\u00e9coration ext\u00e9rieure des jardins et des jardini\u00e8res. Ils peuvent \u00eatre utilis\u00e9s comme \u00e9l\u00e9ment de d\u00e9coration int\u00e9rieure.<\/p>\n<p>Marbre blanc gravier concass\u00e9 en raison de l&rsquo;ajout du colorant correspondant dans le processus de fabrication.<\/p>\n","protected":false},"excerpt":{"rendered":"<p>Les Bur\u00e9s Marmolinas sont des pierres de marbre naturelles \u00e0 bords vifs adapt\u00e9es \u00e0 la d\u00e9coration ext\u00e9rieure des jardins et des jardini\u00e8res. Ils peuvent \u00eatre utilis\u00e9s comme \u00e9l\u00e9ment de d\u00e9coration int\u00e9rieure. Marbre blanc gravier concass\u00e9 en raison de l&rsquo;ajout du colorant correspondant dans le processus de fabrication.<\/p>\n","protected":false},"featured_media":14828,"comment_status":"closed","ping_status":"closed","template":"","meta":{"_acf_changed":false,"inline_featured_image":false},"product_brand":[],"product_cat":[704,207],"product_tag":[671,506,531,528,558,561,567,564],"sectores":[367,372,368,369],"class_list":{"0":"post-9867","1":"product","2":"type-product","3":"status-publish","4":"has-post-thumbnail","6":"product_cat-agregats-et-pierres","7":"product_cat-decoration-pour-le-jardin","8":"product_tag-agregats","9":"product_tag-construction-de-jardin","10":"product_tag-decoratif-mineral","11":"product_tag-decoration-de-jardin","12":"product_tag-jardinage-de-gerone","13":"product_tag-jardinage-professionnel","14":"product_tag-materiel-de-jardinage","15":"product_tag-materiel-de-jardinage-girona","16":"sectores-jardinage-professionnel-paysagisme","17":"sectores-genieux-publiques-et-civiles","18":"sectores-administrations-publiques","19":"sectores-centres-de-jardinerie","21":"first","22":"instock","23":"product-type-simple"},"acf":[],"yoast_head":"<!-- This site is optimized with the Yoast SEO plugin v26.7 - https:\/\/yoast.com\/wordpress\/plugins\/seo\/ -->\n<title>GRAVIER DE MARBRE BLANCHE | Bur\u00e9s Profesional<\/title>\n<meta name=\"robots\" content=\"index, follow, max-snippet:-1, max-image-preview:large, max-video-preview:-1\" \/>\n<link rel=\"canonical\" href=\"https:\/\/www.burespro.com\/fr\/product\/gravier-de-marbre-blanche\/\" \/>\n<meta property=\"og:locale\" content=\"fr_FR\" \/>\n<meta property=\"og:type\" content=\"article\" \/>\n<meta property=\"og:title\" content=\"GRAVIER DE MARBRE BLANCHE | Bur\u00e9s Profesional\" \/>\n<meta property=\"og:description\" content=\"Les Bur\u00e9s Marmolinas sont des pierres de marbre naturelles \u00e0 bords vifs adapt\u00e9es \u00e0 la d\u00e9coration ext\u00e9rieure des jardins et des jardini\u00e8res. Ils peuvent \u00eatre utilis\u00e9s comme \u00e9l\u00e9ment de d\u00e9coration int\u00e9rieure. Marbre blanc gravier concass\u00e9 en raison de l&rsquo;ajout du colorant correspondant dans le processus de fabrication.\" \/>\n<meta property=\"og:url\" content=\"https:\/\/www.burespro.com\/fr\/product\/gravier-de-marbre-blanche\/\" \/>\n<meta property=\"og:site_name\" content=\"Bur\u00e9s Profesional\" \/>\n<meta property=\"article:publisher\" content=\"https:\/\/www.facebook.com\/buresprofesionalsa\" \/>\n<meta property=\"article:modified_time\" content=\"2020-04-09T10:55:04+00:00\" \/>\n<meta property=\"og:image\" content=\"https:\/\/www.burespro.com\/wp-content\/uploads\/2020\/03\/marmolina-blanca.jpg\" \/>\n\t<meta property=\"og:image:width\" content=\"600\" \/>\n\t<meta property=\"og:image:height\" content=\"600\" \/>\n\t<meta property=\"og:image:type\" content=\"image\/jpeg\" \/>\n<meta name=\"twitter:card\" content=\"summary_large_image\" \/>\n<script type=\"application\/ld+json\" class=\"yoast-schema-graph\">{\"@context\":\"https:\/\/schema.org\",\"@graph\":[{\"@type\":\"WebPage\",\"@id\":\"https:\/\/www.burespro.com\/fr\/product\/gravier-de-marbre-blanche\/\",\"url\":\"https:\/\/www.burespro.com\/fr\/product\/gravier-de-marbre-blanche\/\",\"name\":\"GRAVIER DE MARBRE BLANCHE | Bur\u00e9s Profesional\",\"isPartOf\":{\"@id\":\"https:\/\/www.burespro.com\/#website\"},\"primaryImageOfPage\":{\"@id\":\"https:\/\/www.burespro.com\/fr\/product\/gravier-de-marbre-blanche\/#primaryimage\"},\"image\":{\"@id\":\"https:\/\/www.burespro.com\/fr\/product\/gravier-de-marbre-blanche\/#primaryimage\"},\"thumbnailUrl\":\"https:\/\/www.burespro.com\/wp-content\/uploads\/2020\/03\/marmolina-blanca.jpg\",\"datePublished\":\"2020-03-10T15:37:00+00:00\",\"dateModified\":\"2020-04-09T10:55:04+00:00\",\"breadcrumb\":{\"@id\":\"https:\/\/www.burespro.com\/fr\/product\/gravier-de-marbre-blanche\/#breadcrumb\"},\"inLanguage\":\"fr-FR\",\"potentialAction\":[{\"@type\":\"ReadAction\",\"target\":[\"https:\/\/www.burespro.com\/fr\/product\/gravier-de-marbre-blanche\/\"]}]},{\"@type\":\"ImageObject\",\"inLanguage\":\"fr-FR\",\"@id\":\"https:\/\/www.burespro.com\/fr\/product\/gravier-de-marbre-blanche\/#primaryimage\",\"url\":\"https:\/\/www.burespro.com\/wp-content\/uploads\/2020\/03\/marmolina-blanca.jpg\",\"contentUrl\":\"https:\/\/www.burespro.com\/wp-content\/uploads\/2020\/03\/marmolina-blanca.jpg\",\"width\":600,\"height\":600},{\"@type\":\"BreadcrumbList\",\"@id\":\"https:\/\/www.burespro.com\/fr\/product\/gravier-de-marbre-blanche\/#breadcrumb\",\"itemListElement\":[{\"@type\":\"ListItem\",\"position\":1,\"name\":\"Inici\",\"item\":\"https:\/\/www.burespro.com\/fr\/\"},{\"@type\":\"ListItem\",\"position\":2,\"name\":\"Boutique\",\"item\":\"https:\/\/www.burespro.com\/fr\/substrats-engrais\/\"},{\"@type\":\"ListItem\",\"position\":3,\"name\":\"GRAVIER DE MARBRE BLANCHE\"}]},{\"@type\":\"WebSite\",\"@id\":\"https:\/\/www.burespro.com\/#website\",\"url\":\"https:\/\/www.burespro.com\/\",\"name\":\"Bur\u00e9s Profesional\",\"description\":\"Fabricants de terres, substrats de cultiu, fertilitzants i adobs org\u00e0nics\",\"potentialAction\":[{\"@type\":\"SearchAction\",\"target\":{\"@type\":\"EntryPoint\",\"urlTemplate\":\"https:\/\/www.burespro.com\/?s={search_term_string}\"},\"query-input\":{\"@type\":\"PropertyValueSpecification\",\"valueRequired\":true,\"valueName\":\"search_term_string\"}}],\"inLanguage\":\"fr-FR\"}]}<\/script>\n<!-- \/ Yoast SEO plugin. -->","yoast_head_json":{"title":"GRAVIER DE MARBRE BLANCHE | Bur\u00e9s Profesional","robots":{"index":"index","follow":"follow","max-snippet":"max-snippet:-1","max-image-preview":"max-image-preview:large","max-video-preview":"max-video-preview:-1"},"canonical":"https:\/\/www.burespro.com\/fr\/product\/gravier-de-marbre-blanche\/","og_locale":"fr_FR","og_type":"article","og_title":"GRAVIER DE MARBRE BLANCHE | Bur\u00e9s Profesional","og_description":"Les Bur\u00e9s Marmolinas sont des pierres de marbre naturelles \u00e0 bords vifs adapt\u00e9es \u00e0 la d\u00e9coration ext\u00e9rieure des jardins et des jardini\u00e8res. Ils peuvent \u00eatre utilis\u00e9s comme \u00e9l\u00e9ment de d\u00e9coration int\u00e9rieure. Marbre blanc gravier concass\u00e9 en raison de l&rsquo;ajout du colorant correspondant dans le processus de fabrication.","og_url":"https:\/\/www.burespro.com\/fr\/product\/gravier-de-marbre-blanche\/","og_site_name":"Bur\u00e9s Profesional","article_publisher":"https:\/\/www.facebook.com\/buresprofesionalsa","article_modified_time":"2020-04-09T10:55:04+00:00","og_image":[{"width":600,"height":600,"url":"https:\/\/www.burespro.com\/wp-content\/uploads\/2020\/03\/marmolina-blanca.jpg","type":"image\/jpeg"}],"twitter_card":"summary_large_image","schema":{"@context":"https:\/\/schema.org","@graph":[{"@type":"WebPage","@id":"https:\/\/www.burespro.com\/fr\/product\/gravier-de-marbre-blanche\/","url":"https:\/\/www.burespro.com\/fr\/product\/gravier-de-marbre-blanche\/","name":"GRAVIER DE MARBRE BLANCHE | Bur\u00e9s Profesional","isPartOf":{"@id":"https:\/\/www.burespro.com\/#website"},"primaryImageOfPage":{"@id":"https:\/\/www.burespro.com\/fr\/product\/gravier-de-marbre-blanche\/#primaryimage"},"image":{"@id":"https:\/\/www.burespro.com\/fr\/product\/gravier-de-marbre-blanche\/#primaryimage"},"thumbnailUrl":"https:\/\/www.burespro.com\/wp-content\/uploads\/2020\/03\/marmolina-blanca.jpg","datePublished":"2020-03-10T15:37:00+00:00","dateModified":"2020-04-09T10:55:04+00:00","breadcrumb":{"@id":"https:\/\/www.burespro.com\/fr\/product\/gravier-de-marbre-blanche\/#breadcrumb"},"inLanguage":"fr-FR","potentialAction":[{"@type":"ReadAction","target":["https:\/\/www.burespro.com\/fr\/product\/gravier-de-marbre-blanche\/"]}]},{"@type":"ImageObject","inLanguage":"fr-FR","@id":"https:\/\/www.burespro.com\/fr\/product\/gravier-de-marbre-blanche\/#primaryimage","url":"https:\/\/www.burespro.com\/wp-content\/uploads\/2020\/03\/marmolina-blanca.jpg","contentUrl":"https:\/\/www.burespro.com\/wp-content\/uploads\/2020\/03\/marmolina-blanca.jpg","width":600,"height":600},{"@type":"BreadcrumbList","@id":"https:\/\/www.burespro.com\/fr\/product\/gravier-de-marbre-blanche\/#breadcrumb","itemListElement":[{"@type":"ListItem","position":1,"name":"Inici","item":"https:\/\/www.burespro.com\/fr\/"},{"@type":"ListItem","position":2,"name":"Boutique","item":"https:\/\/www.burespro.com\/fr\/substrats-engrais\/"},{"@type":"ListItem","position":3,"name":"GRAVIER DE MARBRE BLANCHE"}]},{"@type":"WebSite","@id":"https:\/\/www.burespro.com\/#website","url":"https:\/\/www.burespro.com\/","name":"Bur\u00e9s Profesional","description":"Fabricants de terres, substrats de cultiu, fertilitzants i adobs org\u00e0nics","potentialAction":[{"@type":"SearchAction","target":{"@type":"EntryPoint","urlTemplate":"https:\/\/www.burespro.com\/?s={search_term_string}"},"query-input":{"@type":"PropertyValueSpecification","valueRequired":true,"valueName":"search_term_string"}}],"inLanguage":"fr-FR"}]}},"_links":{"self":[{"href":"https:\/\/www.burespro.com\/fr\/wp-json\/wp\/v2\/product\/9867","targetHints":{"allow":["GET"]}}],"collection":[{"href":"https:\/\/www.burespro.com\/fr\/wp-json\/wp\/v2\/product"}],"about":[{"href":"https:\/\/www.burespro.com\/fr\/wp-json\/wp\/v2\/types\/product"}],"replies":[{"embeddable":true,"href":"https:\/\/www.burespro.com\/fr\/wp-json\/wp\/v2\/comments?post=9867"}],"wp:featuredmedia":[{"embeddable":true,"href":"https:\/\/www.burespro.com\/fr\/wp-json\/wp\/v2\/media\/14828"}],"wp:attachment":[{"href":"https:\/\/www.burespro.com\/fr\/wp-json\/wp\/v2\/media?parent=9867"}],"wp:term":[{"taxonomy":"product_brand","embeddable":true,"href":"https:\/\/www.burespro.com\/fr\/wp-json\/wp\/v2\/product_brand?post=9867"},{"taxonomy":"product_cat","embeddable":true,"href":"https:\/\/www.burespro.com\/fr\/wp-json\/wp\/v2\/product_cat?post=9867"},{"taxonomy":"product_tag","embeddable":true,"href":"https:\/\/www.burespro.com\/fr\/wp-json\/wp\/v2\/product_tag?post=9867"},{"taxonomy":"sectores","embeddable":true,"href":"https:\/\/www.burespro.com\/fr\/wp-json\/wp\/v2\/sectores?post=9867"}],"curies":[{"name":"wp","href":"https:\/\/api.w.org\/{rel}","templated":true}]}}