{"id":9861,"date":"2020-03-10T14:34:12","date_gmt":"2020-03-10T15:37:00","guid":{"rendered":"https:\/\/burespro.neorgvirtual.com\/product\/gazon-artificiel\/"},"modified":"2020-05-08T07:49:47","modified_gmt":"2020-05-08T05:49:47","slug":"gazon-artificiel","status":"publish","type":"product","link":"https:\/\/www.burespro.com\/fr\/product\/gazon-artificiel\/","title":{"rendered":"GAZON ARTIFICIEL"},"content":{"rendered":"<p>Gazon artificiel \u00e0 usage d\u00e9coratif et ornemental, d&rsquo;aspect, de texture et de toucher difficiles \u00e0 distinguer du gazon naturel.<\/p>\n<p>Gazon en fibre de poly\u00e9thyl\u00e8ne et de polypropyl\u00e8ne, additifs sp\u00e9cifiques qui le caract\u00e9risent pour sa haute r\u00e9sistance et son traitement anti-UVA, r\u00e9sistant \u00e0 la chaleur et aux variations climatiques extr\u00eames.<\/p>\n<ul>\n<li>Mat\u00e9riau poreux et perm\u00e9able (flux d&rsquo;eau et de gaz)<\/li>\n<li>Haute int\u00e9grabilit\u00e9 et continuit\u00e9 visuelle.<\/li>\n<li>Mati\u00e8re enti\u00e8rement recyclable en fin de vie.<\/li>\n<li>Fixation gratuite au sol.<\/li>\n<li>Possibilit\u00e9 de maintenir le sol naturel. Le substrat n&rsquo;est pas alt\u00e9r\u00e9 et il n&rsquo;est pas n\u00e9cessaire de modifier ou d&rsquo;alt\u00e9rer le support.<\/li>\n<\/ul>\n<p>Gr\u00e2ce \u00e0 sa structure (densit\u00e9 du fil ou de la fibre), il se comporte comme une surface vivante, retrouvant sa position d&rsquo;origine apr\u00e8s avoir \u00e9t\u00e9 pi\u00e9tin\u00e9 (effet m\u00e9moire ou capacit\u00e9 de r\u00e9cup\u00e9ration).<\/p>\n<p>Ses qualit\u00e9s techniques garantissent un aspect esth\u00e9tique totalement similaire au gazon naturel, une installation simple et rapide, un entretien minimal.<\/p>\n<p>Son installation est simple car elle int\u00e8gre un remplissage (curl). Pour am\u00e9liorer la sensation de confort et amortir les \u00e9carts de temp\u00e9rature sur le mat\u00e9riau, il est conseill\u00e9 d&rsquo;incorporer du sable de silice \u00e0 raison de 5 kg \/ m2.<\/p>\n<p>Le gazon synth\u00e9tique BUR\u00c9S est une alternative au gazon naturel. C&rsquo;est la solution id\u00e9ale pour garder l&rsquo;herbe toujours verte, m\u00eame dans les zones o\u00f9 le soleil vient \u00e0 peine ou o\u00f9 il y a trop d&rsquo;humidit\u00e9.<\/p>\n","protected":false},"excerpt":{"rendered":"<p>Gazon artificiel \u00e0 usage d\u00e9coratif et ornemental, d&rsquo;aspect, de texture et de toucher difficiles \u00e0 distinguer du gazon naturel. Gazon en fibre de poly\u00e9thyl\u00e8ne et de polypropyl\u00e8ne, additifs sp\u00e9cifiques qui le caract\u00e9risent pour sa haute r\u00e9sistance et son traitement anti-UVA, r\u00e9sistant \u00e0 la chaleur et aux variations climatiques extr\u00eames. Mat\u00e9riau poreux et perm\u00e9able (flux d&rsquo;eau [&hellip;]<\/p>\n","protected":false},"featured_media":1072,"comment_status":"closed","ping_status":"closed","template":"","meta":{"_acf_changed":false,"inline_featured_image":false},"product_brand":[],"product_cat":[193],"product_tag":[],"sectores":[367,368,374,369],"class_list":{"0":"post-9861","1":"product","2":"type-product","3":"status-publish","4":"has-post-thumbnail","6":"product_cat-gazon-artificiel","7":"sectores-jardinage-professionnel-paysagisme","8":"sectores-administrations-publiques","9":"sectores-terrains-de-sport-professionels","10":"sectores-centres-de-jardinerie","12":"first","13":"instock","14":"product-type-simple"},"acf":[],"yoast_head":"<!-- This site is optimized with the Yoast SEO plugin v26.7 - https:\/\/yoast.com\/wordpress\/plugins\/seo\/ -->\n<title>GAZON ARTIFICIEL | Bur\u00e9s Profesional<\/title>\n<meta name=\"robots\" content=\"index, follow, max-snippet:-1, max-image-preview:large, max-video-preview:-1\" \/>\n<link rel=\"canonical\" href=\"https:\/\/www.burespro.com\/fr\/product\/gazon-artificiel\/\" \/>\n<meta property=\"og:locale\" content=\"fr_FR\" \/>\n<meta property=\"og:type\" content=\"article\" \/>\n<meta property=\"og:title\" content=\"GAZON ARTIFICIEL | Bur\u00e9s Profesional\" \/>\n<meta property=\"og:description\" content=\"Gazon artificiel \u00e0 usage d\u00e9coratif et ornemental, d&rsquo;aspect, de texture et de toucher difficiles \u00e0 distinguer du gazon naturel. Gazon en fibre de poly\u00e9thyl\u00e8ne et de polypropyl\u00e8ne, additifs sp\u00e9cifiques qui le caract\u00e9risent pour sa haute r\u00e9sistance et son traitement anti-UVA, r\u00e9sistant \u00e0 la chaleur et aux variations climatiques extr\u00eames. Mat\u00e9riau poreux et perm\u00e9able (flux d&rsquo;eau [&hellip;]\" \/>\n<meta property=\"og:url\" content=\"https:\/\/www.burespro.com\/fr\/product\/gazon-artificiel\/\" \/>\n<meta property=\"og:site_name\" content=\"Bur\u00e9s Profesional\" \/>\n<meta property=\"article:publisher\" content=\"https:\/\/www.facebook.com\/buresprofesionalsa\" \/>\n<meta property=\"article:modified_time\" content=\"2020-05-08T05:49:47+00:00\" \/>\n<meta property=\"og:image\" content=\"https:\/\/www.burespro.com\/wp-content\/uploads\/2020\/01\/246_medium.jpg\" \/>\n\t<meta property=\"og:image:width\" content=\"599\" \/>\n\t<meta property=\"og:image:height\" content=\"600\" \/>\n\t<meta property=\"og:image:type\" content=\"image\/jpeg\" \/>\n<meta name=\"twitter:card\" content=\"summary_large_image\" \/>\n<meta name=\"twitter:label1\" content=\"Dur\u00e9e de lecture estim\u00e9e\" \/>\n\t<meta name=\"twitter:data1\" content=\"1 minute\" \/>\n<script type=\"application\/ld+json\" class=\"yoast-schema-graph\">{\"@context\":\"https:\/\/schema.org\",\"@graph\":[{\"@type\":\"WebPage\",\"@id\":\"https:\/\/www.burespro.com\/fr\/product\/gazon-artificiel\/\",\"url\":\"https:\/\/www.burespro.com\/fr\/product\/gazon-artificiel\/\",\"name\":\"GAZON ARTIFICIEL | Bur\u00e9s Profesional\",\"isPartOf\":{\"@id\":\"https:\/\/www.burespro.com\/#website\"},\"primaryImageOfPage\":{\"@id\":\"https:\/\/www.burespro.com\/fr\/product\/gazon-artificiel\/#primaryimage\"},\"image\":{\"@id\":\"https:\/\/www.burespro.com\/fr\/product\/gazon-artificiel\/#primaryimage\"},\"thumbnailUrl\":\"https:\/\/www.burespro.com\/wp-content\/uploads\/2020\/01\/246_medium.jpg\",\"datePublished\":\"2020-03-10T15:37:00+00:00\",\"dateModified\":\"2020-05-08T05:49:47+00:00\",\"breadcrumb\":{\"@id\":\"https:\/\/www.burespro.com\/fr\/product\/gazon-artificiel\/#breadcrumb\"},\"inLanguage\":\"fr-FR\",\"potentialAction\":[{\"@type\":\"ReadAction\",\"target\":[\"https:\/\/www.burespro.com\/fr\/product\/gazon-artificiel\/\"]}]},{\"@type\":\"ImageObject\",\"inLanguage\":\"fr-FR\",\"@id\":\"https:\/\/www.burespro.com\/fr\/product\/gazon-artificiel\/#primaryimage\",\"url\":\"https:\/\/www.burespro.com\/wp-content\/uploads\/2020\/01\/246_medium.jpg\",\"contentUrl\":\"https:\/\/www.burespro.com\/wp-content\/uploads\/2020\/01\/246_medium.jpg\",\"width\":599,\"height\":600},{\"@type\":\"BreadcrumbList\",\"@id\":\"https:\/\/www.burespro.com\/fr\/product\/gazon-artificiel\/#breadcrumb\",\"itemListElement\":[{\"@type\":\"ListItem\",\"position\":1,\"name\":\"Inici\",\"item\":\"https:\/\/www.burespro.com\/fr\/\"},{\"@type\":\"ListItem\",\"position\":2,\"name\":\"Boutique\",\"item\":\"https:\/\/www.burespro.com\/fr\/substrats-engrais\/\"},{\"@type\":\"ListItem\",\"position\":3,\"name\":\"GAZON ARTIFICIEL\"}]},{\"@type\":\"WebSite\",\"@id\":\"https:\/\/www.burespro.com\/#website\",\"url\":\"https:\/\/www.burespro.com\/\",\"name\":\"Bur\u00e9s Profesional\",\"description\":\"Fabricants de terres, substrats de cultiu, fertilitzants i adobs org\u00e0nics\",\"potentialAction\":[{\"@type\":\"SearchAction\",\"target\":{\"@type\":\"EntryPoint\",\"urlTemplate\":\"https:\/\/www.burespro.com\/?s={search_term_string}\"},\"query-input\":{\"@type\":\"PropertyValueSpecification\",\"valueRequired\":true,\"valueName\":\"search_term_string\"}}],\"inLanguage\":\"fr-FR\"}]}<\/script>\n<!-- \/ Yoast SEO plugin. -->","yoast_head_json":{"title":"GAZON ARTIFICIEL | Bur\u00e9s Profesional","robots":{"index":"index","follow":"follow","max-snippet":"max-snippet:-1","max-image-preview":"max-image-preview:large","max-video-preview":"max-video-preview:-1"},"canonical":"https:\/\/www.burespro.com\/fr\/product\/gazon-artificiel\/","og_locale":"fr_FR","og_type":"article","og_title":"GAZON ARTIFICIEL | Bur\u00e9s Profesional","og_description":"Gazon artificiel \u00e0 usage d\u00e9coratif et ornemental, d&rsquo;aspect, de texture et de toucher difficiles \u00e0 distinguer du gazon naturel. Gazon en fibre de poly\u00e9thyl\u00e8ne et de polypropyl\u00e8ne, additifs sp\u00e9cifiques qui le caract\u00e9risent pour sa haute r\u00e9sistance et son traitement anti-UVA, r\u00e9sistant \u00e0 la chaleur et aux variations climatiques extr\u00eames. Mat\u00e9riau poreux et perm\u00e9able (flux d&rsquo;eau [&hellip;]","og_url":"https:\/\/www.burespro.com\/fr\/product\/gazon-artificiel\/","og_site_name":"Bur\u00e9s Profesional","article_publisher":"https:\/\/www.facebook.com\/buresprofesionalsa","article_modified_time":"2020-05-08T05:49:47+00:00","og_image":[{"width":599,"height":600,"url":"https:\/\/www.burespro.com\/wp-content\/uploads\/2020\/01\/246_medium.jpg","type":"image\/jpeg"}],"twitter_card":"summary_large_image","twitter_misc":{"Dur\u00e9e de lecture estim\u00e9e":"1 minute"},"schema":{"@context":"https:\/\/schema.org","@graph":[{"@type":"WebPage","@id":"https:\/\/www.burespro.com\/fr\/product\/gazon-artificiel\/","url":"https:\/\/www.burespro.com\/fr\/product\/gazon-artificiel\/","name":"GAZON ARTIFICIEL | Bur\u00e9s Profesional","isPartOf":{"@id":"https:\/\/www.burespro.com\/#website"},"primaryImageOfPage":{"@id":"https:\/\/www.burespro.com\/fr\/product\/gazon-artificiel\/#primaryimage"},"image":{"@id":"https:\/\/www.burespro.com\/fr\/product\/gazon-artificiel\/#primaryimage"},"thumbnailUrl":"https:\/\/www.burespro.com\/wp-content\/uploads\/2020\/01\/246_medium.jpg","datePublished":"2020-03-10T15:37:00+00:00","dateModified":"2020-05-08T05:49:47+00:00","breadcrumb":{"@id":"https:\/\/www.burespro.com\/fr\/product\/gazon-artificiel\/#breadcrumb"},"inLanguage":"fr-FR","potentialAction":[{"@type":"ReadAction","target":["https:\/\/www.burespro.com\/fr\/product\/gazon-artificiel\/"]}]},{"@type":"ImageObject","inLanguage":"fr-FR","@id":"https:\/\/www.burespro.com\/fr\/product\/gazon-artificiel\/#primaryimage","url":"https:\/\/www.burespro.com\/wp-content\/uploads\/2020\/01\/246_medium.jpg","contentUrl":"https:\/\/www.burespro.com\/wp-content\/uploads\/2020\/01\/246_medium.jpg","width":599,"height":600},{"@type":"BreadcrumbList","@id":"https:\/\/www.burespro.com\/fr\/product\/gazon-artificiel\/#breadcrumb","itemListElement":[{"@type":"ListItem","position":1,"name":"Inici","item":"https:\/\/www.burespro.com\/fr\/"},{"@type":"ListItem","position":2,"name":"Boutique","item":"https:\/\/www.burespro.com\/fr\/substrats-engrais\/"},{"@type":"ListItem","position":3,"name":"GAZON ARTIFICIEL"}]},{"@type":"WebSite","@id":"https:\/\/www.burespro.com\/#website","url":"https:\/\/www.burespro.com\/","name":"Bur\u00e9s Profesional","description":"Fabricants de terres, substrats de cultiu, fertilitzants i adobs org\u00e0nics","potentialAction":[{"@type":"SearchAction","target":{"@type":"EntryPoint","urlTemplate":"https:\/\/www.burespro.com\/?s={search_term_string}"},"query-input":{"@type":"PropertyValueSpecification","valueRequired":true,"valueName":"search_term_string"}}],"inLanguage":"fr-FR"}]}},"_links":{"self":[{"href":"https:\/\/www.burespro.com\/fr\/wp-json\/wp\/v2\/product\/9861","targetHints":{"allow":["GET"]}}],"collection":[{"href":"https:\/\/www.burespro.com\/fr\/wp-json\/wp\/v2\/product"}],"about":[{"href":"https:\/\/www.burespro.com\/fr\/wp-json\/wp\/v2\/types\/product"}],"replies":[{"embeddable":true,"href":"https:\/\/www.burespro.com\/fr\/wp-json\/wp\/v2\/comments?post=9861"}],"wp:featuredmedia":[{"embeddable":true,"href":"https:\/\/www.burespro.com\/fr\/wp-json\/wp\/v2\/media\/1072"}],"wp:attachment":[{"href":"https:\/\/www.burespro.com\/fr\/wp-json\/wp\/v2\/media?parent=9861"}],"wp:term":[{"taxonomy":"product_brand","embeddable":true,"href":"https:\/\/www.burespro.com\/fr\/wp-json\/wp\/v2\/product_brand?post=9861"},{"taxonomy":"product_cat","embeddable":true,"href":"https:\/\/www.burespro.com\/fr\/wp-json\/wp\/v2\/product_cat?post=9861"},{"taxonomy":"product_tag","embeddable":true,"href":"https:\/\/www.burespro.com\/fr\/wp-json\/wp\/v2\/product_tag?post=9861"},{"taxonomy":"sectores","embeddable":true,"href":"https:\/\/www.burespro.com\/fr\/wp-json\/wp\/v2\/sectores?post=9861"}],"curies":[{"name":"wp","href":"https:\/\/api.w.org\/{rel}","templated":true}]}}