{"id":9854,"date":"2020-03-10T14:34:12","date_gmt":"2020-03-10T15:37:00","guid":{"rendered":"https:\/\/burespro.neorgvirtual.com\/product\/forton\/"},"modified":"2020-03-11T11:57:03","modified_gmt":"2020-03-11T11:57:03","slug":"forton","status":"publish","type":"product","link":"https:\/\/www.burespro.com\/fr\/product\/forton\/","title":{"rendered":"FORTON"},"content":{"rendered":"<p>FORTON est un NPK engrais organique 2,0-2,1-2,5 obtenues exclusivement \u00e0 partir du compost v\u00e9g\u00e9tal avec bouse de vache. Il apporte une richesse de grands macronutriments comme le phosphore (P) et le potassium (K) et de micronutriments Son origine organique am\u00e9liore les propri\u00e9t\u00e9s du sol, donnant la porosit\u00e9 des sols argileux et les sols sableux se d\u00e9sint\u00e9grant.<\/p>\n<p>CARACT\u00c9RISTIQUES:<br \/>\n\u00catre un compos\u00e9 organique de la mati\u00e8re animale, acquiert une grande richesse en acides humiques et fulviques.<br \/>\nL&rsquo;application de l&rsquo;\u00e9change organique mat\u00e9riau cationique favorise donc l&rsquo;assimilation des nutriments par la plante.<br \/>\nSa forte concentration de phosphore (P) et le potassium (K) fournit la plante avec la facilit\u00e9 de la croissance naturelle. Ces \u00e9l\u00e9ments sont impliqu\u00e9s dans de nombreux processus cellulaires de plantes, et agissent dans la d\u00e9composition de mati\u00e8re organique du sol.<\/p>\n<p>APPLICATION:<br \/>\nLe produit peut \u00eatre appliqu\u00e9 comme pansement ou couverture de base. Elle peut \u00e9galement \u00eatre appliqu\u00e9e localement dans les cultures ligneuses.<\/p>\n<p>PRESENTATION:<br \/>\nAvec des formes de poudre et de granul\u00e9s, il peut \u00eatre appliqu\u00e9 de diverses mani\u00e8res. La forme de poudre permet balayage tracteur et le format de granul\u00e9s permet une application localis\u00e9e.<\/p>\n<p>FORTON est un engrais inscrit dans le registre des engrais avec le num\u00e9ro de dossier F0002996 \/ 2027, selon le d\u00e9cret royal 506\/2013 de produits d&rsquo;engrais.<\/p>\n<p>Distributeurs dans toute l&rsquo;Espagne.\t\t<BR><\/p>\n","protected":false},"excerpt":{"rendered":"<p>FORTON est un NPK engrais organique 2,0-2,1-2,5 obtenues exclusivement \u00e0 partir du compost v\u00e9g\u00e9tal avec bouse de vache. Il apporte une richesse de grands macronutriments comme le phosphore (P) et le potassium (K) et de micronutriments Son origine organique am\u00e9liore les propri\u00e9t\u00e9s du sol, donnant la porosit\u00e9 des sols argileux et les sols sableux se [&hellip;]<\/p>\n","protected":false},"featured_media":15376,"comment_status":"closed","ping_status":"closed","template":"","meta":{"_acf_changed":false,"inline_featured_image":false},"product_brand":[],"product_cat":[204],"product_tag":[443,624,446,452,552],"sectores":[364,371,419,421],"class_list":{"0":"post-9854","1":"product","2":"type-product","3":"status-publish","4":"has-post-thumbnail","6":"product_cat-engrais-organiques","7":"product_tag-abotrans-fr","8":"product_tag-agriculture","9":"product_tag-biorcamp-fr","10":"product_tag-bures-profesional-fr","11":"product_tag-engrais-pour-lagriculture","12":"sectores-pepiniere","13":"sectores-fructiculture-et-horticulture","14":"sectores-floriculture-fr","15":"sectores-viticulture-fr","17":"first","18":"instock","19":"product-type-simple"},"acf":[],"yoast_head":"<!-- This site is optimized with the Yoast SEO plugin v26.7 - https:\/\/yoast.com\/wordpress\/plugins\/seo\/ -->\n<title>FORTON | Bur\u00e9s Profesional<\/title>\n<meta name=\"robots\" content=\"index, follow, max-snippet:-1, max-image-preview:large, max-video-preview:-1\" \/>\n<link rel=\"canonical\" href=\"https:\/\/www.burespro.com\/fr\/product\/forton\/\" \/>\n<meta property=\"og:locale\" content=\"fr_FR\" \/>\n<meta property=\"og:type\" content=\"article\" \/>\n<meta property=\"og:title\" content=\"FORTON | Bur\u00e9s Profesional\" \/>\n<meta property=\"og:description\" content=\"FORTON est un NPK engrais organique 2,0-2,1-2,5 obtenues exclusivement \u00e0 partir du compost v\u00e9g\u00e9tal avec bouse de vache. Il apporte une richesse de grands macronutriments comme le phosphore (P) et le potassium (K) et de micronutriments Son origine organique am\u00e9liore les propri\u00e9t\u00e9s du sol, donnant la porosit\u00e9 des sols argileux et les sols sableux se [&hellip;]\" \/>\n<meta property=\"og:url\" content=\"https:\/\/www.burespro.com\/fr\/product\/forton\/\" \/>\n<meta property=\"og:site_name\" content=\"Bur\u00e9s Profesional\" \/>\n<meta property=\"article:publisher\" content=\"https:\/\/www.facebook.com\/buresprofesionalsa\" \/>\n<meta property=\"article:modified_time\" content=\"2020-03-11T11:57:03+00:00\" \/>\n<meta property=\"og:image\" content=\"https:\/\/www.burespro.com\/wp-content\/uploads\/2020\/03\/FORTON.png\" \/>\n\t<meta property=\"og:image:width\" content=\"1200\" \/>\n\t<meta property=\"og:image:height\" content=\"666\" \/>\n\t<meta property=\"og:image:type\" content=\"image\/png\" \/>\n<meta name=\"twitter:card\" content=\"summary_large_image\" \/>\n<meta name=\"twitter:label1\" content=\"Dur\u00e9e de lecture estim\u00e9e\" \/>\n\t<meta name=\"twitter:data1\" content=\"1 minute\" \/>\n<script type=\"application\/ld+json\" class=\"yoast-schema-graph\">{\"@context\":\"https:\/\/schema.org\",\"@graph\":[{\"@type\":\"WebPage\",\"@id\":\"https:\/\/www.burespro.com\/fr\/product\/forton\/\",\"url\":\"https:\/\/www.burespro.com\/fr\/product\/forton\/\",\"name\":\"FORTON | Bur\u00e9s Profesional\",\"isPartOf\":{\"@id\":\"https:\/\/www.burespro.com\/#website\"},\"primaryImageOfPage\":{\"@id\":\"https:\/\/www.burespro.com\/fr\/product\/forton\/#primaryimage\"},\"image\":{\"@id\":\"https:\/\/www.burespro.com\/fr\/product\/forton\/#primaryimage\"},\"thumbnailUrl\":\"https:\/\/www.burespro.com\/wp-content\/uploads\/2020\/03\/FORTON.png\",\"datePublished\":\"2020-03-10T15:37:00+00:00\",\"dateModified\":\"2020-03-11T11:57:03+00:00\",\"breadcrumb\":{\"@id\":\"https:\/\/www.burespro.com\/fr\/product\/forton\/#breadcrumb\"},\"inLanguage\":\"fr-FR\",\"potentialAction\":[{\"@type\":\"ReadAction\",\"target\":[\"https:\/\/www.burespro.com\/fr\/product\/forton\/\"]}]},{\"@type\":\"ImageObject\",\"inLanguage\":\"fr-FR\",\"@id\":\"https:\/\/www.burespro.com\/fr\/product\/forton\/#primaryimage\",\"url\":\"https:\/\/www.burespro.com\/wp-content\/uploads\/2020\/03\/FORTON.png\",\"contentUrl\":\"https:\/\/www.burespro.com\/wp-content\/uploads\/2020\/03\/FORTON.png\",\"width\":1200,\"height\":666},{\"@type\":\"BreadcrumbList\",\"@id\":\"https:\/\/www.burespro.com\/fr\/product\/forton\/#breadcrumb\",\"itemListElement\":[{\"@type\":\"ListItem\",\"position\":1,\"name\":\"Inici\",\"item\":\"https:\/\/www.burespro.com\/fr\/\"},{\"@type\":\"ListItem\",\"position\":2,\"name\":\"Boutique\",\"item\":\"https:\/\/www.burespro.com\/fr\/substrats-engrais\/\"},{\"@type\":\"ListItem\",\"position\":3,\"name\":\"FORTON\"}]},{\"@type\":\"WebSite\",\"@id\":\"https:\/\/www.burespro.com\/#website\",\"url\":\"https:\/\/www.burespro.com\/\",\"name\":\"Bur\u00e9s Profesional\",\"description\":\"Fabricants de terres, substrats de cultiu, fertilitzants i adobs org\u00e0nics\",\"potentialAction\":[{\"@type\":\"SearchAction\",\"target\":{\"@type\":\"EntryPoint\",\"urlTemplate\":\"https:\/\/www.burespro.com\/?s={search_term_string}\"},\"query-input\":{\"@type\":\"PropertyValueSpecification\",\"valueRequired\":true,\"valueName\":\"search_term_string\"}}],\"inLanguage\":\"fr-FR\"}]}<\/script>\n<!-- \/ Yoast SEO plugin. -->","yoast_head_json":{"title":"FORTON | Bur\u00e9s Profesional","robots":{"index":"index","follow":"follow","max-snippet":"max-snippet:-1","max-image-preview":"max-image-preview:large","max-video-preview":"max-video-preview:-1"},"canonical":"https:\/\/www.burespro.com\/fr\/product\/forton\/","og_locale":"fr_FR","og_type":"article","og_title":"FORTON | Bur\u00e9s Profesional","og_description":"FORTON est un NPK engrais organique 2,0-2,1-2,5 obtenues exclusivement \u00e0 partir du compost v\u00e9g\u00e9tal avec bouse de vache. Il apporte une richesse de grands macronutriments comme le phosphore (P) et le potassium (K) et de micronutriments Son origine organique am\u00e9liore les propri\u00e9t\u00e9s du sol, donnant la porosit\u00e9 des sols argileux et les sols sableux se [&hellip;]","og_url":"https:\/\/www.burespro.com\/fr\/product\/forton\/","og_site_name":"Bur\u00e9s Profesional","article_publisher":"https:\/\/www.facebook.com\/buresprofesionalsa","article_modified_time":"2020-03-11T11:57:03+00:00","og_image":[{"width":1200,"height":666,"url":"https:\/\/www.burespro.com\/wp-content\/uploads\/2020\/03\/FORTON.png","type":"image\/png"}],"twitter_card":"summary_large_image","twitter_misc":{"Dur\u00e9e de lecture estim\u00e9e":"1 minute"},"schema":{"@context":"https:\/\/schema.org","@graph":[{"@type":"WebPage","@id":"https:\/\/www.burespro.com\/fr\/product\/forton\/","url":"https:\/\/www.burespro.com\/fr\/product\/forton\/","name":"FORTON | Bur\u00e9s Profesional","isPartOf":{"@id":"https:\/\/www.burespro.com\/#website"},"primaryImageOfPage":{"@id":"https:\/\/www.burespro.com\/fr\/product\/forton\/#primaryimage"},"image":{"@id":"https:\/\/www.burespro.com\/fr\/product\/forton\/#primaryimage"},"thumbnailUrl":"https:\/\/www.burespro.com\/wp-content\/uploads\/2020\/03\/FORTON.png","datePublished":"2020-03-10T15:37:00+00:00","dateModified":"2020-03-11T11:57:03+00:00","breadcrumb":{"@id":"https:\/\/www.burespro.com\/fr\/product\/forton\/#breadcrumb"},"inLanguage":"fr-FR","potentialAction":[{"@type":"ReadAction","target":["https:\/\/www.burespro.com\/fr\/product\/forton\/"]}]},{"@type":"ImageObject","inLanguage":"fr-FR","@id":"https:\/\/www.burespro.com\/fr\/product\/forton\/#primaryimage","url":"https:\/\/www.burespro.com\/wp-content\/uploads\/2020\/03\/FORTON.png","contentUrl":"https:\/\/www.burespro.com\/wp-content\/uploads\/2020\/03\/FORTON.png","width":1200,"height":666},{"@type":"BreadcrumbList","@id":"https:\/\/www.burespro.com\/fr\/product\/forton\/#breadcrumb","itemListElement":[{"@type":"ListItem","position":1,"name":"Inici","item":"https:\/\/www.burespro.com\/fr\/"},{"@type":"ListItem","position":2,"name":"Boutique","item":"https:\/\/www.burespro.com\/fr\/substrats-engrais\/"},{"@type":"ListItem","position":3,"name":"FORTON"}]},{"@type":"WebSite","@id":"https:\/\/www.burespro.com\/#website","url":"https:\/\/www.burespro.com\/","name":"Bur\u00e9s Profesional","description":"Fabricants de terres, substrats de cultiu, fertilitzants i adobs org\u00e0nics","potentialAction":[{"@type":"SearchAction","target":{"@type":"EntryPoint","urlTemplate":"https:\/\/www.burespro.com\/?s={search_term_string}"},"query-input":{"@type":"PropertyValueSpecification","valueRequired":true,"valueName":"search_term_string"}}],"inLanguage":"fr-FR"}]}},"_links":{"self":[{"href":"https:\/\/www.burespro.com\/fr\/wp-json\/wp\/v2\/product\/9854","targetHints":{"allow":["GET"]}}],"collection":[{"href":"https:\/\/www.burespro.com\/fr\/wp-json\/wp\/v2\/product"}],"about":[{"href":"https:\/\/www.burespro.com\/fr\/wp-json\/wp\/v2\/types\/product"}],"replies":[{"embeddable":true,"href":"https:\/\/www.burespro.com\/fr\/wp-json\/wp\/v2\/comments?post=9854"}],"wp:featuredmedia":[{"embeddable":true,"href":"https:\/\/www.burespro.com\/fr\/wp-json\/wp\/v2\/media\/15376"}],"wp:attachment":[{"href":"https:\/\/www.burespro.com\/fr\/wp-json\/wp\/v2\/media?parent=9854"}],"wp:term":[{"taxonomy":"product_brand","embeddable":true,"href":"https:\/\/www.burespro.com\/fr\/wp-json\/wp\/v2\/product_brand?post=9854"},{"taxonomy":"product_cat","embeddable":true,"href":"https:\/\/www.burespro.com\/fr\/wp-json\/wp\/v2\/product_cat?post=9854"},{"taxonomy":"product_tag","embeddable":true,"href":"https:\/\/www.burespro.com\/fr\/wp-json\/wp\/v2\/product_tag?post=9854"},{"taxonomy":"sectores","embeddable":true,"href":"https:\/\/www.burespro.com\/fr\/wp-json\/wp\/v2\/sectores?post=9854"}],"curies":[{"name":"wp","href":"https:\/\/api.w.org\/{rel}","templated":true}]}}