{"id":9847,"date":"2020-03-10T14:32:59","date_gmt":"2020-03-10T15:36:19","guid":{"rendered":"https:\/\/burespro.neorgvirtual.com\/product\/fertigreen-slow\/"},"modified":"2020-05-22T11:46:53","modified_gmt":"2020-05-22T09:46:53","slug":"fertigreen-slow","status":"publish","type":"product","link":"https:\/\/www.burespro.com\/fr\/product\/fertigreen-slow\/","title":{"rendered":"FERTIGREEN SLOW"},"content":{"rendered":"<p><strong>FertiGreen<\/strong> appartient \u00e0 la gamme d&rsquo;engrais pour pelouses et espaces verts de fraises professionnelles. Id\u00e9al pour les parcs et jardins, espaces verts, prairies, jardins publics, etc.<br \/>\nComme n&rsquo;importe quelle plante, la pelouse a besoin des apports corrects d&rsquo;azote, de phosphore et de potassium, ainsi que d&rsquo;autres micro\u00e9l\u00e9ments. Le manque de nutriments ou un mauvais ratio peut conduire \u00e0 la d\u00e9t\u00e9rioration de la pelouse.<\/p>\n<p>Engrais \u00e0 lib\u00e9ration lente ou <strong>FertiGreen<\/strong> lib\u00e9ration sont formul\u00e9s \u00e0 base d&rsquo;ur\u00e9e de m\u00e9thyl\u00e8ne et UFFLEX \u2122, un inhibiteur de nitrification urea.Aplicando fertilisation raisonn\u00e9e contribue \u00e0 la conservation de l&rsquo;environnement, ce qui \u00e9vite la contamination du sol. <strong>FertiGreen<\/strong>\u00a0optimise le flux des nutriments, en lib\u00e9rant dans la mesure appropri\u00e9e, en \u00e9vitant les pertes excessives par lavage, lessivage ou d\u00e9composition.<br \/>\nEn r\u00e8gle g\u00e9n\u00e9rale, les espaces verts ont besoin d&rsquo;une contribution NPK avec un ratio de 4-1-2.<\/p>\n","protected":false},"excerpt":{"rendered":"<p>FertiGreen appartient \u00e0 la gamme d&rsquo;engrais pour pelouses et espaces verts de fraises professionnelles. Id\u00e9al pour les parcs et jardins, espaces verts, prairies, jardins publics, etc. Comme n&rsquo;importe quelle plante, la pelouse a besoin des apports corrects d&rsquo;azote, de phosphore et de potassium, ainsi que d&rsquo;autres micro\u00e9l\u00e9ments. Le manque de nutriments ou un mauvais ratio [&hellip;]<\/p>\n","protected":false},"featured_media":15316,"comment_status":"closed","ping_status":"closed","template":"","meta":{"_acf_changed":false,"inline_featured_image":false},"product_brand":[],"product_cat":[198],"product_tag":[],"sectores":[364,367,368,374],"class_list":{"0":"post-9847","1":"product","2":"type-product","3":"status-publish","4":"has-post-thumbnail","6":"product_cat-engrais-mineral","7":"sectores-pepiniere","8":"sectores-jardinage-professionnel-paysagisme","9":"sectores-administrations-publiques","10":"sectores-terrains-de-sport-professionels","12":"first","13":"instock","14":"product-type-simple"},"acf":[],"yoast_head":"<!-- This site is optimized with the Yoast SEO plugin v26.7 - https:\/\/yoast.com\/wordpress\/plugins\/seo\/ -->\n<title>FERTIGREEN SLOW | Bur\u00e9s Profesional<\/title>\n<meta name=\"robots\" content=\"index, follow, max-snippet:-1, max-image-preview:large, max-video-preview:-1\" \/>\n<link rel=\"canonical\" href=\"https:\/\/www.burespro.com\/fr\/product\/fertigreen-slow\/\" \/>\n<meta property=\"og:locale\" content=\"fr_FR\" \/>\n<meta property=\"og:type\" content=\"article\" \/>\n<meta property=\"og:title\" content=\"FERTIGREEN SLOW | Bur\u00e9s Profesional\" \/>\n<meta property=\"og:description\" content=\"FertiGreen appartient \u00e0 la gamme d&rsquo;engrais pour pelouses et espaces verts de fraises professionnelles. Id\u00e9al pour les parcs et jardins, espaces verts, prairies, jardins publics, etc. Comme n&rsquo;importe quelle plante, la pelouse a besoin des apports corrects d&rsquo;azote, de phosphore et de potassium, ainsi que d&rsquo;autres micro\u00e9l\u00e9ments. Le manque de nutriments ou un mauvais ratio [&hellip;]\" \/>\n<meta property=\"og:url\" content=\"https:\/\/www.burespro.com\/fr\/product\/fertigreen-slow\/\" \/>\n<meta property=\"og:site_name\" content=\"Bur\u00e9s Profesional\" \/>\n<meta property=\"article:publisher\" content=\"https:\/\/www.facebook.com\/buresprofesionalsa\" \/>\n<meta property=\"article:modified_time\" content=\"2020-05-22T09:46:53+00:00\" \/>\n<meta property=\"og:image\" content=\"https:\/\/www.burespro.com\/wp-content\/uploads\/2020\/03\/fertigreen.1200x670.png\" \/>\n\t<meta property=\"og:image:width\" content=\"1200\" \/>\n\t<meta property=\"og:image:height\" content=\"666\" \/>\n\t<meta property=\"og:image:type\" content=\"image\/png\" \/>\n<meta name=\"twitter:card\" content=\"summary_large_image\" \/>\n<meta name=\"twitter:label1\" content=\"Dur\u00e9e de lecture estim\u00e9e\" \/>\n\t<meta name=\"twitter:data1\" content=\"1 minute\" \/>\n<script type=\"application\/ld+json\" class=\"yoast-schema-graph\">{\"@context\":\"https:\/\/schema.org\",\"@graph\":[{\"@type\":\"WebPage\",\"@id\":\"https:\/\/www.burespro.com\/fr\/product\/fertigreen-slow\/\",\"url\":\"https:\/\/www.burespro.com\/fr\/product\/fertigreen-slow\/\",\"name\":\"FERTIGREEN SLOW | Bur\u00e9s Profesional\",\"isPartOf\":{\"@id\":\"https:\/\/www.burespro.com\/#website\"},\"primaryImageOfPage\":{\"@id\":\"https:\/\/www.burespro.com\/fr\/product\/fertigreen-slow\/#primaryimage\"},\"image\":{\"@id\":\"https:\/\/www.burespro.com\/fr\/product\/fertigreen-slow\/#primaryimage\"},\"thumbnailUrl\":\"https:\/\/www.burespro.com\/wp-content\/uploads\/2020\/03\/fertigreen.1200x670.png\",\"datePublished\":\"2020-03-10T15:36:19+00:00\",\"dateModified\":\"2020-05-22T09:46:53+00:00\",\"breadcrumb\":{\"@id\":\"https:\/\/www.burespro.com\/fr\/product\/fertigreen-slow\/#breadcrumb\"},\"inLanguage\":\"fr-FR\",\"potentialAction\":[{\"@type\":\"ReadAction\",\"target\":[\"https:\/\/www.burespro.com\/fr\/product\/fertigreen-slow\/\"]}]},{\"@type\":\"ImageObject\",\"inLanguage\":\"fr-FR\",\"@id\":\"https:\/\/www.burespro.com\/fr\/product\/fertigreen-slow\/#primaryimage\",\"url\":\"https:\/\/www.burespro.com\/wp-content\/uploads\/2020\/03\/fertigreen.1200x670.png\",\"contentUrl\":\"https:\/\/www.burespro.com\/wp-content\/uploads\/2020\/03\/fertigreen.1200x670.png\",\"width\":1200,\"height\":666,\"caption\":\"FertiGreen\"},{\"@type\":\"BreadcrumbList\",\"@id\":\"https:\/\/www.burespro.com\/fr\/product\/fertigreen-slow\/#breadcrumb\",\"itemListElement\":[{\"@type\":\"ListItem\",\"position\":1,\"name\":\"Inici\",\"item\":\"https:\/\/www.burespro.com\/fr\/\"},{\"@type\":\"ListItem\",\"position\":2,\"name\":\"Boutique\",\"item\":\"https:\/\/www.burespro.com\/fr\/substrats-engrais\/\"},{\"@type\":\"ListItem\",\"position\":3,\"name\":\"FERTIGREEN SLOW\"}]},{\"@type\":\"WebSite\",\"@id\":\"https:\/\/www.burespro.com\/#website\",\"url\":\"https:\/\/www.burespro.com\/\",\"name\":\"Bur\u00e9s Profesional\",\"description\":\"Fabricants de terres, substrats de cultiu, fertilitzants i adobs org\u00e0nics\",\"potentialAction\":[{\"@type\":\"SearchAction\",\"target\":{\"@type\":\"EntryPoint\",\"urlTemplate\":\"https:\/\/www.burespro.com\/?s={search_term_string}\"},\"query-input\":{\"@type\":\"PropertyValueSpecification\",\"valueRequired\":true,\"valueName\":\"search_term_string\"}}],\"inLanguage\":\"fr-FR\"}]}<\/script>\n<!-- \/ Yoast SEO plugin. -->","yoast_head_json":{"title":"FERTIGREEN SLOW | Bur\u00e9s Profesional","robots":{"index":"index","follow":"follow","max-snippet":"max-snippet:-1","max-image-preview":"max-image-preview:large","max-video-preview":"max-video-preview:-1"},"canonical":"https:\/\/www.burespro.com\/fr\/product\/fertigreen-slow\/","og_locale":"fr_FR","og_type":"article","og_title":"FERTIGREEN SLOW | Bur\u00e9s Profesional","og_description":"FertiGreen appartient \u00e0 la gamme d&rsquo;engrais pour pelouses et espaces verts de fraises professionnelles. Id\u00e9al pour les parcs et jardins, espaces verts, prairies, jardins publics, etc. Comme n&rsquo;importe quelle plante, la pelouse a besoin des apports corrects d&rsquo;azote, de phosphore et de potassium, ainsi que d&rsquo;autres micro\u00e9l\u00e9ments. Le manque de nutriments ou un mauvais ratio [&hellip;]","og_url":"https:\/\/www.burespro.com\/fr\/product\/fertigreen-slow\/","og_site_name":"Bur\u00e9s Profesional","article_publisher":"https:\/\/www.facebook.com\/buresprofesionalsa","article_modified_time":"2020-05-22T09:46:53+00:00","og_image":[{"width":1200,"height":666,"url":"https:\/\/www.burespro.com\/wp-content\/uploads\/2020\/03\/fertigreen.1200x670.png","type":"image\/png"}],"twitter_card":"summary_large_image","twitter_misc":{"Dur\u00e9e de lecture estim\u00e9e":"1 minute"},"schema":{"@context":"https:\/\/schema.org","@graph":[{"@type":"WebPage","@id":"https:\/\/www.burespro.com\/fr\/product\/fertigreen-slow\/","url":"https:\/\/www.burespro.com\/fr\/product\/fertigreen-slow\/","name":"FERTIGREEN SLOW | Bur\u00e9s Profesional","isPartOf":{"@id":"https:\/\/www.burespro.com\/#website"},"primaryImageOfPage":{"@id":"https:\/\/www.burespro.com\/fr\/product\/fertigreen-slow\/#primaryimage"},"image":{"@id":"https:\/\/www.burespro.com\/fr\/product\/fertigreen-slow\/#primaryimage"},"thumbnailUrl":"https:\/\/www.burespro.com\/wp-content\/uploads\/2020\/03\/fertigreen.1200x670.png","datePublished":"2020-03-10T15:36:19+00:00","dateModified":"2020-05-22T09:46:53+00:00","breadcrumb":{"@id":"https:\/\/www.burespro.com\/fr\/product\/fertigreen-slow\/#breadcrumb"},"inLanguage":"fr-FR","potentialAction":[{"@type":"ReadAction","target":["https:\/\/www.burespro.com\/fr\/product\/fertigreen-slow\/"]}]},{"@type":"ImageObject","inLanguage":"fr-FR","@id":"https:\/\/www.burespro.com\/fr\/product\/fertigreen-slow\/#primaryimage","url":"https:\/\/www.burespro.com\/wp-content\/uploads\/2020\/03\/fertigreen.1200x670.png","contentUrl":"https:\/\/www.burespro.com\/wp-content\/uploads\/2020\/03\/fertigreen.1200x670.png","width":1200,"height":666,"caption":"FertiGreen"},{"@type":"BreadcrumbList","@id":"https:\/\/www.burespro.com\/fr\/product\/fertigreen-slow\/#breadcrumb","itemListElement":[{"@type":"ListItem","position":1,"name":"Inici","item":"https:\/\/www.burespro.com\/fr\/"},{"@type":"ListItem","position":2,"name":"Boutique","item":"https:\/\/www.burespro.com\/fr\/substrats-engrais\/"},{"@type":"ListItem","position":3,"name":"FERTIGREEN SLOW"}]},{"@type":"WebSite","@id":"https:\/\/www.burespro.com\/#website","url":"https:\/\/www.burespro.com\/","name":"Bur\u00e9s Profesional","description":"Fabricants de terres, substrats de cultiu, fertilitzants i adobs org\u00e0nics","potentialAction":[{"@type":"SearchAction","target":{"@type":"EntryPoint","urlTemplate":"https:\/\/www.burespro.com\/?s={search_term_string}"},"query-input":{"@type":"PropertyValueSpecification","valueRequired":true,"valueName":"search_term_string"}}],"inLanguage":"fr-FR"}]}},"_links":{"self":[{"href":"https:\/\/www.burespro.com\/fr\/wp-json\/wp\/v2\/product\/9847","targetHints":{"allow":["GET"]}}],"collection":[{"href":"https:\/\/www.burespro.com\/fr\/wp-json\/wp\/v2\/product"}],"about":[{"href":"https:\/\/www.burespro.com\/fr\/wp-json\/wp\/v2\/types\/product"}],"replies":[{"embeddable":true,"href":"https:\/\/www.burespro.com\/fr\/wp-json\/wp\/v2\/comments?post=9847"}],"wp:featuredmedia":[{"embeddable":true,"href":"https:\/\/www.burespro.com\/fr\/wp-json\/wp\/v2\/media\/15316"}],"wp:attachment":[{"href":"https:\/\/www.burespro.com\/fr\/wp-json\/wp\/v2\/media?parent=9847"}],"wp:term":[{"taxonomy":"product_brand","embeddable":true,"href":"https:\/\/www.burespro.com\/fr\/wp-json\/wp\/v2\/product_brand?post=9847"},{"taxonomy":"product_cat","embeddable":true,"href":"https:\/\/www.burespro.com\/fr\/wp-json\/wp\/v2\/product_cat?post=9847"},{"taxonomy":"product_tag","embeddable":true,"href":"https:\/\/www.burespro.com\/fr\/wp-json\/wp\/v2\/product_tag?post=9847"},{"taxonomy":"sectores","embeddable":true,"href":"https:\/\/www.burespro.com\/fr\/wp-json\/wp\/v2\/sectores?post=9847"}],"curies":[{"name":"wp","href":"https:\/\/api.w.org\/{rel}","templated":true}]}}