{"id":9833,"date":"2020-03-10T14:32:59","date_gmt":"2020-03-10T15:36:19","guid":{"rendered":"https:\/\/burespro.neorgvirtual.com\/product\/fertigreen-premium\/"},"modified":"2020-05-22T11:20:55","modified_gmt":"2020-05-22T09:20:55","slug":"fertigreen-premium","status":"publish","type":"product","link":"https:\/\/www.burespro.com\/fr\/product\/fertigreen-premium\/","title":{"rendered":"FERTIGREEN PREMIUM"},"content":{"rendered":"<p><strong>FertiGreen<\/strong> appartient \u00e0 la gamme d&rsquo;engrais pour le jardinage, l&rsquo;am\u00e9nagement paysager et pour tous les types de pelouses de BUR\u00c9S PROFESIONELS.<\/p>\n<p>Toutes les plantes, quelles qu&rsquo;elles soient, ont besoin de l&rsquo;apport ad\u00e9quat d&rsquo;azote, de phosphore et de potassium, ainsi que d&rsquo;autres micro\u00e9l\u00e9ments. Le manque de nutriments ou une mauvaise proportion peut entra\u00eener une d\u00e9t\u00e9rioration de la pelouse. <strong>FertiGreen<\/strong> est id\u00e9al pour les parcs et jardins, les espaces verts, les jardins publics et les plantes en pots &#8230;<br \/>\nLes engrais \u00e0 lib\u00e9ration lente <strong>FertiGreen<\/strong> sont fabriqu\u00e9s \u00e0 partir d&rsquo;ur\u00e9e-m\u00e9thyl\u00e8ne et d&rsquo;UFFLEX \u2122, un inhibiteur de la nitrification de l&rsquo;ur\u00e9e. La fertilisation rationnelle contribue \u00e0 la conservation de l&rsquo;environnement en \u00e9vitant la contamination du sol. <strong>FertiGreen<\/strong> optimise le flux de nutriments, le laissant dans la mesure appropri\u00e9e, en \u00e9vitant les pertes excessives dues au lavage, au lessivage ou \u00e0 la pourriture.<br \/>\nEn r\u00e8gle g\u00e9n\u00e9rale, les espaces verts ont besoin d&rsquo;une contribution de NPK avec un ratio de 2-1-2.<\/p>\n","protected":false},"excerpt":{"rendered":"<p>FertiGreen appartient \u00e0 la gamme d&rsquo;engrais pour le jardinage, l&rsquo;am\u00e9nagement paysager et pour tous les types de pelouses de BUR\u00c9S PROFESIONELS. Toutes les plantes, quelles qu&rsquo;elles soient, ont besoin de l&rsquo;apport ad\u00e9quat d&rsquo;azote, de phosphore et de potassium, ainsi que d&rsquo;autres micro\u00e9l\u00e9ments. Le manque de nutriments ou une mauvaise proportion peut entra\u00eener une d\u00e9t\u00e9rioration de [&hellip;]<\/p>\n","protected":false},"featured_media":15316,"comment_status":"closed","ping_status":"closed","template":"","meta":{"_acf_changed":false,"inline_featured_image":false},"product_brand":[],"product_cat":[198],"product_tag":[],"sectores":[364,367,368,374],"class_list":{"0":"post-9833","1":"product","2":"type-product","3":"status-publish","4":"has-post-thumbnail","6":"product_cat-engrais-mineral","7":"sectores-pepiniere","8":"sectores-jardinage-professionnel-paysagisme","9":"sectores-administrations-publiques","10":"sectores-terrains-de-sport-professionels","12":"first","13":"instock","14":"product-type-simple"},"acf":[],"yoast_head":"<!-- This site is optimized with the Yoast SEO plugin v26.7 - https:\/\/yoast.com\/wordpress\/plugins\/seo\/ -->\n<title>FERTIGREEN PREMIUM | Bur\u00e9s Profesional<\/title>\n<meta name=\"robots\" content=\"index, follow, max-snippet:-1, max-image-preview:large, max-video-preview:-1\" \/>\n<link rel=\"canonical\" href=\"https:\/\/www.burespro.com\/fr\/product\/fertigreen-premium\/\" \/>\n<meta property=\"og:locale\" content=\"fr_FR\" \/>\n<meta property=\"og:type\" content=\"article\" \/>\n<meta property=\"og:title\" content=\"FERTIGREEN PREMIUM | Bur\u00e9s Profesional\" \/>\n<meta property=\"og:description\" content=\"FertiGreen appartient \u00e0 la gamme d&rsquo;engrais pour le jardinage, l&rsquo;am\u00e9nagement paysager et pour tous les types de pelouses de BUR\u00c9S PROFESIONELS. Toutes les plantes, quelles qu&rsquo;elles soient, ont besoin de l&rsquo;apport ad\u00e9quat d&rsquo;azote, de phosphore et de potassium, ainsi que d&rsquo;autres micro\u00e9l\u00e9ments. Le manque de nutriments ou une mauvaise proportion peut entra\u00eener une d\u00e9t\u00e9rioration de [&hellip;]\" \/>\n<meta property=\"og:url\" content=\"https:\/\/www.burespro.com\/fr\/product\/fertigreen-premium\/\" \/>\n<meta property=\"og:site_name\" content=\"Bur\u00e9s Profesional\" \/>\n<meta property=\"article:publisher\" content=\"https:\/\/www.facebook.com\/buresprofesionalsa\" \/>\n<meta property=\"article:modified_time\" content=\"2020-05-22T09:20:55+00:00\" \/>\n<meta property=\"og:image\" content=\"https:\/\/www.burespro.com\/wp-content\/uploads\/2020\/03\/fertigreen.1200x670.png\" \/>\n\t<meta property=\"og:image:width\" content=\"1200\" \/>\n\t<meta property=\"og:image:height\" content=\"666\" \/>\n\t<meta property=\"og:image:type\" content=\"image\/png\" \/>\n<meta name=\"twitter:card\" content=\"summary_large_image\" \/>\n<meta name=\"twitter:label1\" content=\"Dur\u00e9e de lecture estim\u00e9e\" \/>\n\t<meta name=\"twitter:data1\" content=\"1 minute\" \/>\n<script type=\"application\/ld+json\" class=\"yoast-schema-graph\">{\"@context\":\"https:\/\/schema.org\",\"@graph\":[{\"@type\":\"WebPage\",\"@id\":\"https:\/\/www.burespro.com\/fr\/product\/fertigreen-premium\/\",\"url\":\"https:\/\/www.burespro.com\/fr\/product\/fertigreen-premium\/\",\"name\":\"FERTIGREEN PREMIUM | Bur\u00e9s Profesional\",\"isPartOf\":{\"@id\":\"https:\/\/www.burespro.com\/#website\"},\"primaryImageOfPage\":{\"@id\":\"https:\/\/www.burespro.com\/fr\/product\/fertigreen-premium\/#primaryimage\"},\"image\":{\"@id\":\"https:\/\/www.burespro.com\/fr\/product\/fertigreen-premium\/#primaryimage\"},\"thumbnailUrl\":\"https:\/\/www.burespro.com\/wp-content\/uploads\/2020\/03\/fertigreen.1200x670.png\",\"datePublished\":\"2020-03-10T15:36:19+00:00\",\"dateModified\":\"2020-05-22T09:20:55+00:00\",\"breadcrumb\":{\"@id\":\"https:\/\/www.burespro.com\/fr\/product\/fertigreen-premium\/#breadcrumb\"},\"inLanguage\":\"fr-FR\",\"potentialAction\":[{\"@type\":\"ReadAction\",\"target\":[\"https:\/\/www.burespro.com\/fr\/product\/fertigreen-premium\/\"]}]},{\"@type\":\"ImageObject\",\"inLanguage\":\"fr-FR\",\"@id\":\"https:\/\/www.burespro.com\/fr\/product\/fertigreen-premium\/#primaryimage\",\"url\":\"https:\/\/www.burespro.com\/wp-content\/uploads\/2020\/03\/fertigreen.1200x670.png\",\"contentUrl\":\"https:\/\/www.burespro.com\/wp-content\/uploads\/2020\/03\/fertigreen.1200x670.png\",\"width\":1200,\"height\":666,\"caption\":\"FertiGreen\"},{\"@type\":\"BreadcrumbList\",\"@id\":\"https:\/\/www.burespro.com\/fr\/product\/fertigreen-premium\/#breadcrumb\",\"itemListElement\":[{\"@type\":\"ListItem\",\"position\":1,\"name\":\"Inici\",\"item\":\"https:\/\/www.burespro.com\/fr\/\"},{\"@type\":\"ListItem\",\"position\":2,\"name\":\"Boutique\",\"item\":\"https:\/\/www.burespro.com\/fr\/substrats-engrais\/\"},{\"@type\":\"ListItem\",\"position\":3,\"name\":\"FERTIGREEN PREMIUM\"}]},{\"@type\":\"WebSite\",\"@id\":\"https:\/\/www.burespro.com\/#website\",\"url\":\"https:\/\/www.burespro.com\/\",\"name\":\"Bur\u00e9s Profesional\",\"description\":\"Fabricants de terres, substrats de cultiu, fertilitzants i adobs org\u00e0nics\",\"potentialAction\":[{\"@type\":\"SearchAction\",\"target\":{\"@type\":\"EntryPoint\",\"urlTemplate\":\"https:\/\/www.burespro.com\/?s={search_term_string}\"},\"query-input\":{\"@type\":\"PropertyValueSpecification\",\"valueRequired\":true,\"valueName\":\"search_term_string\"}}],\"inLanguage\":\"fr-FR\"}]}<\/script>\n<!-- \/ Yoast SEO plugin. -->","yoast_head_json":{"title":"FERTIGREEN PREMIUM | Bur\u00e9s Profesional","robots":{"index":"index","follow":"follow","max-snippet":"max-snippet:-1","max-image-preview":"max-image-preview:large","max-video-preview":"max-video-preview:-1"},"canonical":"https:\/\/www.burespro.com\/fr\/product\/fertigreen-premium\/","og_locale":"fr_FR","og_type":"article","og_title":"FERTIGREEN PREMIUM | Bur\u00e9s Profesional","og_description":"FertiGreen appartient \u00e0 la gamme d&rsquo;engrais pour le jardinage, l&rsquo;am\u00e9nagement paysager et pour tous les types de pelouses de BUR\u00c9S PROFESIONELS. Toutes les plantes, quelles qu&rsquo;elles soient, ont besoin de l&rsquo;apport ad\u00e9quat d&rsquo;azote, de phosphore et de potassium, ainsi que d&rsquo;autres micro\u00e9l\u00e9ments. Le manque de nutriments ou une mauvaise proportion peut entra\u00eener une d\u00e9t\u00e9rioration de [&hellip;]","og_url":"https:\/\/www.burespro.com\/fr\/product\/fertigreen-premium\/","og_site_name":"Bur\u00e9s Profesional","article_publisher":"https:\/\/www.facebook.com\/buresprofesionalsa","article_modified_time":"2020-05-22T09:20:55+00:00","og_image":[{"width":1200,"height":666,"url":"https:\/\/www.burespro.com\/wp-content\/uploads\/2020\/03\/fertigreen.1200x670.png","type":"image\/png"}],"twitter_card":"summary_large_image","twitter_misc":{"Dur\u00e9e de lecture estim\u00e9e":"1 minute"},"schema":{"@context":"https:\/\/schema.org","@graph":[{"@type":"WebPage","@id":"https:\/\/www.burespro.com\/fr\/product\/fertigreen-premium\/","url":"https:\/\/www.burespro.com\/fr\/product\/fertigreen-premium\/","name":"FERTIGREEN PREMIUM | Bur\u00e9s Profesional","isPartOf":{"@id":"https:\/\/www.burespro.com\/#website"},"primaryImageOfPage":{"@id":"https:\/\/www.burespro.com\/fr\/product\/fertigreen-premium\/#primaryimage"},"image":{"@id":"https:\/\/www.burespro.com\/fr\/product\/fertigreen-premium\/#primaryimage"},"thumbnailUrl":"https:\/\/www.burespro.com\/wp-content\/uploads\/2020\/03\/fertigreen.1200x670.png","datePublished":"2020-03-10T15:36:19+00:00","dateModified":"2020-05-22T09:20:55+00:00","breadcrumb":{"@id":"https:\/\/www.burespro.com\/fr\/product\/fertigreen-premium\/#breadcrumb"},"inLanguage":"fr-FR","potentialAction":[{"@type":"ReadAction","target":["https:\/\/www.burespro.com\/fr\/product\/fertigreen-premium\/"]}]},{"@type":"ImageObject","inLanguage":"fr-FR","@id":"https:\/\/www.burespro.com\/fr\/product\/fertigreen-premium\/#primaryimage","url":"https:\/\/www.burespro.com\/wp-content\/uploads\/2020\/03\/fertigreen.1200x670.png","contentUrl":"https:\/\/www.burespro.com\/wp-content\/uploads\/2020\/03\/fertigreen.1200x670.png","width":1200,"height":666,"caption":"FertiGreen"},{"@type":"BreadcrumbList","@id":"https:\/\/www.burespro.com\/fr\/product\/fertigreen-premium\/#breadcrumb","itemListElement":[{"@type":"ListItem","position":1,"name":"Inici","item":"https:\/\/www.burespro.com\/fr\/"},{"@type":"ListItem","position":2,"name":"Boutique","item":"https:\/\/www.burespro.com\/fr\/substrats-engrais\/"},{"@type":"ListItem","position":3,"name":"FERTIGREEN PREMIUM"}]},{"@type":"WebSite","@id":"https:\/\/www.burespro.com\/#website","url":"https:\/\/www.burespro.com\/","name":"Bur\u00e9s Profesional","description":"Fabricants de terres, substrats de cultiu, fertilitzants i adobs org\u00e0nics","potentialAction":[{"@type":"SearchAction","target":{"@type":"EntryPoint","urlTemplate":"https:\/\/www.burespro.com\/?s={search_term_string}"},"query-input":{"@type":"PropertyValueSpecification","valueRequired":true,"valueName":"search_term_string"}}],"inLanguage":"fr-FR"}]}},"_links":{"self":[{"href":"https:\/\/www.burespro.com\/fr\/wp-json\/wp\/v2\/product\/9833","targetHints":{"allow":["GET"]}}],"collection":[{"href":"https:\/\/www.burespro.com\/fr\/wp-json\/wp\/v2\/product"}],"about":[{"href":"https:\/\/www.burespro.com\/fr\/wp-json\/wp\/v2\/types\/product"}],"replies":[{"embeddable":true,"href":"https:\/\/www.burespro.com\/fr\/wp-json\/wp\/v2\/comments?post=9833"}],"wp:featuredmedia":[{"embeddable":true,"href":"https:\/\/www.burespro.com\/fr\/wp-json\/wp\/v2\/media\/15316"}],"wp:attachment":[{"href":"https:\/\/www.burespro.com\/fr\/wp-json\/wp\/v2\/media?parent=9833"}],"wp:term":[{"taxonomy":"product_brand","embeddable":true,"href":"https:\/\/www.burespro.com\/fr\/wp-json\/wp\/v2\/product_brand?post=9833"},{"taxonomy":"product_cat","embeddable":true,"href":"https:\/\/www.burespro.com\/fr\/wp-json\/wp\/v2\/product_cat?post=9833"},{"taxonomy":"product_tag","embeddable":true,"href":"https:\/\/www.burespro.com\/fr\/wp-json\/wp\/v2\/product_tag?post=9833"},{"taxonomy":"sectores","embeddable":true,"href":"https:\/\/www.burespro.com\/fr\/wp-json\/wp\/v2\/sectores?post=9833"}],"curies":[{"name":"wp","href":"https:\/\/api.w.org\/{rel}","templated":true}]}}