{"id":9809,"date":"2020-03-10T14:32:59","date_gmt":"2020-03-10T15:36:19","guid":{"rendered":"https:\/\/burespro.neorgvirtual.com\/product\/ecorce-de-pin-decorative\/"},"modified":"2020-04-22T11:02:34","modified_gmt":"2020-04-22T09:02:34","slug":"ecorce-de-pin-decorative","status":"publish","type":"product","link":"https:\/\/www.burespro.com\/fr\/product\/ecorce-de-pin-decorative\/","title":{"rendered":"\u00c9CORCE DE PIN D\u00c9CORATIVE"},"content":{"rendered":"<p><strong>\u00c9corce de pin d\u00e9corative<\/strong>, produit 100% naturel. Calibr\u00e9 dans diff\u00e9rentes tailles de grains.<\/p>\n<p>Les couvre-sols Bur\u00e9s sont des produits qui cr\u00e9ent un lien \u00e9motionnel avec la nature. Les diff\u00e9rentes combinaisons de formes, textures, couleurs et ar\u00f4mes de ces mat\u00e9riaux offrent chaleur et harmonie dans leur application dans les jardins et les jardini\u00e8res. Les rev\u00eatements de sol sont des produits biologiques, 100% naturels, adapt\u00e9s \u00e0 l&rsquo;am\u00e9lioration des conditions de croissance dans les jardins, pots et jardini\u00e8res. Son application favorise l&rsquo;\u00e9conomie d&rsquo;eau d&rsquo;irrigation en \u00e9vitant sa perte en surface, r\u00e9gule la temp\u00e9rature du sol et r\u00e9duit l&rsquo;\u00e9mergence des mauvaises herbes. Les caract\u00e9ristiques de ces mat\u00e9riaux les rendent adapt\u00e9s \u00e0 une utilisation dans les zones de transit: paillage passable.<\/p>\n<p>&nbsp;<\/p>\n","protected":false},"excerpt":{"rendered":"<p>\u00c9corce de pin d\u00e9corative, produit 100% naturel. Calibr\u00e9 dans diff\u00e9rentes tailles de grains. Les couvre-sols Bur\u00e9s sont des produits qui cr\u00e9ent un lien \u00e9motionnel avec la nature. Les diff\u00e9rentes combinaisons de formes, textures, couleurs et ar\u00f4mes de ces mat\u00e9riaux offrent chaleur et harmonie dans leur application dans les jardins et les jardini\u00e8res. Les rev\u00eatements de [&hellip;]<\/p>\n","protected":false},"featured_media":15157,"comment_status":"closed","ping_status":"closed","template":"","meta":{"_acf_changed":false,"inline_featured_image":false},"product_brand":[],"product_cat":[707,207],"product_tag":[506,630,534,528,558,561,567,564,572,621],"sectores":[367,372,368,369],"class_list":{"0":"post-9809","1":"product","2":"type-product","3":"status-publish","4":"has-post-thumbnail","6":"product_cat-paillage-mulching","7":"product_cat-decoration-pour-le-jardin","8":"product_tag-construction-de-jardin","9":"product_tag-couverture-de-sol","10":"product_tag-decoratif-organique","11":"product_tag-decoration-de-jardin","12":"product_tag-jardinage-de-gerone","13":"product_tag-jardinage-professionnel","14":"product_tag-materiel-de-jardinage","15":"product_tag-materiel-de-jardinage-girona","16":"product_tag-paillage","17":"product_tag-rembourrage-naturel","18":"sectores-jardinage-professionnel-paysagisme","19":"sectores-genieux-publiques-et-civiles","20":"sectores-administrations-publiques","21":"sectores-centres-de-jardinerie","23":"first","24":"instock","25":"product-type-simple"},"acf":[],"yoast_head":"<!-- This site is optimized with the Yoast SEO plugin v26.7 - https:\/\/yoast.com\/wordpress\/plugins\/seo\/ -->\n<title>\u00c9CORCE DE PIN D\u00c9CORATIVE | Bur\u00e9s Profesional<\/title>\n<meta name=\"robots\" content=\"index, follow, max-snippet:-1, max-image-preview:large, max-video-preview:-1\" \/>\n<link rel=\"canonical\" href=\"https:\/\/www.burespro.com\/fr\/product\/ecorce-de-pin-decorative\/\" \/>\n<meta property=\"og:locale\" content=\"fr_FR\" \/>\n<meta property=\"og:type\" content=\"article\" \/>\n<meta property=\"og:title\" content=\"\u00c9CORCE DE PIN D\u00c9CORATIVE | Bur\u00e9s Profesional\" \/>\n<meta property=\"og:description\" content=\"\u00c9corce de pin d\u00e9corative, produit 100% naturel. Calibr\u00e9 dans diff\u00e9rentes tailles de grains. Les couvre-sols Bur\u00e9s sont des produits qui cr\u00e9ent un lien \u00e9motionnel avec la nature. Les diff\u00e9rentes combinaisons de formes, textures, couleurs et ar\u00f4mes de ces mat\u00e9riaux offrent chaleur et harmonie dans leur application dans les jardins et les jardini\u00e8res. Les rev\u00eatements de [&hellip;]\" \/>\n<meta property=\"og:url\" content=\"https:\/\/www.burespro.com\/fr\/product\/ecorce-de-pin-decorative\/\" \/>\n<meta property=\"og:site_name\" content=\"Bur\u00e9s Profesional\" \/>\n<meta property=\"article:publisher\" content=\"https:\/\/www.facebook.com\/buresprofesionalsa\" \/>\n<meta property=\"article:modified_time\" content=\"2020-04-22T09:02:34+00:00\" \/>\n<meta property=\"og:image\" content=\"https:\/\/www.burespro.com\/wp-content\/uploads\/2020\/03\/corteza-de-pino-decoracion.jpg\" \/>\n\t<meta property=\"og:image:width\" content=\"1200\" \/>\n\t<meta property=\"og:image:height\" content=\"804\" \/>\n\t<meta property=\"og:image:type\" content=\"image\/jpeg\" \/>\n<meta name=\"twitter:card\" content=\"summary_large_image\" \/>\n<meta name=\"twitter:label1\" content=\"Dur\u00e9e de lecture estim\u00e9e\" \/>\n\t<meta name=\"twitter:data1\" content=\"1 minute\" \/>\n<script type=\"application\/ld+json\" class=\"yoast-schema-graph\">{\"@context\":\"https:\/\/schema.org\",\"@graph\":[{\"@type\":\"WebPage\",\"@id\":\"https:\/\/www.burespro.com\/fr\/product\/ecorce-de-pin-decorative\/\",\"url\":\"https:\/\/www.burespro.com\/fr\/product\/ecorce-de-pin-decorative\/\",\"name\":\"\u00c9CORCE DE PIN D\u00c9CORATIVE | Bur\u00e9s Profesional\",\"isPartOf\":{\"@id\":\"https:\/\/www.burespro.com\/#website\"},\"primaryImageOfPage\":{\"@id\":\"https:\/\/www.burespro.com\/fr\/product\/ecorce-de-pin-decorative\/#primaryimage\"},\"image\":{\"@id\":\"https:\/\/www.burespro.com\/fr\/product\/ecorce-de-pin-decorative\/#primaryimage\"},\"thumbnailUrl\":\"https:\/\/www.burespro.com\/wp-content\/uploads\/2020\/03\/corteza-de-pino-decoracion.jpg\",\"datePublished\":\"2020-03-10T15:36:19+00:00\",\"dateModified\":\"2020-04-22T09:02:34+00:00\",\"breadcrumb\":{\"@id\":\"https:\/\/www.burespro.com\/fr\/product\/ecorce-de-pin-decorative\/#breadcrumb\"},\"inLanguage\":\"fr-FR\",\"potentialAction\":[{\"@type\":\"ReadAction\",\"target\":[\"https:\/\/www.burespro.com\/fr\/product\/ecorce-de-pin-decorative\/\"]}]},{\"@type\":\"ImageObject\",\"inLanguage\":\"fr-FR\",\"@id\":\"https:\/\/www.burespro.com\/fr\/product\/ecorce-de-pin-decorative\/#primaryimage\",\"url\":\"https:\/\/www.burespro.com\/wp-content\/uploads\/2020\/03\/corteza-de-pino-decoracion.jpg\",\"contentUrl\":\"https:\/\/www.burespro.com\/wp-content\/uploads\/2020\/03\/corteza-de-pino-decoracion.jpg\",\"width\":1200,\"height\":804,\"caption\":\"Corteza de pino Bur\u00e9s\"},{\"@type\":\"BreadcrumbList\",\"@id\":\"https:\/\/www.burespro.com\/fr\/product\/ecorce-de-pin-decorative\/#breadcrumb\",\"itemListElement\":[{\"@type\":\"ListItem\",\"position\":1,\"name\":\"Inici\",\"item\":\"https:\/\/www.burespro.com\/fr\/\"},{\"@type\":\"ListItem\",\"position\":2,\"name\":\"Boutique\",\"item\":\"https:\/\/www.burespro.com\/fr\/substrats-engrais\/\"},{\"@type\":\"ListItem\",\"position\":3,\"name\":\"\u00c9CORCE DE PIN D\u00c9CORATIVE\"}]},{\"@type\":\"WebSite\",\"@id\":\"https:\/\/www.burespro.com\/#website\",\"url\":\"https:\/\/www.burespro.com\/\",\"name\":\"Bur\u00e9s Profesional\",\"description\":\"Fabricants de terres, substrats de cultiu, fertilitzants i adobs org\u00e0nics\",\"potentialAction\":[{\"@type\":\"SearchAction\",\"target\":{\"@type\":\"EntryPoint\",\"urlTemplate\":\"https:\/\/www.burespro.com\/?s={search_term_string}\"},\"query-input\":{\"@type\":\"PropertyValueSpecification\",\"valueRequired\":true,\"valueName\":\"search_term_string\"}}],\"inLanguage\":\"fr-FR\"}]}<\/script>\n<!-- \/ Yoast SEO plugin. -->","yoast_head_json":{"title":"\u00c9CORCE DE PIN D\u00c9CORATIVE | Bur\u00e9s Profesional","robots":{"index":"index","follow":"follow","max-snippet":"max-snippet:-1","max-image-preview":"max-image-preview:large","max-video-preview":"max-video-preview:-1"},"canonical":"https:\/\/www.burespro.com\/fr\/product\/ecorce-de-pin-decorative\/","og_locale":"fr_FR","og_type":"article","og_title":"\u00c9CORCE DE PIN D\u00c9CORATIVE | Bur\u00e9s Profesional","og_description":"\u00c9corce de pin d\u00e9corative, produit 100% naturel. Calibr\u00e9 dans diff\u00e9rentes tailles de grains. Les couvre-sols Bur\u00e9s sont des produits qui cr\u00e9ent un lien \u00e9motionnel avec la nature. Les diff\u00e9rentes combinaisons de formes, textures, couleurs et ar\u00f4mes de ces mat\u00e9riaux offrent chaleur et harmonie dans leur application dans les jardins et les jardini\u00e8res. Les rev\u00eatements de [&hellip;]","og_url":"https:\/\/www.burespro.com\/fr\/product\/ecorce-de-pin-decorative\/","og_site_name":"Bur\u00e9s Profesional","article_publisher":"https:\/\/www.facebook.com\/buresprofesionalsa","article_modified_time":"2020-04-22T09:02:34+00:00","og_image":[{"width":1200,"height":804,"url":"https:\/\/www.burespro.com\/wp-content\/uploads\/2020\/03\/corteza-de-pino-decoracion.jpg","type":"image\/jpeg"}],"twitter_card":"summary_large_image","twitter_misc":{"Dur\u00e9e de lecture estim\u00e9e":"1 minute"},"schema":{"@context":"https:\/\/schema.org","@graph":[{"@type":"WebPage","@id":"https:\/\/www.burespro.com\/fr\/product\/ecorce-de-pin-decorative\/","url":"https:\/\/www.burespro.com\/fr\/product\/ecorce-de-pin-decorative\/","name":"\u00c9CORCE DE PIN D\u00c9CORATIVE | Bur\u00e9s Profesional","isPartOf":{"@id":"https:\/\/www.burespro.com\/#website"},"primaryImageOfPage":{"@id":"https:\/\/www.burespro.com\/fr\/product\/ecorce-de-pin-decorative\/#primaryimage"},"image":{"@id":"https:\/\/www.burespro.com\/fr\/product\/ecorce-de-pin-decorative\/#primaryimage"},"thumbnailUrl":"https:\/\/www.burespro.com\/wp-content\/uploads\/2020\/03\/corteza-de-pino-decoracion.jpg","datePublished":"2020-03-10T15:36:19+00:00","dateModified":"2020-04-22T09:02:34+00:00","breadcrumb":{"@id":"https:\/\/www.burespro.com\/fr\/product\/ecorce-de-pin-decorative\/#breadcrumb"},"inLanguage":"fr-FR","potentialAction":[{"@type":"ReadAction","target":["https:\/\/www.burespro.com\/fr\/product\/ecorce-de-pin-decorative\/"]}]},{"@type":"ImageObject","inLanguage":"fr-FR","@id":"https:\/\/www.burespro.com\/fr\/product\/ecorce-de-pin-decorative\/#primaryimage","url":"https:\/\/www.burespro.com\/wp-content\/uploads\/2020\/03\/corteza-de-pino-decoracion.jpg","contentUrl":"https:\/\/www.burespro.com\/wp-content\/uploads\/2020\/03\/corteza-de-pino-decoracion.jpg","width":1200,"height":804,"caption":"Corteza de pino Bur\u00e9s"},{"@type":"BreadcrumbList","@id":"https:\/\/www.burespro.com\/fr\/product\/ecorce-de-pin-decorative\/#breadcrumb","itemListElement":[{"@type":"ListItem","position":1,"name":"Inici","item":"https:\/\/www.burespro.com\/fr\/"},{"@type":"ListItem","position":2,"name":"Boutique","item":"https:\/\/www.burespro.com\/fr\/substrats-engrais\/"},{"@type":"ListItem","position":3,"name":"\u00c9CORCE DE PIN D\u00c9CORATIVE"}]},{"@type":"WebSite","@id":"https:\/\/www.burespro.com\/#website","url":"https:\/\/www.burespro.com\/","name":"Bur\u00e9s Profesional","description":"Fabricants de terres, substrats de cultiu, fertilitzants i adobs org\u00e0nics","potentialAction":[{"@type":"SearchAction","target":{"@type":"EntryPoint","urlTemplate":"https:\/\/www.burespro.com\/?s={search_term_string}"},"query-input":{"@type":"PropertyValueSpecification","valueRequired":true,"valueName":"search_term_string"}}],"inLanguage":"fr-FR"}]}},"_links":{"self":[{"href":"https:\/\/www.burespro.com\/fr\/wp-json\/wp\/v2\/product\/9809","targetHints":{"allow":["GET"]}}],"collection":[{"href":"https:\/\/www.burespro.com\/fr\/wp-json\/wp\/v2\/product"}],"about":[{"href":"https:\/\/www.burespro.com\/fr\/wp-json\/wp\/v2\/types\/product"}],"replies":[{"embeddable":true,"href":"https:\/\/www.burespro.com\/fr\/wp-json\/wp\/v2\/comments?post=9809"}],"wp:featuredmedia":[{"embeddable":true,"href":"https:\/\/www.burespro.com\/fr\/wp-json\/wp\/v2\/media\/15157"}],"wp:attachment":[{"href":"https:\/\/www.burespro.com\/fr\/wp-json\/wp\/v2\/media?parent=9809"}],"wp:term":[{"taxonomy":"product_brand","embeddable":true,"href":"https:\/\/www.burespro.com\/fr\/wp-json\/wp\/v2\/product_brand?post=9809"},{"taxonomy":"product_cat","embeddable":true,"href":"https:\/\/www.burespro.com\/fr\/wp-json\/wp\/v2\/product_cat?post=9809"},{"taxonomy":"product_tag","embeddable":true,"href":"https:\/\/www.burespro.com\/fr\/wp-json\/wp\/v2\/product_tag?post=9809"},{"taxonomy":"sectores","embeddable":true,"href":"https:\/\/www.burespro.com\/fr\/wp-json\/wp\/v2\/sectores?post=9809"}],"curies":[{"name":"wp","href":"https:\/\/api.w.org\/{rel}","templated":true}]}}