{"id":9792,"date":"2020-03-10T14:32:59","date_gmt":"2020-03-10T15:36:19","guid":{"rendered":"https:\/\/burespro.neorgvirtual.com\/product\/ecorgan\/"},"modified":"2020-05-22T10:32:11","modified_gmt":"2020-05-22T08:32:11","slug":"ecorgan","status":"publish","type":"product","link":"https:\/\/www.burespro.com\/fr\/product\/ecorgan\/","title":{"rendered":"ECORGAN"},"content":{"rendered":"<p><strong>ECORGAN<\/strong> amendement organique humique est un produit avec une grande quantit\u00e9 de mati\u00e8re organique et l&rsquo;extrait humique totale. Il am\u00e9liore la structure du sol, la participation dans les processus physico-chimiques et de fournir une nutrition ad\u00e9quate \u00e0 la culture. Ce compost destin\u00e9 \u00e0 un usage intensif, remplace la contribution du lisier et du fumier pour am\u00e9liorer la stabilit\u00e9 des \u00e9l\u00e9ments du relief, ce qui \u00e9vite les dommages caus\u00e9s par les microorganismes, les phytotoxines et la perturbation du sol nutritionnel, le maintien de niveaux d&rsquo;azote.<\/p>\n","protected":false},"excerpt":{"rendered":"<p>ECORGAN amendement organique humique est un produit avec une grande quantit\u00e9 de mati\u00e8re organique et l&rsquo;extrait humique totale. Il am\u00e9liore la structure du sol, la participation dans les processus physico-chimiques et de fournir une nutrition ad\u00e9quate \u00e0 la culture. Ce compost destin\u00e9 \u00e0 un usage intensif, remplace la contribution du lisier et du fumier pour [&hellip;]<\/p>\n","protected":false},"featured_media":949,"comment_status":"closed","ping_status":"closed","template":"","meta":{"_acf_changed":false,"inline_featured_image":false},"product_brand":[],"product_cat":[204,186],"product_tag":[],"sectores":[364,371,421],"class_list":{"0":"post-9792","1":"product","2":"type-product","3":"status-publish","4":"has-post-thumbnail","6":"product_cat-engrais-organiques","7":"product_cat-matieries-premieres","8":"sectores-pepiniere","9":"sectores-fructiculture-et-horticulture","10":"sectores-viticulture-fr","12":"first","13":"instock","14":"product-type-simple"},"acf":[],"yoast_head":"<!-- This site is optimized with the Yoast SEO plugin v26.7 - https:\/\/yoast.com\/wordpress\/plugins\/seo\/ -->\n<title>ECORGAN | Bur\u00e9s Profesional<\/title>\n<meta name=\"robots\" content=\"index, follow, max-snippet:-1, max-image-preview:large, max-video-preview:-1\" \/>\n<link rel=\"canonical\" href=\"https:\/\/www.burespro.com\/fr\/product\/ecorgan\/\" \/>\n<meta property=\"og:locale\" content=\"fr_FR\" \/>\n<meta property=\"og:type\" content=\"article\" \/>\n<meta property=\"og:title\" content=\"ECORGAN | Bur\u00e9s Profesional\" \/>\n<meta property=\"og:description\" content=\"ECORGAN amendement organique humique est un produit avec une grande quantit\u00e9 de mati\u00e8re organique et l&rsquo;extrait humique totale. Il am\u00e9liore la structure du sol, la participation dans les processus physico-chimiques et de fournir une nutrition ad\u00e9quate \u00e0 la culture. Ce compost destin\u00e9 \u00e0 un usage intensif, remplace la contribution du lisier et du fumier pour [&hellip;]\" \/>\n<meta property=\"og:url\" content=\"https:\/\/www.burespro.com\/fr\/product\/ecorgan\/\" \/>\n<meta property=\"og:site_name\" content=\"Bur\u00e9s Profesional\" \/>\n<meta property=\"article:publisher\" content=\"https:\/\/www.facebook.com\/buresprofesionalsa\" \/>\n<meta property=\"article:modified_time\" content=\"2020-05-22T08:32:11+00:00\" \/>\n<meta property=\"og:image\" content=\"https:\/\/www.burespro.com\/wp-content\/uploads\/2020\/01\/465_medium.jpg\" \/>\n\t<meta property=\"og:image:width\" content=\"900\" \/>\n\t<meta property=\"og:image:height\" content=\"506\" \/>\n\t<meta property=\"og:image:type\" content=\"image\/jpeg\" \/>\n<meta name=\"twitter:card\" content=\"summary_large_image\" \/>\n<script type=\"application\/ld+json\" class=\"yoast-schema-graph\">{\"@context\":\"https:\/\/schema.org\",\"@graph\":[{\"@type\":\"WebPage\",\"@id\":\"https:\/\/www.burespro.com\/fr\/product\/ecorgan\/\",\"url\":\"https:\/\/www.burespro.com\/fr\/product\/ecorgan\/\",\"name\":\"ECORGAN | Bur\u00e9s Profesional\",\"isPartOf\":{\"@id\":\"https:\/\/www.burespro.com\/#website\"},\"primaryImageOfPage\":{\"@id\":\"https:\/\/www.burespro.com\/fr\/product\/ecorgan\/#primaryimage\"},\"image\":{\"@id\":\"https:\/\/www.burespro.com\/fr\/product\/ecorgan\/#primaryimage\"},\"thumbnailUrl\":\"https:\/\/www.burespro.com\/wp-content\/uploads\/2020\/01\/465_medium.jpg\",\"datePublished\":\"2020-03-10T15:36:19+00:00\",\"dateModified\":\"2020-05-22T08:32:11+00:00\",\"breadcrumb\":{\"@id\":\"https:\/\/www.burespro.com\/fr\/product\/ecorgan\/#breadcrumb\"},\"inLanguage\":\"fr-FR\",\"potentialAction\":[{\"@type\":\"ReadAction\",\"target\":[\"https:\/\/www.burespro.com\/fr\/product\/ecorgan\/\"]}]},{\"@type\":\"ImageObject\",\"inLanguage\":\"fr-FR\",\"@id\":\"https:\/\/www.burespro.com\/fr\/product\/ecorgan\/#primaryimage\",\"url\":\"https:\/\/www.burespro.com\/wp-content\/uploads\/2020\/01\/465_medium.jpg\",\"contentUrl\":\"https:\/\/www.burespro.com\/wp-content\/uploads\/2020\/01\/465_medium.jpg\",\"width\":900,\"height\":506},{\"@type\":\"BreadcrumbList\",\"@id\":\"https:\/\/www.burespro.com\/fr\/product\/ecorgan\/#breadcrumb\",\"itemListElement\":[{\"@type\":\"ListItem\",\"position\":1,\"name\":\"Inici\",\"item\":\"https:\/\/www.burespro.com\/fr\/\"},{\"@type\":\"ListItem\",\"position\":2,\"name\":\"Boutique\",\"item\":\"https:\/\/www.burespro.com\/fr\/substrats-engrais\/\"},{\"@type\":\"ListItem\",\"position\":3,\"name\":\"ECORGAN\"}]},{\"@type\":\"WebSite\",\"@id\":\"https:\/\/www.burespro.com\/#website\",\"url\":\"https:\/\/www.burespro.com\/\",\"name\":\"Bur\u00e9s Profesional\",\"description\":\"Fabricants de terres, substrats de cultiu, fertilitzants i adobs org\u00e0nics\",\"potentialAction\":[{\"@type\":\"SearchAction\",\"target\":{\"@type\":\"EntryPoint\",\"urlTemplate\":\"https:\/\/www.burespro.com\/?s={search_term_string}\"},\"query-input\":{\"@type\":\"PropertyValueSpecification\",\"valueRequired\":true,\"valueName\":\"search_term_string\"}}],\"inLanguage\":\"fr-FR\"}]}<\/script>\n<!-- \/ Yoast SEO plugin. -->","yoast_head_json":{"title":"ECORGAN | Bur\u00e9s Profesional","robots":{"index":"index","follow":"follow","max-snippet":"max-snippet:-1","max-image-preview":"max-image-preview:large","max-video-preview":"max-video-preview:-1"},"canonical":"https:\/\/www.burespro.com\/fr\/product\/ecorgan\/","og_locale":"fr_FR","og_type":"article","og_title":"ECORGAN | Bur\u00e9s Profesional","og_description":"ECORGAN amendement organique humique est un produit avec une grande quantit\u00e9 de mati\u00e8re organique et l&rsquo;extrait humique totale. Il am\u00e9liore la structure du sol, la participation dans les processus physico-chimiques et de fournir une nutrition ad\u00e9quate \u00e0 la culture. Ce compost destin\u00e9 \u00e0 un usage intensif, remplace la contribution du lisier et du fumier pour [&hellip;]","og_url":"https:\/\/www.burespro.com\/fr\/product\/ecorgan\/","og_site_name":"Bur\u00e9s Profesional","article_publisher":"https:\/\/www.facebook.com\/buresprofesionalsa","article_modified_time":"2020-05-22T08:32:11+00:00","og_image":[{"width":900,"height":506,"url":"https:\/\/www.burespro.com\/wp-content\/uploads\/2020\/01\/465_medium.jpg","type":"image\/jpeg"}],"twitter_card":"summary_large_image","schema":{"@context":"https:\/\/schema.org","@graph":[{"@type":"WebPage","@id":"https:\/\/www.burespro.com\/fr\/product\/ecorgan\/","url":"https:\/\/www.burespro.com\/fr\/product\/ecorgan\/","name":"ECORGAN | Bur\u00e9s Profesional","isPartOf":{"@id":"https:\/\/www.burespro.com\/#website"},"primaryImageOfPage":{"@id":"https:\/\/www.burespro.com\/fr\/product\/ecorgan\/#primaryimage"},"image":{"@id":"https:\/\/www.burespro.com\/fr\/product\/ecorgan\/#primaryimage"},"thumbnailUrl":"https:\/\/www.burespro.com\/wp-content\/uploads\/2020\/01\/465_medium.jpg","datePublished":"2020-03-10T15:36:19+00:00","dateModified":"2020-05-22T08:32:11+00:00","breadcrumb":{"@id":"https:\/\/www.burespro.com\/fr\/product\/ecorgan\/#breadcrumb"},"inLanguage":"fr-FR","potentialAction":[{"@type":"ReadAction","target":["https:\/\/www.burespro.com\/fr\/product\/ecorgan\/"]}]},{"@type":"ImageObject","inLanguage":"fr-FR","@id":"https:\/\/www.burespro.com\/fr\/product\/ecorgan\/#primaryimage","url":"https:\/\/www.burespro.com\/wp-content\/uploads\/2020\/01\/465_medium.jpg","contentUrl":"https:\/\/www.burespro.com\/wp-content\/uploads\/2020\/01\/465_medium.jpg","width":900,"height":506},{"@type":"BreadcrumbList","@id":"https:\/\/www.burespro.com\/fr\/product\/ecorgan\/#breadcrumb","itemListElement":[{"@type":"ListItem","position":1,"name":"Inici","item":"https:\/\/www.burespro.com\/fr\/"},{"@type":"ListItem","position":2,"name":"Boutique","item":"https:\/\/www.burespro.com\/fr\/substrats-engrais\/"},{"@type":"ListItem","position":3,"name":"ECORGAN"}]},{"@type":"WebSite","@id":"https:\/\/www.burespro.com\/#website","url":"https:\/\/www.burespro.com\/","name":"Bur\u00e9s Profesional","description":"Fabricants de terres, substrats de cultiu, fertilitzants i adobs org\u00e0nics","potentialAction":[{"@type":"SearchAction","target":{"@type":"EntryPoint","urlTemplate":"https:\/\/www.burespro.com\/?s={search_term_string}"},"query-input":{"@type":"PropertyValueSpecification","valueRequired":true,"valueName":"search_term_string"}}],"inLanguage":"fr-FR"}]}},"_links":{"self":[{"href":"https:\/\/www.burespro.com\/fr\/wp-json\/wp\/v2\/product\/9792","targetHints":{"allow":["GET"]}}],"collection":[{"href":"https:\/\/www.burespro.com\/fr\/wp-json\/wp\/v2\/product"}],"about":[{"href":"https:\/\/www.burespro.com\/fr\/wp-json\/wp\/v2\/types\/product"}],"replies":[{"embeddable":true,"href":"https:\/\/www.burespro.com\/fr\/wp-json\/wp\/v2\/comments?post=9792"}],"wp:featuredmedia":[{"embeddable":true,"href":"https:\/\/www.burespro.com\/fr\/wp-json\/wp\/v2\/media\/949"}],"wp:attachment":[{"href":"https:\/\/www.burespro.com\/fr\/wp-json\/wp\/v2\/media?parent=9792"}],"wp:term":[{"taxonomy":"product_brand","embeddable":true,"href":"https:\/\/www.burespro.com\/fr\/wp-json\/wp\/v2\/product_brand?post=9792"},{"taxonomy":"product_cat","embeddable":true,"href":"https:\/\/www.burespro.com\/fr\/wp-json\/wp\/v2\/product_cat?post=9792"},{"taxonomy":"product_tag","embeddable":true,"href":"https:\/\/www.burespro.com\/fr\/wp-json\/wp\/v2\/product_tag?post=9792"},{"taxonomy":"sectores","embeddable":true,"href":"https:\/\/www.burespro.com\/fr\/wp-json\/wp\/v2\/sectores?post=9792"}],"curies":[{"name":"wp","href":"https:\/\/api.w.org\/{rel}","templated":true}]}}