{"id":9768,"date":"2020-03-10T14:32:59","date_gmt":"2020-03-10T15:35:41","guid":{"rendered":"https:\/\/burespro.neorgvirtual.com\/product\/ecogel\/"},"modified":"2020-05-22T10:23:23","modified_gmt":"2020-05-22T08:23:23","slug":"ecogel","status":"publish","type":"product","link":"https:\/\/www.burespro.com\/fr\/product\/ecogel\/","title":{"rendered":"ECOGEL"},"content":{"rendered":"<p><strong>ECOGEL<\/strong> est un polym\u00e8re (polyacrylamide), \u00e9galement connu sous l\u2019appellation de super absorbant ou de r\u00e9tenteur d\u2019eau, ayant une capacit\u00e9 exceptionnelle de r\u00e9tention de l\u2019eau, pouvant stocker de 150 \u00e0 400 fois son poids sec en eau.<\/p>\n<p><strong>ECOGEL<\/strong> agit dans le sol comme une \u00e9ponge. Lorsqu\u2019il entre en contact avec l\u2019eau, ses polym\u00e8res l\u2019absorbent rapidement en formant une substance insoluble similaire \u00e0 un gel, qui se transforme en une r\u00e9serve d\u2019eau facilement disponible pour les racines des plantes.<\/p>\n","protected":false},"excerpt":{"rendered":"<p>ECOGEL est un polym\u00e8re (polyacrylamide), \u00e9galement connu sous l\u2019appellation de super absorbant ou de r\u00e9tenteur d\u2019eau, ayant une capacit\u00e9 exceptionnelle de r\u00e9tention de l\u2019eau, pouvant stocker de 150 \u00e0 400 fois son poids sec en eau. ECOGEL agit dans le sol comme une \u00e9ponge. Lorsqu\u2019il entre en contact avec l\u2019eau, ses polym\u00e8res l\u2019absorbent rapidement en [&hellip;]<\/p>\n","protected":false},"featured_media":15638,"comment_status":"closed","ping_status":"closed","template":"","meta":{"_acf_changed":false,"inline_featured_image":false},"product_brand":[],"product_cat":[214,212],"product_tag":[],"sectores":[364,371,419,421,367,372,368,374,369],"class_list":{"0":"post-9768","1":"product","2":"type-product","3":"status-publish","4":"has-post-thumbnail","6":"product_cat-supplements-pour-la-culture","7":"product_cat-produits-pour-la-gestion-de-leau","8":"sectores-pepiniere","9":"sectores-fructiculture-et-horticulture","10":"sectores-floriculture-fr","11":"sectores-viticulture-fr","12":"sectores-jardinage-professionnel-paysagisme","13":"sectores-genieux-publiques-et-civiles","14":"sectores-administrations-publiques","15":"sectores-terrains-de-sport-professionels","16":"sectores-centres-de-jardinerie","18":"first","19":"instock","20":"product-type-simple"},"acf":[],"yoast_head":"<!-- This site is optimized with the Yoast SEO plugin v26.7 - https:\/\/yoast.com\/wordpress\/plugins\/seo\/ -->\n<title>ECOGEL | Bur\u00e9s Profesional<\/title>\n<meta name=\"robots\" content=\"index, follow, max-snippet:-1, max-image-preview:large, max-video-preview:-1\" \/>\n<link rel=\"canonical\" href=\"https:\/\/www.burespro.com\/fr\/product\/ecogel\/\" \/>\n<meta property=\"og:locale\" content=\"fr_FR\" \/>\n<meta property=\"og:type\" content=\"article\" \/>\n<meta property=\"og:title\" content=\"ECOGEL | Bur\u00e9s Profesional\" \/>\n<meta property=\"og:description\" content=\"ECOGEL est un polym\u00e8re (polyacrylamide), \u00e9galement connu sous l\u2019appellation de super absorbant ou de r\u00e9tenteur d\u2019eau, ayant une capacit\u00e9 exceptionnelle de r\u00e9tention de l\u2019eau, pouvant stocker de 150 \u00e0 400 fois son poids sec en eau. ECOGEL agit dans le sol comme une \u00e9ponge. Lorsqu\u2019il entre en contact avec l\u2019eau, ses polym\u00e8res l\u2019absorbent rapidement en [&hellip;]\" \/>\n<meta property=\"og:url\" content=\"https:\/\/www.burespro.com\/fr\/product\/ecogel\/\" \/>\n<meta property=\"og:site_name\" content=\"Bur\u00e9s Profesional\" \/>\n<meta property=\"article:publisher\" content=\"https:\/\/www.facebook.com\/buresprofesionalsa\" \/>\n<meta property=\"article:modified_time\" content=\"2020-05-22T08:23:23+00:00\" \/>\n<meta property=\"og:image\" content=\"https:\/\/www.burespro.com\/wp-content\/uploads\/2020\/03\/ECOGEL.png\" \/>\n\t<meta property=\"og:image:width\" content=\"700\" \/>\n\t<meta property=\"og:image:height\" content=\"450\" \/>\n\t<meta property=\"og:image:type\" content=\"image\/png\" \/>\n<meta name=\"twitter:card\" content=\"summary_large_image\" \/>\n<script type=\"application\/ld+json\" class=\"yoast-schema-graph\">{\"@context\":\"https:\/\/schema.org\",\"@graph\":[{\"@type\":\"WebPage\",\"@id\":\"https:\/\/www.burespro.com\/fr\/product\/ecogel\/\",\"url\":\"https:\/\/www.burespro.com\/fr\/product\/ecogel\/\",\"name\":\"ECOGEL | Bur\u00e9s Profesional\",\"isPartOf\":{\"@id\":\"https:\/\/www.burespro.com\/#website\"},\"primaryImageOfPage\":{\"@id\":\"https:\/\/www.burespro.com\/fr\/product\/ecogel\/#primaryimage\"},\"image\":{\"@id\":\"https:\/\/www.burespro.com\/fr\/product\/ecogel\/#primaryimage\"},\"thumbnailUrl\":\"https:\/\/www.burespro.com\/wp-content\/uploads\/2020\/03\/ECOGEL.png\",\"datePublished\":\"2020-03-10T15:35:41+00:00\",\"dateModified\":\"2020-05-22T08:23:23+00:00\",\"breadcrumb\":{\"@id\":\"https:\/\/www.burespro.com\/fr\/product\/ecogel\/#breadcrumb\"},\"inLanguage\":\"fr-FR\",\"potentialAction\":[{\"@type\":\"ReadAction\",\"target\":[\"https:\/\/www.burespro.com\/fr\/product\/ecogel\/\"]}]},{\"@type\":\"ImageObject\",\"inLanguage\":\"fr-FR\",\"@id\":\"https:\/\/www.burespro.com\/fr\/product\/ecogel\/#primaryimage\",\"url\":\"https:\/\/www.burespro.com\/wp-content\/uploads\/2020\/03\/ECOGEL.png\",\"contentUrl\":\"https:\/\/www.burespro.com\/wp-content\/uploads\/2020\/03\/ECOGEL.png\",\"width\":700,\"height\":450,\"caption\":\"Ecogel pol\u00edmero bures\"},{\"@type\":\"BreadcrumbList\",\"@id\":\"https:\/\/www.burespro.com\/fr\/product\/ecogel\/#breadcrumb\",\"itemListElement\":[{\"@type\":\"ListItem\",\"position\":1,\"name\":\"Inici\",\"item\":\"https:\/\/www.burespro.com\/fr\/\"},{\"@type\":\"ListItem\",\"position\":2,\"name\":\"Boutique\",\"item\":\"https:\/\/www.burespro.com\/fr\/substrats-engrais\/\"},{\"@type\":\"ListItem\",\"position\":3,\"name\":\"ECOGEL\"}]},{\"@type\":\"WebSite\",\"@id\":\"https:\/\/www.burespro.com\/#website\",\"url\":\"https:\/\/www.burespro.com\/\",\"name\":\"Bur\u00e9s Profesional\",\"description\":\"Fabricants de terres, substrats de cultiu, fertilitzants i adobs org\u00e0nics\",\"potentialAction\":[{\"@type\":\"SearchAction\",\"target\":{\"@type\":\"EntryPoint\",\"urlTemplate\":\"https:\/\/www.burespro.com\/?s={search_term_string}\"},\"query-input\":{\"@type\":\"PropertyValueSpecification\",\"valueRequired\":true,\"valueName\":\"search_term_string\"}}],\"inLanguage\":\"fr-FR\"}]}<\/script>\n<!-- \/ Yoast SEO plugin. -->","yoast_head_json":{"title":"ECOGEL | Bur\u00e9s Profesional","robots":{"index":"index","follow":"follow","max-snippet":"max-snippet:-1","max-image-preview":"max-image-preview:large","max-video-preview":"max-video-preview:-1"},"canonical":"https:\/\/www.burespro.com\/fr\/product\/ecogel\/","og_locale":"fr_FR","og_type":"article","og_title":"ECOGEL | Bur\u00e9s Profesional","og_description":"ECOGEL est un polym\u00e8re (polyacrylamide), \u00e9galement connu sous l\u2019appellation de super absorbant ou de r\u00e9tenteur d\u2019eau, ayant une capacit\u00e9 exceptionnelle de r\u00e9tention de l\u2019eau, pouvant stocker de 150 \u00e0 400 fois son poids sec en eau. ECOGEL agit dans le sol comme une \u00e9ponge. Lorsqu\u2019il entre en contact avec l\u2019eau, ses polym\u00e8res l\u2019absorbent rapidement en [&hellip;]","og_url":"https:\/\/www.burespro.com\/fr\/product\/ecogel\/","og_site_name":"Bur\u00e9s Profesional","article_publisher":"https:\/\/www.facebook.com\/buresprofesionalsa","article_modified_time":"2020-05-22T08:23:23+00:00","og_image":[{"width":700,"height":450,"url":"https:\/\/www.burespro.com\/wp-content\/uploads\/2020\/03\/ECOGEL.png","type":"image\/png"}],"twitter_card":"summary_large_image","schema":{"@context":"https:\/\/schema.org","@graph":[{"@type":"WebPage","@id":"https:\/\/www.burespro.com\/fr\/product\/ecogel\/","url":"https:\/\/www.burespro.com\/fr\/product\/ecogel\/","name":"ECOGEL | Bur\u00e9s Profesional","isPartOf":{"@id":"https:\/\/www.burespro.com\/#website"},"primaryImageOfPage":{"@id":"https:\/\/www.burespro.com\/fr\/product\/ecogel\/#primaryimage"},"image":{"@id":"https:\/\/www.burespro.com\/fr\/product\/ecogel\/#primaryimage"},"thumbnailUrl":"https:\/\/www.burespro.com\/wp-content\/uploads\/2020\/03\/ECOGEL.png","datePublished":"2020-03-10T15:35:41+00:00","dateModified":"2020-05-22T08:23:23+00:00","breadcrumb":{"@id":"https:\/\/www.burespro.com\/fr\/product\/ecogel\/#breadcrumb"},"inLanguage":"fr-FR","potentialAction":[{"@type":"ReadAction","target":["https:\/\/www.burespro.com\/fr\/product\/ecogel\/"]}]},{"@type":"ImageObject","inLanguage":"fr-FR","@id":"https:\/\/www.burespro.com\/fr\/product\/ecogel\/#primaryimage","url":"https:\/\/www.burespro.com\/wp-content\/uploads\/2020\/03\/ECOGEL.png","contentUrl":"https:\/\/www.burespro.com\/wp-content\/uploads\/2020\/03\/ECOGEL.png","width":700,"height":450,"caption":"Ecogel pol\u00edmero bures"},{"@type":"BreadcrumbList","@id":"https:\/\/www.burespro.com\/fr\/product\/ecogel\/#breadcrumb","itemListElement":[{"@type":"ListItem","position":1,"name":"Inici","item":"https:\/\/www.burespro.com\/fr\/"},{"@type":"ListItem","position":2,"name":"Boutique","item":"https:\/\/www.burespro.com\/fr\/substrats-engrais\/"},{"@type":"ListItem","position":3,"name":"ECOGEL"}]},{"@type":"WebSite","@id":"https:\/\/www.burespro.com\/#website","url":"https:\/\/www.burespro.com\/","name":"Bur\u00e9s Profesional","description":"Fabricants de terres, substrats de cultiu, fertilitzants i adobs org\u00e0nics","potentialAction":[{"@type":"SearchAction","target":{"@type":"EntryPoint","urlTemplate":"https:\/\/www.burespro.com\/?s={search_term_string}"},"query-input":{"@type":"PropertyValueSpecification","valueRequired":true,"valueName":"search_term_string"}}],"inLanguage":"fr-FR"}]}},"_links":{"self":[{"href":"https:\/\/www.burespro.com\/fr\/wp-json\/wp\/v2\/product\/9768","targetHints":{"allow":["GET"]}}],"collection":[{"href":"https:\/\/www.burespro.com\/fr\/wp-json\/wp\/v2\/product"}],"about":[{"href":"https:\/\/www.burespro.com\/fr\/wp-json\/wp\/v2\/types\/product"}],"replies":[{"embeddable":true,"href":"https:\/\/www.burespro.com\/fr\/wp-json\/wp\/v2\/comments?post=9768"}],"wp:featuredmedia":[{"embeddable":true,"href":"https:\/\/www.burespro.com\/fr\/wp-json\/wp\/v2\/media\/15638"}],"wp:attachment":[{"href":"https:\/\/www.burespro.com\/fr\/wp-json\/wp\/v2\/media?parent=9768"}],"wp:term":[{"taxonomy":"product_brand","embeddable":true,"href":"https:\/\/www.burespro.com\/fr\/wp-json\/wp\/v2\/product_brand?post=9768"},{"taxonomy":"product_cat","embeddable":true,"href":"https:\/\/www.burespro.com\/fr\/wp-json\/wp\/v2\/product_cat?post=9768"},{"taxonomy":"product_tag","embeddable":true,"href":"https:\/\/www.burespro.com\/fr\/wp-json\/wp\/v2\/product_tag?post=9768"},{"taxonomy":"sectores","embeddable":true,"href":"https:\/\/www.burespro.com\/fr\/wp-json\/wp\/v2\/sectores?post=9768"}],"curies":[{"name":"wp","href":"https:\/\/api.w.org\/{rel}","templated":true}]}}