{"id":9741,"date":"2020-03-10T14:32:59","date_gmt":"2020-03-10T15:35:41","guid":{"rendered":"https:\/\/burespro.neorgvirtual.com\/product\/cultivator-30\/"},"modified":"2020-05-22T08:48:04","modified_gmt":"2020-05-22T06:48:04","slug":"cultivator-30","status":"publish","type":"product","link":"https:\/\/www.burespro.com\/fr\/product\/cultivator-30\/","title":{"rendered":"CULTIVATOR 30"},"content":{"rendered":"<p><strong>Cultivator 30<\/strong> est un sac de culture professionnel compos\u00e9 d&rsquo;un substrat de m\u00e9lange sp\u00e9cialement con\u00e7u pour la culture sans terre d&rsquo;une grande vari\u00e9t\u00e9 d&rsquo;esp\u00e8ces v\u00e9g\u00e9tales.<\/p>\n<p><strong>CULTIVATOR<\/strong> est un syst\u00e8me de culture professionnel dans lequel un substrat de m\u00e9lange est utilis\u00e9, sp\u00e9cialement con\u00e7u pour la culture hors-sol d\u2019une grande vari\u00e9t\u00e9 d\u2019esp\u00e8ces v\u00e9g\u00e9tales. Le sac agit comme un r\u00e9cipient couvert, \u00e9vitant tout contact du substrat avec le sol et les particules d\u2019air. Il est utilis\u00e9 comme substitut aux sols pauvres ou \u00e9puis\u00e9s et pour \u00e9viter l\u2019apparition de maladies d\u00e9riv\u00e9es de la culture dans le sol. En ce sens, il emp\u00eache les impuret\u00e9s de l\u2019air, les spores ou autres \u00e9l\u00e9ments en suspension de tomber sur le substrat et de germer pendant la culture, et les micro-organismes nuisibles de prolif\u00e9rer. Le substrat agit \u00e0 la fois comme support pour la plante et comme r\u00e9serve de nutriments.<\/p>\n","protected":false},"excerpt":{"rendered":"<p>Cultivator 30 est un sac de culture professionnel compos\u00e9 d&rsquo;un substrat de m\u00e9lange sp\u00e9cialement con\u00e7u pour la culture sans terre d&rsquo;une grande vari\u00e9t\u00e9 d&rsquo;esp\u00e8ces v\u00e9g\u00e9tales. CULTIVATOR est un syst\u00e8me de culture professionnel dans lequel un substrat de m\u00e9lange est utilis\u00e9, sp\u00e9cialement con\u00e7u pour la culture hors-sol d\u2019une grande vari\u00e9t\u00e9 d\u2019esp\u00e8ces v\u00e9g\u00e9tales. Le sac agit comme [&hellip;]<\/p>\n","protected":false},"featured_media":865,"comment_status":"closed","ping_status":"closed","template":"","meta":{"_acf_changed":false,"inline_featured_image":false},"product_brand":[],"product_cat":[210,219],"product_tag":[452],"sectores":[364,371,419],"class_list":{"0":"post-9741","1":"product","2":"type-product","3":"status-publish","4":"has-post-thumbnail","6":"product_cat-gamme-cultivator","7":"product_cat-terreaux-pour-la-culture","8":"product_tag-bures-profesional-fr","9":"sectores-pepiniere","10":"sectores-fructiculture-et-horticulture","11":"sectores-floriculture-fr","13":"first","14":"instock","15":"product-type-simple"},"acf":[],"yoast_head":"<!-- This site is optimized with the Yoast SEO plugin v26.7 - https:\/\/yoast.com\/wordpress\/plugins\/seo\/ -->\n<title>CULTIVATOR 30 | Bur\u00e9s Profesional<\/title>\n<meta name=\"robots\" content=\"index, follow, max-snippet:-1, max-image-preview:large, max-video-preview:-1\" \/>\n<link rel=\"canonical\" href=\"https:\/\/www.burespro.com\/fr\/product\/cultivator-30\/\" \/>\n<meta property=\"og:locale\" content=\"fr_FR\" \/>\n<meta property=\"og:type\" content=\"article\" \/>\n<meta property=\"og:title\" content=\"CULTIVATOR 30 | Bur\u00e9s Profesional\" \/>\n<meta property=\"og:description\" content=\"Cultivator 30 est un sac de culture professionnel compos\u00e9 d&rsquo;un substrat de m\u00e9lange sp\u00e9cialement con\u00e7u pour la culture sans terre d&rsquo;une grande vari\u00e9t\u00e9 d&rsquo;esp\u00e8ces v\u00e9g\u00e9tales. CULTIVATOR est un syst\u00e8me de culture professionnel dans lequel un substrat de m\u00e9lange est utilis\u00e9, sp\u00e9cialement con\u00e7u pour la culture hors-sol d\u2019une grande vari\u00e9t\u00e9 d\u2019esp\u00e8ces v\u00e9g\u00e9tales. Le sac agit comme [&hellip;]\" \/>\n<meta property=\"og:url\" content=\"https:\/\/www.burespro.com\/fr\/product\/cultivator-30\/\" \/>\n<meta property=\"og:site_name\" content=\"Bur\u00e9s Profesional\" \/>\n<meta property=\"article:publisher\" content=\"https:\/\/www.facebook.com\/buresprofesionalsa\" \/>\n<meta property=\"article:modified_time\" content=\"2020-05-22T06:48:04+00:00\" \/>\n<meta property=\"og:image\" content=\"https:\/\/www.burespro.com\/wp-content\/uploads\/2020\/01\/352_medium.jpg\" \/>\n\t<meta property=\"og:image:width\" content=\"900\" \/>\n\t<meta property=\"og:image:height\" content=\"540\" \/>\n\t<meta property=\"og:image:type\" content=\"image\/jpeg\" \/>\n<meta name=\"twitter:card\" content=\"summary_large_image\" \/>\n<meta name=\"twitter:label1\" content=\"Dur\u00e9e de lecture estim\u00e9e\" \/>\n\t<meta name=\"twitter:data1\" content=\"1 minute\" \/>\n<script type=\"application\/ld+json\" class=\"yoast-schema-graph\">{\"@context\":\"https:\/\/schema.org\",\"@graph\":[{\"@type\":\"WebPage\",\"@id\":\"https:\/\/www.burespro.com\/fr\/product\/cultivator-30\/\",\"url\":\"https:\/\/www.burespro.com\/fr\/product\/cultivator-30\/\",\"name\":\"CULTIVATOR 30 | Bur\u00e9s Profesional\",\"isPartOf\":{\"@id\":\"https:\/\/www.burespro.com\/#website\"},\"primaryImageOfPage\":{\"@id\":\"https:\/\/www.burespro.com\/fr\/product\/cultivator-30\/#primaryimage\"},\"image\":{\"@id\":\"https:\/\/www.burespro.com\/fr\/product\/cultivator-30\/#primaryimage\"},\"thumbnailUrl\":\"https:\/\/www.burespro.com\/wp-content\/uploads\/2020\/01\/352_medium.jpg\",\"datePublished\":\"2020-03-10T15:35:41+00:00\",\"dateModified\":\"2020-05-22T06:48:04+00:00\",\"breadcrumb\":{\"@id\":\"https:\/\/www.burespro.com\/fr\/product\/cultivator-30\/#breadcrumb\"},\"inLanguage\":\"fr-FR\",\"potentialAction\":[{\"@type\":\"ReadAction\",\"target\":[\"https:\/\/www.burespro.com\/fr\/product\/cultivator-30\/\"]}]},{\"@type\":\"ImageObject\",\"inLanguage\":\"fr-FR\",\"@id\":\"https:\/\/www.burespro.com\/fr\/product\/cultivator-30\/#primaryimage\",\"url\":\"https:\/\/www.burespro.com\/wp-content\/uploads\/2020\/01\/352_medium.jpg\",\"contentUrl\":\"https:\/\/www.burespro.com\/wp-content\/uploads\/2020\/01\/352_medium.jpg\",\"width\":900,\"height\":540},{\"@type\":\"BreadcrumbList\",\"@id\":\"https:\/\/www.burespro.com\/fr\/product\/cultivator-30\/#breadcrumb\",\"itemListElement\":[{\"@type\":\"ListItem\",\"position\":1,\"name\":\"Inici\",\"item\":\"https:\/\/www.burespro.com\/fr\/\"},{\"@type\":\"ListItem\",\"position\":2,\"name\":\"Boutique\",\"item\":\"https:\/\/www.burespro.com\/fr\/substrats-engrais\/\"},{\"@type\":\"ListItem\",\"position\":3,\"name\":\"CULTIVATOR 30\"}]},{\"@type\":\"WebSite\",\"@id\":\"https:\/\/www.burespro.com\/#website\",\"url\":\"https:\/\/www.burespro.com\/\",\"name\":\"Bur\u00e9s Profesional\",\"description\":\"Fabricants de terres, substrats de cultiu, fertilitzants i adobs org\u00e0nics\",\"potentialAction\":[{\"@type\":\"SearchAction\",\"target\":{\"@type\":\"EntryPoint\",\"urlTemplate\":\"https:\/\/www.burespro.com\/?s={search_term_string}\"},\"query-input\":{\"@type\":\"PropertyValueSpecification\",\"valueRequired\":true,\"valueName\":\"search_term_string\"}}],\"inLanguage\":\"fr-FR\"}]}<\/script>\n<!-- \/ Yoast SEO plugin. -->","yoast_head_json":{"title":"CULTIVATOR 30 | Bur\u00e9s Profesional","robots":{"index":"index","follow":"follow","max-snippet":"max-snippet:-1","max-image-preview":"max-image-preview:large","max-video-preview":"max-video-preview:-1"},"canonical":"https:\/\/www.burespro.com\/fr\/product\/cultivator-30\/","og_locale":"fr_FR","og_type":"article","og_title":"CULTIVATOR 30 | Bur\u00e9s Profesional","og_description":"Cultivator 30 est un sac de culture professionnel compos\u00e9 d&rsquo;un substrat de m\u00e9lange sp\u00e9cialement con\u00e7u pour la culture sans terre d&rsquo;une grande vari\u00e9t\u00e9 d&rsquo;esp\u00e8ces v\u00e9g\u00e9tales. CULTIVATOR est un syst\u00e8me de culture professionnel dans lequel un substrat de m\u00e9lange est utilis\u00e9, sp\u00e9cialement con\u00e7u pour la culture hors-sol d\u2019une grande vari\u00e9t\u00e9 d\u2019esp\u00e8ces v\u00e9g\u00e9tales. Le sac agit comme [&hellip;]","og_url":"https:\/\/www.burespro.com\/fr\/product\/cultivator-30\/","og_site_name":"Bur\u00e9s Profesional","article_publisher":"https:\/\/www.facebook.com\/buresprofesionalsa","article_modified_time":"2020-05-22T06:48:04+00:00","og_image":[{"width":900,"height":540,"url":"https:\/\/www.burespro.com\/wp-content\/uploads\/2020\/01\/352_medium.jpg","type":"image\/jpeg"}],"twitter_card":"summary_large_image","twitter_misc":{"Dur\u00e9e de lecture estim\u00e9e":"1 minute"},"schema":{"@context":"https:\/\/schema.org","@graph":[{"@type":"WebPage","@id":"https:\/\/www.burespro.com\/fr\/product\/cultivator-30\/","url":"https:\/\/www.burespro.com\/fr\/product\/cultivator-30\/","name":"CULTIVATOR 30 | Bur\u00e9s Profesional","isPartOf":{"@id":"https:\/\/www.burespro.com\/#website"},"primaryImageOfPage":{"@id":"https:\/\/www.burespro.com\/fr\/product\/cultivator-30\/#primaryimage"},"image":{"@id":"https:\/\/www.burespro.com\/fr\/product\/cultivator-30\/#primaryimage"},"thumbnailUrl":"https:\/\/www.burespro.com\/wp-content\/uploads\/2020\/01\/352_medium.jpg","datePublished":"2020-03-10T15:35:41+00:00","dateModified":"2020-05-22T06:48:04+00:00","breadcrumb":{"@id":"https:\/\/www.burespro.com\/fr\/product\/cultivator-30\/#breadcrumb"},"inLanguage":"fr-FR","potentialAction":[{"@type":"ReadAction","target":["https:\/\/www.burespro.com\/fr\/product\/cultivator-30\/"]}]},{"@type":"ImageObject","inLanguage":"fr-FR","@id":"https:\/\/www.burespro.com\/fr\/product\/cultivator-30\/#primaryimage","url":"https:\/\/www.burespro.com\/wp-content\/uploads\/2020\/01\/352_medium.jpg","contentUrl":"https:\/\/www.burespro.com\/wp-content\/uploads\/2020\/01\/352_medium.jpg","width":900,"height":540},{"@type":"BreadcrumbList","@id":"https:\/\/www.burespro.com\/fr\/product\/cultivator-30\/#breadcrumb","itemListElement":[{"@type":"ListItem","position":1,"name":"Inici","item":"https:\/\/www.burespro.com\/fr\/"},{"@type":"ListItem","position":2,"name":"Boutique","item":"https:\/\/www.burespro.com\/fr\/substrats-engrais\/"},{"@type":"ListItem","position":3,"name":"CULTIVATOR 30"}]},{"@type":"WebSite","@id":"https:\/\/www.burespro.com\/#website","url":"https:\/\/www.burespro.com\/","name":"Bur\u00e9s Profesional","description":"Fabricants de terres, substrats de cultiu, fertilitzants i adobs org\u00e0nics","potentialAction":[{"@type":"SearchAction","target":{"@type":"EntryPoint","urlTemplate":"https:\/\/www.burespro.com\/?s={search_term_string}"},"query-input":{"@type":"PropertyValueSpecification","valueRequired":true,"valueName":"search_term_string"}}],"inLanguage":"fr-FR"}]}},"_links":{"self":[{"href":"https:\/\/www.burespro.com\/fr\/wp-json\/wp\/v2\/product\/9741","targetHints":{"allow":["GET"]}}],"collection":[{"href":"https:\/\/www.burespro.com\/fr\/wp-json\/wp\/v2\/product"}],"about":[{"href":"https:\/\/www.burespro.com\/fr\/wp-json\/wp\/v2\/types\/product"}],"replies":[{"embeddable":true,"href":"https:\/\/www.burespro.com\/fr\/wp-json\/wp\/v2\/comments?post=9741"}],"wp:featuredmedia":[{"embeddable":true,"href":"https:\/\/www.burespro.com\/fr\/wp-json\/wp\/v2\/media\/865"}],"wp:attachment":[{"href":"https:\/\/www.burespro.com\/fr\/wp-json\/wp\/v2\/media?parent=9741"}],"wp:term":[{"taxonomy":"product_brand","embeddable":true,"href":"https:\/\/www.burespro.com\/fr\/wp-json\/wp\/v2\/product_brand?post=9741"},{"taxonomy":"product_cat","embeddable":true,"href":"https:\/\/www.burespro.com\/fr\/wp-json\/wp\/v2\/product_cat?post=9741"},{"taxonomy":"product_tag","embeddable":true,"href":"https:\/\/www.burespro.com\/fr\/wp-json\/wp\/v2\/product_tag?post=9741"},{"taxonomy":"sectores","embeddable":true,"href":"https:\/\/www.burespro.com\/fr\/wp-json\/wp\/v2\/sectores?post=9741"}],"curies":[{"name":"wp","href":"https:\/\/api.w.org\/{rel}","templated":true}]}}