{"id":9707,"date":"2020-03-10T14:32:05","date_gmt":"2020-03-10T15:35:15","guid":{"rendered":"https:\/\/burespro.neorgvirtual.com\/product\/ruban-adhesif-pour-gazon-artificiel\/"},"modified":"2020-03-30T10:15:34","modified_gmt":"2020-03-30T10:15:34","slug":"ruban-adhesif-pour-gazon-artificiel","status":"publish","type":"product","link":"https:\/\/www.burespro.com\/fr\/product\/ruban-adhesif-pour-gazon-artificiel\/","title":{"rendered":"BANDE DE LIAISON POUR GAZON ARTIFICIEL"},"content":{"rendered":"<p>Bande de liaison pour gazon artificiel professionnel 0,30 mx 25 m en tissu g\u00e9otextile.<br \/>\nRejoignez les bandes de gazon artificiel sans montrer les points de liaison en combinant la bande de liaison pour gazon artificiel avec notre <a href=\"https:\/\/burespro.com\/fr\/product\/adhesive-pour-gazon-artificiel\/\">adh\u00e9sif pour gazon artificiel<\/a>. Vous obtiendrez la fixation optimale pour que la pelouse ressemble \u00e0 une seule pi\u00e8ce.<\/p>\n<p>\u00c9galement disponible en rouleaux de 0,30 mx 100 m<\/p>\n","protected":false},"excerpt":{"rendered":"<p>Bande de liaison pour gazon artificiel professionnel 0,30 mx 25 m en tissu g\u00e9otextile. Rejoignez les bandes de gazon artificiel sans montrer les points de liaison en combinant la bande de liaison pour gazon artificiel avec notre adh\u00e9sif pour gazon artificiel. Vous obtiendrez la fixation optimale pour que la pelouse ressemble \u00e0 une seule pi\u00e8ce. [&hellip;]<\/p>\n","protected":false},"featured_media":766,"comment_status":"closed","ping_status":"closed","template":"","meta":{"_acf_changed":false,"inline_featured_image":false},"product_brand":[],"product_cat":[193],"product_tag":[569,522,525],"sectores":[367,372,368,374,369],"class_list":{"0":"post-9707","1":"product","2":"type-product","3":"status-publish","4":"has-post-thumbnail","6":"product_cat-gazon-artificiel","7":"product_tag-assemblage-de-gazon-artificiel","8":"product_tag-gazon-artificiel","9":"product_tag-gazon-artificiel-girona","10":"sectores-jardinage-professionnel-paysagisme","11":"sectores-genieux-publiques-et-civiles","12":"sectores-administrations-publiques","13":"sectores-terrains-de-sport-professionels","14":"sectores-centres-de-jardinerie","16":"first","17":"instock","18":"product-type-simple"},"acf":[],"yoast_head":"<!-- This site is optimized with the Yoast SEO plugin v26.7 - https:\/\/yoast.com\/wordpress\/plugins\/seo\/ -->\n<title>BANDE DE LIAISON POUR GAZON ARTIFICIEL | Bur\u00e9s Profesional<\/title>\n<meta name=\"robots\" content=\"index, follow, max-snippet:-1, max-image-preview:large, max-video-preview:-1\" \/>\n<link rel=\"canonical\" href=\"https:\/\/www.burespro.com\/fr\/product\/ruban-adhesif-pour-gazon-artificiel\/\" \/>\n<meta property=\"og:locale\" content=\"fr_FR\" \/>\n<meta property=\"og:type\" content=\"article\" \/>\n<meta property=\"og:title\" content=\"BANDE DE LIAISON POUR GAZON ARTIFICIEL | Bur\u00e9s Profesional\" \/>\n<meta property=\"og:description\" content=\"Bande de liaison pour gazon artificiel professionnel 0,30 mx 25 m en tissu g\u00e9otextile. Rejoignez les bandes de gazon artificiel sans montrer les points de liaison en combinant la bande de liaison pour gazon artificiel avec notre adh\u00e9sif pour gazon artificiel. Vous obtiendrez la fixation optimale pour que la pelouse ressemble \u00e0 une seule pi\u00e8ce. [&hellip;]\" \/>\n<meta property=\"og:url\" content=\"https:\/\/www.burespro.com\/fr\/product\/ruban-adhesif-pour-gazon-artificiel\/\" \/>\n<meta property=\"og:site_name\" content=\"Bur\u00e9s Profesional\" \/>\n<meta property=\"article:publisher\" content=\"https:\/\/www.facebook.com\/buresprofesionalsa\" \/>\n<meta property=\"article:modified_time\" content=\"2020-03-30T10:15:34+00:00\" \/>\n<meta property=\"og:image\" content=\"https:\/\/www.burespro.com\/wp-content\/uploads\/2020\/01\/245_medium.jpg\" \/>\n\t<meta property=\"og:image:width\" content=\"900\" \/>\n\t<meta property=\"og:image:height\" content=\"600\" \/>\n\t<meta property=\"og:image:type\" content=\"image\/jpeg\" \/>\n<meta name=\"twitter:card\" content=\"summary_large_image\" \/>\n<script type=\"application\/ld+json\" class=\"yoast-schema-graph\">{\"@context\":\"https:\/\/schema.org\",\"@graph\":[{\"@type\":\"WebPage\",\"@id\":\"https:\/\/www.burespro.com\/fr\/product\/ruban-adhesif-pour-gazon-artificiel\/\",\"url\":\"https:\/\/www.burespro.com\/fr\/product\/ruban-adhesif-pour-gazon-artificiel\/\",\"name\":\"BANDE DE LIAISON POUR GAZON ARTIFICIEL | Bur\u00e9s Profesional\",\"isPartOf\":{\"@id\":\"https:\/\/www.burespro.com\/#website\"},\"primaryImageOfPage\":{\"@id\":\"https:\/\/www.burespro.com\/fr\/product\/ruban-adhesif-pour-gazon-artificiel\/#primaryimage\"},\"image\":{\"@id\":\"https:\/\/www.burespro.com\/fr\/product\/ruban-adhesif-pour-gazon-artificiel\/#primaryimage\"},\"thumbnailUrl\":\"https:\/\/www.burespro.com\/wp-content\/uploads\/2020\/01\/245_medium.jpg\",\"datePublished\":\"2020-03-10T15:35:15+00:00\",\"dateModified\":\"2020-03-30T10:15:34+00:00\",\"breadcrumb\":{\"@id\":\"https:\/\/www.burespro.com\/fr\/product\/ruban-adhesif-pour-gazon-artificiel\/#breadcrumb\"},\"inLanguage\":\"fr-FR\",\"potentialAction\":[{\"@type\":\"ReadAction\",\"target\":[\"https:\/\/www.burespro.com\/fr\/product\/ruban-adhesif-pour-gazon-artificiel\/\"]}]},{\"@type\":\"ImageObject\",\"inLanguage\":\"fr-FR\",\"@id\":\"https:\/\/www.burespro.com\/fr\/product\/ruban-adhesif-pour-gazon-artificiel\/#primaryimage\",\"url\":\"https:\/\/www.burespro.com\/wp-content\/uploads\/2020\/01\/245_medium.jpg\",\"contentUrl\":\"https:\/\/www.burespro.com\/wp-content\/uploads\/2020\/01\/245_medium.jpg\",\"width\":900,\"height\":600},{\"@type\":\"BreadcrumbList\",\"@id\":\"https:\/\/www.burespro.com\/fr\/product\/ruban-adhesif-pour-gazon-artificiel\/#breadcrumb\",\"itemListElement\":[{\"@type\":\"ListItem\",\"position\":1,\"name\":\"Inici\",\"item\":\"https:\/\/www.burespro.com\/fr\/\"},{\"@type\":\"ListItem\",\"position\":2,\"name\":\"Boutique\",\"item\":\"https:\/\/www.burespro.com\/fr\/substrats-engrais\/\"},{\"@type\":\"ListItem\",\"position\":3,\"name\":\"BANDE DE LIAISON POUR GAZON ARTIFICIEL\"}]},{\"@type\":\"WebSite\",\"@id\":\"https:\/\/www.burespro.com\/#website\",\"url\":\"https:\/\/www.burespro.com\/\",\"name\":\"Bur\u00e9s Profesional\",\"description\":\"Fabricants de terres, substrats de cultiu, fertilitzants i adobs org\u00e0nics\",\"potentialAction\":[{\"@type\":\"SearchAction\",\"target\":{\"@type\":\"EntryPoint\",\"urlTemplate\":\"https:\/\/www.burespro.com\/?s={search_term_string}\"},\"query-input\":{\"@type\":\"PropertyValueSpecification\",\"valueRequired\":true,\"valueName\":\"search_term_string\"}}],\"inLanguage\":\"fr-FR\"}]}<\/script>\n<!-- \/ Yoast SEO plugin. -->","yoast_head_json":{"title":"BANDE DE LIAISON POUR GAZON ARTIFICIEL | Bur\u00e9s Profesional","robots":{"index":"index","follow":"follow","max-snippet":"max-snippet:-1","max-image-preview":"max-image-preview:large","max-video-preview":"max-video-preview:-1"},"canonical":"https:\/\/www.burespro.com\/fr\/product\/ruban-adhesif-pour-gazon-artificiel\/","og_locale":"fr_FR","og_type":"article","og_title":"BANDE DE LIAISON POUR GAZON ARTIFICIEL | Bur\u00e9s Profesional","og_description":"Bande de liaison pour gazon artificiel professionnel 0,30 mx 25 m en tissu g\u00e9otextile. Rejoignez les bandes de gazon artificiel sans montrer les points de liaison en combinant la bande de liaison pour gazon artificiel avec notre adh\u00e9sif pour gazon artificiel. Vous obtiendrez la fixation optimale pour que la pelouse ressemble \u00e0 une seule pi\u00e8ce. [&hellip;]","og_url":"https:\/\/www.burespro.com\/fr\/product\/ruban-adhesif-pour-gazon-artificiel\/","og_site_name":"Bur\u00e9s Profesional","article_publisher":"https:\/\/www.facebook.com\/buresprofesionalsa","article_modified_time":"2020-03-30T10:15:34+00:00","og_image":[{"width":900,"height":600,"url":"https:\/\/www.burespro.com\/wp-content\/uploads\/2020\/01\/245_medium.jpg","type":"image\/jpeg"}],"twitter_card":"summary_large_image","schema":{"@context":"https:\/\/schema.org","@graph":[{"@type":"WebPage","@id":"https:\/\/www.burespro.com\/fr\/product\/ruban-adhesif-pour-gazon-artificiel\/","url":"https:\/\/www.burespro.com\/fr\/product\/ruban-adhesif-pour-gazon-artificiel\/","name":"BANDE DE LIAISON POUR GAZON ARTIFICIEL | Bur\u00e9s Profesional","isPartOf":{"@id":"https:\/\/www.burespro.com\/#website"},"primaryImageOfPage":{"@id":"https:\/\/www.burespro.com\/fr\/product\/ruban-adhesif-pour-gazon-artificiel\/#primaryimage"},"image":{"@id":"https:\/\/www.burespro.com\/fr\/product\/ruban-adhesif-pour-gazon-artificiel\/#primaryimage"},"thumbnailUrl":"https:\/\/www.burespro.com\/wp-content\/uploads\/2020\/01\/245_medium.jpg","datePublished":"2020-03-10T15:35:15+00:00","dateModified":"2020-03-30T10:15:34+00:00","breadcrumb":{"@id":"https:\/\/www.burespro.com\/fr\/product\/ruban-adhesif-pour-gazon-artificiel\/#breadcrumb"},"inLanguage":"fr-FR","potentialAction":[{"@type":"ReadAction","target":["https:\/\/www.burespro.com\/fr\/product\/ruban-adhesif-pour-gazon-artificiel\/"]}]},{"@type":"ImageObject","inLanguage":"fr-FR","@id":"https:\/\/www.burespro.com\/fr\/product\/ruban-adhesif-pour-gazon-artificiel\/#primaryimage","url":"https:\/\/www.burespro.com\/wp-content\/uploads\/2020\/01\/245_medium.jpg","contentUrl":"https:\/\/www.burespro.com\/wp-content\/uploads\/2020\/01\/245_medium.jpg","width":900,"height":600},{"@type":"BreadcrumbList","@id":"https:\/\/www.burespro.com\/fr\/product\/ruban-adhesif-pour-gazon-artificiel\/#breadcrumb","itemListElement":[{"@type":"ListItem","position":1,"name":"Inici","item":"https:\/\/www.burespro.com\/fr\/"},{"@type":"ListItem","position":2,"name":"Boutique","item":"https:\/\/www.burespro.com\/fr\/substrats-engrais\/"},{"@type":"ListItem","position":3,"name":"BANDE DE LIAISON POUR GAZON ARTIFICIEL"}]},{"@type":"WebSite","@id":"https:\/\/www.burespro.com\/#website","url":"https:\/\/www.burespro.com\/","name":"Bur\u00e9s Profesional","description":"Fabricants de terres, substrats de cultiu, fertilitzants i adobs org\u00e0nics","potentialAction":[{"@type":"SearchAction","target":{"@type":"EntryPoint","urlTemplate":"https:\/\/www.burespro.com\/?s={search_term_string}"},"query-input":{"@type":"PropertyValueSpecification","valueRequired":true,"valueName":"search_term_string"}}],"inLanguage":"fr-FR"}]}},"_links":{"self":[{"href":"https:\/\/www.burespro.com\/fr\/wp-json\/wp\/v2\/product\/9707","targetHints":{"allow":["GET"]}}],"collection":[{"href":"https:\/\/www.burespro.com\/fr\/wp-json\/wp\/v2\/product"}],"about":[{"href":"https:\/\/www.burespro.com\/fr\/wp-json\/wp\/v2\/types\/product"}],"replies":[{"embeddable":true,"href":"https:\/\/www.burespro.com\/fr\/wp-json\/wp\/v2\/comments?post=9707"}],"wp:featuredmedia":[{"embeddable":true,"href":"https:\/\/www.burespro.com\/fr\/wp-json\/wp\/v2\/media\/766"}],"wp:attachment":[{"href":"https:\/\/www.burespro.com\/fr\/wp-json\/wp\/v2\/media?parent=9707"}],"wp:term":[{"taxonomy":"product_brand","embeddable":true,"href":"https:\/\/www.burespro.com\/fr\/wp-json\/wp\/v2\/product_brand?post=9707"},{"taxonomy":"product_cat","embeddable":true,"href":"https:\/\/www.burespro.com\/fr\/wp-json\/wp\/v2\/product_cat?post=9707"},{"taxonomy":"product_tag","embeddable":true,"href":"https:\/\/www.burespro.com\/fr\/wp-json\/wp\/v2\/product_tag?post=9707"},{"taxonomy":"sectores","embeddable":true,"href":"https:\/\/www.burespro.com\/fr\/wp-json\/wp\/v2\/sectores?post=9707"}],"curies":[{"name":"wp","href":"https:\/\/api.w.org\/{rel}","templated":true}]}}