{"id":9693,"date":"2020-03-10T14:32:05","date_gmt":"2020-03-10T15:35:15","guid":{"rendered":"https:\/\/burespro.neorgvirtual.com\/product\/biorcamp-premium\/"},"modified":"2020-03-26T12:00:31","modified_gmt":"2020-03-26T12:00:31","slug":"biorcamp-premium","status":"publish","type":"product","link":"https:\/\/www.burespro.com\/fr\/product\/biorcamp-premium\/","title":{"rendered":"BIORCAMP PREMIUM"},"content":{"rendered":"<p><a href=\"https:\/\/www.biorcamp.com\/\">BIORCAMP PREMIUM<\/a> est un engrais organique NPK 2-3-4 obtenues exclusivement \u00e0 partir de fumier de mouton compostage, avec une fraction de la bouse de vache. Il apporte une richesse de grands macronutriments comme le phosphore (P) et le potassium (K) et de micronutriments Son origine organique am\u00e9liore les propri\u00e9t\u00e9s du sol, donnant la porosit\u00e9 des sols argileux et les sols sableux se d\u00e9sint\u00e9grant.<\/p>\n<p>BIORCAMP PREMIUM est un engrais inscrit dans le registre des engrais avec le num\u00e9ro de dossier F0000493 \/ 2017, selon le d\u00e9cret royal 506\/2013 de produits d&rsquo;engrais.<\/p>\n<p>BIORCAMP PREMIUM est un produit adapt\u00e9 \u00e0 l&rsquo;agriculture biologique au titre du r\u00e8glement (CE) no 834\/2007 du Conseil du 28 Juin 2007 relative \u00e0 la production biologique et \u00e0 l&rsquo;\u00e9tiquetage des produits biologiques, autoris\u00e9 Agence de contr\u00f4le et de certification Sohiscert avec le num\u00e9ro de certification N\u00ba CT71PAE-19.4<\/p>\n<p>BIORCAMP PREMIUM est conforme au r\u00e8glement (CE) n \u00b0 1774\/2002.<\/p>\n","protected":false},"excerpt":{"rendered":"<p>BIORCAMP PREMIUM est un engrais organique NPK 2-3-4 obtenues exclusivement \u00e0 partir de fumier de mouton compostage, avec une fraction de la bouse de vache. Il apporte une richesse de grands macronutriments comme le phosphore (P) et le potassium (K) et de micronutriments Son origine organique am\u00e9liore les propri\u00e9t\u00e9s du sol, donnant la porosit\u00e9 des [&hellip;]<\/p>\n","protected":false},"featured_media":15380,"comment_status":"closed","ping_status":"closed","template":"","meta":{"_acf_changed":false,"inline_featured_image":false},"product_brand":[],"product_cat":[204,388],"product_tag":[443,626,446,544,647,552],"sectores":[364,371,419,421],"class_list":{"0":"post-9693","1":"product","2":"type-product","3":"status-publish","4":"has-post-thumbnail","6":"product_cat-engrais-organiques","7":"product_cat-engrais-ecologiques","8":"product_tag-abotrans-fr","9":"product_tag-agriculture-ecologique","10":"product_tag-biorcamp-fr","11":"product_tag-ecologique","12":"product_tag-engrais-organique-bures-professional","13":"product_tag-engrais-pour-lagriculture","14":"sectores-pepiniere","15":"sectores-fructiculture-et-horticulture","16":"sectores-floriculture-fr","17":"sectores-viticulture-fr","19":"first","20":"instock","21":"product-type-simple"},"acf":[],"yoast_head":"<!-- This site is optimized with the Yoast SEO plugin v26.7 - https:\/\/yoast.com\/wordpress\/plugins\/seo\/ -->\n<title>BIORCAMP PREMIUM | Bur\u00e9s Profesional<\/title>\n<meta name=\"robots\" content=\"index, follow, max-snippet:-1, max-image-preview:large, max-video-preview:-1\" \/>\n<link rel=\"canonical\" href=\"https:\/\/www.burespro.com\/fr\/product\/biorcamp-premium\/\" \/>\n<meta property=\"og:locale\" content=\"fr_FR\" \/>\n<meta property=\"og:type\" content=\"article\" \/>\n<meta property=\"og:title\" content=\"BIORCAMP PREMIUM | Bur\u00e9s Profesional\" \/>\n<meta property=\"og:description\" content=\"BIORCAMP PREMIUM est un engrais organique NPK 2-3-4 obtenues exclusivement \u00e0 partir de fumier de mouton compostage, avec une fraction de la bouse de vache. Il apporte une richesse de grands macronutriments comme le phosphore (P) et le potassium (K) et de micronutriments Son origine organique am\u00e9liore les propri\u00e9t\u00e9s du sol, donnant la porosit\u00e9 des [&hellip;]\" \/>\n<meta property=\"og:url\" content=\"https:\/\/www.burespro.com\/fr\/product\/biorcamp-premium\/\" \/>\n<meta property=\"og:site_name\" content=\"Bur\u00e9s Profesional\" \/>\n<meta property=\"article:publisher\" content=\"https:\/\/www.facebook.com\/buresprofesionalsa\" \/>\n<meta property=\"article:modified_time\" content=\"2020-03-26T12:00:31+00:00\" \/>\n<meta property=\"og:image\" content=\"https:\/\/www.burespro.com\/wp-content\/uploads\/2020\/03\/BIORCAMP-PREMIUM.png\" \/>\n\t<meta property=\"og:image:width\" content=\"1200\" \/>\n\t<meta property=\"og:image:height\" content=\"666\" \/>\n\t<meta property=\"og:image:type\" content=\"image\/png\" \/>\n<meta name=\"twitter:card\" content=\"summary_large_image\" \/>\n<meta name=\"twitter:label1\" content=\"Dur\u00e9e de lecture estim\u00e9e\" \/>\n\t<meta name=\"twitter:data1\" content=\"1 minute\" \/>\n<script type=\"application\/ld+json\" class=\"yoast-schema-graph\">{\"@context\":\"https:\/\/schema.org\",\"@graph\":[{\"@type\":\"WebPage\",\"@id\":\"https:\/\/www.burespro.com\/fr\/product\/biorcamp-premium\/\",\"url\":\"https:\/\/www.burespro.com\/fr\/product\/biorcamp-premium\/\",\"name\":\"BIORCAMP PREMIUM | Bur\u00e9s Profesional\",\"isPartOf\":{\"@id\":\"https:\/\/www.burespro.com\/#website\"},\"primaryImageOfPage\":{\"@id\":\"https:\/\/www.burespro.com\/fr\/product\/biorcamp-premium\/#primaryimage\"},\"image\":{\"@id\":\"https:\/\/www.burespro.com\/fr\/product\/biorcamp-premium\/#primaryimage\"},\"thumbnailUrl\":\"https:\/\/www.burespro.com\/wp-content\/uploads\/2020\/03\/BIORCAMP-PREMIUM.png\",\"datePublished\":\"2020-03-10T15:35:15+00:00\",\"dateModified\":\"2020-03-26T12:00:31+00:00\",\"breadcrumb\":{\"@id\":\"https:\/\/www.burespro.com\/fr\/product\/biorcamp-premium\/#breadcrumb\"},\"inLanguage\":\"fr-FR\",\"potentialAction\":[{\"@type\":\"ReadAction\",\"target\":[\"https:\/\/www.burespro.com\/fr\/product\/biorcamp-premium\/\"]}]},{\"@type\":\"ImageObject\",\"inLanguage\":\"fr-FR\",\"@id\":\"https:\/\/www.burespro.com\/fr\/product\/biorcamp-premium\/#primaryimage\",\"url\":\"https:\/\/www.burespro.com\/wp-content\/uploads\/2020\/03\/BIORCAMP-PREMIUM.png\",\"contentUrl\":\"https:\/\/www.burespro.com\/wp-content\/uploads\/2020\/03\/BIORCAMP-PREMIUM.png\",\"width\":1200,\"height\":666},{\"@type\":\"BreadcrumbList\",\"@id\":\"https:\/\/www.burespro.com\/fr\/product\/biorcamp-premium\/#breadcrumb\",\"itemListElement\":[{\"@type\":\"ListItem\",\"position\":1,\"name\":\"Inici\",\"item\":\"https:\/\/www.burespro.com\/fr\/\"},{\"@type\":\"ListItem\",\"position\":2,\"name\":\"Boutique\",\"item\":\"https:\/\/www.burespro.com\/fr\/substrats-engrais\/\"},{\"@type\":\"ListItem\",\"position\":3,\"name\":\"BIORCAMP PREMIUM\"}]},{\"@type\":\"WebSite\",\"@id\":\"https:\/\/www.burespro.com\/#website\",\"url\":\"https:\/\/www.burespro.com\/\",\"name\":\"Bur\u00e9s Profesional\",\"description\":\"Fabricants de terres, substrats de cultiu, fertilitzants i adobs org\u00e0nics\",\"potentialAction\":[{\"@type\":\"SearchAction\",\"target\":{\"@type\":\"EntryPoint\",\"urlTemplate\":\"https:\/\/www.burespro.com\/?s={search_term_string}\"},\"query-input\":{\"@type\":\"PropertyValueSpecification\",\"valueRequired\":true,\"valueName\":\"search_term_string\"}}],\"inLanguage\":\"fr-FR\"}]}<\/script>\n<!-- \/ Yoast SEO plugin. -->","yoast_head_json":{"title":"BIORCAMP PREMIUM | Bur\u00e9s Profesional","robots":{"index":"index","follow":"follow","max-snippet":"max-snippet:-1","max-image-preview":"max-image-preview:large","max-video-preview":"max-video-preview:-1"},"canonical":"https:\/\/www.burespro.com\/fr\/product\/biorcamp-premium\/","og_locale":"fr_FR","og_type":"article","og_title":"BIORCAMP PREMIUM | Bur\u00e9s Profesional","og_description":"BIORCAMP PREMIUM est un engrais organique NPK 2-3-4 obtenues exclusivement \u00e0 partir de fumier de mouton compostage, avec une fraction de la bouse de vache. Il apporte une richesse de grands macronutriments comme le phosphore (P) et le potassium (K) et de micronutriments Son origine organique am\u00e9liore les propri\u00e9t\u00e9s du sol, donnant la porosit\u00e9 des [&hellip;]","og_url":"https:\/\/www.burespro.com\/fr\/product\/biorcamp-premium\/","og_site_name":"Bur\u00e9s Profesional","article_publisher":"https:\/\/www.facebook.com\/buresprofesionalsa","article_modified_time":"2020-03-26T12:00:31+00:00","og_image":[{"width":1200,"height":666,"url":"https:\/\/www.burespro.com\/wp-content\/uploads\/2020\/03\/BIORCAMP-PREMIUM.png","type":"image\/png"}],"twitter_card":"summary_large_image","twitter_misc":{"Dur\u00e9e de lecture estim\u00e9e":"1 minute"},"schema":{"@context":"https:\/\/schema.org","@graph":[{"@type":"WebPage","@id":"https:\/\/www.burespro.com\/fr\/product\/biorcamp-premium\/","url":"https:\/\/www.burespro.com\/fr\/product\/biorcamp-premium\/","name":"BIORCAMP PREMIUM | Bur\u00e9s Profesional","isPartOf":{"@id":"https:\/\/www.burespro.com\/#website"},"primaryImageOfPage":{"@id":"https:\/\/www.burespro.com\/fr\/product\/biorcamp-premium\/#primaryimage"},"image":{"@id":"https:\/\/www.burespro.com\/fr\/product\/biorcamp-premium\/#primaryimage"},"thumbnailUrl":"https:\/\/www.burespro.com\/wp-content\/uploads\/2020\/03\/BIORCAMP-PREMIUM.png","datePublished":"2020-03-10T15:35:15+00:00","dateModified":"2020-03-26T12:00:31+00:00","breadcrumb":{"@id":"https:\/\/www.burespro.com\/fr\/product\/biorcamp-premium\/#breadcrumb"},"inLanguage":"fr-FR","potentialAction":[{"@type":"ReadAction","target":["https:\/\/www.burespro.com\/fr\/product\/biorcamp-premium\/"]}]},{"@type":"ImageObject","inLanguage":"fr-FR","@id":"https:\/\/www.burespro.com\/fr\/product\/biorcamp-premium\/#primaryimage","url":"https:\/\/www.burespro.com\/wp-content\/uploads\/2020\/03\/BIORCAMP-PREMIUM.png","contentUrl":"https:\/\/www.burespro.com\/wp-content\/uploads\/2020\/03\/BIORCAMP-PREMIUM.png","width":1200,"height":666},{"@type":"BreadcrumbList","@id":"https:\/\/www.burespro.com\/fr\/product\/biorcamp-premium\/#breadcrumb","itemListElement":[{"@type":"ListItem","position":1,"name":"Inici","item":"https:\/\/www.burespro.com\/fr\/"},{"@type":"ListItem","position":2,"name":"Boutique","item":"https:\/\/www.burespro.com\/fr\/substrats-engrais\/"},{"@type":"ListItem","position":3,"name":"BIORCAMP PREMIUM"}]},{"@type":"WebSite","@id":"https:\/\/www.burespro.com\/#website","url":"https:\/\/www.burespro.com\/","name":"Bur\u00e9s Profesional","description":"Fabricants de terres, substrats de cultiu, fertilitzants i adobs org\u00e0nics","potentialAction":[{"@type":"SearchAction","target":{"@type":"EntryPoint","urlTemplate":"https:\/\/www.burespro.com\/?s={search_term_string}"},"query-input":{"@type":"PropertyValueSpecification","valueRequired":true,"valueName":"search_term_string"}}],"inLanguage":"fr-FR"}]}},"_links":{"self":[{"href":"https:\/\/www.burespro.com\/fr\/wp-json\/wp\/v2\/product\/9693","targetHints":{"allow":["GET"]}}],"collection":[{"href":"https:\/\/www.burespro.com\/fr\/wp-json\/wp\/v2\/product"}],"about":[{"href":"https:\/\/www.burespro.com\/fr\/wp-json\/wp\/v2\/types\/product"}],"replies":[{"embeddable":true,"href":"https:\/\/www.burespro.com\/fr\/wp-json\/wp\/v2\/comments?post=9693"}],"wp:featuredmedia":[{"embeddable":true,"href":"https:\/\/www.burespro.com\/fr\/wp-json\/wp\/v2\/media\/15380"}],"wp:attachment":[{"href":"https:\/\/www.burespro.com\/fr\/wp-json\/wp\/v2\/media?parent=9693"}],"wp:term":[{"taxonomy":"product_brand","embeddable":true,"href":"https:\/\/www.burespro.com\/fr\/wp-json\/wp\/v2\/product_brand?post=9693"},{"taxonomy":"product_cat","embeddable":true,"href":"https:\/\/www.burespro.com\/fr\/wp-json\/wp\/v2\/product_cat?post=9693"},{"taxonomy":"product_tag","embeddable":true,"href":"https:\/\/www.burespro.com\/fr\/wp-json\/wp\/v2\/product_tag?post=9693"},{"taxonomy":"sectores","embeddable":true,"href":"https:\/\/www.burespro.com\/fr\/wp-json\/wp\/v2\/sectores?post=9693"}],"curies":[{"name":"wp","href":"https:\/\/api.w.org\/{rel}","templated":true}]}}