{"id":9678,"date":"2020-03-10T14:32:05","date_gmt":"2020-03-10T15:35:15","guid":{"rendered":"https:\/\/burespro.neorgvirtual.com\/product\/filtre-biologique-de-coir-de-coconut\/"},"modified":"2020-03-26T10:30:20","modified_gmt":"2020-03-26T10:30:20","slug":"filtre-biologique-de-coir-de-coconut","status":"publish","type":"product","link":"https:\/\/www.burespro.com\/fr\/product\/filtre-biologique-de-coir-de-coconut\/","title":{"rendered":"FILTRE BIOLOGIQUE DE COIR DE COCONUT"},"content":{"rendered":"<p>La fibre utilis\u00e9e pour le remplissage de biofiltres provient du m\u00e9socarpe du cocotier. C&rsquo;est un mat\u00e9riel tr\u00e8s fibreux, qu&rsquo;il passer au crible afin de s\u00e9parer les fibres longues, qui seront utilis\u00e9es pour biofiltres. Pour le pouvoir utiliser, faut l&rsquo;hydrater artificiellement. Ce proc\u00e8s permet au mat\u00e9riel s&rsquo;\u00e9tendre et augmenter la surface de travail.<\/p>\n<p><strong>COMPOSITION<\/strong><br \/>\nBUR\u00c9S PROFESIONAL, S.A., il a d\u00e9velopp\u00e9 le produit Biofiltre de fibre de cocotier \u00e0 partir d&rsquo;un m\u00e9lange de fibres courtes et tr\u00e8s courtes de cocotier plus un post\u00e9rieur traitement en plante pour obtenir un mat\u00e9riel capable d&rsquo;absorber les compos\u00e9s odorif\u00e8res et autres polluants depuis le courant d&rsquo;air r\u00e9siduel. Les micro-organismes de vie libre qu&rsquo;ils prolif\u00e8rent de fa\u00e7on naturelle sur ce mat\u00e9riel organique utilisent comme source de nutriments et \u00e9nergie ces compos\u00e9s, via d\u00e9composition a\u00e9robie.<br \/>\nCe mat\u00e9riau subit un processus d&rsquo;hydratation et un tamisage ult\u00e9rieur dans notre usine, dans lequel une fraction fibreuse est obtenue avec des caract\u00e9ristiques optimales pour une utilisation comme biofiltre.<br \/>\nCe traitement incr\u00e9mente l&rsquo;aire sp\u00e9cifique du mat\u00e9riel et des conditions d&rsquo;humidit\u00e9 qui permettent une colonisation plus effective du moyen par partie des micro-organismes.<br \/>\nPar ailleurs, en augmentant l&rsquo;aire sp\u00e9cifique du mat\u00e9riel du lit de biofiltraci\u00f3, il se renforce la cr\u00e9ation d&rsquo;un gradient de concentration dans le biofilm, qui entretient un flux continu de masse, depuis les composants du gaz jusqu&rsquo;au biofilm humide.<\/p>\n<p><strong>AVANTAGES ET APPLICATIONS<\/strong><br \/>\nLa biofiltraci\u00f3 est une technique tr\u00e8s versatile, capable de traiter des odeurs (sulfhydrique, ammoniac\u2026), compos\u00e9s toxiques et Compos\u00e9s Organiques Volatils (COV\u2019s).<br \/>\nL&rsquo;efficience du traitement de ces \u00e9l\u00e9ments se trouve par enveloppe du 90-95% pour basses concentrations de polluantes, typiquement &lt; 1.000 ppm.<br \/>\nLes biofiltres de BUR\u00c9S PROFESSIONNEL, S. \u00e0. ce sont une alternative technologique effective de contr\u00f4le de la contamination atmosph\u00e9rique et odorant respectueuse avec l&rsquo;environnement.<br \/>\n<em>\u2022 Simple technology and low application cost; economically available to all business. <\/em><br \/>\n<em>\u2022 High efficiency of volatile contaminants and odoriferous complexes elimination. <\/em><br \/>\n<em>\u2022 Odoriferous contamination control. <\/em><br \/>\n<em>\u2022 Nearly null maintenance of the biofilter is required. <\/em><br \/>\n<em>\u2022 Total decomposition of the contaminants without secondary products creation through the Biofiltering process. <\/em><br \/>\n<em>\u2022 The filling material is organic, non toxic and biodegradable through composting once its useful life is over. <\/em><\/p>\n<p><strong>D\u00c9CHETS DE BIOFILTRE UTILIS\u00c9S:<\/strong><br \/>\nUne fois la dur\u00e9e de vie utile du biofiltre \u00e9puis\u00e9e, nous nous occupons de la gestion des restes organiques ou inorganiques.<\/p>\n<p>Nous sommes distributeurs en Espagne, le Portugal, la France, l&rsquo;Allemagne, l&rsquo;Italie, la Bulgarie, la Tunisie, &#8230;<\/p>\n","protected":false},"excerpt":{"rendered":"<p>La fibre utilis\u00e9e pour le remplissage de biofiltres provient du m\u00e9socarpe du cocotier. C&rsquo;est un mat\u00e9riel tr\u00e8s fibreux, qu&rsquo;il passer au crible afin de s\u00e9parer les fibres longues, qui seront utilis\u00e9es pour biofiltres. Pour le pouvoir utiliser, faut l&rsquo;hydrater artificiellement. Ce proc\u00e8s permet au mat\u00e9riel s&rsquo;\u00e9tendre et augmenter la surface de travail. COMPOSITION BUR\u00c9S PROFESIONAL, [&hellip;]<\/p>\n","protected":false},"featured_media":2206,"comment_status":"closed","ping_status":"closed","template":"","meta":{"_acf_changed":false,"inline_featured_image":false},"product_brand":[],"product_cat":[202],"product_tag":[],"sectores":[365,370],"class_list":{"0":"post-9678","1":"product","2":"type-product","3":"status-publish","4":"has-post-thumbnail","6":"product_cat-filtres-biologiques","7":"sectores-usage-industriel","8":"sectores-filtres-biologiques","10":"first","11":"instock","12":"product-type-simple"},"acf":[],"yoast_head":"<!-- This site is optimized with the Yoast SEO plugin v26.7 - https:\/\/yoast.com\/wordpress\/plugins\/seo\/ -->\n<title>FILTRE BIOLOGIQUE DE COIR DE COCONUT | Bur\u00e9s Profesional<\/title>\n<meta name=\"robots\" content=\"index, follow, max-snippet:-1, max-image-preview:large, max-video-preview:-1\" \/>\n<link rel=\"canonical\" href=\"https:\/\/www.burespro.com\/fr\/product\/filtre-biologique-de-coir-de-coconut\/\" \/>\n<meta property=\"og:locale\" content=\"fr_FR\" \/>\n<meta property=\"og:type\" content=\"article\" \/>\n<meta property=\"og:title\" content=\"FILTRE BIOLOGIQUE DE COIR DE COCONUT | Bur\u00e9s Profesional\" \/>\n<meta property=\"og:description\" content=\"La fibre utilis\u00e9e pour le remplissage de biofiltres provient du m\u00e9socarpe du cocotier. C&rsquo;est un mat\u00e9riel tr\u00e8s fibreux, qu&rsquo;il passer au crible afin de s\u00e9parer les fibres longues, qui seront utilis\u00e9es pour biofiltres. Pour le pouvoir utiliser, faut l&rsquo;hydrater artificiellement. Ce proc\u00e8s permet au mat\u00e9riel s&rsquo;\u00e9tendre et augmenter la surface de travail. COMPOSITION BUR\u00c9S PROFESIONAL, [&hellip;]\" \/>\n<meta property=\"og:url\" content=\"https:\/\/www.burespro.com\/fr\/product\/filtre-biologique-de-coir-de-coconut\/\" \/>\n<meta property=\"og:site_name\" content=\"Bur\u00e9s Profesional\" \/>\n<meta property=\"article:publisher\" content=\"https:\/\/www.facebook.com\/buresprofesionalsa\" \/>\n<meta property=\"article:modified_time\" content=\"2020-03-26T10:30:20+00:00\" \/>\n<meta property=\"og:image\" content=\"https:\/\/www.burespro.com\/wp-content\/uploads\/2020\/01\/455_medium.jpg\" \/>\n\t<meta property=\"og:image:width\" content=\"900\" \/>\n\t<meta property=\"og:image:height\" content=\"599\" \/>\n\t<meta property=\"og:image:type\" content=\"image\/jpeg\" \/>\n<meta name=\"twitter:card\" content=\"summary_large_image\" \/>\n<meta name=\"twitter:label1\" content=\"Dur\u00e9e de lecture estim\u00e9e\" \/>\n\t<meta name=\"twitter:data1\" content=\"2 minutes\" \/>\n<script type=\"application\/ld+json\" class=\"yoast-schema-graph\">{\"@context\":\"https:\/\/schema.org\",\"@graph\":[{\"@type\":\"WebPage\",\"@id\":\"https:\/\/www.burespro.com\/fr\/product\/filtre-biologique-de-coir-de-coconut\/\",\"url\":\"https:\/\/www.burespro.com\/fr\/product\/filtre-biologique-de-coir-de-coconut\/\",\"name\":\"FILTRE BIOLOGIQUE DE COIR DE COCONUT | Bur\u00e9s Profesional\",\"isPartOf\":{\"@id\":\"https:\/\/www.burespro.com\/#website\"},\"primaryImageOfPage\":{\"@id\":\"https:\/\/www.burespro.com\/fr\/product\/filtre-biologique-de-coir-de-coconut\/#primaryimage\"},\"image\":{\"@id\":\"https:\/\/www.burespro.com\/fr\/product\/filtre-biologique-de-coir-de-coconut\/#primaryimage\"},\"thumbnailUrl\":\"https:\/\/www.burespro.com\/wp-content\/uploads\/2020\/01\/455_medium.jpg\",\"datePublished\":\"2020-03-10T15:35:15+00:00\",\"dateModified\":\"2020-03-26T10:30:20+00:00\",\"breadcrumb\":{\"@id\":\"https:\/\/www.burespro.com\/fr\/product\/filtre-biologique-de-coir-de-coconut\/#breadcrumb\"},\"inLanguage\":\"fr-FR\",\"potentialAction\":[{\"@type\":\"ReadAction\",\"target\":[\"https:\/\/www.burespro.com\/fr\/product\/filtre-biologique-de-coir-de-coconut\/\"]}]},{\"@type\":\"ImageObject\",\"inLanguage\":\"fr-FR\",\"@id\":\"https:\/\/www.burespro.com\/fr\/product\/filtre-biologique-de-coir-de-coconut\/#primaryimage\",\"url\":\"https:\/\/www.burespro.com\/wp-content\/uploads\/2020\/01\/455_medium.jpg\",\"contentUrl\":\"https:\/\/www.burespro.com\/wp-content\/uploads\/2020\/01\/455_medium.jpg\",\"width\":900,\"height\":599},{\"@type\":\"BreadcrumbList\",\"@id\":\"https:\/\/www.burespro.com\/fr\/product\/filtre-biologique-de-coir-de-coconut\/#breadcrumb\",\"itemListElement\":[{\"@type\":\"ListItem\",\"position\":1,\"name\":\"Inici\",\"item\":\"https:\/\/www.burespro.com\/fr\/\"},{\"@type\":\"ListItem\",\"position\":2,\"name\":\"Boutique\",\"item\":\"https:\/\/www.burespro.com\/fr\/substrats-engrais\/\"},{\"@type\":\"ListItem\",\"position\":3,\"name\":\"FILTRE BIOLOGIQUE DE COIR DE COCONUT\"}]},{\"@type\":\"WebSite\",\"@id\":\"https:\/\/www.burespro.com\/#website\",\"url\":\"https:\/\/www.burespro.com\/\",\"name\":\"Bur\u00e9s Profesional\",\"description\":\"Fabricants de terres, substrats de cultiu, fertilitzants i adobs org\u00e0nics\",\"potentialAction\":[{\"@type\":\"SearchAction\",\"target\":{\"@type\":\"EntryPoint\",\"urlTemplate\":\"https:\/\/www.burespro.com\/?s={search_term_string}\"},\"query-input\":{\"@type\":\"PropertyValueSpecification\",\"valueRequired\":true,\"valueName\":\"search_term_string\"}}],\"inLanguage\":\"fr-FR\"}]}<\/script>\n<!-- \/ Yoast SEO plugin. -->","yoast_head_json":{"title":"FILTRE BIOLOGIQUE DE COIR DE COCONUT | Bur\u00e9s Profesional","robots":{"index":"index","follow":"follow","max-snippet":"max-snippet:-1","max-image-preview":"max-image-preview:large","max-video-preview":"max-video-preview:-1"},"canonical":"https:\/\/www.burespro.com\/fr\/product\/filtre-biologique-de-coir-de-coconut\/","og_locale":"fr_FR","og_type":"article","og_title":"FILTRE BIOLOGIQUE DE COIR DE COCONUT | Bur\u00e9s Profesional","og_description":"La fibre utilis\u00e9e pour le remplissage de biofiltres provient du m\u00e9socarpe du cocotier. C&rsquo;est un mat\u00e9riel tr\u00e8s fibreux, qu&rsquo;il passer au crible afin de s\u00e9parer les fibres longues, qui seront utilis\u00e9es pour biofiltres. Pour le pouvoir utiliser, faut l&rsquo;hydrater artificiellement. Ce proc\u00e8s permet au mat\u00e9riel s&rsquo;\u00e9tendre et augmenter la surface de travail. COMPOSITION BUR\u00c9S PROFESIONAL, [&hellip;]","og_url":"https:\/\/www.burespro.com\/fr\/product\/filtre-biologique-de-coir-de-coconut\/","og_site_name":"Bur\u00e9s Profesional","article_publisher":"https:\/\/www.facebook.com\/buresprofesionalsa","article_modified_time":"2020-03-26T10:30:20+00:00","og_image":[{"width":900,"height":599,"url":"https:\/\/www.burespro.com\/wp-content\/uploads\/2020\/01\/455_medium.jpg","type":"image\/jpeg"}],"twitter_card":"summary_large_image","twitter_misc":{"Dur\u00e9e de lecture estim\u00e9e":"2 minutes"},"schema":{"@context":"https:\/\/schema.org","@graph":[{"@type":"WebPage","@id":"https:\/\/www.burespro.com\/fr\/product\/filtre-biologique-de-coir-de-coconut\/","url":"https:\/\/www.burespro.com\/fr\/product\/filtre-biologique-de-coir-de-coconut\/","name":"FILTRE BIOLOGIQUE DE COIR DE COCONUT | Bur\u00e9s Profesional","isPartOf":{"@id":"https:\/\/www.burespro.com\/#website"},"primaryImageOfPage":{"@id":"https:\/\/www.burespro.com\/fr\/product\/filtre-biologique-de-coir-de-coconut\/#primaryimage"},"image":{"@id":"https:\/\/www.burespro.com\/fr\/product\/filtre-biologique-de-coir-de-coconut\/#primaryimage"},"thumbnailUrl":"https:\/\/www.burespro.com\/wp-content\/uploads\/2020\/01\/455_medium.jpg","datePublished":"2020-03-10T15:35:15+00:00","dateModified":"2020-03-26T10:30:20+00:00","breadcrumb":{"@id":"https:\/\/www.burespro.com\/fr\/product\/filtre-biologique-de-coir-de-coconut\/#breadcrumb"},"inLanguage":"fr-FR","potentialAction":[{"@type":"ReadAction","target":["https:\/\/www.burespro.com\/fr\/product\/filtre-biologique-de-coir-de-coconut\/"]}]},{"@type":"ImageObject","inLanguage":"fr-FR","@id":"https:\/\/www.burespro.com\/fr\/product\/filtre-biologique-de-coir-de-coconut\/#primaryimage","url":"https:\/\/www.burespro.com\/wp-content\/uploads\/2020\/01\/455_medium.jpg","contentUrl":"https:\/\/www.burespro.com\/wp-content\/uploads\/2020\/01\/455_medium.jpg","width":900,"height":599},{"@type":"BreadcrumbList","@id":"https:\/\/www.burespro.com\/fr\/product\/filtre-biologique-de-coir-de-coconut\/#breadcrumb","itemListElement":[{"@type":"ListItem","position":1,"name":"Inici","item":"https:\/\/www.burespro.com\/fr\/"},{"@type":"ListItem","position":2,"name":"Boutique","item":"https:\/\/www.burespro.com\/fr\/substrats-engrais\/"},{"@type":"ListItem","position":3,"name":"FILTRE BIOLOGIQUE DE COIR DE COCONUT"}]},{"@type":"WebSite","@id":"https:\/\/www.burespro.com\/#website","url":"https:\/\/www.burespro.com\/","name":"Bur\u00e9s Profesional","description":"Fabricants de terres, substrats de cultiu, fertilitzants i adobs org\u00e0nics","potentialAction":[{"@type":"SearchAction","target":{"@type":"EntryPoint","urlTemplate":"https:\/\/www.burespro.com\/?s={search_term_string}"},"query-input":{"@type":"PropertyValueSpecification","valueRequired":true,"valueName":"search_term_string"}}],"inLanguage":"fr-FR"}]}},"_links":{"self":[{"href":"https:\/\/www.burespro.com\/fr\/wp-json\/wp\/v2\/product\/9678","targetHints":{"allow":["GET"]}}],"collection":[{"href":"https:\/\/www.burespro.com\/fr\/wp-json\/wp\/v2\/product"}],"about":[{"href":"https:\/\/www.burespro.com\/fr\/wp-json\/wp\/v2\/types\/product"}],"replies":[{"embeddable":true,"href":"https:\/\/www.burespro.com\/fr\/wp-json\/wp\/v2\/comments?post=9678"}],"wp:featuredmedia":[{"embeddable":true,"href":"https:\/\/www.burespro.com\/fr\/wp-json\/wp\/v2\/media\/2206"}],"wp:attachment":[{"href":"https:\/\/www.burespro.com\/fr\/wp-json\/wp\/v2\/media?parent=9678"}],"wp:term":[{"taxonomy":"product_brand","embeddable":true,"href":"https:\/\/www.burespro.com\/fr\/wp-json\/wp\/v2\/product_brand?post=9678"},{"taxonomy":"product_cat","embeddable":true,"href":"https:\/\/www.burespro.com\/fr\/wp-json\/wp\/v2\/product_cat?post=9678"},{"taxonomy":"product_tag","embeddable":true,"href":"https:\/\/www.burespro.com\/fr\/wp-json\/wp\/v2\/product_tag?post=9678"},{"taxonomy":"sectores","embeddable":true,"href":"https:\/\/www.burespro.com\/fr\/wp-json\/wp\/v2\/sectores?post=9678"}],"curies":[{"name":"wp","href":"https:\/\/api.w.org\/{rel}","templated":true}]}}