{"id":9671,"date":"2020-03-10T14:32:05","date_gmt":"2020-03-10T15:35:15","guid":{"rendered":"https:\/\/burespro.neorgvirtual.com\/product\/filtre-biologique-de-bruyere\/"},"modified":"2020-03-26T09:45:00","modified_gmt":"2020-03-26T09:45:00","slug":"filtre-biologique-de-bruyere","status":"publish","type":"product","link":"https:\/\/www.burespro.com\/fr\/product\/filtre-biologique-de-bruyere\/","title":{"rendered":"FILTRE BIOLOGIQUE DE BRUY\u00c8RE"},"content":{"rendered":"<p>Le mat\u00e9riel s&rsquo;\u00e9labore \u00e0 partir du concass\u00e9 de la branche s\u00e8che et sans des feuilles de la bruy\u00e8re.<\/p>\n<p><strong>COMPOSITION\u00a0<\/strong><br \/>\nBUR\u00c9S PROFESIONAL, S.A., il a cr\u00e9\u00e9 le produit Biofiltre de Bruy\u00e8re \u00e0 partir un m\u00e9lange de diff\u00e9rentes granulom\u00e9tries de bruy\u00e8re plus un post\u00e9rieur traitement en plante pour obtenir un mat\u00e9riel capable d&rsquo;absorber les compos\u00e9s odorif\u00e9rants et autres polluants depuis le courant d&rsquo;air r\u00e9siduel. Les micro-organismes de vie libre qu&rsquo;ils prolif\u00e8rent de fa\u00e7on naturelle sur ce mat\u00e9riel organique utilisent comme source de nutriments et \u00e9nergie ces compos\u00e9s, via d\u00e9composition a\u00e9robie.<br \/>\nIl s&rsquo;agit d&rsquo;un produit \u00e0 base de biomasse v\u00e9g\u00e9tale 100% originaire de bruy\u00e8re, d&rsquo;haute efficience et vie utile, originaire de jardinage et nettoyages forestiers.<\/p>\n<p><strong>AVANTAGES ET APPLICATIONS<\/strong><br \/>\nCette bruy\u00e8re peut s&rsquo;utiliser comme mat\u00e9riel unique pour constituer le lit ou comme composant individuel dans des syst\u00e8mes de biofiltraci\u00f3 multicouche.<br \/>\nLa biofiltraci\u00f3 est une technique tr\u00e8s versatile, capable de traiter des odeurs (sulfhydrique, ammoniac\u2026), compos\u00e9s toxiques et Compos\u00e9s Organiques Volatils (COV\u2019s).<br \/>\nL&rsquo;efficience du traitement de ces \u00e9l\u00e9ments se trouve par enveloppe du 90-95% pour basses concentrations de polluantes, typiquement &lt; 1.000 ppm.<br \/>\nLes biofiltres de BUR\u00c9S PROFESIONAL, S. \u00e0. ce sont une alternative technologique effective de contr\u00f4le de la contamination atmosph\u00e9rique et odorif\u00e9rant respectueuse avec l&rsquo;environnement.<br \/>\n<em>\u2022 Technologie simple et de bas co\u00fbt d&rsquo;implantation et op\u00e9ration. <\/em><br \/>\n<em>\u2022 \u00c9lev\u00e9e efficience d&rsquo;\u00e9limination de COV\u2019s et compos\u00e9s odorif\u00e9rants. <\/em><br \/>\n<em>\u2022 Le contr\u00f4le de la contamination odorante se traduit dans le contr\u00f4le de vecteurs (mouches, rongeurs\u2026) <\/em><br \/>\n<em>\u2022 Biofiltres pratiquement sans maintien. <\/em><br \/>\n<em>\u2022 Le proc\u00e8s de biofiltraci\u00f3 suite dans une d\u00e9composition compl\u00e8te des polluants, cr\u00e9ant des produits secondaires non dangereux. <\/em><br \/>\n<em>\u2022 Le mat\u00e9riel constituant du biofiltre est organique, non toxique et biod\u00e9gradable en intervenant compostage une fois termin\u00e9e sa vie utile.<\/em><\/p>\n<p><strong>D\u00c9CHETS DE BIOFILTRE UTILIS\u00c9S:<\/strong><br \/>\nUne fois la dur\u00e9e de vie utile du biofiltre \u00e9puis\u00e9e, nous nous occupons de la gestion des restes organiques ou inorganiques.<\/p>\n<p>Nous sommes distributeurs en Espagne, Portugal, France, Allemagne, Italie, Bulgarie, Tunisie, &#8230;<\/p>\n","protected":false},"excerpt":{"rendered":"<p>Le mat\u00e9riel s&rsquo;\u00e9labore \u00e0 partir du concass\u00e9 de la branche s\u00e8che et sans des feuilles de la bruy\u00e8re. COMPOSITION\u00a0 BUR\u00c9S PROFESIONAL, S.A., il a cr\u00e9\u00e9 le produit Biofiltre de Bruy\u00e8re \u00e0 partir un m\u00e9lange de diff\u00e9rentes granulom\u00e9tries de bruy\u00e8re plus un post\u00e9rieur traitement en plante pour obtenir un mat\u00e9riel capable d&rsquo;absorber les compos\u00e9s odorif\u00e9rants et [&hellip;]<\/p>\n","protected":false},"featured_media":2196,"comment_status":"closed","ping_status":"closed","template":"","meta":{"_acf_changed":false,"inline_featured_image":false},"product_brand":[],"product_cat":[202],"product_tag":[],"sectores":[365,370],"class_list":{"0":"post-9671","1":"product","2":"type-product","3":"status-publish","4":"has-post-thumbnail","6":"product_cat-filtres-biologiques","7":"sectores-usage-industriel","8":"sectores-filtres-biologiques","10":"first","11":"instock","12":"product-type-simple"},"acf":[],"yoast_head":"<!-- This site is optimized with the Yoast SEO plugin v26.7 - https:\/\/yoast.com\/wordpress\/plugins\/seo\/ -->\n<title>FILTRE BIOLOGIQUE DE BRUY\u00c8RE | Bur\u00e9s Profesional<\/title>\n<meta name=\"robots\" content=\"index, follow, max-snippet:-1, max-image-preview:large, max-video-preview:-1\" \/>\n<link rel=\"canonical\" href=\"https:\/\/www.burespro.com\/fr\/product\/filtre-biologique-de-bruyere\/\" \/>\n<meta property=\"og:locale\" content=\"fr_FR\" \/>\n<meta property=\"og:type\" content=\"article\" \/>\n<meta property=\"og:title\" content=\"FILTRE BIOLOGIQUE DE BRUY\u00c8RE | Bur\u00e9s Profesional\" \/>\n<meta property=\"og:description\" content=\"Le mat\u00e9riel s&rsquo;\u00e9labore \u00e0 partir du concass\u00e9 de la branche s\u00e8che et sans des feuilles de la bruy\u00e8re. COMPOSITION\u00a0 BUR\u00c9S PROFESIONAL, S.A., il a cr\u00e9\u00e9 le produit Biofiltre de Bruy\u00e8re \u00e0 partir un m\u00e9lange de diff\u00e9rentes granulom\u00e9tries de bruy\u00e8re plus un post\u00e9rieur traitement en plante pour obtenir un mat\u00e9riel capable d&rsquo;absorber les compos\u00e9s odorif\u00e9rants et [&hellip;]\" \/>\n<meta property=\"og:url\" content=\"https:\/\/www.burespro.com\/fr\/product\/filtre-biologique-de-bruyere\/\" \/>\n<meta property=\"og:site_name\" content=\"Bur\u00e9s Profesional\" \/>\n<meta property=\"article:publisher\" content=\"https:\/\/www.facebook.com\/buresprofesionalsa\" \/>\n<meta property=\"article:modified_time\" content=\"2020-03-26T09:45:00+00:00\" \/>\n<meta property=\"og:image\" content=\"https:\/\/www.burespro.com\/wp-content\/uploads\/2020\/01\/453_medium.jpg\" \/>\n\t<meta property=\"og:image:width\" content=\"900\" \/>\n\t<meta property=\"og:image:height\" content=\"599\" \/>\n\t<meta property=\"og:image:type\" content=\"image\/jpeg\" \/>\n<meta name=\"twitter:card\" content=\"summary_large_image\" \/>\n<meta name=\"twitter:label1\" content=\"Dur\u00e9e de lecture estim\u00e9e\" \/>\n\t<meta name=\"twitter:data1\" content=\"2 minutes\" \/>\n<script type=\"application\/ld+json\" class=\"yoast-schema-graph\">{\"@context\":\"https:\/\/schema.org\",\"@graph\":[{\"@type\":\"WebPage\",\"@id\":\"https:\/\/www.burespro.com\/fr\/product\/filtre-biologique-de-bruyere\/\",\"url\":\"https:\/\/www.burespro.com\/fr\/product\/filtre-biologique-de-bruyere\/\",\"name\":\"FILTRE BIOLOGIQUE DE BRUY\u00c8RE | Bur\u00e9s Profesional\",\"isPartOf\":{\"@id\":\"https:\/\/www.burespro.com\/#website\"},\"primaryImageOfPage\":{\"@id\":\"https:\/\/www.burespro.com\/fr\/product\/filtre-biologique-de-bruyere\/#primaryimage\"},\"image\":{\"@id\":\"https:\/\/www.burespro.com\/fr\/product\/filtre-biologique-de-bruyere\/#primaryimage\"},\"thumbnailUrl\":\"https:\/\/www.burespro.com\/wp-content\/uploads\/2020\/01\/453_medium.jpg\",\"datePublished\":\"2020-03-10T15:35:15+00:00\",\"dateModified\":\"2020-03-26T09:45:00+00:00\",\"breadcrumb\":{\"@id\":\"https:\/\/www.burespro.com\/fr\/product\/filtre-biologique-de-bruyere\/#breadcrumb\"},\"inLanguage\":\"fr-FR\",\"potentialAction\":[{\"@type\":\"ReadAction\",\"target\":[\"https:\/\/www.burespro.com\/fr\/product\/filtre-biologique-de-bruyere\/\"]}]},{\"@type\":\"ImageObject\",\"inLanguage\":\"fr-FR\",\"@id\":\"https:\/\/www.burespro.com\/fr\/product\/filtre-biologique-de-bruyere\/#primaryimage\",\"url\":\"https:\/\/www.burespro.com\/wp-content\/uploads\/2020\/01\/453_medium.jpg\",\"contentUrl\":\"https:\/\/www.burespro.com\/wp-content\/uploads\/2020\/01\/453_medium.jpg\",\"width\":900,\"height\":599},{\"@type\":\"BreadcrumbList\",\"@id\":\"https:\/\/www.burespro.com\/fr\/product\/filtre-biologique-de-bruyere\/#breadcrumb\",\"itemListElement\":[{\"@type\":\"ListItem\",\"position\":1,\"name\":\"Inici\",\"item\":\"https:\/\/www.burespro.com\/fr\/\"},{\"@type\":\"ListItem\",\"position\":2,\"name\":\"Boutique\",\"item\":\"https:\/\/www.burespro.com\/fr\/substrats-engrais\/\"},{\"@type\":\"ListItem\",\"position\":3,\"name\":\"FILTRE BIOLOGIQUE DE BRUY\u00c8RE\"}]},{\"@type\":\"WebSite\",\"@id\":\"https:\/\/www.burespro.com\/#website\",\"url\":\"https:\/\/www.burespro.com\/\",\"name\":\"Bur\u00e9s Profesional\",\"description\":\"Fabricants de terres, substrats de cultiu, fertilitzants i adobs org\u00e0nics\",\"potentialAction\":[{\"@type\":\"SearchAction\",\"target\":{\"@type\":\"EntryPoint\",\"urlTemplate\":\"https:\/\/www.burespro.com\/?s={search_term_string}\"},\"query-input\":{\"@type\":\"PropertyValueSpecification\",\"valueRequired\":true,\"valueName\":\"search_term_string\"}}],\"inLanguage\":\"fr-FR\"}]}<\/script>\n<!-- \/ Yoast SEO plugin. -->","yoast_head_json":{"title":"FILTRE BIOLOGIQUE DE BRUY\u00c8RE | Bur\u00e9s Profesional","robots":{"index":"index","follow":"follow","max-snippet":"max-snippet:-1","max-image-preview":"max-image-preview:large","max-video-preview":"max-video-preview:-1"},"canonical":"https:\/\/www.burespro.com\/fr\/product\/filtre-biologique-de-bruyere\/","og_locale":"fr_FR","og_type":"article","og_title":"FILTRE BIOLOGIQUE DE BRUY\u00c8RE | Bur\u00e9s Profesional","og_description":"Le mat\u00e9riel s&rsquo;\u00e9labore \u00e0 partir du concass\u00e9 de la branche s\u00e8che et sans des feuilles de la bruy\u00e8re. COMPOSITION\u00a0 BUR\u00c9S PROFESIONAL, S.A., il a cr\u00e9\u00e9 le produit Biofiltre de Bruy\u00e8re \u00e0 partir un m\u00e9lange de diff\u00e9rentes granulom\u00e9tries de bruy\u00e8re plus un post\u00e9rieur traitement en plante pour obtenir un mat\u00e9riel capable d&rsquo;absorber les compos\u00e9s odorif\u00e9rants et [&hellip;]","og_url":"https:\/\/www.burespro.com\/fr\/product\/filtre-biologique-de-bruyere\/","og_site_name":"Bur\u00e9s Profesional","article_publisher":"https:\/\/www.facebook.com\/buresprofesionalsa","article_modified_time":"2020-03-26T09:45:00+00:00","og_image":[{"width":900,"height":599,"url":"https:\/\/www.burespro.com\/wp-content\/uploads\/2020\/01\/453_medium.jpg","type":"image\/jpeg"}],"twitter_card":"summary_large_image","twitter_misc":{"Dur\u00e9e de lecture estim\u00e9e":"2 minutes"},"schema":{"@context":"https:\/\/schema.org","@graph":[{"@type":"WebPage","@id":"https:\/\/www.burespro.com\/fr\/product\/filtre-biologique-de-bruyere\/","url":"https:\/\/www.burespro.com\/fr\/product\/filtre-biologique-de-bruyere\/","name":"FILTRE BIOLOGIQUE DE BRUY\u00c8RE | Bur\u00e9s Profesional","isPartOf":{"@id":"https:\/\/www.burespro.com\/#website"},"primaryImageOfPage":{"@id":"https:\/\/www.burespro.com\/fr\/product\/filtre-biologique-de-bruyere\/#primaryimage"},"image":{"@id":"https:\/\/www.burespro.com\/fr\/product\/filtre-biologique-de-bruyere\/#primaryimage"},"thumbnailUrl":"https:\/\/www.burespro.com\/wp-content\/uploads\/2020\/01\/453_medium.jpg","datePublished":"2020-03-10T15:35:15+00:00","dateModified":"2020-03-26T09:45:00+00:00","breadcrumb":{"@id":"https:\/\/www.burespro.com\/fr\/product\/filtre-biologique-de-bruyere\/#breadcrumb"},"inLanguage":"fr-FR","potentialAction":[{"@type":"ReadAction","target":["https:\/\/www.burespro.com\/fr\/product\/filtre-biologique-de-bruyere\/"]}]},{"@type":"ImageObject","inLanguage":"fr-FR","@id":"https:\/\/www.burespro.com\/fr\/product\/filtre-biologique-de-bruyere\/#primaryimage","url":"https:\/\/www.burespro.com\/wp-content\/uploads\/2020\/01\/453_medium.jpg","contentUrl":"https:\/\/www.burespro.com\/wp-content\/uploads\/2020\/01\/453_medium.jpg","width":900,"height":599},{"@type":"BreadcrumbList","@id":"https:\/\/www.burespro.com\/fr\/product\/filtre-biologique-de-bruyere\/#breadcrumb","itemListElement":[{"@type":"ListItem","position":1,"name":"Inici","item":"https:\/\/www.burespro.com\/fr\/"},{"@type":"ListItem","position":2,"name":"Boutique","item":"https:\/\/www.burespro.com\/fr\/substrats-engrais\/"},{"@type":"ListItem","position":3,"name":"FILTRE BIOLOGIQUE DE BRUY\u00c8RE"}]},{"@type":"WebSite","@id":"https:\/\/www.burespro.com\/#website","url":"https:\/\/www.burespro.com\/","name":"Bur\u00e9s Profesional","description":"Fabricants de terres, substrats de cultiu, fertilitzants i adobs org\u00e0nics","potentialAction":[{"@type":"SearchAction","target":{"@type":"EntryPoint","urlTemplate":"https:\/\/www.burespro.com\/?s={search_term_string}"},"query-input":{"@type":"PropertyValueSpecification","valueRequired":true,"valueName":"search_term_string"}}],"inLanguage":"fr-FR"}]}},"_links":{"self":[{"href":"https:\/\/www.burespro.com\/fr\/wp-json\/wp\/v2\/product\/9671","targetHints":{"allow":["GET"]}}],"collection":[{"href":"https:\/\/www.burespro.com\/fr\/wp-json\/wp\/v2\/product"}],"about":[{"href":"https:\/\/www.burespro.com\/fr\/wp-json\/wp\/v2\/types\/product"}],"replies":[{"embeddable":true,"href":"https:\/\/www.burespro.com\/fr\/wp-json\/wp\/v2\/comments?post=9671"}],"wp:featuredmedia":[{"embeddable":true,"href":"https:\/\/www.burespro.com\/fr\/wp-json\/wp\/v2\/media\/2196"}],"wp:attachment":[{"href":"https:\/\/www.burespro.com\/fr\/wp-json\/wp\/v2\/media?parent=9671"}],"wp:term":[{"taxonomy":"product_brand","embeddable":true,"href":"https:\/\/www.burespro.com\/fr\/wp-json\/wp\/v2\/product_brand?post=9671"},{"taxonomy":"product_cat","embeddable":true,"href":"https:\/\/www.burespro.com\/fr\/wp-json\/wp\/v2\/product_cat?post=9671"},{"taxonomy":"product_tag","embeddable":true,"href":"https:\/\/www.burespro.com\/fr\/wp-json\/wp\/v2\/product_tag?post=9671"},{"taxonomy":"sectores","embeddable":true,"href":"https:\/\/www.burespro.com\/fr\/wp-json\/wp\/v2\/sectores?post=9671"}],"curies":[{"name":"wp","href":"https:\/\/api.w.org\/{rel}","templated":true}]}}