{"id":9650,"date":"2020-03-10T14:32:05","date_gmt":"2020-03-10T15:34:44","guid":{"rendered":"https:\/\/burespro.neorgvirtual.com\/product\/filtre-biologique-decorce-vegetale-traitee\/"},"modified":"2020-03-26T09:00:22","modified_gmt":"2020-03-26T09:00:22","slug":"filtre-biologique-decorce-vegetale-traitee","status":"publish","type":"product","link":"https:\/\/www.burespro.com\/fr\/product\/filtre-biologique-decorce-vegetale-traitee\/","title":{"rendered":"FILTRE BIOLOGIQUE D&rsquo;\u00c9CORCE V\u00c9G\u00c9TALE TRAIT\u00c9E"},"content":{"rendered":"<p>Remplissage pour biofiltres \u00e0 base de couche jaug\u00e9e.<br \/>\n<strong>COMPOSITION<\/strong><br \/>\nBUR\u00c9S PROFESIONAL, SA, il a cr\u00e9\u00e9 le produit Biofiltre de Couche de Pi \u00e0 partir un m\u00e9lange de diff\u00e9rentes granulom\u00e9tries de couche plus un post\u00e9rieur traitement en plante pour obtenir un mat\u00e9riel capable d&rsquo;absorber les compos\u00e9s odorif\u00e8res et autres polluants depuis le courant d&rsquo;air r\u00e9siduel. Les micro-organismes de vie libre qu&rsquo;ils prolif\u00e8rent de fa\u00e7on naturelle sur ce mat\u00e9riel organique utilisent comme source de nutriments et \u00e9nergie ces compos\u00e9s, via d\u00e9composition a\u00e9robie.<br \/>\nDans notre plante, la couche de pin est s\u00e9lectionn\u00e9e et am\u00e9nag\u00e9e pour assurer les caract\u00e9ristiques id\u00e9ales pour son utilisation comme lit de biofiltraci\u00f3. Post\u00e9rieurement se fait passer par un exhaustif proc\u00e8s d&rsquo;\u00e9talonnage pour assurer une granulom\u00e9trie appropri\u00e9e et homog\u00e8ne tr\u00e8s importante pour garantir une correcte surface d&rsquo;adsorption et la minimum r\u00e9sistance \u00e0 la circulation de gaz. Cette uniformit\u00e9 s&rsquo;obtient \u00e0 partir d&rsquo;un syst\u00e8me automatique de classement en fonction de la granulom\u00e9trie du mat\u00e9riel, en \u00e9liminant les \u00e9l\u00e9ments fins. En augmentant l&rsquo;aire superficielle sp\u00e9cifique du mat\u00e9riel du lit de biofiltraci\u00f3, il se renforce la cr\u00e9ation d&rsquo;un gradient de concentration dans le biofilm, qui entretient un flux continu de masse, depuis les composants du gaz jusqu&rsquo;au biofilm humide.<\/p>\n<p><strong>AVANTAGES ET APPLICATIONS<\/strong><br \/>\nLa biofiltraci\u00f3 est une technique tr\u00e8s versatile, capable de traiter des odeurs (sulfhydrique, ammoniac\u2026), compos\u00e9s toxiques et Compos\u00e9s Organiques Volatils (COV\u2019s).<br \/>\nL&rsquo;efficience du traitement de ces \u00e9l\u00e9ments se trouve par enveloppe du 90-95% pour basses concentrations de polluantes, typiquement &lt; 1.000 ppm.<br \/>\nLes biofiltres de BUR\u00c9S PROFESSIONNEL, S. \u00e0. ce sont une alternative technologique effective de contr\u00f4le de la contamination atmosph\u00e9rique et odorif\u00e9rant respectueuse avec l&rsquo;environnement.<br \/>\n<em>\u2022 Technologie simple et de bas co\u00fbt d&rsquo;implantation et op\u00e9ration. <\/em><br \/>\n<em>\u2022 \u00c9lev\u00e9e efficience d&rsquo;\u00e9limination de COV\u2019s et compos\u00e9s odorants. <\/em><br \/>\n<em>\u2022 Le contr\u00f4le de la pollution de l&rsquo;odeur est dans le contr\u00f4le de vecteurs (mouches, rongeurs &#8230;) <\/em><br \/>\n<em>\u2022 Biofiltres pratiquement sans maintien. <\/em><br \/>\n<em>\u2022 Le proc\u00e8s de biofiltraci\u00f3 suite dans une d\u00e9composition compl\u00e8te des polluants, cr\u00e9ant des produits secondaires non dangereux. <\/em><br \/>\n<em>\u2022 Le mat\u00e9riau constituant le biofiltre organique, non-toxique et biod\u00e9gradable par compostage apr\u00e8s la fin de sa vie utile.<\/em><\/p>\n<p><strong>D\u00c9CHET DE BIOFILTRE UTILIS\u00c9: <\/strong><br \/>\nUne fois harass\u00e9e la vie utile du biofiltre, nous nous occupons de la gestion des restes organiques ou inorganiques.<\/p>\n<p>Nous sommes distributeurs en Espagne, le Portugal, la France, l&rsquo;Allemagne, l&rsquo;Italie, la Bulgarie, la Tunisie, &#8230;<\/p>\n","protected":false},"excerpt":{"rendered":"<p>Remplissage pour biofiltres \u00e0 base de couche jaug\u00e9e. COMPOSITION BUR\u00c9S PROFESIONAL, SA, il a cr\u00e9\u00e9 le produit Biofiltre de Couche de Pi \u00e0 partir un m\u00e9lange de diff\u00e9rentes granulom\u00e9tries de couche plus un post\u00e9rieur traitement en plante pour obtenir un mat\u00e9riel capable d&rsquo;absorber les compos\u00e9s odorif\u00e8res et autres polluants depuis le courant d&rsquo;air r\u00e9siduel. Les [&hellip;]<\/p>\n","protected":false},"featured_media":2169,"comment_status":"closed","ping_status":"closed","template":"","meta":{"_acf_changed":false,"inline_featured_image":false},"product_brand":[],"product_cat":[202],"product_tag":[],"sectores":[365,370],"class_list":{"0":"post-9650","1":"product","2":"type-product","3":"status-publish","4":"has-post-thumbnail","6":"product_cat-filtres-biologiques","7":"sectores-usage-industriel","8":"sectores-filtres-biologiques","10":"first","11":"instock","12":"product-type-simple"},"acf":[],"yoast_head":"<!-- This site is optimized with the Yoast SEO plugin v26.7 - https:\/\/yoast.com\/wordpress\/plugins\/seo\/ -->\n<title>FILTRE BIOLOGIQUE D&#039;\u00c9CORCE V\u00c9G\u00c9TALE TRAIT\u00c9E | Bur\u00e9s Profesional<\/title>\n<meta name=\"robots\" content=\"index, follow, max-snippet:-1, max-image-preview:large, max-video-preview:-1\" \/>\n<link rel=\"canonical\" href=\"https:\/\/www.burespro.com\/fr\/product\/filtre-biologique-decorce-vegetale-traitee\/\" \/>\n<meta property=\"og:locale\" content=\"fr_FR\" \/>\n<meta property=\"og:type\" content=\"article\" \/>\n<meta property=\"og:title\" content=\"FILTRE BIOLOGIQUE D&#039;\u00c9CORCE V\u00c9G\u00c9TALE TRAIT\u00c9E | Bur\u00e9s Profesional\" \/>\n<meta property=\"og:description\" content=\"Remplissage pour biofiltres \u00e0 base de couche jaug\u00e9e. COMPOSITION BUR\u00c9S PROFESIONAL, SA, il a cr\u00e9\u00e9 le produit Biofiltre de Couche de Pi \u00e0 partir un m\u00e9lange de diff\u00e9rentes granulom\u00e9tries de couche plus un post\u00e9rieur traitement en plante pour obtenir un mat\u00e9riel capable d&rsquo;absorber les compos\u00e9s odorif\u00e8res et autres polluants depuis le courant d&rsquo;air r\u00e9siduel. Les [&hellip;]\" \/>\n<meta property=\"og:url\" content=\"https:\/\/www.burespro.com\/fr\/product\/filtre-biologique-decorce-vegetale-traitee\/\" \/>\n<meta property=\"og:site_name\" content=\"Bur\u00e9s Profesional\" \/>\n<meta property=\"article:publisher\" content=\"https:\/\/www.facebook.com\/buresprofesionalsa\" \/>\n<meta property=\"article:modified_time\" content=\"2020-03-26T09:00:22+00:00\" \/>\n<meta property=\"og:image\" content=\"https:\/\/www.burespro.com\/wp-content\/uploads\/2020\/01\/214_medium.jpg\" \/>\n\t<meta property=\"og:image:width\" content=\"368\" \/>\n\t<meta property=\"og:image:height\" content=\"374\" \/>\n\t<meta property=\"og:image:type\" content=\"image\/jpeg\" \/>\n<meta name=\"twitter:card\" content=\"summary_large_image\" \/>\n<meta name=\"twitter:label1\" content=\"Dur\u00e9e de lecture estim\u00e9e\" \/>\n\t<meta name=\"twitter:data1\" content=\"2 minutes\" \/>\n<script type=\"application\/ld+json\" class=\"yoast-schema-graph\">{\"@context\":\"https:\/\/schema.org\",\"@graph\":[{\"@type\":\"WebPage\",\"@id\":\"https:\/\/www.burespro.com\/fr\/product\/filtre-biologique-decorce-vegetale-traitee\/\",\"url\":\"https:\/\/www.burespro.com\/fr\/product\/filtre-biologique-decorce-vegetale-traitee\/\",\"name\":\"FILTRE BIOLOGIQUE D'\u00c9CORCE V\u00c9G\u00c9TALE TRAIT\u00c9E | Bur\u00e9s Profesional\",\"isPartOf\":{\"@id\":\"https:\/\/www.burespro.com\/#website\"},\"primaryImageOfPage\":{\"@id\":\"https:\/\/www.burespro.com\/fr\/product\/filtre-biologique-decorce-vegetale-traitee\/#primaryimage\"},\"image\":{\"@id\":\"https:\/\/www.burespro.com\/fr\/product\/filtre-biologique-decorce-vegetale-traitee\/#primaryimage\"},\"thumbnailUrl\":\"https:\/\/www.burespro.com\/wp-content\/uploads\/2020\/01\/214_medium.jpg\",\"datePublished\":\"2020-03-10T15:34:44+00:00\",\"dateModified\":\"2020-03-26T09:00:22+00:00\",\"breadcrumb\":{\"@id\":\"https:\/\/www.burespro.com\/fr\/product\/filtre-biologique-decorce-vegetale-traitee\/#breadcrumb\"},\"inLanguage\":\"fr-FR\",\"potentialAction\":[{\"@type\":\"ReadAction\",\"target\":[\"https:\/\/www.burespro.com\/fr\/product\/filtre-biologique-decorce-vegetale-traitee\/\"]}]},{\"@type\":\"ImageObject\",\"inLanguage\":\"fr-FR\",\"@id\":\"https:\/\/www.burespro.com\/fr\/product\/filtre-biologique-decorce-vegetale-traitee\/#primaryimage\",\"url\":\"https:\/\/www.burespro.com\/wp-content\/uploads\/2020\/01\/214_medium.jpg\",\"contentUrl\":\"https:\/\/www.burespro.com\/wp-content\/uploads\/2020\/01\/214_medium.jpg\",\"width\":368,\"height\":374},{\"@type\":\"BreadcrumbList\",\"@id\":\"https:\/\/www.burespro.com\/fr\/product\/filtre-biologique-decorce-vegetale-traitee\/#breadcrumb\",\"itemListElement\":[{\"@type\":\"ListItem\",\"position\":1,\"name\":\"Inici\",\"item\":\"https:\/\/www.burespro.com\/fr\/\"},{\"@type\":\"ListItem\",\"position\":2,\"name\":\"Boutique\",\"item\":\"https:\/\/www.burespro.com\/fr\/substrats-engrais\/\"},{\"@type\":\"ListItem\",\"position\":3,\"name\":\"FILTRE BIOLOGIQUE D&rsquo;\u00c9CORCE V\u00c9G\u00c9TALE TRAIT\u00c9E\"}]},{\"@type\":\"WebSite\",\"@id\":\"https:\/\/www.burespro.com\/#website\",\"url\":\"https:\/\/www.burespro.com\/\",\"name\":\"Bur\u00e9s Profesional\",\"description\":\"Fabricants de terres, substrats de cultiu, fertilitzants i adobs org\u00e0nics\",\"potentialAction\":[{\"@type\":\"SearchAction\",\"target\":{\"@type\":\"EntryPoint\",\"urlTemplate\":\"https:\/\/www.burespro.com\/?s={search_term_string}\"},\"query-input\":{\"@type\":\"PropertyValueSpecification\",\"valueRequired\":true,\"valueName\":\"search_term_string\"}}],\"inLanguage\":\"fr-FR\"}]}<\/script>\n<!-- \/ Yoast SEO plugin. -->","yoast_head_json":{"title":"FILTRE BIOLOGIQUE D'\u00c9CORCE V\u00c9G\u00c9TALE TRAIT\u00c9E | Bur\u00e9s Profesional","robots":{"index":"index","follow":"follow","max-snippet":"max-snippet:-1","max-image-preview":"max-image-preview:large","max-video-preview":"max-video-preview:-1"},"canonical":"https:\/\/www.burespro.com\/fr\/product\/filtre-biologique-decorce-vegetale-traitee\/","og_locale":"fr_FR","og_type":"article","og_title":"FILTRE BIOLOGIQUE D'\u00c9CORCE V\u00c9G\u00c9TALE TRAIT\u00c9E | Bur\u00e9s Profesional","og_description":"Remplissage pour biofiltres \u00e0 base de couche jaug\u00e9e. COMPOSITION BUR\u00c9S PROFESIONAL, SA, il a cr\u00e9\u00e9 le produit Biofiltre de Couche de Pi \u00e0 partir un m\u00e9lange de diff\u00e9rentes granulom\u00e9tries de couche plus un post\u00e9rieur traitement en plante pour obtenir un mat\u00e9riel capable d&rsquo;absorber les compos\u00e9s odorif\u00e8res et autres polluants depuis le courant d&rsquo;air r\u00e9siduel. Les [&hellip;]","og_url":"https:\/\/www.burespro.com\/fr\/product\/filtre-biologique-decorce-vegetale-traitee\/","og_site_name":"Bur\u00e9s Profesional","article_publisher":"https:\/\/www.facebook.com\/buresprofesionalsa","article_modified_time":"2020-03-26T09:00:22+00:00","og_image":[{"width":368,"height":374,"url":"https:\/\/www.burespro.com\/wp-content\/uploads\/2020\/01\/214_medium.jpg","type":"image\/jpeg"}],"twitter_card":"summary_large_image","twitter_misc":{"Dur\u00e9e de lecture estim\u00e9e":"2 minutes"},"schema":{"@context":"https:\/\/schema.org","@graph":[{"@type":"WebPage","@id":"https:\/\/www.burespro.com\/fr\/product\/filtre-biologique-decorce-vegetale-traitee\/","url":"https:\/\/www.burespro.com\/fr\/product\/filtre-biologique-decorce-vegetale-traitee\/","name":"FILTRE BIOLOGIQUE D'\u00c9CORCE V\u00c9G\u00c9TALE TRAIT\u00c9E | Bur\u00e9s Profesional","isPartOf":{"@id":"https:\/\/www.burespro.com\/#website"},"primaryImageOfPage":{"@id":"https:\/\/www.burespro.com\/fr\/product\/filtre-biologique-decorce-vegetale-traitee\/#primaryimage"},"image":{"@id":"https:\/\/www.burespro.com\/fr\/product\/filtre-biologique-decorce-vegetale-traitee\/#primaryimage"},"thumbnailUrl":"https:\/\/www.burespro.com\/wp-content\/uploads\/2020\/01\/214_medium.jpg","datePublished":"2020-03-10T15:34:44+00:00","dateModified":"2020-03-26T09:00:22+00:00","breadcrumb":{"@id":"https:\/\/www.burespro.com\/fr\/product\/filtre-biologique-decorce-vegetale-traitee\/#breadcrumb"},"inLanguage":"fr-FR","potentialAction":[{"@type":"ReadAction","target":["https:\/\/www.burespro.com\/fr\/product\/filtre-biologique-decorce-vegetale-traitee\/"]}]},{"@type":"ImageObject","inLanguage":"fr-FR","@id":"https:\/\/www.burespro.com\/fr\/product\/filtre-biologique-decorce-vegetale-traitee\/#primaryimage","url":"https:\/\/www.burespro.com\/wp-content\/uploads\/2020\/01\/214_medium.jpg","contentUrl":"https:\/\/www.burespro.com\/wp-content\/uploads\/2020\/01\/214_medium.jpg","width":368,"height":374},{"@type":"BreadcrumbList","@id":"https:\/\/www.burespro.com\/fr\/product\/filtre-biologique-decorce-vegetale-traitee\/#breadcrumb","itemListElement":[{"@type":"ListItem","position":1,"name":"Inici","item":"https:\/\/www.burespro.com\/fr\/"},{"@type":"ListItem","position":2,"name":"Boutique","item":"https:\/\/www.burespro.com\/fr\/substrats-engrais\/"},{"@type":"ListItem","position":3,"name":"FILTRE BIOLOGIQUE D&rsquo;\u00c9CORCE V\u00c9G\u00c9TALE TRAIT\u00c9E"}]},{"@type":"WebSite","@id":"https:\/\/www.burespro.com\/#website","url":"https:\/\/www.burespro.com\/","name":"Bur\u00e9s Profesional","description":"Fabricants de terres, substrats de cultiu, fertilitzants i adobs org\u00e0nics","potentialAction":[{"@type":"SearchAction","target":{"@type":"EntryPoint","urlTemplate":"https:\/\/www.burespro.com\/?s={search_term_string}"},"query-input":{"@type":"PropertyValueSpecification","valueRequired":true,"valueName":"search_term_string"}}],"inLanguage":"fr-FR"}]}},"_links":{"self":[{"href":"https:\/\/www.burespro.com\/fr\/wp-json\/wp\/v2\/product\/9650","targetHints":{"allow":["GET"]}}],"collection":[{"href":"https:\/\/www.burespro.com\/fr\/wp-json\/wp\/v2\/product"}],"about":[{"href":"https:\/\/www.burespro.com\/fr\/wp-json\/wp\/v2\/types\/product"}],"replies":[{"embeddable":true,"href":"https:\/\/www.burespro.com\/fr\/wp-json\/wp\/v2\/comments?post=9650"}],"wp:featuredmedia":[{"embeddable":true,"href":"https:\/\/www.burespro.com\/fr\/wp-json\/wp\/v2\/media\/2169"}],"wp:attachment":[{"href":"https:\/\/www.burespro.com\/fr\/wp-json\/wp\/v2\/media?parent=9650"}],"wp:term":[{"taxonomy":"product_brand","embeddable":true,"href":"https:\/\/www.burespro.com\/fr\/wp-json\/wp\/v2\/product_brand?post=9650"},{"taxonomy":"product_cat","embeddable":true,"href":"https:\/\/www.burespro.com\/fr\/wp-json\/wp\/v2\/product_cat?post=9650"},{"taxonomy":"product_tag","embeddable":true,"href":"https:\/\/www.burespro.com\/fr\/wp-json\/wp\/v2\/product_tag?post=9650"},{"taxonomy":"sectores","embeddable":true,"href":"https:\/\/www.burespro.com\/fr\/wp-json\/wp\/v2\/sectores?post=9650"}],"curies":[{"name":"wp","href":"https:\/\/api.w.org\/{rel}","templated":true}]}}