{"id":9628,"date":"2020-03-10T14:32:05","date_gmt":"2020-03-10T15:34:44","guid":{"rendered":"https:\/\/burespro.neorgvirtual.com\/product\/adhesive-pour-gazon-artificiel\/"},"modified":"2020-03-25T08:09:56","modified_gmt":"2020-03-25T08:09:56","slug":"adhesive-pour-gazon-artificiel","status":"publish","type":"product","link":"https:\/\/www.burespro.com\/fr\/product\/adhesive-pour-gazon-artificiel\/","title":{"rendered":"ADH\u00c9SIVE POUR GAZON ARTIFICIEL"},"content":{"rendered":"<p>Adh\u00e9sif pour gazon synth\u00e9tique \u00e0 usage professionnel, pour application sur bandes de collage. La colle permet une marge de temps lors de l&rsquo;application, permettant les ajustements n\u00e9cessaires pour un r\u00e9sultat optimal. Lorsque l&rsquo;adh\u00e9sif s\u00e8che, sa dur\u00e9e dans le temps est constante et ne perd pas d&rsquo;adh\u00e9rence, malgr\u00e9 les temp\u00e9ratures provoqu\u00e9es par le soleil et l&rsquo;eau de pluie.<\/p>\n<p>Le produit est disponible au format 1L, pour faciliter l&rsquo;application. C&rsquo;est une colle monoproduit, \u00e0 base de MDI. Ce produit est sous forme liquide, il se solidifie et se fortifie au contact de l&rsquo;environnement, finissant de se solidifier au total apr\u00e8s quatre ou cinq jours apr\u00e8s l&rsquo;application.<\/p>\n<p>Il est \u00e9galement en format multicomposant de 5kg (colle A; catalyseur B), en f\u00fbt pour une application au pinceau ou \u00e0 la spatule. Il s&rsquo;agit d&rsquo;une colle structurale en polyur\u00e9thane haute densit\u00e9. Il permet l&rsquo;adh\u00e9rence de la pelouse avec les bandes de collage, et permet \u00e9galement de les coller sur la chauss\u00e9e, avant une pr\u00e9paration de surface (nettoyage de la poussi\u00e8re, de la graisse, des huiles et de l&rsquo;humidit\u00e9), permettant une adh\u00e9rence totale apr\u00e8s un \u00e0 quatre jours. Pour l&rsquo;application des produits, il est essentiel de lire les instructions incorpor\u00e9es dans le bidon (A) et le catalyseur respectif (B), d&rsquo;appliquer correctement le produit et de se conformer aux normes de s\u00e9curit\u00e9.<\/p>\n","protected":false},"excerpt":{"rendered":"<p>Adh\u00e9sif pour gazon synth\u00e9tique \u00e0 usage professionnel, pour application sur bandes de collage. La colle permet une marge de temps lors de l&rsquo;application, permettant les ajustements n\u00e9cessaires pour un r\u00e9sultat optimal. Lorsque l&rsquo;adh\u00e9sif s\u00e8che, sa dur\u00e9e dans le temps est constante et ne perd pas d&rsquo;adh\u00e9rence, malgr\u00e9 les temp\u00e9ratures provoqu\u00e9es par le soleil et l&rsquo;eau [&hellip;]<\/p>\n","protected":false},"featured_media":674,"comment_status":"closed","ping_status":"closed","template":"","meta":{"_acf_changed":false,"inline_featured_image":false},"product_brand":[],"product_cat":[193],"product_tag":[569,522,525],"sectores":[367,368,374,369],"class_list":{"0":"post-9628","1":"product","2":"type-product","3":"status-publish","4":"has-post-thumbnail","6":"product_cat-gazon-artificiel","7":"product_tag-assemblage-de-gazon-artificiel","8":"product_tag-gazon-artificiel","9":"product_tag-gazon-artificiel-girona","10":"sectores-jardinage-professionnel-paysagisme","11":"sectores-administrations-publiques","12":"sectores-terrains-de-sport-professionels","13":"sectores-centres-de-jardinerie","15":"first","16":"instock","17":"product-type-simple"},"acf":[],"yoast_head":"<!-- This site is optimized with the Yoast SEO plugin v26.7 - https:\/\/yoast.com\/wordpress\/plugins\/seo\/ -->\n<title>ADH\u00c9SIVE POUR GAZON ARTIFICIEL | Bur\u00e9s Profesional<\/title>\n<meta name=\"robots\" content=\"index, follow, max-snippet:-1, max-image-preview:large, max-video-preview:-1\" \/>\n<link rel=\"canonical\" href=\"https:\/\/www.burespro.com\/fr\/product\/adhesive-pour-gazon-artificiel\/\" \/>\n<meta property=\"og:locale\" content=\"fr_FR\" \/>\n<meta property=\"og:type\" content=\"article\" \/>\n<meta property=\"og:title\" content=\"ADH\u00c9SIVE POUR GAZON ARTIFICIEL | Bur\u00e9s Profesional\" \/>\n<meta property=\"og:description\" content=\"Adh\u00e9sif pour gazon synth\u00e9tique \u00e0 usage professionnel, pour application sur bandes de collage. La colle permet une marge de temps lors de l&rsquo;application, permettant les ajustements n\u00e9cessaires pour un r\u00e9sultat optimal. Lorsque l&rsquo;adh\u00e9sif s\u00e8che, sa dur\u00e9e dans le temps est constante et ne perd pas d&rsquo;adh\u00e9rence, malgr\u00e9 les temp\u00e9ratures provoqu\u00e9es par le soleil et l&rsquo;eau [&hellip;]\" \/>\n<meta property=\"og:url\" content=\"https:\/\/www.burespro.com\/fr\/product\/adhesive-pour-gazon-artificiel\/\" \/>\n<meta property=\"og:site_name\" content=\"Bur\u00e9s Profesional\" \/>\n<meta property=\"article:publisher\" content=\"https:\/\/www.facebook.com\/buresprofesionalsa\" \/>\n<meta property=\"article:modified_time\" content=\"2020-03-25T08:09:56+00:00\" \/>\n<meta property=\"og:image\" content=\"https:\/\/www.burespro.com\/wp-content\/uploads\/2020\/01\/244_medium.jpg\" \/>\n\t<meta property=\"og:image:width\" content=\"599\" \/>\n\t<meta property=\"og:image:height\" content=\"600\" \/>\n\t<meta property=\"og:image:type\" content=\"image\/jpeg\" \/>\n<meta name=\"twitter:card\" content=\"summary_large_image\" \/>\n<meta name=\"twitter:label1\" content=\"Dur\u00e9e de lecture estim\u00e9e\" \/>\n\t<meta name=\"twitter:data1\" content=\"1 minute\" \/>\n<script type=\"application\/ld+json\" class=\"yoast-schema-graph\">{\"@context\":\"https:\/\/schema.org\",\"@graph\":[{\"@type\":\"WebPage\",\"@id\":\"https:\/\/www.burespro.com\/fr\/product\/adhesive-pour-gazon-artificiel\/\",\"url\":\"https:\/\/www.burespro.com\/fr\/product\/adhesive-pour-gazon-artificiel\/\",\"name\":\"ADH\u00c9SIVE POUR GAZON ARTIFICIEL | Bur\u00e9s Profesional\",\"isPartOf\":{\"@id\":\"https:\/\/www.burespro.com\/#website\"},\"primaryImageOfPage\":{\"@id\":\"https:\/\/www.burespro.com\/fr\/product\/adhesive-pour-gazon-artificiel\/#primaryimage\"},\"image\":{\"@id\":\"https:\/\/www.burespro.com\/fr\/product\/adhesive-pour-gazon-artificiel\/#primaryimage\"},\"thumbnailUrl\":\"https:\/\/www.burespro.com\/wp-content\/uploads\/2020\/01\/244_medium.jpg\",\"datePublished\":\"2020-03-10T15:34:44+00:00\",\"dateModified\":\"2020-03-25T08:09:56+00:00\",\"breadcrumb\":{\"@id\":\"https:\/\/www.burespro.com\/fr\/product\/adhesive-pour-gazon-artificiel\/#breadcrumb\"},\"inLanguage\":\"fr-FR\",\"potentialAction\":[{\"@type\":\"ReadAction\",\"target\":[\"https:\/\/www.burespro.com\/fr\/product\/adhesive-pour-gazon-artificiel\/\"]}]},{\"@type\":\"ImageObject\",\"inLanguage\":\"fr-FR\",\"@id\":\"https:\/\/www.burespro.com\/fr\/product\/adhesive-pour-gazon-artificiel\/#primaryimage\",\"url\":\"https:\/\/www.burespro.com\/wp-content\/uploads\/2020\/01\/244_medium.jpg\",\"contentUrl\":\"https:\/\/www.burespro.com\/wp-content\/uploads\/2020\/01\/244_medium.jpg\",\"width\":599,\"height\":600},{\"@type\":\"BreadcrumbList\",\"@id\":\"https:\/\/www.burespro.com\/fr\/product\/adhesive-pour-gazon-artificiel\/#breadcrumb\",\"itemListElement\":[{\"@type\":\"ListItem\",\"position\":1,\"name\":\"Inici\",\"item\":\"https:\/\/www.burespro.com\/fr\/\"},{\"@type\":\"ListItem\",\"position\":2,\"name\":\"Boutique\",\"item\":\"https:\/\/www.burespro.com\/fr\/substrats-engrais\/\"},{\"@type\":\"ListItem\",\"position\":3,\"name\":\"ADH\u00c9SIVE POUR GAZON ARTIFICIEL\"}]},{\"@type\":\"WebSite\",\"@id\":\"https:\/\/www.burespro.com\/#website\",\"url\":\"https:\/\/www.burespro.com\/\",\"name\":\"Bur\u00e9s Profesional\",\"description\":\"Fabricants de terres, substrats de cultiu, fertilitzants i adobs org\u00e0nics\",\"potentialAction\":[{\"@type\":\"SearchAction\",\"target\":{\"@type\":\"EntryPoint\",\"urlTemplate\":\"https:\/\/www.burespro.com\/?s={search_term_string}\"},\"query-input\":{\"@type\":\"PropertyValueSpecification\",\"valueRequired\":true,\"valueName\":\"search_term_string\"}}],\"inLanguage\":\"fr-FR\"}]}<\/script>\n<!-- \/ Yoast SEO plugin. -->","yoast_head_json":{"title":"ADH\u00c9SIVE POUR GAZON ARTIFICIEL | Bur\u00e9s Profesional","robots":{"index":"index","follow":"follow","max-snippet":"max-snippet:-1","max-image-preview":"max-image-preview:large","max-video-preview":"max-video-preview:-1"},"canonical":"https:\/\/www.burespro.com\/fr\/product\/adhesive-pour-gazon-artificiel\/","og_locale":"fr_FR","og_type":"article","og_title":"ADH\u00c9SIVE POUR GAZON ARTIFICIEL | Bur\u00e9s Profesional","og_description":"Adh\u00e9sif pour gazon synth\u00e9tique \u00e0 usage professionnel, pour application sur bandes de collage. La colle permet une marge de temps lors de l&rsquo;application, permettant les ajustements n\u00e9cessaires pour un r\u00e9sultat optimal. Lorsque l&rsquo;adh\u00e9sif s\u00e8che, sa dur\u00e9e dans le temps est constante et ne perd pas d&rsquo;adh\u00e9rence, malgr\u00e9 les temp\u00e9ratures provoqu\u00e9es par le soleil et l&rsquo;eau [&hellip;]","og_url":"https:\/\/www.burespro.com\/fr\/product\/adhesive-pour-gazon-artificiel\/","og_site_name":"Bur\u00e9s Profesional","article_publisher":"https:\/\/www.facebook.com\/buresprofesionalsa","article_modified_time":"2020-03-25T08:09:56+00:00","og_image":[{"width":599,"height":600,"url":"https:\/\/www.burespro.com\/wp-content\/uploads\/2020\/01\/244_medium.jpg","type":"image\/jpeg"}],"twitter_card":"summary_large_image","twitter_misc":{"Dur\u00e9e de lecture estim\u00e9e":"1 minute"},"schema":{"@context":"https:\/\/schema.org","@graph":[{"@type":"WebPage","@id":"https:\/\/www.burespro.com\/fr\/product\/adhesive-pour-gazon-artificiel\/","url":"https:\/\/www.burespro.com\/fr\/product\/adhesive-pour-gazon-artificiel\/","name":"ADH\u00c9SIVE POUR GAZON ARTIFICIEL | Bur\u00e9s Profesional","isPartOf":{"@id":"https:\/\/www.burespro.com\/#website"},"primaryImageOfPage":{"@id":"https:\/\/www.burespro.com\/fr\/product\/adhesive-pour-gazon-artificiel\/#primaryimage"},"image":{"@id":"https:\/\/www.burespro.com\/fr\/product\/adhesive-pour-gazon-artificiel\/#primaryimage"},"thumbnailUrl":"https:\/\/www.burespro.com\/wp-content\/uploads\/2020\/01\/244_medium.jpg","datePublished":"2020-03-10T15:34:44+00:00","dateModified":"2020-03-25T08:09:56+00:00","breadcrumb":{"@id":"https:\/\/www.burespro.com\/fr\/product\/adhesive-pour-gazon-artificiel\/#breadcrumb"},"inLanguage":"fr-FR","potentialAction":[{"@type":"ReadAction","target":["https:\/\/www.burespro.com\/fr\/product\/adhesive-pour-gazon-artificiel\/"]}]},{"@type":"ImageObject","inLanguage":"fr-FR","@id":"https:\/\/www.burespro.com\/fr\/product\/adhesive-pour-gazon-artificiel\/#primaryimage","url":"https:\/\/www.burespro.com\/wp-content\/uploads\/2020\/01\/244_medium.jpg","contentUrl":"https:\/\/www.burespro.com\/wp-content\/uploads\/2020\/01\/244_medium.jpg","width":599,"height":600},{"@type":"BreadcrumbList","@id":"https:\/\/www.burespro.com\/fr\/product\/adhesive-pour-gazon-artificiel\/#breadcrumb","itemListElement":[{"@type":"ListItem","position":1,"name":"Inici","item":"https:\/\/www.burespro.com\/fr\/"},{"@type":"ListItem","position":2,"name":"Boutique","item":"https:\/\/www.burespro.com\/fr\/substrats-engrais\/"},{"@type":"ListItem","position":3,"name":"ADH\u00c9SIVE POUR GAZON ARTIFICIEL"}]},{"@type":"WebSite","@id":"https:\/\/www.burespro.com\/#website","url":"https:\/\/www.burespro.com\/","name":"Bur\u00e9s Profesional","description":"Fabricants de terres, substrats de cultiu, fertilitzants i adobs org\u00e0nics","potentialAction":[{"@type":"SearchAction","target":{"@type":"EntryPoint","urlTemplate":"https:\/\/www.burespro.com\/?s={search_term_string}"},"query-input":{"@type":"PropertyValueSpecification","valueRequired":true,"valueName":"search_term_string"}}],"inLanguage":"fr-FR"}]}},"_links":{"self":[{"href":"https:\/\/www.burespro.com\/fr\/wp-json\/wp\/v2\/product\/9628","targetHints":{"allow":["GET"]}}],"collection":[{"href":"https:\/\/www.burespro.com\/fr\/wp-json\/wp\/v2\/product"}],"about":[{"href":"https:\/\/www.burespro.com\/fr\/wp-json\/wp\/v2\/types\/product"}],"replies":[{"embeddable":true,"href":"https:\/\/www.burespro.com\/fr\/wp-json\/wp\/v2\/comments?post=9628"}],"wp:featuredmedia":[{"embeddable":true,"href":"https:\/\/www.burespro.com\/fr\/wp-json\/wp\/v2\/media\/674"}],"wp:attachment":[{"href":"https:\/\/www.burespro.com\/fr\/wp-json\/wp\/v2\/media?parent=9628"}],"wp:term":[{"taxonomy":"product_brand","embeddable":true,"href":"https:\/\/www.burespro.com\/fr\/wp-json\/wp\/v2\/product_brand?post=9628"},{"taxonomy":"product_cat","embeddable":true,"href":"https:\/\/www.burespro.com\/fr\/wp-json\/wp\/v2\/product_cat?post=9628"},{"taxonomy":"product_tag","embeddable":true,"href":"https:\/\/www.burespro.com\/fr\/wp-json\/wp\/v2\/product_tag?post=9628"},{"taxonomy":"sectores","embeddable":true,"href":"https:\/\/www.burespro.com\/fr\/wp-json\/wp\/v2\/sectores?post=9628"}],"curies":[{"name":"wp","href":"https:\/\/api.w.org\/{rel}","templated":true}]}}