{"id":9621,"date":"2020-03-10T14:32:05","date_gmt":"2020-03-10T15:34:44","guid":{"rendered":"https:\/\/burespro.neorgvirtual.com\/product\/absorbant-decorde-de-pin\/"},"modified":"2020-03-25T07:52:44","modified_gmt":"2020-03-25T07:52:44","slug":"absorbant-decorde-de-pin","status":"publish","type":"product","link":"https:\/\/www.burespro.com\/fr\/product\/absorbant-decorde-de-pin\/","title":{"rendered":"ABSORBANT D&rsquo;\u00c9CORDE DE PIN"},"content":{"rendered":"<p>Sur la base d&rsquo;\u00e9corce de pin naturel absorbant broy\u00e9 en fines particules. Ce mat\u00e9riau a la capacit\u00e9 d&rsquo;agir en tant que liquide hydrophobe absorbant. Qu&rsquo;est-ce que renforce ce mat\u00e9riau est la collection de produits qui ne solubilisent pas dans l&rsquo;eau, apr\u00e8s une limitation pr\u00e9c\u00e9dente de polluants avec des barri\u00e8res m\u00e9caniques. Permettre la cro\u00fbte, est d&rsquo;attraper ou absorber ces toxiques dans leurs pores, permettant une plus efficace m\u00e9canique et le r\u00e9sidu recueilli.<\/p>\n<p>Ce mat\u00e9riau peut \u00e9galement \u00eatre utilis\u00e9 sur les trottoirs, car elle agit sur le m\u00eame principe d&rsquo;action. \u00catre facilement \u00e0 ramasser, il est un produit qui peut \u00eatre utilis\u00e9 sur une plus petite \u00e9chelle, tels que les ateliers de r\u00e9paration d&rsquo;automobiles, stations d&rsquo;essence, les accidents de la route, et dans presque tous les cas possibles.<\/p>\n<p>Ce produit se distingue par sa polyvalence et sa vertu peut passer du temps de la collecte \u00e0 sa gestion dans une usine de traitement des d\u00e9chets, pas de mauvaise odeur de la d\u00e9composition. \u00catre mat\u00e9riel v\u00e9g\u00e9tal, il permet \u00e9galement un traitement naturel des d\u00e9chets, en utilisant l&rsquo;effet de bact\u00e9ries a\u00e9robies qui d\u00e9composent toxiques.<\/p>\n","protected":false},"excerpt":{"rendered":"<p>Sur la base d&rsquo;\u00e9corce de pin naturel absorbant broy\u00e9 en fines particules. Ce mat\u00e9riau a la capacit\u00e9 d&rsquo;agir en tant que liquide hydrophobe absorbant. Qu&rsquo;est-ce que renforce ce mat\u00e9riau est la collection de produits qui ne solubilisent pas dans l&rsquo;eau, apr\u00e8s une limitation pr\u00e9c\u00e9dente de polluants avec des barri\u00e8res m\u00e9caniques. Permettre la cro\u00fbte, est d&rsquo;attraper [&hellip;]<\/p>\n","protected":false},"featured_media":2152,"comment_status":"closed","ping_status":"closed","template":"","meta":{"_acf_changed":false,"inline_featured_image":false},"product_brand":[],"product_cat":[189],"product_tag":[],"sectores":[365],"class_list":{"0":"post-9621","1":"product","2":"type-product","3":"status-publish","4":"has-post-thumbnail","6":"product_cat-absorbants","7":"sectores-usage-industriel","9":"first","10":"instock","11":"product-type-simple"},"acf":[],"yoast_head":"<!-- This site is optimized with the Yoast SEO plugin v26.7 - https:\/\/yoast.com\/wordpress\/plugins\/seo\/ -->\n<title>ABSORBANT D&#039;\u00c9CORDE DE PIN | Bur\u00e9s Profesional<\/title>\n<meta name=\"robots\" content=\"index, follow, max-snippet:-1, max-image-preview:large, max-video-preview:-1\" \/>\n<link rel=\"canonical\" href=\"https:\/\/www.burespro.com\/fr\/product\/absorbant-decorde-de-pin\/\" \/>\n<meta property=\"og:locale\" content=\"fr_FR\" \/>\n<meta property=\"og:type\" content=\"article\" \/>\n<meta property=\"og:title\" content=\"ABSORBANT D&#039;\u00c9CORDE DE PIN | Bur\u00e9s Profesional\" \/>\n<meta property=\"og:description\" content=\"Sur la base d&rsquo;\u00e9corce de pin naturel absorbant broy\u00e9 en fines particules. Ce mat\u00e9riau a la capacit\u00e9 d&rsquo;agir en tant que liquide hydrophobe absorbant. Qu&rsquo;est-ce que renforce ce mat\u00e9riau est la collection de produits qui ne solubilisent pas dans l&rsquo;eau, apr\u00e8s une limitation pr\u00e9c\u00e9dente de polluants avec des barri\u00e8res m\u00e9caniques. Permettre la cro\u00fbte, est d&rsquo;attraper [&hellip;]\" \/>\n<meta property=\"og:url\" content=\"https:\/\/www.burespro.com\/fr\/product\/absorbant-decorde-de-pin\/\" \/>\n<meta property=\"og:site_name\" content=\"Bur\u00e9s Profesional\" \/>\n<meta property=\"article:publisher\" content=\"https:\/\/www.facebook.com\/buresprofesionalsa\" \/>\n<meta property=\"article:modified_time\" content=\"2020-03-25T07:52:44+00:00\" \/>\n<meta property=\"og:image\" content=\"https:\/\/www.burespro.com\/wp-content\/uploads\/2020\/01\/249_medium.jpg\" \/>\n\t<meta property=\"og:image:width\" content=\"900\" \/>\n\t<meta property=\"og:image:height\" content=\"600\" \/>\n\t<meta property=\"og:image:type\" content=\"image\/jpeg\" \/>\n<meta name=\"twitter:card\" content=\"summary_large_image\" \/>\n<meta name=\"twitter:label1\" content=\"Dur\u00e9e de lecture estim\u00e9e\" \/>\n\t<meta name=\"twitter:data1\" content=\"1 minute\" \/>\n<script type=\"application\/ld+json\" class=\"yoast-schema-graph\">{\"@context\":\"https:\/\/schema.org\",\"@graph\":[{\"@type\":\"WebPage\",\"@id\":\"https:\/\/www.burespro.com\/fr\/product\/absorbant-decorde-de-pin\/\",\"url\":\"https:\/\/www.burespro.com\/fr\/product\/absorbant-decorde-de-pin\/\",\"name\":\"ABSORBANT D'\u00c9CORDE DE PIN | Bur\u00e9s Profesional\",\"isPartOf\":{\"@id\":\"https:\/\/www.burespro.com\/#website\"},\"primaryImageOfPage\":{\"@id\":\"https:\/\/www.burespro.com\/fr\/product\/absorbant-decorde-de-pin\/#primaryimage\"},\"image\":{\"@id\":\"https:\/\/www.burespro.com\/fr\/product\/absorbant-decorde-de-pin\/#primaryimage\"},\"thumbnailUrl\":\"https:\/\/www.burespro.com\/wp-content\/uploads\/2020\/01\/249_medium.jpg\",\"datePublished\":\"2020-03-10T15:34:44+00:00\",\"dateModified\":\"2020-03-25T07:52:44+00:00\",\"breadcrumb\":{\"@id\":\"https:\/\/www.burespro.com\/fr\/product\/absorbant-decorde-de-pin\/#breadcrumb\"},\"inLanguage\":\"fr-FR\",\"potentialAction\":[{\"@type\":\"ReadAction\",\"target\":[\"https:\/\/www.burespro.com\/fr\/product\/absorbant-decorde-de-pin\/\"]}]},{\"@type\":\"ImageObject\",\"inLanguage\":\"fr-FR\",\"@id\":\"https:\/\/www.burespro.com\/fr\/product\/absorbant-decorde-de-pin\/#primaryimage\",\"url\":\"https:\/\/www.burespro.com\/wp-content\/uploads\/2020\/01\/249_medium.jpg\",\"contentUrl\":\"https:\/\/www.burespro.com\/wp-content\/uploads\/2020\/01\/249_medium.jpg\",\"width\":900,\"height\":600},{\"@type\":\"BreadcrumbList\",\"@id\":\"https:\/\/www.burespro.com\/fr\/product\/absorbant-decorde-de-pin\/#breadcrumb\",\"itemListElement\":[{\"@type\":\"ListItem\",\"position\":1,\"name\":\"Inici\",\"item\":\"https:\/\/www.burespro.com\/fr\/\"},{\"@type\":\"ListItem\",\"position\":2,\"name\":\"Boutique\",\"item\":\"https:\/\/www.burespro.com\/fr\/substrats-engrais\/\"},{\"@type\":\"ListItem\",\"position\":3,\"name\":\"ABSORBANT D&rsquo;\u00c9CORDE DE PIN\"}]},{\"@type\":\"WebSite\",\"@id\":\"https:\/\/www.burespro.com\/#website\",\"url\":\"https:\/\/www.burespro.com\/\",\"name\":\"Bur\u00e9s Profesional\",\"description\":\"Fabricants de terres, substrats de cultiu, fertilitzants i adobs org\u00e0nics\",\"potentialAction\":[{\"@type\":\"SearchAction\",\"target\":{\"@type\":\"EntryPoint\",\"urlTemplate\":\"https:\/\/www.burespro.com\/?s={search_term_string}\"},\"query-input\":{\"@type\":\"PropertyValueSpecification\",\"valueRequired\":true,\"valueName\":\"search_term_string\"}}],\"inLanguage\":\"fr-FR\"}]}<\/script>\n<!-- \/ Yoast SEO plugin. -->","yoast_head_json":{"title":"ABSORBANT D'\u00c9CORDE DE PIN | Bur\u00e9s Profesional","robots":{"index":"index","follow":"follow","max-snippet":"max-snippet:-1","max-image-preview":"max-image-preview:large","max-video-preview":"max-video-preview:-1"},"canonical":"https:\/\/www.burespro.com\/fr\/product\/absorbant-decorde-de-pin\/","og_locale":"fr_FR","og_type":"article","og_title":"ABSORBANT D'\u00c9CORDE DE PIN | Bur\u00e9s Profesional","og_description":"Sur la base d&rsquo;\u00e9corce de pin naturel absorbant broy\u00e9 en fines particules. Ce mat\u00e9riau a la capacit\u00e9 d&rsquo;agir en tant que liquide hydrophobe absorbant. Qu&rsquo;est-ce que renforce ce mat\u00e9riau est la collection de produits qui ne solubilisent pas dans l&rsquo;eau, apr\u00e8s une limitation pr\u00e9c\u00e9dente de polluants avec des barri\u00e8res m\u00e9caniques. Permettre la cro\u00fbte, est d&rsquo;attraper [&hellip;]","og_url":"https:\/\/www.burespro.com\/fr\/product\/absorbant-decorde-de-pin\/","og_site_name":"Bur\u00e9s Profesional","article_publisher":"https:\/\/www.facebook.com\/buresprofesionalsa","article_modified_time":"2020-03-25T07:52:44+00:00","og_image":[{"width":900,"height":600,"url":"https:\/\/www.burespro.com\/wp-content\/uploads\/2020\/01\/249_medium.jpg","type":"image\/jpeg"}],"twitter_card":"summary_large_image","twitter_misc":{"Dur\u00e9e de lecture estim\u00e9e":"1 minute"},"schema":{"@context":"https:\/\/schema.org","@graph":[{"@type":"WebPage","@id":"https:\/\/www.burespro.com\/fr\/product\/absorbant-decorde-de-pin\/","url":"https:\/\/www.burespro.com\/fr\/product\/absorbant-decorde-de-pin\/","name":"ABSORBANT D'\u00c9CORDE DE PIN | Bur\u00e9s Profesional","isPartOf":{"@id":"https:\/\/www.burespro.com\/#website"},"primaryImageOfPage":{"@id":"https:\/\/www.burespro.com\/fr\/product\/absorbant-decorde-de-pin\/#primaryimage"},"image":{"@id":"https:\/\/www.burespro.com\/fr\/product\/absorbant-decorde-de-pin\/#primaryimage"},"thumbnailUrl":"https:\/\/www.burespro.com\/wp-content\/uploads\/2020\/01\/249_medium.jpg","datePublished":"2020-03-10T15:34:44+00:00","dateModified":"2020-03-25T07:52:44+00:00","breadcrumb":{"@id":"https:\/\/www.burespro.com\/fr\/product\/absorbant-decorde-de-pin\/#breadcrumb"},"inLanguage":"fr-FR","potentialAction":[{"@type":"ReadAction","target":["https:\/\/www.burespro.com\/fr\/product\/absorbant-decorde-de-pin\/"]}]},{"@type":"ImageObject","inLanguage":"fr-FR","@id":"https:\/\/www.burespro.com\/fr\/product\/absorbant-decorde-de-pin\/#primaryimage","url":"https:\/\/www.burespro.com\/wp-content\/uploads\/2020\/01\/249_medium.jpg","contentUrl":"https:\/\/www.burespro.com\/wp-content\/uploads\/2020\/01\/249_medium.jpg","width":900,"height":600},{"@type":"BreadcrumbList","@id":"https:\/\/www.burespro.com\/fr\/product\/absorbant-decorde-de-pin\/#breadcrumb","itemListElement":[{"@type":"ListItem","position":1,"name":"Inici","item":"https:\/\/www.burespro.com\/fr\/"},{"@type":"ListItem","position":2,"name":"Boutique","item":"https:\/\/www.burespro.com\/fr\/substrats-engrais\/"},{"@type":"ListItem","position":3,"name":"ABSORBANT D&rsquo;\u00c9CORDE DE PIN"}]},{"@type":"WebSite","@id":"https:\/\/www.burespro.com\/#website","url":"https:\/\/www.burespro.com\/","name":"Bur\u00e9s Profesional","description":"Fabricants de terres, substrats de cultiu, fertilitzants i adobs org\u00e0nics","potentialAction":[{"@type":"SearchAction","target":{"@type":"EntryPoint","urlTemplate":"https:\/\/www.burespro.com\/?s={search_term_string}"},"query-input":{"@type":"PropertyValueSpecification","valueRequired":true,"valueName":"search_term_string"}}],"inLanguage":"fr-FR"}]}},"_links":{"self":[{"href":"https:\/\/www.burespro.com\/fr\/wp-json\/wp\/v2\/product\/9621","targetHints":{"allow":["GET"]}}],"collection":[{"href":"https:\/\/www.burespro.com\/fr\/wp-json\/wp\/v2\/product"}],"about":[{"href":"https:\/\/www.burespro.com\/fr\/wp-json\/wp\/v2\/types\/product"}],"replies":[{"embeddable":true,"href":"https:\/\/www.burespro.com\/fr\/wp-json\/wp\/v2\/comments?post=9621"}],"wp:featuredmedia":[{"embeddable":true,"href":"https:\/\/www.burespro.com\/fr\/wp-json\/wp\/v2\/media\/2152"}],"wp:attachment":[{"href":"https:\/\/www.burespro.com\/fr\/wp-json\/wp\/v2\/media?parent=9621"}],"wp:term":[{"taxonomy":"product_brand","embeddable":true,"href":"https:\/\/www.burespro.com\/fr\/wp-json\/wp\/v2\/product_brand?post=9621"},{"taxonomy":"product_cat","embeddable":true,"href":"https:\/\/www.burespro.com\/fr\/wp-json\/wp\/v2\/product_cat?post=9621"},{"taxonomy":"product_tag","embeddable":true,"href":"https:\/\/www.burespro.com\/fr\/wp-json\/wp\/v2\/product_tag?post=9621"},{"taxonomy":"sectores","embeddable":true,"href":"https:\/\/www.burespro.com\/fr\/wp-json\/wp\/v2\/sectores?post=9621"}],"curies":[{"name":"wp","href":"https:\/\/api.w.org\/{rel}","templated":true}]}}