{"id":9620,"date":"2020-03-10T14:32:05","date_gmt":"2020-03-10T15:34:44","guid":{"rendered":"https:\/\/burespro.neorgvirtual.com\/product\/autres-biomasse\/"},"modified":"2020-08-13T16:18:26","modified_gmt":"2020-08-13T14:18:26","slug":"autres-biomasse","status":"publish","type":"product","link":"https:\/\/www.burespro.com\/fr\/product\/autres-biomasse\/","title":{"rendered":"AUTRES BIOMASSE \u00c0 UTILISER DANS DES BIOCARBURANTS"},"content":{"rendered":"<p>Chaque biocarburant pr\u00e9sente des caract\u00e9ristiques techniques concr\u00e8tes qui le rendent plus ou moins appropri\u00e9 selon le type d\u2019installation. Trouver le bon \u00e9quilibre entre le prix, la teneur en cendres, l\u2019humidit\u00e9, le pouvoir calorifique ou la granulom\u00e9trie est une t\u00e2che essentielle pour optimiser les co\u00fbts d\u2019exploitation de chaque installation.<\/p>\n","protected":false},"excerpt":{"rendered":"<p>Chaque biocarburant pr\u00e9sente des caract\u00e9ristiques techniques concr\u00e8tes qui le rendent plus ou moins appropri\u00e9 selon le type d\u2019installation. Trouver le bon \u00e9quilibre entre le prix, la teneur en cendres, l\u2019humidit\u00e9, le pouvoir calorifique ou la granulom\u00e9trie est une t\u00e2che essentielle pour optimiser les co\u00fbts d\u2019exploitation de chaque installation.<\/p>\n","protected":false},"featured_media":2146,"comment_status":"closed","ping_status":"closed","template":"","meta":{"_acf_changed":false,"inline_featured_image":false},"product_brand":[],"product_cat":[191],"product_tag":[],"sectores":[365,366],"class_list":{"0":"post-9620","1":"product","2":"type-product","3":"status-publish","4":"has-post-thumbnail","6":"product_cat-biocarburant","7":"sectores-usage-industriel","8":"sectores-biocarburant","10":"first","11":"instock","12":"product-type-simple"},"acf":[],"yoast_head":"<!-- This site is optimized with the Yoast SEO plugin v26.7 - https:\/\/yoast.com\/wordpress\/plugins\/seo\/ -->\n<title>AUTRES BIOMASSE \u00c0 UTILISER DANS DES BIOCARBURANTS | Bur\u00e9s Profesional<\/title>\n<meta name=\"robots\" content=\"index, follow, max-snippet:-1, max-image-preview:large, max-video-preview:-1\" \/>\n<link rel=\"canonical\" href=\"https:\/\/www.burespro.com\/fr\/product\/autres-biomasse\/\" \/>\n<meta property=\"og:locale\" content=\"fr_FR\" \/>\n<meta property=\"og:type\" content=\"article\" \/>\n<meta property=\"og:title\" content=\"AUTRES BIOMASSE \u00c0 UTILISER DANS DES BIOCARBURANTS | Bur\u00e9s Profesional\" \/>\n<meta property=\"og:description\" content=\"Chaque biocarburant pr\u00e9sente des caract\u00e9ristiques techniques concr\u00e8tes qui le rendent plus ou moins appropri\u00e9 selon le type d\u2019installation. Trouver le bon \u00e9quilibre entre le prix, la teneur en cendres, l\u2019humidit\u00e9, le pouvoir calorifique ou la granulom\u00e9trie est une t\u00e2che essentielle pour optimiser les co\u00fbts d\u2019exploitation de chaque installation.\" \/>\n<meta property=\"og:url\" content=\"https:\/\/www.burespro.com\/fr\/product\/autres-biomasse\/\" \/>\n<meta property=\"og:site_name\" content=\"Bur\u00e9s Profesional\" \/>\n<meta property=\"article:publisher\" content=\"https:\/\/www.facebook.com\/buresprofesionalsa\" \/>\n<meta property=\"article:modified_time\" content=\"2020-08-13T14:18:26+00:00\" \/>\n<meta property=\"og:image\" content=\"https:\/\/www.burespro.com\/wp-content\/uploads\/2020\/01\/250_medium.jpg\" \/>\n\t<meta property=\"og:image:width\" content=\"900\" \/>\n\t<meta property=\"og:image:height\" content=\"600\" \/>\n\t<meta property=\"og:image:type\" content=\"image\/jpeg\" \/>\n<meta name=\"twitter:card\" content=\"summary_large_image\" \/>\n<script type=\"application\/ld+json\" class=\"yoast-schema-graph\">{\"@context\":\"https:\/\/schema.org\",\"@graph\":[{\"@type\":\"WebPage\",\"@id\":\"https:\/\/www.burespro.com\/fr\/product\/autres-biomasse\/\",\"url\":\"https:\/\/www.burespro.com\/fr\/product\/autres-biomasse\/\",\"name\":\"AUTRES BIOMASSE \u00c0 UTILISER DANS DES BIOCARBURANTS | Bur\u00e9s Profesional\",\"isPartOf\":{\"@id\":\"https:\/\/www.burespro.com\/#website\"},\"primaryImageOfPage\":{\"@id\":\"https:\/\/www.burespro.com\/fr\/product\/autres-biomasse\/#primaryimage\"},\"image\":{\"@id\":\"https:\/\/www.burespro.com\/fr\/product\/autres-biomasse\/#primaryimage\"},\"thumbnailUrl\":\"https:\/\/www.burespro.com\/wp-content\/uploads\/2020\/01\/250_medium.jpg\",\"datePublished\":\"2020-03-10T15:34:44+00:00\",\"dateModified\":\"2020-08-13T14:18:26+00:00\",\"breadcrumb\":{\"@id\":\"https:\/\/www.burespro.com\/fr\/product\/autres-biomasse\/#breadcrumb\"},\"inLanguage\":\"fr-FR\",\"potentialAction\":[{\"@type\":\"ReadAction\",\"target\":[\"https:\/\/www.burespro.com\/fr\/product\/autres-biomasse\/\"]}]},{\"@type\":\"ImageObject\",\"inLanguage\":\"fr-FR\",\"@id\":\"https:\/\/www.burespro.com\/fr\/product\/autres-biomasse\/#primaryimage\",\"url\":\"https:\/\/www.burespro.com\/wp-content\/uploads\/2020\/01\/250_medium.jpg\",\"contentUrl\":\"https:\/\/www.burespro.com\/wp-content\/uploads\/2020\/01\/250_medium.jpg\",\"width\":900,\"height\":600},{\"@type\":\"BreadcrumbList\",\"@id\":\"https:\/\/www.burespro.com\/fr\/product\/autres-biomasse\/#breadcrumb\",\"itemListElement\":[{\"@type\":\"ListItem\",\"position\":1,\"name\":\"Inici\",\"item\":\"https:\/\/www.burespro.com\/fr\/\"},{\"@type\":\"ListItem\",\"position\":2,\"name\":\"Boutique\",\"item\":\"https:\/\/www.burespro.com\/fr\/substrats-engrais\/\"},{\"@type\":\"ListItem\",\"position\":3,\"name\":\"AUTRES BIOMASSE \u00c0 UTILISER DANS DES BIOCARBURANTS\"}]},{\"@type\":\"WebSite\",\"@id\":\"https:\/\/www.burespro.com\/#website\",\"url\":\"https:\/\/www.burespro.com\/\",\"name\":\"Bur\u00e9s Profesional\",\"description\":\"Fabricants de terres, substrats de cultiu, fertilitzants i adobs org\u00e0nics\",\"potentialAction\":[{\"@type\":\"SearchAction\",\"target\":{\"@type\":\"EntryPoint\",\"urlTemplate\":\"https:\/\/www.burespro.com\/?s={search_term_string}\"},\"query-input\":{\"@type\":\"PropertyValueSpecification\",\"valueRequired\":true,\"valueName\":\"search_term_string\"}}],\"inLanguage\":\"fr-FR\"}]}<\/script>\n<!-- \/ Yoast SEO plugin. -->","yoast_head_json":{"title":"AUTRES BIOMASSE \u00c0 UTILISER DANS DES BIOCARBURANTS | Bur\u00e9s Profesional","robots":{"index":"index","follow":"follow","max-snippet":"max-snippet:-1","max-image-preview":"max-image-preview:large","max-video-preview":"max-video-preview:-1"},"canonical":"https:\/\/www.burespro.com\/fr\/product\/autres-biomasse\/","og_locale":"fr_FR","og_type":"article","og_title":"AUTRES BIOMASSE \u00c0 UTILISER DANS DES BIOCARBURANTS | Bur\u00e9s Profesional","og_description":"Chaque biocarburant pr\u00e9sente des caract\u00e9ristiques techniques concr\u00e8tes qui le rendent plus ou moins appropri\u00e9 selon le type d\u2019installation. Trouver le bon \u00e9quilibre entre le prix, la teneur en cendres, l\u2019humidit\u00e9, le pouvoir calorifique ou la granulom\u00e9trie est une t\u00e2che essentielle pour optimiser les co\u00fbts d\u2019exploitation de chaque installation.","og_url":"https:\/\/www.burespro.com\/fr\/product\/autres-biomasse\/","og_site_name":"Bur\u00e9s Profesional","article_publisher":"https:\/\/www.facebook.com\/buresprofesionalsa","article_modified_time":"2020-08-13T14:18:26+00:00","og_image":[{"width":900,"height":600,"url":"https:\/\/www.burespro.com\/wp-content\/uploads\/2020\/01\/250_medium.jpg","type":"image\/jpeg"}],"twitter_card":"summary_large_image","schema":{"@context":"https:\/\/schema.org","@graph":[{"@type":"WebPage","@id":"https:\/\/www.burespro.com\/fr\/product\/autres-biomasse\/","url":"https:\/\/www.burespro.com\/fr\/product\/autres-biomasse\/","name":"AUTRES BIOMASSE \u00c0 UTILISER DANS DES BIOCARBURANTS | Bur\u00e9s Profesional","isPartOf":{"@id":"https:\/\/www.burespro.com\/#website"},"primaryImageOfPage":{"@id":"https:\/\/www.burespro.com\/fr\/product\/autres-biomasse\/#primaryimage"},"image":{"@id":"https:\/\/www.burespro.com\/fr\/product\/autres-biomasse\/#primaryimage"},"thumbnailUrl":"https:\/\/www.burespro.com\/wp-content\/uploads\/2020\/01\/250_medium.jpg","datePublished":"2020-03-10T15:34:44+00:00","dateModified":"2020-08-13T14:18:26+00:00","breadcrumb":{"@id":"https:\/\/www.burespro.com\/fr\/product\/autres-biomasse\/#breadcrumb"},"inLanguage":"fr-FR","potentialAction":[{"@type":"ReadAction","target":["https:\/\/www.burespro.com\/fr\/product\/autres-biomasse\/"]}]},{"@type":"ImageObject","inLanguage":"fr-FR","@id":"https:\/\/www.burespro.com\/fr\/product\/autres-biomasse\/#primaryimage","url":"https:\/\/www.burespro.com\/wp-content\/uploads\/2020\/01\/250_medium.jpg","contentUrl":"https:\/\/www.burespro.com\/wp-content\/uploads\/2020\/01\/250_medium.jpg","width":900,"height":600},{"@type":"BreadcrumbList","@id":"https:\/\/www.burespro.com\/fr\/product\/autres-biomasse\/#breadcrumb","itemListElement":[{"@type":"ListItem","position":1,"name":"Inici","item":"https:\/\/www.burespro.com\/fr\/"},{"@type":"ListItem","position":2,"name":"Boutique","item":"https:\/\/www.burespro.com\/fr\/substrats-engrais\/"},{"@type":"ListItem","position":3,"name":"AUTRES BIOMASSE \u00c0 UTILISER DANS DES BIOCARBURANTS"}]},{"@type":"WebSite","@id":"https:\/\/www.burespro.com\/#website","url":"https:\/\/www.burespro.com\/","name":"Bur\u00e9s Profesional","description":"Fabricants de terres, substrats de cultiu, fertilitzants i adobs org\u00e0nics","potentialAction":[{"@type":"SearchAction","target":{"@type":"EntryPoint","urlTemplate":"https:\/\/www.burespro.com\/?s={search_term_string}"},"query-input":{"@type":"PropertyValueSpecification","valueRequired":true,"valueName":"search_term_string"}}],"inLanguage":"fr-FR"}]}},"_links":{"self":[{"href":"https:\/\/www.burespro.com\/fr\/wp-json\/wp\/v2\/product\/9620","targetHints":{"allow":["GET"]}}],"collection":[{"href":"https:\/\/www.burespro.com\/fr\/wp-json\/wp\/v2\/product"}],"about":[{"href":"https:\/\/www.burespro.com\/fr\/wp-json\/wp\/v2\/types\/product"}],"replies":[{"embeddable":true,"href":"https:\/\/www.burespro.com\/fr\/wp-json\/wp\/v2\/comments?post=9620"}],"wp:featuredmedia":[{"embeddable":true,"href":"https:\/\/www.burespro.com\/fr\/wp-json\/wp\/v2\/media\/2146"}],"wp:attachment":[{"href":"https:\/\/www.burespro.com\/fr\/wp-json\/wp\/v2\/media?parent=9620"}],"wp:term":[{"taxonomy":"product_brand","embeddable":true,"href":"https:\/\/www.burespro.com\/fr\/wp-json\/wp\/v2\/product_brand?post=9620"},{"taxonomy":"product_cat","embeddable":true,"href":"https:\/\/www.burespro.com\/fr\/wp-json\/wp\/v2\/product_cat?post=9620"},{"taxonomy":"product_tag","embeddable":true,"href":"https:\/\/www.burespro.com\/fr\/wp-json\/wp\/v2\/product_tag?post=9620"},{"taxonomy":"sectores","embeddable":true,"href":"https:\/\/www.burespro.com\/fr\/wp-json\/wp\/v2\/sectores?post=9620"}],"curies":[{"name":"wp","href":"https:\/\/api.w.org\/{rel}","templated":true}]}}