{"id":14605,"date":"2020-03-30T08:26:20","date_gmt":"2020-03-30T08:38:26","guid":{"rendered":"https:\/\/burespro.neorgvirtual.com\/product\/fulvik-ca-plus\/"},"modified":"2020-04-15T12:42:38","modified_gmt":"2020-04-15T10:42:38","slug":"fulvik-ca-plus","status":"publish","type":"product","link":"https:\/\/www.burespro.com\/fr\/product\/fulvik-ca-plus\/","title":{"rendered":"FULVIK Ca PLUS"},"content":{"rendered":"<p>FULVIK Ca PLUS est un correcteur de CALCIUM, sous forme liquide formul\u00e9 avec des acides fulviques et des acides gluconiques comme base complexant, ce qui lui conf\u00e8re une \u00abACTION MULTIPLE\u00bb.<\/p>\n<p><strong>CORRECTEURS DES CARENCES EN CALCIUM<\/strong><br \/>\nEn raison de sa teneur \u00e9lev\u00e9e en calcium (Ca) ch\u00e9lat\u00e9 avec des acides fulviques et de l&rsquo;acide gluconique, c&rsquo;est un excellent correcteur des carences de cet \u00e9l\u00e9ment, \u00e9tant particuli\u00e8rement recommand\u00e9 dans les cultures sensibles telles que:<br \/>\nPommier (Better Pit), tomate et poivron (pourriture apicale \u00abn\u00e9crose apicale\u00bb), laitue (Tip Burn \u00abbr\u00fblure du bord des feuilles\u00bb), etc.<\/p>\n<p><strong>CORRECTEUR DE SOL SALIN-SODIQUE<\/strong><br \/>\nIl a la particularit\u00e9 de pouvoir \u00e9changer du SODIUM (Na +) contre du CALCIUM (Ca ++) en le d\u00e9pla\u00e7ant du complexe argilo-humique, ce qui facilite son lavage ult\u00e9rieur \u00e0 l&rsquo;eau d&rsquo;irrigation.<\/p>\n<p><strong>CORRECTEUR DE SOL EN SODIUM<\/strong><br \/>\nEn raison de sa teneur en mati\u00e8re organique, il am\u00e9liore la structure physique de ce type de sol, facilite la circulation de l&rsquo;air et de l&rsquo;eau, augmente les \u00e9changes cationiques entre le calcium et le sodium.<\/p>\n<div class=\"tlid-input input\">\n<div class=\"source-wrap\">\n<div class=\"input-full-height-wrapper tlid-input-full-height-wrapper\">\n<div class=\"source-input\">\n<div class=\"source-footer-wrap source-or-target-footer\">\n<div class=\"character-count tlid-character-count\"><\/div>\n<\/div>\n<\/div>\n<\/div>\n<\/div>\n<\/div>\n<div class=\"tlid-results-container results-container\">\n<div class=\"tlid-result result-dict-wrapper\">\n<div class=\"result tlid-copy-target\">\n<div class=\"result-header\">\n<div class=\"starbutton jfk-button-flat jfk-button unstarred\" tabindex=\"0\" role=\"button\" aria-label=\"Destacar traducci\u00f3n\" data-tooltip=\"Destacar traducci\u00f3n\" data-tooltip-align=\"t,c\">\n<div class=\"jfk-button-img\">FULVIK Ca PLUS est enregistr\u00e9 au registre des engrais et produits apparent\u00e9s de la Direction g\u00e9n\u00e9rale des productions et march\u00e9s agricoles sous le n \u00b0 2361\/01.<\/div>\n<\/div>\n<\/div>\n<\/div>\n<\/div>\n<\/div>\n","protected":false},"excerpt":{"rendered":"<p>FULVIK Ca PLUS est un correcteur de CALCIUM, sous forme liquide formul\u00e9 avec des acides fulviques et des acides gluconiques comme base complexant, ce qui lui conf\u00e8re une \u00abACTION MULTIPLE\u00bb. CORRECTEURS DES CARENCES EN CALCIUM En raison de sa teneur \u00e9lev\u00e9e en calcium (Ca) ch\u00e9lat\u00e9 avec des acides fulviques et de l&rsquo;acide gluconique, c&rsquo;est un [&hellip;]<\/p>\n","protected":false},"featured_media":15468,"comment_status":"closed","ping_status":"closed","template":"","meta":{"_acf_changed":false,"inline_featured_image":false},"product_brand":[],"product_cat":[213],"product_tag":[],"sectores":[364,371,419,421,367,372,368],"class_list":{"0":"post-14605","1":"product","2":"type-product","3":"status-publish","4":"has-post-thumbnail","6":"product_cat-correcteur-de-carences","7":"sectores-pepiniere","8":"sectores-fructiculture-et-horticulture","9":"sectores-floriculture-fr","10":"sectores-viticulture-fr","11":"sectores-jardinage-professionnel-paysagisme","12":"sectores-genieux-publiques-et-civiles","13":"sectores-administrations-publiques","15":"first","16":"instock","17":"product-type-simple"},"acf":[],"yoast_head":"<!-- This site is optimized with the Yoast SEO plugin v26.7 - https:\/\/yoast.com\/wordpress\/plugins\/seo\/ -->\n<title>FULVIK Ca PLUS | Bur\u00e9s Profesional<\/title>\n<meta name=\"robots\" content=\"index, follow, max-snippet:-1, max-image-preview:large, max-video-preview:-1\" \/>\n<link rel=\"canonical\" href=\"https:\/\/www.burespro.com\/fr\/product\/fulvik-ca-plus\/\" \/>\n<meta property=\"og:locale\" content=\"fr_FR\" \/>\n<meta property=\"og:type\" content=\"article\" \/>\n<meta property=\"og:title\" content=\"FULVIK Ca PLUS | Bur\u00e9s Profesional\" \/>\n<meta property=\"og:description\" content=\"FULVIK Ca PLUS est un correcteur de CALCIUM, sous forme liquide formul\u00e9 avec des acides fulviques et des acides gluconiques comme base complexant, ce qui lui conf\u00e8re une \u00abACTION MULTIPLE\u00bb. CORRECTEURS DES CARENCES EN CALCIUM En raison de sa teneur \u00e9lev\u00e9e en calcium (Ca) ch\u00e9lat\u00e9 avec des acides fulviques et de l&rsquo;acide gluconique, c&rsquo;est un [&hellip;]\" \/>\n<meta property=\"og:url\" content=\"https:\/\/www.burespro.com\/fr\/product\/fulvik-ca-plus\/\" \/>\n<meta property=\"og:site_name\" content=\"Bur\u00e9s Profesional\" \/>\n<meta property=\"article:publisher\" content=\"https:\/\/www.facebook.com\/buresprofesionalsa\" \/>\n<meta property=\"article:modified_time\" content=\"2020-04-15T10:42:38+00:00\" \/>\n<meta property=\"og:image\" content=\"https:\/\/www.burespro.com\/wp-content\/uploads\/2020\/03\/fulvik.png\" \/>\n\t<meta property=\"og:image:width\" content=\"1200\" \/>\n\t<meta property=\"og:image:height\" content=\"666\" \/>\n\t<meta property=\"og:image:type\" content=\"image\/png\" \/>\n<meta name=\"twitter:card\" content=\"summary_large_image\" \/>\n<meta name=\"twitter:label1\" content=\"Dur\u00e9e de lecture estim\u00e9e\" \/>\n\t<meta name=\"twitter:data1\" content=\"1 minute\" \/>\n<script type=\"application\/ld+json\" class=\"yoast-schema-graph\">{\"@context\":\"https:\/\/schema.org\",\"@graph\":[{\"@type\":\"WebPage\",\"@id\":\"https:\/\/www.burespro.com\/fr\/product\/fulvik-ca-plus\/\",\"url\":\"https:\/\/www.burespro.com\/fr\/product\/fulvik-ca-plus\/\",\"name\":\"FULVIK Ca PLUS | Bur\u00e9s Profesional\",\"isPartOf\":{\"@id\":\"https:\/\/www.burespro.com\/#website\"},\"primaryImageOfPage\":{\"@id\":\"https:\/\/www.burespro.com\/fr\/product\/fulvik-ca-plus\/#primaryimage\"},\"image\":{\"@id\":\"https:\/\/www.burespro.com\/fr\/product\/fulvik-ca-plus\/#primaryimage\"},\"thumbnailUrl\":\"https:\/\/www.burespro.com\/wp-content\/uploads\/2020\/03\/fulvik.png\",\"datePublished\":\"2020-03-30T08:38:26+00:00\",\"dateModified\":\"2020-04-15T10:42:38+00:00\",\"breadcrumb\":{\"@id\":\"https:\/\/www.burespro.com\/fr\/product\/fulvik-ca-plus\/#breadcrumb\"},\"inLanguage\":\"fr-FR\",\"potentialAction\":[{\"@type\":\"ReadAction\",\"target\":[\"https:\/\/www.burespro.com\/fr\/product\/fulvik-ca-plus\/\"]}]},{\"@type\":\"ImageObject\",\"inLanguage\":\"fr-FR\",\"@id\":\"https:\/\/www.burespro.com\/fr\/product\/fulvik-ca-plus\/#primaryimage\",\"url\":\"https:\/\/www.burespro.com\/wp-content\/uploads\/2020\/03\/fulvik.png\",\"contentUrl\":\"https:\/\/www.burespro.com\/wp-content\/uploads\/2020\/03\/fulvik.png\",\"width\":1200,\"height\":666},{\"@type\":\"BreadcrumbList\",\"@id\":\"https:\/\/www.burespro.com\/fr\/product\/fulvik-ca-plus\/#breadcrumb\",\"itemListElement\":[{\"@type\":\"ListItem\",\"position\":1,\"name\":\"Inici\",\"item\":\"https:\/\/www.burespro.com\/fr\/\"},{\"@type\":\"ListItem\",\"position\":2,\"name\":\"Boutique\",\"item\":\"https:\/\/www.burespro.com\/fr\/substrats-engrais\/\"},{\"@type\":\"ListItem\",\"position\":3,\"name\":\"FULVIK Ca PLUS\"}]},{\"@type\":\"WebSite\",\"@id\":\"https:\/\/www.burespro.com\/#website\",\"url\":\"https:\/\/www.burespro.com\/\",\"name\":\"Bur\u00e9s Profesional\",\"description\":\"Fabricants de terres, substrats de cultiu, fertilitzants i adobs org\u00e0nics\",\"potentialAction\":[{\"@type\":\"SearchAction\",\"target\":{\"@type\":\"EntryPoint\",\"urlTemplate\":\"https:\/\/www.burespro.com\/?s={search_term_string}\"},\"query-input\":{\"@type\":\"PropertyValueSpecification\",\"valueRequired\":true,\"valueName\":\"search_term_string\"}}],\"inLanguage\":\"fr-FR\"}]}<\/script>\n<!-- \/ Yoast SEO plugin. -->","yoast_head_json":{"title":"FULVIK Ca PLUS | Bur\u00e9s Profesional","robots":{"index":"index","follow":"follow","max-snippet":"max-snippet:-1","max-image-preview":"max-image-preview:large","max-video-preview":"max-video-preview:-1"},"canonical":"https:\/\/www.burespro.com\/fr\/product\/fulvik-ca-plus\/","og_locale":"fr_FR","og_type":"article","og_title":"FULVIK Ca PLUS | Bur\u00e9s Profesional","og_description":"FULVIK Ca PLUS est un correcteur de CALCIUM, sous forme liquide formul\u00e9 avec des acides fulviques et des acides gluconiques comme base complexant, ce qui lui conf\u00e8re une \u00abACTION MULTIPLE\u00bb. CORRECTEURS DES CARENCES EN CALCIUM En raison de sa teneur \u00e9lev\u00e9e en calcium (Ca) ch\u00e9lat\u00e9 avec des acides fulviques et de l&rsquo;acide gluconique, c&rsquo;est un [&hellip;]","og_url":"https:\/\/www.burespro.com\/fr\/product\/fulvik-ca-plus\/","og_site_name":"Bur\u00e9s Profesional","article_publisher":"https:\/\/www.facebook.com\/buresprofesionalsa","article_modified_time":"2020-04-15T10:42:38+00:00","og_image":[{"width":1200,"height":666,"url":"https:\/\/www.burespro.com\/wp-content\/uploads\/2020\/03\/fulvik.png","type":"image\/png"}],"twitter_card":"summary_large_image","twitter_misc":{"Dur\u00e9e de lecture estim\u00e9e":"1 minute"},"schema":{"@context":"https:\/\/schema.org","@graph":[{"@type":"WebPage","@id":"https:\/\/www.burespro.com\/fr\/product\/fulvik-ca-plus\/","url":"https:\/\/www.burespro.com\/fr\/product\/fulvik-ca-plus\/","name":"FULVIK Ca PLUS | Bur\u00e9s Profesional","isPartOf":{"@id":"https:\/\/www.burespro.com\/#website"},"primaryImageOfPage":{"@id":"https:\/\/www.burespro.com\/fr\/product\/fulvik-ca-plus\/#primaryimage"},"image":{"@id":"https:\/\/www.burespro.com\/fr\/product\/fulvik-ca-plus\/#primaryimage"},"thumbnailUrl":"https:\/\/www.burespro.com\/wp-content\/uploads\/2020\/03\/fulvik.png","datePublished":"2020-03-30T08:38:26+00:00","dateModified":"2020-04-15T10:42:38+00:00","breadcrumb":{"@id":"https:\/\/www.burespro.com\/fr\/product\/fulvik-ca-plus\/#breadcrumb"},"inLanguage":"fr-FR","potentialAction":[{"@type":"ReadAction","target":["https:\/\/www.burespro.com\/fr\/product\/fulvik-ca-plus\/"]}]},{"@type":"ImageObject","inLanguage":"fr-FR","@id":"https:\/\/www.burespro.com\/fr\/product\/fulvik-ca-plus\/#primaryimage","url":"https:\/\/www.burespro.com\/wp-content\/uploads\/2020\/03\/fulvik.png","contentUrl":"https:\/\/www.burespro.com\/wp-content\/uploads\/2020\/03\/fulvik.png","width":1200,"height":666},{"@type":"BreadcrumbList","@id":"https:\/\/www.burespro.com\/fr\/product\/fulvik-ca-plus\/#breadcrumb","itemListElement":[{"@type":"ListItem","position":1,"name":"Inici","item":"https:\/\/www.burespro.com\/fr\/"},{"@type":"ListItem","position":2,"name":"Boutique","item":"https:\/\/www.burespro.com\/fr\/substrats-engrais\/"},{"@type":"ListItem","position":3,"name":"FULVIK Ca PLUS"}]},{"@type":"WebSite","@id":"https:\/\/www.burespro.com\/#website","url":"https:\/\/www.burespro.com\/","name":"Bur\u00e9s Profesional","description":"Fabricants de terres, substrats de cultiu, fertilitzants i adobs org\u00e0nics","potentialAction":[{"@type":"SearchAction","target":{"@type":"EntryPoint","urlTemplate":"https:\/\/www.burespro.com\/?s={search_term_string}"},"query-input":{"@type":"PropertyValueSpecification","valueRequired":true,"valueName":"search_term_string"}}],"inLanguage":"fr-FR"}]}},"_links":{"self":[{"href":"https:\/\/www.burespro.com\/fr\/wp-json\/wp\/v2\/product\/14605","targetHints":{"allow":["GET"]}}],"collection":[{"href":"https:\/\/www.burespro.com\/fr\/wp-json\/wp\/v2\/product"}],"about":[{"href":"https:\/\/www.burespro.com\/fr\/wp-json\/wp\/v2\/types\/product"}],"replies":[{"embeddable":true,"href":"https:\/\/www.burespro.com\/fr\/wp-json\/wp\/v2\/comments?post=14605"}],"wp:featuredmedia":[{"embeddable":true,"href":"https:\/\/www.burespro.com\/fr\/wp-json\/wp\/v2\/media\/15468"}],"wp:attachment":[{"href":"https:\/\/www.burespro.com\/fr\/wp-json\/wp\/v2\/media?parent=14605"}],"wp:term":[{"taxonomy":"product_brand","embeddable":true,"href":"https:\/\/www.burespro.com\/fr\/wp-json\/wp\/v2\/product_brand?post=14605"},{"taxonomy":"product_cat","embeddable":true,"href":"https:\/\/www.burespro.com\/fr\/wp-json\/wp\/v2\/product_cat?post=14605"},{"taxonomy":"product_tag","embeddable":true,"href":"https:\/\/www.burespro.com\/fr\/wp-json\/wp\/v2\/product_tag?post=14605"},{"taxonomy":"sectores","embeddable":true,"href":"https:\/\/www.burespro.com\/fr\/wp-json\/wp\/v2\/sectores?post=14605"}],"curies":[{"name":"wp","href":"https:\/\/api.w.org\/{rel}","templated":true}]}}