{"id":14594,"date":"2020-03-30T08:26:20","date_gmt":"2020-03-30T08:37:57","guid":{"rendered":"https:\/\/burespro.neorgvirtual.com\/product\/aquafertil-0-15-403mgo\/"},"modified":"2020-04-16T08:50:00","modified_gmt":"2020-04-16T06:50:00","slug":"aquafertil-0-15-403mgo","status":"publish","type":"product","link":"https:\/\/www.burespro.com\/fr\/product\/aquafertil-0-15-403mgo\/","title":{"rendered":"AQUAFERTIL 0-15-40 +3MgO"},"content":{"rendered":"<p>AQUAFERTIL est un engrais soluble CE pauvre en chlorures pour application foliaire.<br \/>\nSon application par pulv\u00e9risation permet \u00e0 la partie a\u00e9rienne de la culture d&rsquo;\u00eatre facilement assimil\u00e9e par la plante.<\/p>\n<p>Le rendement d&rsquo;assimilation des nutriments apport\u00e9s est d&rsquo;environ 95%, plus du double de celui d&rsquo;une application racinaire dans des conditions favorables.<\/p>\n","protected":false},"excerpt":{"rendered":"<p>AQUAFERTIL est un engrais soluble CE pauvre en chlorures pour application foliaire. Son application par pulv\u00e9risation permet \u00e0 la partie a\u00e9rienne de la culture d&rsquo;\u00eatre facilement assimil\u00e9e par la plante. Le rendement d&rsquo;assimilation des nutriments apport\u00e9s est d&rsquo;environ 95%, plus du double de celui d&rsquo;une application racinaire dans des conditions favorables.<\/p>\n","protected":false},"featured_media":15347,"comment_status":"closed","ping_status":"closed","template":"","meta":{"_acf_changed":false,"inline_featured_image":false},"product_brand":[],"product_cat":[198],"product_tag":[],"sectores":[364,371,419,421,367],"class_list":{"0":"post-14594","1":"product","2":"type-product","3":"status-publish","4":"has-post-thumbnail","6":"product_cat-engrais-mineral","7":"sectores-pepiniere","8":"sectores-fructiculture-et-horticulture","9":"sectores-floriculture-fr","10":"sectores-viticulture-fr","11":"sectores-jardinage-professionnel-paysagisme","13":"first","14":"instock","15":"product-type-simple"},"acf":[],"yoast_head":"<!-- This site is optimized with the Yoast SEO plugin v26.7 - https:\/\/yoast.com\/wordpress\/plugins\/seo\/ -->\n<title>AQUAFERTIL 0-15-40 +3MgO | Bur\u00e9s Profesional<\/title>\n<meta name=\"robots\" content=\"index, follow, max-snippet:-1, max-image-preview:large, max-video-preview:-1\" \/>\n<link rel=\"canonical\" href=\"https:\/\/www.burespro.com\/fr\/product\/aquafertil-0-15-403mgo\/\" \/>\n<meta property=\"og:locale\" content=\"fr_FR\" \/>\n<meta property=\"og:type\" content=\"article\" \/>\n<meta property=\"og:title\" content=\"AQUAFERTIL 0-15-40 +3MgO | Bur\u00e9s Profesional\" \/>\n<meta property=\"og:description\" content=\"AQUAFERTIL est un engrais soluble CE pauvre en chlorures pour application foliaire. Son application par pulv\u00e9risation permet \u00e0 la partie a\u00e9rienne de la culture d&rsquo;\u00eatre facilement assimil\u00e9e par la plante. Le rendement d&rsquo;assimilation des nutriments apport\u00e9s est d&rsquo;environ 95%, plus du double de celui d&rsquo;une application racinaire dans des conditions favorables.\" \/>\n<meta property=\"og:url\" content=\"https:\/\/www.burespro.com\/fr\/product\/aquafertil-0-15-403mgo\/\" \/>\n<meta property=\"og:site_name\" content=\"Bur\u00e9s Profesional\" \/>\n<meta property=\"article:publisher\" content=\"https:\/\/www.facebook.com\/buresprofesionalsa\" \/>\n<meta property=\"article:modified_time\" content=\"2020-04-16T06:50:00+00:00\" \/>\n<meta property=\"og:image\" content=\"https:\/\/www.burespro.com\/wp-content\/uploads\/2020\/03\/aquafertil.1200x670.png\" \/>\n\t<meta property=\"og:image:width\" content=\"1200\" \/>\n\t<meta property=\"og:image:height\" content=\"666\" \/>\n\t<meta property=\"og:image:type\" content=\"image\/png\" \/>\n<meta name=\"twitter:card\" content=\"summary_large_image\" \/>\n<script type=\"application\/ld+json\" class=\"yoast-schema-graph\">{\"@context\":\"https:\/\/schema.org\",\"@graph\":[{\"@type\":\"WebPage\",\"@id\":\"https:\/\/www.burespro.com\/fr\/product\/aquafertil-0-15-403mgo\/\",\"url\":\"https:\/\/www.burespro.com\/fr\/product\/aquafertil-0-15-403mgo\/\",\"name\":\"AQUAFERTIL 0-15-40 +3MgO | Bur\u00e9s Profesional\",\"isPartOf\":{\"@id\":\"https:\/\/www.burespro.com\/#website\"},\"primaryImageOfPage\":{\"@id\":\"https:\/\/www.burespro.com\/fr\/product\/aquafertil-0-15-403mgo\/#primaryimage\"},\"image\":{\"@id\":\"https:\/\/www.burespro.com\/fr\/product\/aquafertil-0-15-403mgo\/#primaryimage\"},\"thumbnailUrl\":\"https:\/\/www.burespro.com\/wp-content\/uploads\/2020\/03\/aquafertil.1200x670.png\",\"datePublished\":\"2020-03-30T08:37:57+00:00\",\"dateModified\":\"2020-04-16T06:50:00+00:00\",\"breadcrumb\":{\"@id\":\"https:\/\/www.burespro.com\/fr\/product\/aquafertil-0-15-403mgo\/#breadcrumb\"},\"inLanguage\":\"fr-FR\",\"potentialAction\":[{\"@type\":\"ReadAction\",\"target\":[\"https:\/\/www.burespro.com\/fr\/product\/aquafertil-0-15-403mgo\/\"]}]},{\"@type\":\"ImageObject\",\"inLanguage\":\"fr-FR\",\"@id\":\"https:\/\/www.burespro.com\/fr\/product\/aquafertil-0-15-403mgo\/#primaryimage\",\"url\":\"https:\/\/www.burespro.com\/wp-content\/uploads\/2020\/03\/aquafertil.1200x670.png\",\"contentUrl\":\"https:\/\/www.burespro.com\/wp-content\/uploads\/2020\/03\/aquafertil.1200x670.png\",\"width\":1200,\"height\":666},{\"@type\":\"BreadcrumbList\",\"@id\":\"https:\/\/www.burespro.com\/fr\/product\/aquafertil-0-15-403mgo\/#breadcrumb\",\"itemListElement\":[{\"@type\":\"ListItem\",\"position\":1,\"name\":\"Inici\",\"item\":\"https:\/\/www.burespro.com\/fr\/\"},{\"@type\":\"ListItem\",\"position\":2,\"name\":\"Boutique\",\"item\":\"https:\/\/www.burespro.com\/fr\/substrats-engrais\/\"},{\"@type\":\"ListItem\",\"position\":3,\"name\":\"AQUAFERTIL 0-15-40 +3MgO\"}]},{\"@type\":\"WebSite\",\"@id\":\"https:\/\/www.burespro.com\/#website\",\"url\":\"https:\/\/www.burespro.com\/\",\"name\":\"Bur\u00e9s Profesional\",\"description\":\"Fabricants de terres, substrats de cultiu, fertilitzants i adobs org\u00e0nics\",\"potentialAction\":[{\"@type\":\"SearchAction\",\"target\":{\"@type\":\"EntryPoint\",\"urlTemplate\":\"https:\/\/www.burespro.com\/?s={search_term_string}\"},\"query-input\":{\"@type\":\"PropertyValueSpecification\",\"valueRequired\":true,\"valueName\":\"search_term_string\"}}],\"inLanguage\":\"fr-FR\"}]}<\/script>\n<!-- \/ Yoast SEO plugin. -->","yoast_head_json":{"title":"AQUAFERTIL 0-15-40 +3MgO | Bur\u00e9s Profesional","robots":{"index":"index","follow":"follow","max-snippet":"max-snippet:-1","max-image-preview":"max-image-preview:large","max-video-preview":"max-video-preview:-1"},"canonical":"https:\/\/www.burespro.com\/fr\/product\/aquafertil-0-15-403mgo\/","og_locale":"fr_FR","og_type":"article","og_title":"AQUAFERTIL 0-15-40 +3MgO | Bur\u00e9s Profesional","og_description":"AQUAFERTIL est un engrais soluble CE pauvre en chlorures pour application foliaire. Son application par pulv\u00e9risation permet \u00e0 la partie a\u00e9rienne de la culture d&rsquo;\u00eatre facilement assimil\u00e9e par la plante. Le rendement d&rsquo;assimilation des nutriments apport\u00e9s est d&rsquo;environ 95%, plus du double de celui d&rsquo;une application racinaire dans des conditions favorables.","og_url":"https:\/\/www.burespro.com\/fr\/product\/aquafertil-0-15-403mgo\/","og_site_name":"Bur\u00e9s Profesional","article_publisher":"https:\/\/www.facebook.com\/buresprofesionalsa","article_modified_time":"2020-04-16T06:50:00+00:00","og_image":[{"width":1200,"height":666,"url":"https:\/\/www.burespro.com\/wp-content\/uploads\/2020\/03\/aquafertil.1200x670.png","type":"image\/png"}],"twitter_card":"summary_large_image","schema":{"@context":"https:\/\/schema.org","@graph":[{"@type":"WebPage","@id":"https:\/\/www.burespro.com\/fr\/product\/aquafertil-0-15-403mgo\/","url":"https:\/\/www.burespro.com\/fr\/product\/aquafertil-0-15-403mgo\/","name":"AQUAFERTIL 0-15-40 +3MgO | Bur\u00e9s Profesional","isPartOf":{"@id":"https:\/\/www.burespro.com\/#website"},"primaryImageOfPage":{"@id":"https:\/\/www.burespro.com\/fr\/product\/aquafertil-0-15-403mgo\/#primaryimage"},"image":{"@id":"https:\/\/www.burespro.com\/fr\/product\/aquafertil-0-15-403mgo\/#primaryimage"},"thumbnailUrl":"https:\/\/www.burespro.com\/wp-content\/uploads\/2020\/03\/aquafertil.1200x670.png","datePublished":"2020-03-30T08:37:57+00:00","dateModified":"2020-04-16T06:50:00+00:00","breadcrumb":{"@id":"https:\/\/www.burespro.com\/fr\/product\/aquafertil-0-15-403mgo\/#breadcrumb"},"inLanguage":"fr-FR","potentialAction":[{"@type":"ReadAction","target":["https:\/\/www.burespro.com\/fr\/product\/aquafertil-0-15-403mgo\/"]}]},{"@type":"ImageObject","inLanguage":"fr-FR","@id":"https:\/\/www.burespro.com\/fr\/product\/aquafertil-0-15-403mgo\/#primaryimage","url":"https:\/\/www.burespro.com\/wp-content\/uploads\/2020\/03\/aquafertil.1200x670.png","contentUrl":"https:\/\/www.burespro.com\/wp-content\/uploads\/2020\/03\/aquafertil.1200x670.png","width":1200,"height":666},{"@type":"BreadcrumbList","@id":"https:\/\/www.burespro.com\/fr\/product\/aquafertil-0-15-403mgo\/#breadcrumb","itemListElement":[{"@type":"ListItem","position":1,"name":"Inici","item":"https:\/\/www.burespro.com\/fr\/"},{"@type":"ListItem","position":2,"name":"Boutique","item":"https:\/\/www.burespro.com\/fr\/substrats-engrais\/"},{"@type":"ListItem","position":3,"name":"AQUAFERTIL 0-15-40 +3MgO"}]},{"@type":"WebSite","@id":"https:\/\/www.burespro.com\/#website","url":"https:\/\/www.burespro.com\/","name":"Bur\u00e9s Profesional","description":"Fabricants de terres, substrats de cultiu, fertilitzants i adobs org\u00e0nics","potentialAction":[{"@type":"SearchAction","target":{"@type":"EntryPoint","urlTemplate":"https:\/\/www.burespro.com\/?s={search_term_string}"},"query-input":{"@type":"PropertyValueSpecification","valueRequired":true,"valueName":"search_term_string"}}],"inLanguage":"fr-FR"}]}},"_links":{"self":[{"href":"https:\/\/www.burespro.com\/fr\/wp-json\/wp\/v2\/product\/14594","targetHints":{"allow":["GET"]}}],"collection":[{"href":"https:\/\/www.burespro.com\/fr\/wp-json\/wp\/v2\/product"}],"about":[{"href":"https:\/\/www.burespro.com\/fr\/wp-json\/wp\/v2\/types\/product"}],"replies":[{"embeddable":true,"href":"https:\/\/www.burespro.com\/fr\/wp-json\/wp\/v2\/comments?post=14594"}],"wp:featuredmedia":[{"embeddable":true,"href":"https:\/\/www.burespro.com\/fr\/wp-json\/wp\/v2\/media\/15347"}],"wp:attachment":[{"href":"https:\/\/www.burespro.com\/fr\/wp-json\/wp\/v2\/media?parent=14594"}],"wp:term":[{"taxonomy":"product_brand","embeddable":true,"href":"https:\/\/www.burespro.com\/fr\/wp-json\/wp\/v2\/product_brand?post=14594"},{"taxonomy":"product_cat","embeddable":true,"href":"https:\/\/www.burespro.com\/fr\/wp-json\/wp\/v2\/product_cat?post=14594"},{"taxonomy":"product_tag","embeddable":true,"href":"https:\/\/www.burespro.com\/fr\/wp-json\/wp\/v2\/product_tag?post=14594"},{"taxonomy":"sectores","embeddable":true,"href":"https:\/\/www.burespro.com\/fr\/wp-json\/wp\/v2\/sectores?post=14594"}],"curies":[{"name":"wp","href":"https:\/\/api.w.org\/{rel}","templated":true}]}}