{"id":10291,"date":"2020-03-10T14:36:19","date_gmt":"2020-03-10T15:41:19","guid":{"rendered":"https:\/\/burespro.neorgvirtual.com\/product\/vigorhumus-pellet-ecologic\/"},"modified":"2020-05-21T10:13:06","modified_gmt":"2020-05-21T08:13:06","slug":"vigorhumus-pellet-ecologic","status":"publish","type":"product","link":"https:\/\/www.burespro.com\/fr\/product\/vigorhumus-pellet-ecologic\/","title":{"rendered":"VIGORHUMUS PELLET ECOLOGIC"},"content":{"rendered":"<p><strong>VIGORHUMUS PELLET<\/strong> est un amendement humique organique utilis\u00e9 pour am\u00e9liorer les propri\u00e9t\u00e9s du sol, soit en profitant de ses propri\u00e9t\u00e9s comme engrais agricole ou paysag\u00e8re. La contribution de l&rsquo;engrais organique sous la forme d&rsquo;une modification organique humique biologiquement stabilis\u00e9e favorise dans une large mesure la permanence des nutriments dans le sol. L&rsquo;action des substances de d\u00e9composition de la mati\u00e8re organique qui agissent dans les processus physico-chimiques du terrain. Il remplace l&rsquo;effet de l&rsquo;application du fumier et d&rsquo;autres \u00e9l\u00e9ments organiques non stabilis\u00e9s sur le sol, qui, \u00e0 long terme, pr\u00e9sente des alt\u00e9rations caus\u00e9es par les substances phytotoxiques des microorganismes en d\u00e9composition.<\/p>\n<p><strong>VIGORHUMUS PELLET<\/strong> est inscrit au registre des engrais conform\u00e9ment au d\u00e9cret royal 506\/2013 avec le num\u00e9ro F0003060 \/ 2027.<\/p>\n","protected":false},"excerpt":{"rendered":"<p>VIGORHUMUS PELLET est un amendement humique organique utilis\u00e9 pour am\u00e9liorer les propri\u00e9t\u00e9s du sol, soit en profitant de ses propri\u00e9t\u00e9s comme engrais agricole ou paysag\u00e8re. La contribution de l&rsquo;engrais organique sous la forme d&rsquo;une modification organique humique biologiquement stabilis\u00e9e favorise dans une large mesure la permanence des nutriments dans le sol. L&rsquo;action des substances de [&hellip;]<\/p>\n","protected":false},"featured_media":15359,"comment_status":"closed","ping_status":"closed","template":"","meta":{"_acf_changed":false,"inline_featured_image":false},"product_brand":[],"product_cat":[135,136,204,388],"product_tag":[438,626,439,452,429,544,645,552,437,476,428,453],"sectores":[364,322,329,371,330,419,331,421,367,325,368,326,374,369,327,328],"class_list":{"0":"post-10291","1":"product","2":"type-product","3":"status-publish","4":"has-post-thumbnail","6":"product_cat-abonos-organicos-2","7":"product_cat-abonos-ecologicos-2","8":"product_cat-engrais-organiques","9":"product_cat-engrais-ecologiques","10":"product_tag-agricultura-ecologica","11":"product_tag-agriculture-ecologique","12":"product_tag-bures-profesional","13":"product_tag-bures-profesional-fr","14":"product_tag-ecologico","15":"product_tag-ecologique","16":"product_tag-engrais-ecologique","17":"product_tag-engrais-pour-lagriculture","18":"product_tag-fertilizante-ecologico","19":"product_tag-fertilizantes-para-agricultura","20":"product_tag-vigorhumus","21":"product_tag-vigorhumus-fr","22":"sectores-pepiniere","23":"sectores-viverismo","24":"sectores-fruticultura-y-horticultura","25":"sectores-fructiculture-et-horticulture","26":"sectores-floricultura-es","27":"sectores-floriculture-fr","28":"sectores-viticultura-es","29":"sectores-viticulture-fr","30":"sectores-jardinage-professionnel-paysagisme","31":"sectores-jardineria-profesional-paisajismo","32":"sectores-administrations-publiques","33":"sectores-administraciones-publicas","34":"sectores-terrains-de-sport-professionels","35":"sectores-centres-de-jardinerie","36":"sectores-terrenos-deportivos-profesionales","37":"sectores-centros-de-jardineria","39":"first","40":"instock","41":"product-type-simple"},"acf":[],"yoast_head":"<!-- This site is optimized with the Yoast SEO plugin v26.7 - https:\/\/yoast.com\/wordpress\/plugins\/seo\/ -->\n<title>VIGORHUMUS PELLET ECOLOGIC | Bur\u00e9s Profesional<\/title>\n<meta name=\"robots\" content=\"index, follow, max-snippet:-1, max-image-preview:large, max-video-preview:-1\" \/>\n<link rel=\"canonical\" href=\"https:\/\/www.burespro.com\/fr\/product\/vigorhumus-pellet-ecologic\/\" \/>\n<meta property=\"og:locale\" content=\"fr_FR\" \/>\n<meta property=\"og:type\" content=\"article\" \/>\n<meta property=\"og:title\" content=\"VIGORHUMUS PELLET ECOLOGIC | Bur\u00e9s Profesional\" \/>\n<meta property=\"og:description\" content=\"VIGORHUMUS PELLET est un amendement humique organique utilis\u00e9 pour am\u00e9liorer les propri\u00e9t\u00e9s du sol, soit en profitant de ses propri\u00e9t\u00e9s comme engrais agricole ou paysag\u00e8re. La contribution de l&rsquo;engrais organique sous la forme d&rsquo;une modification organique humique biologiquement stabilis\u00e9e favorise dans une large mesure la permanence des nutriments dans le sol. L&rsquo;action des substances de [&hellip;]\" \/>\n<meta property=\"og:url\" content=\"https:\/\/www.burespro.com\/fr\/product\/vigorhumus-pellet-ecologic\/\" \/>\n<meta property=\"og:site_name\" content=\"Bur\u00e9s Profesional\" \/>\n<meta property=\"article:publisher\" content=\"https:\/\/www.facebook.com\/buresprofesionalsa\" \/>\n<meta property=\"article:modified_time\" content=\"2020-05-21T08:13:06+00:00\" \/>\n<meta property=\"og:image\" content=\"https:\/\/www.burespro.com\/wp-content\/uploads\/2020\/03\/VIGORHUMUS-PELLET-ECOL\u00d3GICO.png\" \/>\n\t<meta property=\"og:image:width\" content=\"1200\" \/>\n\t<meta property=\"og:image:height\" content=\"666\" \/>\n\t<meta property=\"og:image:type\" content=\"image\/png\" \/>\n<meta name=\"twitter:card\" content=\"summary_large_image\" \/>\n<meta name=\"twitter:label1\" content=\"Dur\u00e9e de lecture estim\u00e9e\" \/>\n\t<meta name=\"twitter:data1\" content=\"1 minute\" \/>\n<script type=\"application\/ld+json\" class=\"yoast-schema-graph\">{\"@context\":\"https:\/\/schema.org\",\"@graph\":[{\"@type\":\"WebPage\",\"@id\":\"https:\/\/www.burespro.com\/fr\/product\/vigorhumus-pellet-ecologic\/\",\"url\":\"https:\/\/www.burespro.com\/fr\/product\/vigorhumus-pellet-ecologic\/\",\"name\":\"VIGORHUMUS PELLET ECOLOGIC | Bur\u00e9s Profesional\",\"isPartOf\":{\"@id\":\"https:\/\/www.burespro.com\/#website\"},\"primaryImageOfPage\":{\"@id\":\"https:\/\/www.burespro.com\/fr\/product\/vigorhumus-pellet-ecologic\/#primaryimage\"},\"image\":{\"@id\":\"https:\/\/www.burespro.com\/fr\/product\/vigorhumus-pellet-ecologic\/#primaryimage\"},\"thumbnailUrl\":\"https:\/\/www.burespro.com\/wp-content\/uploads\/2020\/03\/VIGORHUMUS-PELLET-ECOL\u00d3GICO.png\",\"datePublished\":\"2020-03-10T15:41:19+00:00\",\"dateModified\":\"2020-05-21T08:13:06+00:00\",\"breadcrumb\":{\"@id\":\"https:\/\/www.burespro.com\/fr\/product\/vigorhumus-pellet-ecologic\/#breadcrumb\"},\"inLanguage\":\"fr-FR\",\"potentialAction\":[{\"@type\":\"ReadAction\",\"target\":[\"https:\/\/www.burespro.com\/fr\/product\/vigorhumus-pellet-ecologic\/\"]}]},{\"@type\":\"ImageObject\",\"inLanguage\":\"fr-FR\",\"@id\":\"https:\/\/www.burespro.com\/fr\/product\/vigorhumus-pellet-ecologic\/#primaryimage\",\"url\":\"https:\/\/www.burespro.com\/wp-content\/uploads\/2020\/03\/VIGORHUMUS-PELLET-ECOL\u00d3GICO.png\",\"contentUrl\":\"https:\/\/www.burespro.com\/wp-content\/uploads\/2020\/03\/VIGORHUMUS-PELLET-ECOL\u00d3GICO.png\",\"width\":1200,\"height\":666},{\"@type\":\"BreadcrumbList\",\"@id\":\"https:\/\/www.burespro.com\/fr\/product\/vigorhumus-pellet-ecologic\/#breadcrumb\",\"itemListElement\":[{\"@type\":\"ListItem\",\"position\":1,\"name\":\"Inici\",\"item\":\"https:\/\/www.burespro.com\/fr\/\"},{\"@type\":\"ListItem\",\"position\":2,\"name\":\"Boutique\",\"item\":\"https:\/\/www.burespro.com\/fr\/substrats-engrais\/\"},{\"@type\":\"ListItem\",\"position\":3,\"name\":\"VIGORHUMUS PELLET ECOLOGIC\"}]},{\"@type\":\"WebSite\",\"@id\":\"https:\/\/www.burespro.com\/#website\",\"url\":\"https:\/\/www.burespro.com\/\",\"name\":\"Bur\u00e9s Profesional\",\"description\":\"Fabricants de terres, substrats de cultiu, fertilitzants i adobs org\u00e0nics\",\"potentialAction\":[{\"@type\":\"SearchAction\",\"target\":{\"@type\":\"EntryPoint\",\"urlTemplate\":\"https:\/\/www.burespro.com\/?s={search_term_string}\"},\"query-input\":{\"@type\":\"PropertyValueSpecification\",\"valueRequired\":true,\"valueName\":\"search_term_string\"}}],\"inLanguage\":\"fr-FR\"}]}<\/script>\n<!-- \/ Yoast SEO plugin. -->","yoast_head_json":{"title":"VIGORHUMUS PELLET ECOLOGIC | Bur\u00e9s Profesional","robots":{"index":"index","follow":"follow","max-snippet":"max-snippet:-1","max-image-preview":"max-image-preview:large","max-video-preview":"max-video-preview:-1"},"canonical":"https:\/\/www.burespro.com\/fr\/product\/vigorhumus-pellet-ecologic\/","og_locale":"fr_FR","og_type":"article","og_title":"VIGORHUMUS PELLET ECOLOGIC | Bur\u00e9s Profesional","og_description":"VIGORHUMUS PELLET est un amendement humique organique utilis\u00e9 pour am\u00e9liorer les propri\u00e9t\u00e9s du sol, soit en profitant de ses propri\u00e9t\u00e9s comme engrais agricole ou paysag\u00e8re. La contribution de l&rsquo;engrais organique sous la forme d&rsquo;une modification organique humique biologiquement stabilis\u00e9e favorise dans une large mesure la permanence des nutriments dans le sol. L&rsquo;action des substances de [&hellip;]","og_url":"https:\/\/www.burespro.com\/fr\/product\/vigorhumus-pellet-ecologic\/","og_site_name":"Bur\u00e9s Profesional","article_publisher":"https:\/\/www.facebook.com\/buresprofesionalsa","article_modified_time":"2020-05-21T08:13:06+00:00","og_image":[{"width":1200,"height":666,"url":"https:\/\/www.burespro.com\/wp-content\/uploads\/2020\/03\/VIGORHUMUS-PELLET-ECOL\u00d3GICO.png","type":"image\/png"}],"twitter_card":"summary_large_image","twitter_misc":{"Dur\u00e9e de lecture estim\u00e9e":"1 minute"},"schema":{"@context":"https:\/\/schema.org","@graph":[{"@type":"WebPage","@id":"https:\/\/www.burespro.com\/fr\/product\/vigorhumus-pellet-ecologic\/","url":"https:\/\/www.burespro.com\/fr\/product\/vigorhumus-pellet-ecologic\/","name":"VIGORHUMUS PELLET ECOLOGIC | Bur\u00e9s Profesional","isPartOf":{"@id":"https:\/\/www.burespro.com\/#website"},"primaryImageOfPage":{"@id":"https:\/\/www.burespro.com\/fr\/product\/vigorhumus-pellet-ecologic\/#primaryimage"},"image":{"@id":"https:\/\/www.burespro.com\/fr\/product\/vigorhumus-pellet-ecologic\/#primaryimage"},"thumbnailUrl":"https:\/\/www.burespro.com\/wp-content\/uploads\/2020\/03\/VIGORHUMUS-PELLET-ECOL\u00d3GICO.png","datePublished":"2020-03-10T15:41:19+00:00","dateModified":"2020-05-21T08:13:06+00:00","breadcrumb":{"@id":"https:\/\/www.burespro.com\/fr\/product\/vigorhumus-pellet-ecologic\/#breadcrumb"},"inLanguage":"fr-FR","potentialAction":[{"@type":"ReadAction","target":["https:\/\/www.burespro.com\/fr\/product\/vigorhumus-pellet-ecologic\/"]}]},{"@type":"ImageObject","inLanguage":"fr-FR","@id":"https:\/\/www.burespro.com\/fr\/product\/vigorhumus-pellet-ecologic\/#primaryimage","url":"https:\/\/www.burespro.com\/wp-content\/uploads\/2020\/03\/VIGORHUMUS-PELLET-ECOL\u00d3GICO.png","contentUrl":"https:\/\/www.burespro.com\/wp-content\/uploads\/2020\/03\/VIGORHUMUS-PELLET-ECOL\u00d3GICO.png","width":1200,"height":666},{"@type":"BreadcrumbList","@id":"https:\/\/www.burespro.com\/fr\/product\/vigorhumus-pellet-ecologic\/#breadcrumb","itemListElement":[{"@type":"ListItem","position":1,"name":"Inici","item":"https:\/\/www.burespro.com\/fr\/"},{"@type":"ListItem","position":2,"name":"Boutique","item":"https:\/\/www.burespro.com\/fr\/substrats-engrais\/"},{"@type":"ListItem","position":3,"name":"VIGORHUMUS PELLET ECOLOGIC"}]},{"@type":"WebSite","@id":"https:\/\/www.burespro.com\/#website","url":"https:\/\/www.burespro.com\/","name":"Bur\u00e9s Profesional","description":"Fabricants de terres, substrats de cultiu, fertilitzants i adobs org\u00e0nics","potentialAction":[{"@type":"SearchAction","target":{"@type":"EntryPoint","urlTemplate":"https:\/\/www.burespro.com\/?s={search_term_string}"},"query-input":{"@type":"PropertyValueSpecification","valueRequired":true,"valueName":"search_term_string"}}],"inLanguage":"fr-FR"}]}},"_links":{"self":[{"href":"https:\/\/www.burespro.com\/fr\/wp-json\/wp\/v2\/product\/10291","targetHints":{"allow":["GET"]}}],"collection":[{"href":"https:\/\/www.burespro.com\/fr\/wp-json\/wp\/v2\/product"}],"about":[{"href":"https:\/\/www.burespro.com\/fr\/wp-json\/wp\/v2\/types\/product"}],"replies":[{"embeddable":true,"href":"https:\/\/www.burespro.com\/fr\/wp-json\/wp\/v2\/comments?post=10291"}],"wp:featuredmedia":[{"embeddable":true,"href":"https:\/\/www.burespro.com\/fr\/wp-json\/wp\/v2\/media\/15359"}],"wp:attachment":[{"href":"https:\/\/www.burespro.com\/fr\/wp-json\/wp\/v2\/media?parent=10291"}],"wp:term":[{"taxonomy":"product_brand","embeddable":true,"href":"https:\/\/www.burespro.com\/fr\/wp-json\/wp\/v2\/product_brand?post=10291"},{"taxonomy":"product_cat","embeddable":true,"href":"https:\/\/www.burespro.com\/fr\/wp-json\/wp\/v2\/product_cat?post=10291"},{"taxonomy":"product_tag","embeddable":true,"href":"https:\/\/www.burespro.com\/fr\/wp-json\/wp\/v2\/product_tag?post=10291"},{"taxonomy":"sectores","embeddable":true,"href":"https:\/\/www.burespro.com\/fr\/wp-json\/wp\/v2\/sectores?post=10291"}],"curies":[{"name":"wp","href":"https:\/\/api.w.org\/{rel}","templated":true}]}}