{"id":10278,"date":"2020-03-10T14:36:19","date_gmt":"2020-03-10T15:40:45","guid":{"rendered":"https:\/\/burespro.neorgvirtual.com\/product\/vigorhumus-h-90-p\/"},"modified":"2020-05-21T08:51:14","modified_gmt":"2020-05-21T06:51:14","slug":"vigorhumus-h-90-p","status":"publish","type":"product","link":"https:\/\/www.burespro.com\/fr\/product\/vigorhumus-h-90-p\/","title":{"rendered":"Vigorhumus H-90 P"},"content":{"rendered":"<p><strong>VIGORHUMUS H-90 Pellet<\/strong> est un engrais organo-min\u00e9ral NPK 8-3-3 certifi\u00e9 par l&rsquo;agriculture biologique. Sa teneur \u00e9lev\u00e9e en azote, ainsi que l&rsquo;\u00e9quilibre du phosphore et du potassium, conf\u00e8rent \u00e0 la culture des taux \u00e9lev\u00e9s de croissance v\u00e9g\u00e9tative. Son contenu en mati\u00e8re organique et en azote organique est \u00e9galement important, favorisant une lib\u00e9ration contr\u00f4l\u00e9e et soutenue dans le temps de ses nutriments.<\/p>\n<p>&nbsp;<\/p>\n","protected":false},"excerpt":{"rendered":"<p>VIGORHUMUS H-90 Pellet est un engrais organo-min\u00e9ral NPK 8-3-3 certifi\u00e9 par l&rsquo;agriculture biologique. Sa teneur \u00e9lev\u00e9e en azote, ainsi que l&rsquo;\u00e9quilibre du phosphore et du potassium, conf\u00e8rent \u00e0 la culture des taux \u00e9lev\u00e9s de croissance v\u00e9g\u00e9tative. Son contenu en mati\u00e8re organique et en azote organique est \u00e9galement important, favorisant une lib\u00e9ration contr\u00f4l\u00e9e et soutenue dans [&hellip;]<\/p>\n","protected":false},"featured_media":15418,"comment_status":"closed","ping_status":"closed","template":"","meta":{"_acf_changed":false,"inline_featured_image":false},"product_brand":[],"product_cat":[392,388],"product_tag":[626,452,544,645,552,453],"sectores":[364,371,419,421,367,374,369],"class_list":{"0":"post-10278","1":"product","2":"type-product","3":"status-publish","4":"has-post-thumbnail","6":"product_cat-engrais-organomineraux","7":"product_cat-engrais-ecologiques","8":"product_tag-agriculture-ecologique","9":"product_tag-bures-profesional-fr","10":"product_tag-ecologique","11":"product_tag-engrais-ecologique","12":"product_tag-engrais-pour-lagriculture","13":"product_tag-vigorhumus-fr","14":"sectores-pepiniere","15":"sectores-fructiculture-et-horticulture","16":"sectores-floriculture-fr","17":"sectores-viticulture-fr","18":"sectores-jardinage-professionnel-paysagisme","19":"sectores-terrains-de-sport-professionels","20":"sectores-centres-de-jardinerie","22":"first","23":"instock","24":"product-type-simple"},"acf":[],"yoast_head":"<!-- This site is optimized with the Yoast SEO plugin v26.7 - https:\/\/yoast.com\/wordpress\/plugins\/seo\/ -->\n<title>Vigorhumus H-90 P | Bur\u00e9s Profesional<\/title>\n<meta name=\"robots\" content=\"index, follow, max-snippet:-1, max-image-preview:large, max-video-preview:-1\" \/>\n<link rel=\"canonical\" href=\"https:\/\/www.burespro.com\/fr\/product\/vigorhumus-h-90-p\/\" \/>\n<meta property=\"og:locale\" content=\"fr_FR\" \/>\n<meta property=\"og:type\" content=\"article\" \/>\n<meta property=\"og:title\" content=\"Vigorhumus H-90 P | Bur\u00e9s Profesional\" \/>\n<meta property=\"og:description\" content=\"VIGORHUMUS H-90 Pellet est un engrais organo-min\u00e9ral NPK 8-3-3 certifi\u00e9 par l&rsquo;agriculture biologique. Sa teneur \u00e9lev\u00e9e en azote, ainsi que l&rsquo;\u00e9quilibre du phosphore et du potassium, conf\u00e8rent \u00e0 la culture des taux \u00e9lev\u00e9s de croissance v\u00e9g\u00e9tative. Son contenu en mati\u00e8re organique et en azote organique est \u00e9galement important, favorisant une lib\u00e9ration contr\u00f4l\u00e9e et soutenue dans [&hellip;]\" \/>\n<meta property=\"og:url\" content=\"https:\/\/www.burespro.com\/fr\/product\/vigorhumus-h-90-p\/\" \/>\n<meta property=\"og:site_name\" content=\"Bur\u00e9s Profesional\" \/>\n<meta property=\"article:publisher\" content=\"https:\/\/www.facebook.com\/buresprofesionalsa\" \/>\n<meta property=\"article:modified_time\" content=\"2020-05-21T06:51:14+00:00\" \/>\n<meta property=\"og:image\" content=\"https:\/\/www.burespro.com\/wp-content\/uploads\/2020\/03\/VIGORHUMUS-H-90-P-ECO-NPK-8-3-3.png\" \/>\n\t<meta property=\"og:image:width\" content=\"1200\" \/>\n\t<meta property=\"og:image:height\" content=\"666\" \/>\n\t<meta property=\"og:image:type\" content=\"image\/png\" \/>\n<meta name=\"twitter:card\" content=\"summary_large_image\" \/>\n<script type=\"application\/ld+json\" class=\"yoast-schema-graph\">{\"@context\":\"https:\/\/schema.org\",\"@graph\":[{\"@type\":\"WebPage\",\"@id\":\"https:\/\/www.burespro.com\/fr\/product\/vigorhumus-h-90-p\/\",\"url\":\"https:\/\/www.burespro.com\/fr\/product\/vigorhumus-h-90-p\/\",\"name\":\"Vigorhumus H-90 P | Bur\u00e9s Profesional\",\"isPartOf\":{\"@id\":\"https:\/\/www.burespro.com\/#website\"},\"primaryImageOfPage\":{\"@id\":\"https:\/\/www.burespro.com\/fr\/product\/vigorhumus-h-90-p\/#primaryimage\"},\"image\":{\"@id\":\"https:\/\/www.burespro.com\/fr\/product\/vigorhumus-h-90-p\/#primaryimage\"},\"thumbnailUrl\":\"https:\/\/www.burespro.com\/wp-content\/uploads\/2020\/03\/VIGORHUMUS-H-90-P-ECO-NPK-8-3-3.png\",\"datePublished\":\"2020-03-10T15:40:45+00:00\",\"dateModified\":\"2020-05-21T06:51:14+00:00\",\"breadcrumb\":{\"@id\":\"https:\/\/www.burespro.com\/fr\/product\/vigorhumus-h-90-p\/#breadcrumb\"},\"inLanguage\":\"fr-FR\",\"potentialAction\":[{\"@type\":\"ReadAction\",\"target\":[\"https:\/\/www.burespro.com\/fr\/product\/vigorhumus-h-90-p\/\"]}]},{\"@type\":\"ImageObject\",\"inLanguage\":\"fr-FR\",\"@id\":\"https:\/\/www.burespro.com\/fr\/product\/vigorhumus-h-90-p\/#primaryimage\",\"url\":\"https:\/\/www.burespro.com\/wp-content\/uploads\/2020\/03\/VIGORHUMUS-H-90-P-ECO-NPK-8-3-3.png\",\"contentUrl\":\"https:\/\/www.burespro.com\/wp-content\/uploads\/2020\/03\/VIGORHUMUS-H-90-P-ECO-NPK-8-3-3.png\",\"width\":1200,\"height\":666},{\"@type\":\"BreadcrumbList\",\"@id\":\"https:\/\/www.burespro.com\/fr\/product\/vigorhumus-h-90-p\/#breadcrumb\",\"itemListElement\":[{\"@type\":\"ListItem\",\"position\":1,\"name\":\"Inici\",\"item\":\"https:\/\/www.burespro.com\/fr\/\"},{\"@type\":\"ListItem\",\"position\":2,\"name\":\"Boutique\",\"item\":\"https:\/\/www.burespro.com\/fr\/substrats-engrais\/\"},{\"@type\":\"ListItem\",\"position\":3,\"name\":\"Vigorhumus H-90 P\"}]},{\"@type\":\"WebSite\",\"@id\":\"https:\/\/www.burespro.com\/#website\",\"url\":\"https:\/\/www.burespro.com\/\",\"name\":\"Bur\u00e9s Profesional\",\"description\":\"Fabricants de terres, substrats de cultiu, fertilitzants i adobs org\u00e0nics\",\"potentialAction\":[{\"@type\":\"SearchAction\",\"target\":{\"@type\":\"EntryPoint\",\"urlTemplate\":\"https:\/\/www.burespro.com\/?s={search_term_string}\"},\"query-input\":{\"@type\":\"PropertyValueSpecification\",\"valueRequired\":true,\"valueName\":\"search_term_string\"}}],\"inLanguage\":\"fr-FR\"}]}<\/script>\n<!-- \/ Yoast SEO plugin. -->","yoast_head_json":{"title":"Vigorhumus H-90 P | Bur\u00e9s Profesional","robots":{"index":"index","follow":"follow","max-snippet":"max-snippet:-1","max-image-preview":"max-image-preview:large","max-video-preview":"max-video-preview:-1"},"canonical":"https:\/\/www.burespro.com\/fr\/product\/vigorhumus-h-90-p\/","og_locale":"fr_FR","og_type":"article","og_title":"Vigorhumus H-90 P | Bur\u00e9s Profesional","og_description":"VIGORHUMUS H-90 Pellet est un engrais organo-min\u00e9ral NPK 8-3-3 certifi\u00e9 par l&rsquo;agriculture biologique. Sa teneur \u00e9lev\u00e9e en azote, ainsi que l&rsquo;\u00e9quilibre du phosphore et du potassium, conf\u00e8rent \u00e0 la culture des taux \u00e9lev\u00e9s de croissance v\u00e9g\u00e9tative. Son contenu en mati\u00e8re organique et en azote organique est \u00e9galement important, favorisant une lib\u00e9ration contr\u00f4l\u00e9e et soutenue dans [&hellip;]","og_url":"https:\/\/www.burespro.com\/fr\/product\/vigorhumus-h-90-p\/","og_site_name":"Bur\u00e9s Profesional","article_publisher":"https:\/\/www.facebook.com\/buresprofesionalsa","article_modified_time":"2020-05-21T06:51:14+00:00","og_image":[{"width":1200,"height":666,"url":"https:\/\/www.burespro.com\/wp-content\/uploads\/2020\/03\/VIGORHUMUS-H-90-P-ECO-NPK-8-3-3.png","type":"image\/png"}],"twitter_card":"summary_large_image","schema":{"@context":"https:\/\/schema.org","@graph":[{"@type":"WebPage","@id":"https:\/\/www.burespro.com\/fr\/product\/vigorhumus-h-90-p\/","url":"https:\/\/www.burespro.com\/fr\/product\/vigorhumus-h-90-p\/","name":"Vigorhumus H-90 P | Bur\u00e9s Profesional","isPartOf":{"@id":"https:\/\/www.burespro.com\/#website"},"primaryImageOfPage":{"@id":"https:\/\/www.burespro.com\/fr\/product\/vigorhumus-h-90-p\/#primaryimage"},"image":{"@id":"https:\/\/www.burespro.com\/fr\/product\/vigorhumus-h-90-p\/#primaryimage"},"thumbnailUrl":"https:\/\/www.burespro.com\/wp-content\/uploads\/2020\/03\/VIGORHUMUS-H-90-P-ECO-NPK-8-3-3.png","datePublished":"2020-03-10T15:40:45+00:00","dateModified":"2020-05-21T06:51:14+00:00","breadcrumb":{"@id":"https:\/\/www.burespro.com\/fr\/product\/vigorhumus-h-90-p\/#breadcrumb"},"inLanguage":"fr-FR","potentialAction":[{"@type":"ReadAction","target":["https:\/\/www.burespro.com\/fr\/product\/vigorhumus-h-90-p\/"]}]},{"@type":"ImageObject","inLanguage":"fr-FR","@id":"https:\/\/www.burespro.com\/fr\/product\/vigorhumus-h-90-p\/#primaryimage","url":"https:\/\/www.burespro.com\/wp-content\/uploads\/2020\/03\/VIGORHUMUS-H-90-P-ECO-NPK-8-3-3.png","contentUrl":"https:\/\/www.burespro.com\/wp-content\/uploads\/2020\/03\/VIGORHUMUS-H-90-P-ECO-NPK-8-3-3.png","width":1200,"height":666},{"@type":"BreadcrumbList","@id":"https:\/\/www.burespro.com\/fr\/product\/vigorhumus-h-90-p\/#breadcrumb","itemListElement":[{"@type":"ListItem","position":1,"name":"Inici","item":"https:\/\/www.burespro.com\/fr\/"},{"@type":"ListItem","position":2,"name":"Boutique","item":"https:\/\/www.burespro.com\/fr\/substrats-engrais\/"},{"@type":"ListItem","position":3,"name":"Vigorhumus H-90 P"}]},{"@type":"WebSite","@id":"https:\/\/www.burespro.com\/#website","url":"https:\/\/www.burespro.com\/","name":"Bur\u00e9s Profesional","description":"Fabricants de terres, substrats de cultiu, fertilitzants i adobs org\u00e0nics","potentialAction":[{"@type":"SearchAction","target":{"@type":"EntryPoint","urlTemplate":"https:\/\/www.burespro.com\/?s={search_term_string}"},"query-input":{"@type":"PropertyValueSpecification","valueRequired":true,"valueName":"search_term_string"}}],"inLanguage":"fr-FR"}]}},"_links":{"self":[{"href":"https:\/\/www.burespro.com\/fr\/wp-json\/wp\/v2\/product\/10278","targetHints":{"allow":["GET"]}}],"collection":[{"href":"https:\/\/www.burespro.com\/fr\/wp-json\/wp\/v2\/product"}],"about":[{"href":"https:\/\/www.burespro.com\/fr\/wp-json\/wp\/v2\/types\/product"}],"replies":[{"embeddable":true,"href":"https:\/\/www.burespro.com\/fr\/wp-json\/wp\/v2\/comments?post=10278"}],"wp:featuredmedia":[{"embeddable":true,"href":"https:\/\/www.burespro.com\/fr\/wp-json\/wp\/v2\/media\/15418"}],"wp:attachment":[{"href":"https:\/\/www.burespro.com\/fr\/wp-json\/wp\/v2\/media?parent=10278"}],"wp:term":[{"taxonomy":"product_brand","embeddable":true,"href":"https:\/\/www.burespro.com\/fr\/wp-json\/wp\/v2\/product_brand?post=10278"},{"taxonomy":"product_cat","embeddable":true,"href":"https:\/\/www.burespro.com\/fr\/wp-json\/wp\/v2\/product_cat?post=10278"},{"taxonomy":"product_tag","embeddable":true,"href":"https:\/\/www.burespro.com\/fr\/wp-json\/wp\/v2\/product_tag?post=10278"},{"taxonomy":"sectores","embeddable":true,"href":"https:\/\/www.burespro.com\/fr\/wp-json\/wp\/v2\/sectores?post=10278"}],"curies":[{"name":"wp","href":"https:\/\/api.w.org\/{rel}","templated":true}]}}