{"id":10265,"date":"2020-03-10T14:36:19","date_gmt":"2020-03-10T15:40:45","guid":{"rendered":"https:\/\/burespro.neorgvirtual.com\/product\/vigorhumus-h-60-p\/"},"modified":"2020-05-21T10:03:18","modified_gmt":"2020-05-21T08:03:18","slug":"vigorhumus-h-60-p","status":"publish","type":"product","link":"https:\/\/www.burespro.com\/fr\/product\/vigorhumus-h-60-p\/","title":{"rendered":"VIGORHUMUS H-60 P"},"content":{"rendered":"<p><strong>Vigorhumus H-60 \u200b\u200bPellet<\/strong> est un engrais organo-min\u00e9ral sp\u00e9cial pour l&rsquo;agriculture biologique. Il se caract\u00e9rise par sa richesse en potassium et en micronutriments tels que le magn\u00e9sium. Vigorhumus combine les meilleures qualit\u00e9s d&rsquo;engrais min\u00e9ral et d&rsquo;engrais organique, fournissant un rapport NPK (4-6-10). Il permet l&rsquo;incorporation de mati\u00e8re organique, cr\u00e9ant un sol poreux et a\u00e9r\u00e9. Sa teneur \u00e9lev\u00e9e en acides humiques et fulviques facilite l&rsquo;\u00e9change de cations sol-plante. La partie min\u00e9rale favorise l&rsquo;acc\u00e8s \u00e0 diff\u00e9rents nutriments, favorisant la croissance naturelle de la plante.<\/p>\n<p><strong>VIGORHUMUS H-60 \u200b\u200bPellet<\/strong> est un produit adapt\u00e9 \u00e0 l&rsquo;agriculture biologique conform\u00e9ment au r\u00e8glement (CEE) 834\/2007 du Conseil du 28 juin 2007 relatif \u00e0 la production et \u00e0 l&rsquo;\u00e9tiquetage des produits biologiques, agr\u00e9\u00e9 par l&rsquo;Agence et Sohiscert Certification avec le num\u00e9ro de certificat N\u00baCT71PAE-18.14.<br \/>\n<strong>VIGORHUMUS H-60 \u200b\u200bPellet<\/strong> est inscrit au registre des produits fertilisants conform\u00e9ment au d\u00e9cret royal 506\/2013 sous le n \u00b0 F0003064 \/ 2027.<\/p>\n","protected":false},"excerpt":{"rendered":"<p>Vigorhumus H-60 \u200b\u200bPellet est un engrais organo-min\u00e9ral sp\u00e9cial pour l&rsquo;agriculture biologique. Il se caract\u00e9rise par sa richesse en potassium et en micronutriments tels que le magn\u00e9sium. Vigorhumus combine les meilleures qualit\u00e9s d&rsquo;engrais min\u00e9ral et d&rsquo;engrais organique, fournissant un rapport NPK (4-6-10). Il permet l&rsquo;incorporation de mati\u00e8re organique, cr\u00e9ant un sol poreux et a\u00e9r\u00e9. Sa teneur [&hellip;]<\/p>\n","protected":false},"featured_media":15414,"comment_status":"closed","ping_status":"closed","template":"","meta":{"_acf_changed":false,"inline_featured_image":false},"product_brand":[],"product_cat":[150,136,392,388],"product_tag":[438,626,439,452,429,544,645,552,437,476,428,453],"sectores":[364,322,329,371,330,419,331,421],"class_list":{"0":"post-10265","1":"product","2":"type-product","3":"status-publish","4":"has-post-thumbnail","6":"product_cat-abonos-organo-minerales-2","7":"product_cat-abonos-ecologicos-2","8":"product_cat-engrais-organomineraux","9":"product_cat-engrais-ecologiques","10":"product_tag-agricultura-ecologica","11":"product_tag-agriculture-ecologique","12":"product_tag-bures-profesional","13":"product_tag-bures-profesional-fr","14":"product_tag-ecologico","15":"product_tag-ecologique","16":"product_tag-engrais-ecologique","17":"product_tag-engrais-pour-lagriculture","18":"product_tag-fertilizante-ecologico","19":"product_tag-fertilizantes-para-agricultura","20":"product_tag-vigorhumus","21":"product_tag-vigorhumus-fr","22":"sectores-pepiniere","23":"sectores-viverismo","24":"sectores-fruticultura-y-horticultura","25":"sectores-fructiculture-et-horticulture","26":"sectores-floricultura-es","27":"sectores-floriculture-fr","28":"sectores-viticultura-es","29":"sectores-viticulture-fr","31":"first","32":"instock","33":"product-type-simple"},"acf":[],"yoast_head":"<!-- This site is optimized with the Yoast SEO plugin v26.7 - https:\/\/yoast.com\/wordpress\/plugins\/seo\/ -->\n<title>VIGORHUMUS H-60 P | Bur\u00e9s Profesional<\/title>\n<meta name=\"robots\" content=\"index, follow, max-snippet:-1, max-image-preview:large, max-video-preview:-1\" \/>\n<link rel=\"canonical\" href=\"https:\/\/www.burespro.com\/fr\/product\/vigorhumus-h-60-p\/\" \/>\n<meta property=\"og:locale\" content=\"fr_FR\" \/>\n<meta property=\"og:type\" content=\"article\" \/>\n<meta property=\"og:title\" content=\"VIGORHUMUS H-60 P | Bur\u00e9s Profesional\" \/>\n<meta property=\"og:description\" content=\"Vigorhumus H-60 \u200b\u200bPellet est un engrais organo-min\u00e9ral sp\u00e9cial pour l&rsquo;agriculture biologique. Il se caract\u00e9rise par sa richesse en potassium et en micronutriments tels que le magn\u00e9sium. Vigorhumus combine les meilleures qualit\u00e9s d&rsquo;engrais min\u00e9ral et d&rsquo;engrais organique, fournissant un rapport NPK (4-6-10). Il permet l&rsquo;incorporation de mati\u00e8re organique, cr\u00e9ant un sol poreux et a\u00e9r\u00e9. Sa teneur [&hellip;]\" \/>\n<meta property=\"og:url\" content=\"https:\/\/www.burespro.com\/fr\/product\/vigorhumus-h-60-p\/\" \/>\n<meta property=\"og:site_name\" content=\"Bur\u00e9s Profesional\" \/>\n<meta property=\"article:publisher\" content=\"https:\/\/www.facebook.com\/buresprofesionalsa\" \/>\n<meta property=\"article:modified_time\" content=\"2020-05-21T08:03:18+00:00\" \/>\n<meta property=\"og:image\" content=\"https:\/\/www.burespro.com\/wp-content\/uploads\/2020\/03\/VIGORHUMUS-H-60-P-ECO-NPK-4-6-10.png\" \/>\n\t<meta property=\"og:image:width\" content=\"1200\" \/>\n\t<meta property=\"og:image:height\" content=\"666\" \/>\n\t<meta property=\"og:image:type\" content=\"image\/png\" \/>\n<meta name=\"twitter:card\" content=\"summary_large_image\" \/>\n<meta name=\"twitter:label1\" content=\"Dur\u00e9e de lecture estim\u00e9e\" \/>\n\t<meta name=\"twitter:data1\" content=\"1 minute\" \/>\n<script type=\"application\/ld+json\" class=\"yoast-schema-graph\">{\"@context\":\"https:\/\/schema.org\",\"@graph\":[{\"@type\":\"WebPage\",\"@id\":\"https:\/\/www.burespro.com\/fr\/product\/vigorhumus-h-60-p\/\",\"url\":\"https:\/\/www.burespro.com\/fr\/product\/vigorhumus-h-60-p\/\",\"name\":\"VIGORHUMUS H-60 P | Bur\u00e9s Profesional\",\"isPartOf\":{\"@id\":\"https:\/\/www.burespro.com\/#website\"},\"primaryImageOfPage\":{\"@id\":\"https:\/\/www.burespro.com\/fr\/product\/vigorhumus-h-60-p\/#primaryimage\"},\"image\":{\"@id\":\"https:\/\/www.burespro.com\/fr\/product\/vigorhumus-h-60-p\/#primaryimage\"},\"thumbnailUrl\":\"https:\/\/www.burespro.com\/wp-content\/uploads\/2020\/03\/VIGORHUMUS-H-60-P-ECO-NPK-4-6-10.png\",\"datePublished\":\"2020-03-10T15:40:45+00:00\",\"dateModified\":\"2020-05-21T08:03:18+00:00\",\"breadcrumb\":{\"@id\":\"https:\/\/www.burespro.com\/fr\/product\/vigorhumus-h-60-p\/#breadcrumb\"},\"inLanguage\":\"fr-FR\",\"potentialAction\":[{\"@type\":\"ReadAction\",\"target\":[\"https:\/\/www.burespro.com\/fr\/product\/vigorhumus-h-60-p\/\"]}]},{\"@type\":\"ImageObject\",\"inLanguage\":\"fr-FR\",\"@id\":\"https:\/\/www.burespro.com\/fr\/product\/vigorhumus-h-60-p\/#primaryimage\",\"url\":\"https:\/\/www.burespro.com\/wp-content\/uploads\/2020\/03\/VIGORHUMUS-H-60-P-ECO-NPK-4-6-10.png\",\"contentUrl\":\"https:\/\/www.burespro.com\/wp-content\/uploads\/2020\/03\/VIGORHUMUS-H-60-P-ECO-NPK-4-6-10.png\",\"width\":1200,\"height\":666},{\"@type\":\"BreadcrumbList\",\"@id\":\"https:\/\/www.burespro.com\/fr\/product\/vigorhumus-h-60-p\/#breadcrumb\",\"itemListElement\":[{\"@type\":\"ListItem\",\"position\":1,\"name\":\"Inici\",\"item\":\"https:\/\/www.burespro.com\/fr\/\"},{\"@type\":\"ListItem\",\"position\":2,\"name\":\"Boutique\",\"item\":\"https:\/\/www.burespro.com\/fr\/substrats-engrais\/\"},{\"@type\":\"ListItem\",\"position\":3,\"name\":\"VIGORHUMUS H-60 P\"}]},{\"@type\":\"WebSite\",\"@id\":\"https:\/\/www.burespro.com\/#website\",\"url\":\"https:\/\/www.burespro.com\/\",\"name\":\"Bur\u00e9s Profesional\",\"description\":\"Fabricants de terres, substrats de cultiu, fertilitzants i adobs org\u00e0nics\",\"potentialAction\":[{\"@type\":\"SearchAction\",\"target\":{\"@type\":\"EntryPoint\",\"urlTemplate\":\"https:\/\/www.burespro.com\/?s={search_term_string}\"},\"query-input\":{\"@type\":\"PropertyValueSpecification\",\"valueRequired\":true,\"valueName\":\"search_term_string\"}}],\"inLanguage\":\"fr-FR\"}]}<\/script>\n<!-- \/ Yoast SEO plugin. -->","yoast_head_json":{"title":"VIGORHUMUS H-60 P | Bur\u00e9s Profesional","robots":{"index":"index","follow":"follow","max-snippet":"max-snippet:-1","max-image-preview":"max-image-preview:large","max-video-preview":"max-video-preview:-1"},"canonical":"https:\/\/www.burespro.com\/fr\/product\/vigorhumus-h-60-p\/","og_locale":"fr_FR","og_type":"article","og_title":"VIGORHUMUS H-60 P | Bur\u00e9s Profesional","og_description":"Vigorhumus H-60 \u200b\u200bPellet est un engrais organo-min\u00e9ral sp\u00e9cial pour l&rsquo;agriculture biologique. Il se caract\u00e9rise par sa richesse en potassium et en micronutriments tels que le magn\u00e9sium. Vigorhumus combine les meilleures qualit\u00e9s d&rsquo;engrais min\u00e9ral et d&rsquo;engrais organique, fournissant un rapport NPK (4-6-10). Il permet l&rsquo;incorporation de mati\u00e8re organique, cr\u00e9ant un sol poreux et a\u00e9r\u00e9. Sa teneur [&hellip;]","og_url":"https:\/\/www.burespro.com\/fr\/product\/vigorhumus-h-60-p\/","og_site_name":"Bur\u00e9s Profesional","article_publisher":"https:\/\/www.facebook.com\/buresprofesionalsa","article_modified_time":"2020-05-21T08:03:18+00:00","og_image":[{"width":1200,"height":666,"url":"https:\/\/www.burespro.com\/wp-content\/uploads\/2020\/03\/VIGORHUMUS-H-60-P-ECO-NPK-4-6-10.png","type":"image\/png"}],"twitter_card":"summary_large_image","twitter_misc":{"Dur\u00e9e de lecture estim\u00e9e":"1 minute"},"schema":{"@context":"https:\/\/schema.org","@graph":[{"@type":"WebPage","@id":"https:\/\/www.burespro.com\/fr\/product\/vigorhumus-h-60-p\/","url":"https:\/\/www.burespro.com\/fr\/product\/vigorhumus-h-60-p\/","name":"VIGORHUMUS H-60 P | Bur\u00e9s Profesional","isPartOf":{"@id":"https:\/\/www.burespro.com\/#website"},"primaryImageOfPage":{"@id":"https:\/\/www.burespro.com\/fr\/product\/vigorhumus-h-60-p\/#primaryimage"},"image":{"@id":"https:\/\/www.burespro.com\/fr\/product\/vigorhumus-h-60-p\/#primaryimage"},"thumbnailUrl":"https:\/\/www.burespro.com\/wp-content\/uploads\/2020\/03\/VIGORHUMUS-H-60-P-ECO-NPK-4-6-10.png","datePublished":"2020-03-10T15:40:45+00:00","dateModified":"2020-05-21T08:03:18+00:00","breadcrumb":{"@id":"https:\/\/www.burespro.com\/fr\/product\/vigorhumus-h-60-p\/#breadcrumb"},"inLanguage":"fr-FR","potentialAction":[{"@type":"ReadAction","target":["https:\/\/www.burespro.com\/fr\/product\/vigorhumus-h-60-p\/"]}]},{"@type":"ImageObject","inLanguage":"fr-FR","@id":"https:\/\/www.burespro.com\/fr\/product\/vigorhumus-h-60-p\/#primaryimage","url":"https:\/\/www.burespro.com\/wp-content\/uploads\/2020\/03\/VIGORHUMUS-H-60-P-ECO-NPK-4-6-10.png","contentUrl":"https:\/\/www.burespro.com\/wp-content\/uploads\/2020\/03\/VIGORHUMUS-H-60-P-ECO-NPK-4-6-10.png","width":1200,"height":666},{"@type":"BreadcrumbList","@id":"https:\/\/www.burespro.com\/fr\/product\/vigorhumus-h-60-p\/#breadcrumb","itemListElement":[{"@type":"ListItem","position":1,"name":"Inici","item":"https:\/\/www.burespro.com\/fr\/"},{"@type":"ListItem","position":2,"name":"Boutique","item":"https:\/\/www.burespro.com\/fr\/substrats-engrais\/"},{"@type":"ListItem","position":3,"name":"VIGORHUMUS H-60 P"}]},{"@type":"WebSite","@id":"https:\/\/www.burespro.com\/#website","url":"https:\/\/www.burespro.com\/","name":"Bur\u00e9s Profesional","description":"Fabricants de terres, substrats de cultiu, fertilitzants i adobs org\u00e0nics","potentialAction":[{"@type":"SearchAction","target":{"@type":"EntryPoint","urlTemplate":"https:\/\/www.burespro.com\/?s={search_term_string}"},"query-input":{"@type":"PropertyValueSpecification","valueRequired":true,"valueName":"search_term_string"}}],"inLanguage":"fr-FR"}]}},"_links":{"self":[{"href":"https:\/\/www.burespro.com\/fr\/wp-json\/wp\/v2\/product\/10265","targetHints":{"allow":["GET"]}}],"collection":[{"href":"https:\/\/www.burespro.com\/fr\/wp-json\/wp\/v2\/product"}],"about":[{"href":"https:\/\/www.burespro.com\/fr\/wp-json\/wp\/v2\/types\/product"}],"replies":[{"embeddable":true,"href":"https:\/\/www.burespro.com\/fr\/wp-json\/wp\/v2\/comments?post=10265"}],"wp:featuredmedia":[{"embeddable":true,"href":"https:\/\/www.burespro.com\/fr\/wp-json\/wp\/v2\/media\/15414"}],"wp:attachment":[{"href":"https:\/\/www.burespro.com\/fr\/wp-json\/wp\/v2\/media?parent=10265"}],"wp:term":[{"taxonomy":"product_brand","embeddable":true,"href":"https:\/\/www.burespro.com\/fr\/wp-json\/wp\/v2\/product_brand?post=10265"},{"taxonomy":"product_cat","embeddable":true,"href":"https:\/\/www.burespro.com\/fr\/wp-json\/wp\/v2\/product_cat?post=10265"},{"taxonomy":"product_tag","embeddable":true,"href":"https:\/\/www.burespro.com\/fr\/wp-json\/wp\/v2\/product_tag?post=10265"},{"taxonomy":"sectores","embeddable":true,"href":"https:\/\/www.burespro.com\/fr\/wp-json\/wp\/v2\/sectores?post=10265"}],"curies":[{"name":"wp","href":"https:\/\/api.w.org\/{rel}","templated":true}]}}