{"id":10252,"date":"2020-03-10T14:36:19","date_gmt":"2020-03-10T15:40:45","guid":{"rendered":"https:\/\/burespro.neorgvirtual.com\/product\/vigorhumus-enervit-organique-poudre-et-pellet\/"},"modified":"2020-03-23T11:57:43","modified_gmt":"2020-03-23T11:57:43","slug":"vigorhumus-enervit-organique-poudre-et-pellet","status":"publish","type":"product","link":"https:\/\/www.burespro.com\/fr\/product\/vigorhumus-enervit-organique-poudre-et-pellet\/","title":{"rendered":"VIGORHUMUS ENERVIT ORGANIQUE POUDRE ET PELLET"},"content":{"rendered":"<p>L&rsquo;amendement organique humique organique ENERVIT ORGANICO est un compost d&rsquo;origine animale et v\u00e9g\u00e9tale, qui appliqu\u00e9 sur la couche superficielle du sol am\u00e9liore ses propri\u00e9t\u00e9s physiques et chimiques. Il est largement reconnu dans le secteur agricole pour son assimilation rapide des nutriments par la culture, am\u00e9liorant la structure du sol et les performances de r\u00e9colte.<\/p>\n<p>ENERVIT ORG\u00c1NICO POLVO est enregistr\u00e9 dans le registre des engrais conform\u00e9ment au d\u00e9cret royal 506\/2013 sous le n \u00b0 F0001009 \/ 2019.<br \/>\nENERVIT ORG\u00c1NICO PELLET est enregistr\u00e9 dans le registre des engrais conform\u00e9ment au d\u00e9cret royal 506\/2013 sous le n \u00b0 F0001168 \/ 2019.<\/p>\n","protected":false},"excerpt":{"rendered":"<p>L&rsquo;amendement organique humique organique ENERVIT ORGANICO est un compost d&rsquo;origine animale et v\u00e9g\u00e9tale, qui appliqu\u00e9 sur la couche superficielle du sol am\u00e9liore ses propri\u00e9t\u00e9s physiques et chimiques. Il est largement reconnu dans le secteur agricole pour son assimilation rapide des nutriments par la culture, am\u00e9liorant la structure du sol et les performances de r\u00e9colte. ENERVIT [&hellip;]<\/p>\n","protected":false},"featured_media":2034,"comment_status":"closed","ping_status":"closed","template":"","meta":{"_acf_changed":false,"inline_featured_image":false},"product_brand":[],"product_cat":[135,204],"product_tag":[477,439,452,773,428,453],"sectores":[364,322,329,371,330,419,331,421,367,325,368,326,374,327],"class_list":{"0":"post-10252","1":"product","2":"type-product","3":"status-publish","4":"has-post-thumbnail","6":"product_cat-abonos-organicos-2","7":"product_cat-engrais-organiques","8":"product_tag-agricultura","9":"product_tag-bures-profesional","10":"product_tag-bures-profesional-fr","11":"product_tag-fertilizantes-para-agricultura-fr","12":"product_tag-vigorhumus","13":"product_tag-vigorhumus-fr","14":"sectores-pepiniere","15":"sectores-viverismo","16":"sectores-fruticultura-y-horticultura","17":"sectores-fructiculture-et-horticulture","18":"sectores-floricultura-es","19":"sectores-floriculture-fr","20":"sectores-viticultura-es","21":"sectores-viticulture-fr","22":"sectores-jardinage-professionnel-paysagisme","23":"sectores-jardineria-profesional-paisajismo","24":"sectores-administrations-publiques","25":"sectores-administraciones-publicas","26":"sectores-terrains-de-sport-professionels","27":"sectores-terrenos-deportivos-profesionales","29":"first","30":"instock","31":"product-type-simple"},"acf":[],"yoast_head":"<!-- This site is optimized with the Yoast SEO plugin v26.7 - https:\/\/yoast.com\/wordpress\/plugins\/seo\/ -->\n<title>VIGORHUMUS ENERVIT ORGANIQUE POUDRE ET PELLET | Bur\u00e9s Profesional<\/title>\n<meta name=\"robots\" content=\"index, follow, max-snippet:-1, max-image-preview:large, max-video-preview:-1\" \/>\n<link rel=\"canonical\" href=\"https:\/\/www.burespro.com\/fr\/product\/vigorhumus-enervit-organique-poudre-et-pellet\/\" \/>\n<meta property=\"og:locale\" content=\"fr_FR\" \/>\n<meta property=\"og:type\" content=\"article\" \/>\n<meta property=\"og:title\" content=\"VIGORHUMUS ENERVIT ORGANIQUE POUDRE ET PELLET | Bur\u00e9s Profesional\" \/>\n<meta property=\"og:description\" content=\"L&rsquo;amendement organique humique organique ENERVIT ORGANICO est un compost d&rsquo;origine animale et v\u00e9g\u00e9tale, qui appliqu\u00e9 sur la couche superficielle du sol am\u00e9liore ses propri\u00e9t\u00e9s physiques et chimiques. Il est largement reconnu dans le secteur agricole pour son assimilation rapide des nutriments par la culture, am\u00e9liorant la structure du sol et les performances de r\u00e9colte. ENERVIT [&hellip;]\" \/>\n<meta property=\"og:url\" content=\"https:\/\/www.burespro.com\/fr\/product\/vigorhumus-enervit-organique-poudre-et-pellet\/\" \/>\n<meta property=\"og:site_name\" content=\"Bur\u00e9s Profesional\" \/>\n<meta property=\"article:publisher\" content=\"https:\/\/www.facebook.com\/buresprofesionalsa\" \/>\n<meta property=\"article:modified_time\" content=\"2020-03-23T11:57:43+00:00\" \/>\n<meta property=\"og:image\" content=\"https:\/\/www.burespro.com\/wp-content\/uploads\/2020\/01\/272_medium.jpg\" \/>\n\t<meta property=\"og:image:width\" content=\"900\" \/>\n\t<meta property=\"og:image:height\" content=\"506\" \/>\n\t<meta property=\"og:image:type\" content=\"image\/jpeg\" \/>\n<meta name=\"twitter:card\" content=\"summary_large_image\" \/>\n<meta name=\"twitter:label1\" content=\"Dur\u00e9e de lecture estim\u00e9e\" \/>\n\t<meta name=\"twitter:data1\" content=\"1 minute\" \/>\n<script type=\"application\/ld+json\" class=\"yoast-schema-graph\">{\"@context\":\"https:\/\/schema.org\",\"@graph\":[{\"@type\":\"WebPage\",\"@id\":\"https:\/\/www.burespro.com\/fr\/product\/vigorhumus-enervit-organique-poudre-et-pellet\/\",\"url\":\"https:\/\/www.burespro.com\/fr\/product\/vigorhumus-enervit-organique-poudre-et-pellet\/\",\"name\":\"VIGORHUMUS ENERVIT ORGANIQUE POUDRE ET PELLET | Bur\u00e9s Profesional\",\"isPartOf\":{\"@id\":\"https:\/\/www.burespro.com\/#website\"},\"primaryImageOfPage\":{\"@id\":\"https:\/\/www.burespro.com\/fr\/product\/vigorhumus-enervit-organique-poudre-et-pellet\/#primaryimage\"},\"image\":{\"@id\":\"https:\/\/www.burespro.com\/fr\/product\/vigorhumus-enervit-organique-poudre-et-pellet\/#primaryimage\"},\"thumbnailUrl\":\"https:\/\/www.burespro.com\/wp-content\/uploads\/2020\/01\/272_medium.jpg\",\"datePublished\":\"2020-03-10T15:40:45+00:00\",\"dateModified\":\"2020-03-23T11:57:43+00:00\",\"breadcrumb\":{\"@id\":\"https:\/\/www.burespro.com\/fr\/product\/vigorhumus-enervit-organique-poudre-et-pellet\/#breadcrumb\"},\"inLanguage\":\"fr-FR\",\"potentialAction\":[{\"@type\":\"ReadAction\",\"target\":[\"https:\/\/www.burespro.com\/fr\/product\/vigorhumus-enervit-organique-poudre-et-pellet\/\"]}]},{\"@type\":\"ImageObject\",\"inLanguage\":\"fr-FR\",\"@id\":\"https:\/\/www.burespro.com\/fr\/product\/vigorhumus-enervit-organique-poudre-et-pellet\/#primaryimage\",\"url\":\"https:\/\/www.burespro.com\/wp-content\/uploads\/2020\/01\/272_medium.jpg\",\"contentUrl\":\"https:\/\/www.burespro.com\/wp-content\/uploads\/2020\/01\/272_medium.jpg\",\"width\":900,\"height\":506},{\"@type\":\"BreadcrumbList\",\"@id\":\"https:\/\/www.burespro.com\/fr\/product\/vigorhumus-enervit-organique-poudre-et-pellet\/#breadcrumb\",\"itemListElement\":[{\"@type\":\"ListItem\",\"position\":1,\"name\":\"Inici\",\"item\":\"https:\/\/www.burespro.com\/fr\/\"},{\"@type\":\"ListItem\",\"position\":2,\"name\":\"Boutique\",\"item\":\"https:\/\/www.burespro.com\/fr\/substrats-engrais\/\"},{\"@type\":\"ListItem\",\"position\":3,\"name\":\"VIGORHUMUS ENERVIT ORGANIQUE POUDRE ET PELLET\"}]},{\"@type\":\"WebSite\",\"@id\":\"https:\/\/www.burespro.com\/#website\",\"url\":\"https:\/\/www.burespro.com\/\",\"name\":\"Bur\u00e9s Profesional\",\"description\":\"Fabricants de terres, substrats de cultiu, fertilitzants i adobs org\u00e0nics\",\"potentialAction\":[{\"@type\":\"SearchAction\",\"target\":{\"@type\":\"EntryPoint\",\"urlTemplate\":\"https:\/\/www.burespro.com\/?s={search_term_string}\"},\"query-input\":{\"@type\":\"PropertyValueSpecification\",\"valueRequired\":true,\"valueName\":\"search_term_string\"}}],\"inLanguage\":\"fr-FR\"}]}<\/script>\n<!-- \/ Yoast SEO plugin. -->","yoast_head_json":{"title":"VIGORHUMUS ENERVIT ORGANIQUE POUDRE ET PELLET | Bur\u00e9s Profesional","robots":{"index":"index","follow":"follow","max-snippet":"max-snippet:-1","max-image-preview":"max-image-preview:large","max-video-preview":"max-video-preview:-1"},"canonical":"https:\/\/www.burespro.com\/fr\/product\/vigorhumus-enervit-organique-poudre-et-pellet\/","og_locale":"fr_FR","og_type":"article","og_title":"VIGORHUMUS ENERVIT ORGANIQUE POUDRE ET PELLET | Bur\u00e9s Profesional","og_description":"L&rsquo;amendement organique humique organique ENERVIT ORGANICO est un compost d&rsquo;origine animale et v\u00e9g\u00e9tale, qui appliqu\u00e9 sur la couche superficielle du sol am\u00e9liore ses propri\u00e9t\u00e9s physiques et chimiques. Il est largement reconnu dans le secteur agricole pour son assimilation rapide des nutriments par la culture, am\u00e9liorant la structure du sol et les performances de r\u00e9colte. ENERVIT [&hellip;]","og_url":"https:\/\/www.burespro.com\/fr\/product\/vigorhumus-enervit-organique-poudre-et-pellet\/","og_site_name":"Bur\u00e9s Profesional","article_publisher":"https:\/\/www.facebook.com\/buresprofesionalsa","article_modified_time":"2020-03-23T11:57:43+00:00","og_image":[{"width":900,"height":506,"url":"https:\/\/www.burespro.com\/wp-content\/uploads\/2020\/01\/272_medium.jpg","type":"image\/jpeg"}],"twitter_card":"summary_large_image","twitter_misc":{"Dur\u00e9e de lecture estim\u00e9e":"1 minute"},"schema":{"@context":"https:\/\/schema.org","@graph":[{"@type":"WebPage","@id":"https:\/\/www.burespro.com\/fr\/product\/vigorhumus-enervit-organique-poudre-et-pellet\/","url":"https:\/\/www.burespro.com\/fr\/product\/vigorhumus-enervit-organique-poudre-et-pellet\/","name":"VIGORHUMUS ENERVIT ORGANIQUE POUDRE ET PELLET | Bur\u00e9s Profesional","isPartOf":{"@id":"https:\/\/www.burespro.com\/#website"},"primaryImageOfPage":{"@id":"https:\/\/www.burespro.com\/fr\/product\/vigorhumus-enervit-organique-poudre-et-pellet\/#primaryimage"},"image":{"@id":"https:\/\/www.burespro.com\/fr\/product\/vigorhumus-enervit-organique-poudre-et-pellet\/#primaryimage"},"thumbnailUrl":"https:\/\/www.burespro.com\/wp-content\/uploads\/2020\/01\/272_medium.jpg","datePublished":"2020-03-10T15:40:45+00:00","dateModified":"2020-03-23T11:57:43+00:00","breadcrumb":{"@id":"https:\/\/www.burespro.com\/fr\/product\/vigorhumus-enervit-organique-poudre-et-pellet\/#breadcrumb"},"inLanguage":"fr-FR","potentialAction":[{"@type":"ReadAction","target":["https:\/\/www.burespro.com\/fr\/product\/vigorhumus-enervit-organique-poudre-et-pellet\/"]}]},{"@type":"ImageObject","inLanguage":"fr-FR","@id":"https:\/\/www.burespro.com\/fr\/product\/vigorhumus-enervit-organique-poudre-et-pellet\/#primaryimage","url":"https:\/\/www.burespro.com\/wp-content\/uploads\/2020\/01\/272_medium.jpg","contentUrl":"https:\/\/www.burespro.com\/wp-content\/uploads\/2020\/01\/272_medium.jpg","width":900,"height":506},{"@type":"BreadcrumbList","@id":"https:\/\/www.burespro.com\/fr\/product\/vigorhumus-enervit-organique-poudre-et-pellet\/#breadcrumb","itemListElement":[{"@type":"ListItem","position":1,"name":"Inici","item":"https:\/\/www.burespro.com\/fr\/"},{"@type":"ListItem","position":2,"name":"Boutique","item":"https:\/\/www.burespro.com\/fr\/substrats-engrais\/"},{"@type":"ListItem","position":3,"name":"VIGORHUMUS ENERVIT ORGANIQUE POUDRE ET PELLET"}]},{"@type":"WebSite","@id":"https:\/\/www.burespro.com\/#website","url":"https:\/\/www.burespro.com\/","name":"Bur\u00e9s Profesional","description":"Fabricants de terres, substrats de cultiu, fertilitzants i adobs org\u00e0nics","potentialAction":[{"@type":"SearchAction","target":{"@type":"EntryPoint","urlTemplate":"https:\/\/www.burespro.com\/?s={search_term_string}"},"query-input":{"@type":"PropertyValueSpecification","valueRequired":true,"valueName":"search_term_string"}}],"inLanguage":"fr-FR"}]}},"_links":{"self":[{"href":"https:\/\/www.burespro.com\/fr\/wp-json\/wp\/v2\/product\/10252","targetHints":{"allow":["GET"]}}],"collection":[{"href":"https:\/\/www.burespro.com\/fr\/wp-json\/wp\/v2\/product"}],"about":[{"href":"https:\/\/www.burespro.com\/fr\/wp-json\/wp\/v2\/types\/product"}],"replies":[{"embeddable":true,"href":"https:\/\/www.burespro.com\/fr\/wp-json\/wp\/v2\/comments?post=10252"}],"wp:featuredmedia":[{"embeddable":true,"href":"https:\/\/www.burespro.com\/fr\/wp-json\/wp\/v2\/media\/2034"}],"wp:attachment":[{"href":"https:\/\/www.burespro.com\/fr\/wp-json\/wp\/v2\/media?parent=10252"}],"wp:term":[{"taxonomy":"product_brand","embeddable":true,"href":"https:\/\/www.burespro.com\/fr\/wp-json\/wp\/v2\/product_brand?post=10252"},{"taxonomy":"product_cat","embeddable":true,"href":"https:\/\/www.burespro.com\/fr\/wp-json\/wp\/v2\/product_cat?post=10252"},{"taxonomy":"product_tag","embeddable":true,"href":"https:\/\/www.burespro.com\/fr\/wp-json\/wp\/v2\/product_tag?post=10252"},{"taxonomy":"sectores","embeddable":true,"href":"https:\/\/www.burespro.com\/fr\/wp-json\/wp\/v2\/sectores?post=10252"}],"curies":[{"name":"wp","href":"https:\/\/api.w.org\/{rel}","templated":true}]}}