{"id":10226,"date":"2020-03-10T14:36:19","date_gmt":"2020-03-10T15:40:45","guid":{"rendered":"https:\/\/burespro.neorgvirtual.com\/product\/vigorhumus-h-40-p\/"},"modified":"2020-05-21T09:56:41","modified_gmt":"2020-05-21T07:56:41","slug":"vigorhumus-h-40-p","status":"publish","type":"product","link":"https:\/\/www.burespro.com\/fr\/product\/vigorhumus-h-40-p\/","title":{"rendered":"VIGORHUMUS H-40 P"},"content":{"rendered":"<p>Le <strong>VIGORHUMUS H-40 PELLET<\/strong> est un engrais organo-min\u00e9ral NPK 4-3-16 certifi\u00e9 pour l&rsquo;agriculture biologique. Sa teneur \u00e9lev\u00e9e en phosphore et surtout en potassium fournit \u00e0 la culture les nutriments ad\u00e9quats \u00e0 ses stades de floraison et de fructification et permet un d\u00e9veloppement optimal. Il met \u00e9galement en \u00e9vidence sa teneur en mati\u00e8re organique.<\/p>\n<p>Produit utilisable en agriculture biologique selon le r\u00e8glement (CE) n \u00b0 834\/2007 du Conseil, avec la certification N\u00b0 CT71PAE-19.14<\/p>\n","protected":false},"excerpt":{"rendered":"<p>Le VIGORHUMUS H-40 PELLET est un engrais organo-min\u00e9ral NPK 4-3-16 certifi\u00e9 pour l&rsquo;agriculture biologique. Sa teneur \u00e9lev\u00e9e en phosphore et surtout en potassium fournit \u00e0 la culture les nutriments ad\u00e9quats \u00e0 ses stades de floraison et de fructification et permet un d\u00e9veloppement optimal. Il met \u00e9galement en \u00e9vidence sa teneur en mati\u00e8re organique. Produit utilisable [&hellip;]<\/p>\n","protected":false},"featured_media":15400,"comment_status":"closed","ping_status":"closed","template":"","meta":{"_acf_changed":false,"inline_featured_image":false},"product_brand":[],"product_cat":[150,136,392,388],"product_tag":[438,626,439,452,429,544,645,552,437,476,428,453],"sectores":[364,322,329,371,330,419,331,421],"class_list":{"0":"post-10226","1":"product","2":"type-product","3":"status-publish","4":"has-post-thumbnail","6":"product_cat-abonos-organo-minerales-2","7":"product_cat-abonos-ecologicos-2","8":"product_cat-engrais-organomineraux","9":"product_cat-engrais-ecologiques","10":"product_tag-agricultura-ecologica","11":"product_tag-agriculture-ecologique","12":"product_tag-bures-profesional","13":"product_tag-bures-profesional-fr","14":"product_tag-ecologico","15":"product_tag-ecologique","16":"product_tag-engrais-ecologique","17":"product_tag-engrais-pour-lagriculture","18":"product_tag-fertilizante-ecologico","19":"product_tag-fertilizantes-para-agricultura","20":"product_tag-vigorhumus","21":"product_tag-vigorhumus-fr","22":"sectores-pepiniere","23":"sectores-viverismo","24":"sectores-fruticultura-y-horticultura","25":"sectores-fructiculture-et-horticulture","26":"sectores-floricultura-es","27":"sectores-floriculture-fr","28":"sectores-viticultura-es","29":"sectores-viticulture-fr","31":"first","32":"instock","33":"product-type-simple"},"acf":[],"yoast_head":"<!-- This site is optimized with the Yoast SEO plugin v26.7 - https:\/\/yoast.com\/wordpress\/plugins\/seo\/ -->\n<title>VIGORHUMUS H-40 P | Bur\u00e9s Profesional<\/title>\n<meta name=\"robots\" content=\"index, follow, max-snippet:-1, max-image-preview:large, max-video-preview:-1\" \/>\n<link rel=\"canonical\" href=\"https:\/\/www.burespro.com\/fr\/product\/vigorhumus-h-40-p\/\" \/>\n<meta property=\"og:locale\" content=\"fr_FR\" \/>\n<meta property=\"og:type\" content=\"article\" \/>\n<meta property=\"og:title\" content=\"VIGORHUMUS H-40 P | Bur\u00e9s Profesional\" \/>\n<meta property=\"og:description\" content=\"Le VIGORHUMUS H-40 PELLET est un engrais organo-min\u00e9ral NPK 4-3-16 certifi\u00e9 pour l&rsquo;agriculture biologique. Sa teneur \u00e9lev\u00e9e en phosphore et surtout en potassium fournit \u00e0 la culture les nutriments ad\u00e9quats \u00e0 ses stades de floraison et de fructification et permet un d\u00e9veloppement optimal. Il met \u00e9galement en \u00e9vidence sa teneur en mati\u00e8re organique. Produit utilisable [&hellip;]\" \/>\n<meta property=\"og:url\" content=\"https:\/\/www.burespro.com\/fr\/product\/vigorhumus-h-40-p\/\" \/>\n<meta property=\"og:site_name\" content=\"Bur\u00e9s Profesional\" \/>\n<meta property=\"article:publisher\" content=\"https:\/\/www.facebook.com\/buresprofesionalsa\" \/>\n<meta property=\"article:modified_time\" content=\"2020-05-21T07:56:41+00:00\" \/>\n<meta property=\"og:image\" content=\"https:\/\/www.burespro.com\/wp-content\/uploads\/2020\/03\/VIGORHUMUS-H-40-P-NPK-4-3-16-PELLET.png\" \/>\n\t<meta property=\"og:image:width\" content=\"1200\" \/>\n\t<meta property=\"og:image:height\" content=\"666\" \/>\n\t<meta property=\"og:image:type\" content=\"image\/png\" \/>\n<meta name=\"twitter:card\" content=\"summary_large_image\" \/>\n<script type=\"application\/ld+json\" class=\"yoast-schema-graph\">{\"@context\":\"https:\/\/schema.org\",\"@graph\":[{\"@type\":\"WebPage\",\"@id\":\"https:\/\/www.burespro.com\/fr\/product\/vigorhumus-h-40-p\/\",\"url\":\"https:\/\/www.burespro.com\/fr\/product\/vigorhumus-h-40-p\/\",\"name\":\"VIGORHUMUS H-40 P | Bur\u00e9s Profesional\",\"isPartOf\":{\"@id\":\"https:\/\/www.burespro.com\/#website\"},\"primaryImageOfPage\":{\"@id\":\"https:\/\/www.burespro.com\/fr\/product\/vigorhumus-h-40-p\/#primaryimage\"},\"image\":{\"@id\":\"https:\/\/www.burespro.com\/fr\/product\/vigorhumus-h-40-p\/#primaryimage\"},\"thumbnailUrl\":\"https:\/\/www.burespro.com\/wp-content\/uploads\/2020\/03\/VIGORHUMUS-H-40-P-NPK-4-3-16-PELLET.png\",\"datePublished\":\"2020-03-10T15:40:45+00:00\",\"dateModified\":\"2020-05-21T07:56:41+00:00\",\"breadcrumb\":{\"@id\":\"https:\/\/www.burespro.com\/fr\/product\/vigorhumus-h-40-p\/#breadcrumb\"},\"inLanguage\":\"fr-FR\",\"potentialAction\":[{\"@type\":\"ReadAction\",\"target\":[\"https:\/\/www.burespro.com\/fr\/product\/vigorhumus-h-40-p\/\"]}]},{\"@type\":\"ImageObject\",\"inLanguage\":\"fr-FR\",\"@id\":\"https:\/\/www.burespro.com\/fr\/product\/vigorhumus-h-40-p\/#primaryimage\",\"url\":\"https:\/\/www.burespro.com\/wp-content\/uploads\/2020\/03\/VIGORHUMUS-H-40-P-NPK-4-3-16-PELLET.png\",\"contentUrl\":\"https:\/\/www.burespro.com\/wp-content\/uploads\/2020\/03\/VIGORHUMUS-H-40-P-NPK-4-3-16-PELLET.png\",\"width\":1200,\"height\":666},{\"@type\":\"BreadcrumbList\",\"@id\":\"https:\/\/www.burespro.com\/fr\/product\/vigorhumus-h-40-p\/#breadcrumb\",\"itemListElement\":[{\"@type\":\"ListItem\",\"position\":1,\"name\":\"Inici\",\"item\":\"https:\/\/www.burespro.com\/fr\/\"},{\"@type\":\"ListItem\",\"position\":2,\"name\":\"Boutique\",\"item\":\"https:\/\/www.burespro.com\/fr\/substrats-engrais\/\"},{\"@type\":\"ListItem\",\"position\":3,\"name\":\"VIGORHUMUS H-40 P\"}]},{\"@type\":\"WebSite\",\"@id\":\"https:\/\/www.burespro.com\/#website\",\"url\":\"https:\/\/www.burespro.com\/\",\"name\":\"Bur\u00e9s Profesional\",\"description\":\"Fabricants de terres, substrats de cultiu, fertilitzants i adobs org\u00e0nics\",\"potentialAction\":[{\"@type\":\"SearchAction\",\"target\":{\"@type\":\"EntryPoint\",\"urlTemplate\":\"https:\/\/www.burespro.com\/?s={search_term_string}\"},\"query-input\":{\"@type\":\"PropertyValueSpecification\",\"valueRequired\":true,\"valueName\":\"search_term_string\"}}],\"inLanguage\":\"fr-FR\"}]}<\/script>\n<!-- \/ Yoast SEO plugin. -->","yoast_head_json":{"title":"VIGORHUMUS H-40 P | Bur\u00e9s Profesional","robots":{"index":"index","follow":"follow","max-snippet":"max-snippet:-1","max-image-preview":"max-image-preview:large","max-video-preview":"max-video-preview:-1"},"canonical":"https:\/\/www.burespro.com\/fr\/product\/vigorhumus-h-40-p\/","og_locale":"fr_FR","og_type":"article","og_title":"VIGORHUMUS H-40 P | Bur\u00e9s Profesional","og_description":"Le VIGORHUMUS H-40 PELLET est un engrais organo-min\u00e9ral NPK 4-3-16 certifi\u00e9 pour l&rsquo;agriculture biologique. Sa teneur \u00e9lev\u00e9e en phosphore et surtout en potassium fournit \u00e0 la culture les nutriments ad\u00e9quats \u00e0 ses stades de floraison et de fructification et permet un d\u00e9veloppement optimal. Il met \u00e9galement en \u00e9vidence sa teneur en mati\u00e8re organique. Produit utilisable [&hellip;]","og_url":"https:\/\/www.burespro.com\/fr\/product\/vigorhumus-h-40-p\/","og_site_name":"Bur\u00e9s Profesional","article_publisher":"https:\/\/www.facebook.com\/buresprofesionalsa","article_modified_time":"2020-05-21T07:56:41+00:00","og_image":[{"width":1200,"height":666,"url":"https:\/\/www.burespro.com\/wp-content\/uploads\/2020\/03\/VIGORHUMUS-H-40-P-NPK-4-3-16-PELLET.png","type":"image\/png"}],"twitter_card":"summary_large_image","schema":{"@context":"https:\/\/schema.org","@graph":[{"@type":"WebPage","@id":"https:\/\/www.burespro.com\/fr\/product\/vigorhumus-h-40-p\/","url":"https:\/\/www.burespro.com\/fr\/product\/vigorhumus-h-40-p\/","name":"VIGORHUMUS H-40 P | Bur\u00e9s Profesional","isPartOf":{"@id":"https:\/\/www.burespro.com\/#website"},"primaryImageOfPage":{"@id":"https:\/\/www.burespro.com\/fr\/product\/vigorhumus-h-40-p\/#primaryimage"},"image":{"@id":"https:\/\/www.burespro.com\/fr\/product\/vigorhumus-h-40-p\/#primaryimage"},"thumbnailUrl":"https:\/\/www.burespro.com\/wp-content\/uploads\/2020\/03\/VIGORHUMUS-H-40-P-NPK-4-3-16-PELLET.png","datePublished":"2020-03-10T15:40:45+00:00","dateModified":"2020-05-21T07:56:41+00:00","breadcrumb":{"@id":"https:\/\/www.burespro.com\/fr\/product\/vigorhumus-h-40-p\/#breadcrumb"},"inLanguage":"fr-FR","potentialAction":[{"@type":"ReadAction","target":["https:\/\/www.burespro.com\/fr\/product\/vigorhumus-h-40-p\/"]}]},{"@type":"ImageObject","inLanguage":"fr-FR","@id":"https:\/\/www.burespro.com\/fr\/product\/vigorhumus-h-40-p\/#primaryimage","url":"https:\/\/www.burespro.com\/wp-content\/uploads\/2020\/03\/VIGORHUMUS-H-40-P-NPK-4-3-16-PELLET.png","contentUrl":"https:\/\/www.burespro.com\/wp-content\/uploads\/2020\/03\/VIGORHUMUS-H-40-P-NPK-4-3-16-PELLET.png","width":1200,"height":666},{"@type":"BreadcrumbList","@id":"https:\/\/www.burespro.com\/fr\/product\/vigorhumus-h-40-p\/#breadcrumb","itemListElement":[{"@type":"ListItem","position":1,"name":"Inici","item":"https:\/\/www.burespro.com\/fr\/"},{"@type":"ListItem","position":2,"name":"Boutique","item":"https:\/\/www.burespro.com\/fr\/substrats-engrais\/"},{"@type":"ListItem","position":3,"name":"VIGORHUMUS H-40 P"}]},{"@type":"WebSite","@id":"https:\/\/www.burespro.com\/#website","url":"https:\/\/www.burespro.com\/","name":"Bur\u00e9s Profesional","description":"Fabricants de terres, substrats de cultiu, fertilitzants i adobs org\u00e0nics","potentialAction":[{"@type":"SearchAction","target":{"@type":"EntryPoint","urlTemplate":"https:\/\/www.burespro.com\/?s={search_term_string}"},"query-input":{"@type":"PropertyValueSpecification","valueRequired":true,"valueName":"search_term_string"}}],"inLanguage":"fr-FR"}]}},"_links":{"self":[{"href":"https:\/\/www.burespro.com\/fr\/wp-json\/wp\/v2\/product\/10226","targetHints":{"allow":["GET"]}}],"collection":[{"href":"https:\/\/www.burespro.com\/fr\/wp-json\/wp\/v2\/product"}],"about":[{"href":"https:\/\/www.burespro.com\/fr\/wp-json\/wp\/v2\/types\/product"}],"replies":[{"embeddable":true,"href":"https:\/\/www.burespro.com\/fr\/wp-json\/wp\/v2\/comments?post=10226"}],"wp:featuredmedia":[{"embeddable":true,"href":"https:\/\/www.burespro.com\/fr\/wp-json\/wp\/v2\/media\/15400"}],"wp:attachment":[{"href":"https:\/\/www.burespro.com\/fr\/wp-json\/wp\/v2\/media?parent=10226"}],"wp:term":[{"taxonomy":"product_brand","embeddable":true,"href":"https:\/\/www.burespro.com\/fr\/wp-json\/wp\/v2\/product_brand?post=10226"},{"taxonomy":"product_cat","embeddable":true,"href":"https:\/\/www.burespro.com\/fr\/wp-json\/wp\/v2\/product_cat?post=10226"},{"taxonomy":"product_tag","embeddable":true,"href":"https:\/\/www.burespro.com\/fr\/wp-json\/wp\/v2\/product_tag?post=10226"},{"taxonomy":"sectores","embeddable":true,"href":"https:\/\/www.burespro.com\/fr\/wp-json\/wp\/v2\/sectores?post=10226"}],"curies":[{"name":"wp","href":"https:\/\/api.w.org\/{rel}","templated":true}]}}