{"id":10203,"date":"2020-03-10T14:36:19","date_gmt":"2020-03-10T15:40:14","guid":{"rendered":"https:\/\/burespro.neorgvirtual.com\/product\/vigorhumus-h-00\/"},"modified":"2020-05-21T08:44:10","modified_gmt":"2020-05-21T06:44:10","slug":"vigorhumus-h-00","status":"publish","type":"product","link":"https:\/\/www.burespro.com\/fr\/product\/vigorhumus-h-00\/","title":{"rendered":"VIGORHUMUS H-00"},"content":{"rendered":"<p><strong>VIGORHUMUS H00<\/strong> est un engrais organique \u00e0 base de mati\u00e8res d&rsquo;origine animale et v\u00e9g\u00e9tale, obtenu par compostage; ce qui en fait un produit correct biologiquement stable et hygi\u00e9nique. Il pr\u00e9sente une grande richesse en nutriments primaires (azote, phosphore, potassium) NPK (1&rsquo;81-1&rsquo;4-1&rsquo;4), micronutriments et mati\u00e8re organique, ainsi qu&rsquo;en acides humiques; il am\u00e9liore donc la structure \u00e9daphologique du sol et fournit des nutriments \u00e0 la culture.<br \/>\nSon aptitude \u00e0 l&rsquo;agriculture biologique en fait le meilleur engrais organique actuellement sur le march\u00e9.<\/p>\n<p><strong>VIGORHUMUS H00<\/strong> est un produit adapt\u00e9 \u00e0 l&rsquo;agriculture biologique conform\u00e9ment au r\u00e8glement (CEE) n \u00b0 834\/2007 du Conseil du 28 juin 2007 relatif \u00e0 la production et \u00e0 l&rsquo;\u00e9tiquetage des produits biologiques, portant le num\u00e9ro d&rsquo;enregistrement N\u00baCT71PAE-19.2.<\/p>\n","protected":false},"excerpt":{"rendered":"<p>VIGORHUMUS H00 est un engrais organique \u00e0 base de mati\u00e8res d&rsquo;origine animale et v\u00e9g\u00e9tale, obtenu par compostage; ce qui en fait un produit correct biologiquement stable et hygi\u00e9nique. Il pr\u00e9sente une grande richesse en nutriments primaires (azote, phosphore, potassium) NPK (1&rsquo;81-1&rsquo;4-1&rsquo;4), micronutriments et mati\u00e8re organique, ainsi qu&rsquo;en acides humiques; il am\u00e9liore donc la structure \u00e9daphologique [&hellip;]<\/p>\n","protected":false},"featured_media":15364,"comment_status":"closed","ping_status":"closed","template":"","meta":{"_acf_changed":false,"inline_featured_image":false},"product_brand":[],"product_cat":[135,136,204,388],"product_tag":[438,626,439,452,429,544,645,552,437,476,453,428],"sectores":[364,322,329,371,330,419,331,421,367,325,374,369,327,328],"class_list":{"0":"post-10203","1":"product","2":"type-product","3":"status-publish","4":"has-post-thumbnail","6":"product_cat-abonos-organicos-2","7":"product_cat-abonos-ecologicos-2","8":"product_cat-engrais-organiques","9":"product_cat-engrais-ecologiques","10":"product_tag-agricultura-ecologica","11":"product_tag-agriculture-ecologique","12":"product_tag-bures-profesional","13":"product_tag-bures-profesional-fr","14":"product_tag-ecologico","15":"product_tag-ecologique","16":"product_tag-engrais-ecologique","17":"product_tag-engrais-pour-lagriculture","18":"product_tag-fertilizante-ecologico","19":"product_tag-fertilizantes-para-agricultura","20":"product_tag-vigorhumus-fr","21":"product_tag-vigorhumus","22":"sectores-pepiniere","23":"sectores-viverismo","24":"sectores-fruticultura-y-horticultura","25":"sectores-fructiculture-et-horticulture","26":"sectores-floricultura-es","27":"sectores-floriculture-fr","28":"sectores-viticultura-es","29":"sectores-viticulture-fr","30":"sectores-jardinage-professionnel-paysagisme","31":"sectores-jardineria-profesional-paisajismo","32":"sectores-terrains-de-sport-professionels","33":"sectores-centres-de-jardinerie","34":"sectores-terrenos-deportivos-profesionales","35":"sectores-centros-de-jardineria","37":"first","38":"instock","39":"product-type-simple"},"acf":[],"yoast_head":"<!-- This site is optimized with the Yoast SEO plugin v26.7 - https:\/\/yoast.com\/wordpress\/plugins\/seo\/ -->\n<title>VIGORHUMUS H-00 | Bur\u00e9s Profesional<\/title>\n<meta name=\"robots\" content=\"index, follow, max-snippet:-1, max-image-preview:large, max-video-preview:-1\" \/>\n<link rel=\"canonical\" href=\"https:\/\/www.burespro.com\/fr\/product\/vigorhumus-h-00\/\" \/>\n<meta property=\"og:locale\" content=\"fr_FR\" \/>\n<meta property=\"og:type\" content=\"article\" \/>\n<meta property=\"og:title\" content=\"VIGORHUMUS H-00 | Bur\u00e9s Profesional\" \/>\n<meta property=\"og:description\" content=\"VIGORHUMUS H00 est un engrais organique \u00e0 base de mati\u00e8res d&rsquo;origine animale et v\u00e9g\u00e9tale, obtenu par compostage; ce qui en fait un produit correct biologiquement stable et hygi\u00e9nique. Il pr\u00e9sente une grande richesse en nutriments primaires (azote, phosphore, potassium) NPK (1&rsquo;81-1&rsquo;4-1&rsquo;4), micronutriments et mati\u00e8re organique, ainsi qu&rsquo;en acides humiques; il am\u00e9liore donc la structure \u00e9daphologique [&hellip;]\" \/>\n<meta property=\"og:url\" content=\"https:\/\/www.burespro.com\/fr\/product\/vigorhumus-h-00\/\" \/>\n<meta property=\"og:site_name\" content=\"Bur\u00e9s Profesional\" \/>\n<meta property=\"article:publisher\" content=\"https:\/\/www.facebook.com\/buresprofesionalsa\" \/>\n<meta property=\"article:modified_time\" content=\"2020-05-21T06:44:10+00:00\" \/>\n<meta property=\"og:image\" content=\"https:\/\/www.burespro.com\/wp-content\/uploads\/2020\/03\/VIGORHUMUS-H00-ECOL\u00d3GICO-NPK-2-15-15-POLVO.png\" \/>\n\t<meta property=\"og:image:width\" content=\"1200\" \/>\n\t<meta property=\"og:image:height\" content=\"666\" \/>\n\t<meta property=\"og:image:type\" content=\"image\/png\" \/>\n<meta name=\"twitter:card\" content=\"summary_large_image\" \/>\n<meta name=\"twitter:label1\" content=\"Dur\u00e9e de lecture estim\u00e9e\" \/>\n\t<meta name=\"twitter:data1\" content=\"1 minute\" \/>\n<script type=\"application\/ld+json\" class=\"yoast-schema-graph\">{\"@context\":\"https:\/\/schema.org\",\"@graph\":[{\"@type\":\"WebPage\",\"@id\":\"https:\/\/www.burespro.com\/fr\/product\/vigorhumus-h-00\/\",\"url\":\"https:\/\/www.burespro.com\/fr\/product\/vigorhumus-h-00\/\",\"name\":\"VIGORHUMUS H-00 | Bur\u00e9s Profesional\",\"isPartOf\":{\"@id\":\"https:\/\/www.burespro.com\/#website\"},\"primaryImageOfPage\":{\"@id\":\"https:\/\/www.burespro.com\/fr\/product\/vigorhumus-h-00\/#primaryimage\"},\"image\":{\"@id\":\"https:\/\/www.burespro.com\/fr\/product\/vigorhumus-h-00\/#primaryimage\"},\"thumbnailUrl\":\"https:\/\/www.burespro.com\/wp-content\/uploads\/2020\/03\/VIGORHUMUS-H00-ECOL\u00d3GICO-NPK-2-15-15-POLVO.png\",\"datePublished\":\"2020-03-10T15:40:14+00:00\",\"dateModified\":\"2020-05-21T06:44:10+00:00\",\"breadcrumb\":{\"@id\":\"https:\/\/www.burespro.com\/fr\/product\/vigorhumus-h-00\/#breadcrumb\"},\"inLanguage\":\"fr-FR\",\"potentialAction\":[{\"@type\":\"ReadAction\",\"target\":[\"https:\/\/www.burespro.com\/fr\/product\/vigorhumus-h-00\/\"]}]},{\"@type\":\"ImageObject\",\"inLanguage\":\"fr-FR\",\"@id\":\"https:\/\/www.burespro.com\/fr\/product\/vigorhumus-h-00\/#primaryimage\",\"url\":\"https:\/\/www.burespro.com\/wp-content\/uploads\/2020\/03\/VIGORHUMUS-H00-ECOL\u00d3GICO-NPK-2-15-15-POLVO.png\",\"contentUrl\":\"https:\/\/www.burespro.com\/wp-content\/uploads\/2020\/03\/VIGORHUMUS-H00-ECOL\u00d3GICO-NPK-2-15-15-POLVO.png\",\"width\":1200,\"height\":666},{\"@type\":\"BreadcrumbList\",\"@id\":\"https:\/\/www.burespro.com\/fr\/product\/vigorhumus-h-00\/#breadcrumb\",\"itemListElement\":[{\"@type\":\"ListItem\",\"position\":1,\"name\":\"Inici\",\"item\":\"https:\/\/www.burespro.com\/fr\/\"},{\"@type\":\"ListItem\",\"position\":2,\"name\":\"Boutique\",\"item\":\"https:\/\/www.burespro.com\/fr\/substrats-engrais\/\"},{\"@type\":\"ListItem\",\"position\":3,\"name\":\"VIGORHUMUS H-00\"}]},{\"@type\":\"WebSite\",\"@id\":\"https:\/\/www.burespro.com\/#website\",\"url\":\"https:\/\/www.burespro.com\/\",\"name\":\"Bur\u00e9s Profesional\",\"description\":\"Fabricants de terres, substrats de cultiu, fertilitzants i adobs org\u00e0nics\",\"potentialAction\":[{\"@type\":\"SearchAction\",\"target\":{\"@type\":\"EntryPoint\",\"urlTemplate\":\"https:\/\/www.burespro.com\/?s={search_term_string}\"},\"query-input\":{\"@type\":\"PropertyValueSpecification\",\"valueRequired\":true,\"valueName\":\"search_term_string\"}}],\"inLanguage\":\"fr-FR\"}]}<\/script>\n<!-- \/ Yoast SEO plugin. -->","yoast_head_json":{"title":"VIGORHUMUS H-00 | Bur\u00e9s Profesional","robots":{"index":"index","follow":"follow","max-snippet":"max-snippet:-1","max-image-preview":"max-image-preview:large","max-video-preview":"max-video-preview:-1"},"canonical":"https:\/\/www.burespro.com\/fr\/product\/vigorhumus-h-00\/","og_locale":"fr_FR","og_type":"article","og_title":"VIGORHUMUS H-00 | Bur\u00e9s Profesional","og_description":"VIGORHUMUS H00 est un engrais organique \u00e0 base de mati\u00e8res d&rsquo;origine animale et v\u00e9g\u00e9tale, obtenu par compostage; ce qui en fait un produit correct biologiquement stable et hygi\u00e9nique. Il pr\u00e9sente une grande richesse en nutriments primaires (azote, phosphore, potassium) NPK (1&rsquo;81-1&rsquo;4-1&rsquo;4), micronutriments et mati\u00e8re organique, ainsi qu&rsquo;en acides humiques; il am\u00e9liore donc la structure \u00e9daphologique [&hellip;]","og_url":"https:\/\/www.burespro.com\/fr\/product\/vigorhumus-h-00\/","og_site_name":"Bur\u00e9s Profesional","article_publisher":"https:\/\/www.facebook.com\/buresprofesionalsa","article_modified_time":"2020-05-21T06:44:10+00:00","og_image":[{"width":1200,"height":666,"url":"https:\/\/www.burespro.com\/wp-content\/uploads\/2020\/03\/VIGORHUMUS-H00-ECOL\u00d3GICO-NPK-2-15-15-POLVO.png","type":"image\/png"}],"twitter_card":"summary_large_image","twitter_misc":{"Dur\u00e9e de lecture estim\u00e9e":"1 minute"},"schema":{"@context":"https:\/\/schema.org","@graph":[{"@type":"WebPage","@id":"https:\/\/www.burespro.com\/fr\/product\/vigorhumus-h-00\/","url":"https:\/\/www.burespro.com\/fr\/product\/vigorhumus-h-00\/","name":"VIGORHUMUS H-00 | Bur\u00e9s Profesional","isPartOf":{"@id":"https:\/\/www.burespro.com\/#website"},"primaryImageOfPage":{"@id":"https:\/\/www.burespro.com\/fr\/product\/vigorhumus-h-00\/#primaryimage"},"image":{"@id":"https:\/\/www.burespro.com\/fr\/product\/vigorhumus-h-00\/#primaryimage"},"thumbnailUrl":"https:\/\/www.burespro.com\/wp-content\/uploads\/2020\/03\/VIGORHUMUS-H00-ECOL\u00d3GICO-NPK-2-15-15-POLVO.png","datePublished":"2020-03-10T15:40:14+00:00","dateModified":"2020-05-21T06:44:10+00:00","breadcrumb":{"@id":"https:\/\/www.burespro.com\/fr\/product\/vigorhumus-h-00\/#breadcrumb"},"inLanguage":"fr-FR","potentialAction":[{"@type":"ReadAction","target":["https:\/\/www.burespro.com\/fr\/product\/vigorhumus-h-00\/"]}]},{"@type":"ImageObject","inLanguage":"fr-FR","@id":"https:\/\/www.burespro.com\/fr\/product\/vigorhumus-h-00\/#primaryimage","url":"https:\/\/www.burespro.com\/wp-content\/uploads\/2020\/03\/VIGORHUMUS-H00-ECOL\u00d3GICO-NPK-2-15-15-POLVO.png","contentUrl":"https:\/\/www.burespro.com\/wp-content\/uploads\/2020\/03\/VIGORHUMUS-H00-ECOL\u00d3GICO-NPK-2-15-15-POLVO.png","width":1200,"height":666},{"@type":"BreadcrumbList","@id":"https:\/\/www.burespro.com\/fr\/product\/vigorhumus-h-00\/#breadcrumb","itemListElement":[{"@type":"ListItem","position":1,"name":"Inici","item":"https:\/\/www.burespro.com\/fr\/"},{"@type":"ListItem","position":2,"name":"Boutique","item":"https:\/\/www.burespro.com\/fr\/substrats-engrais\/"},{"@type":"ListItem","position":3,"name":"VIGORHUMUS H-00"}]},{"@type":"WebSite","@id":"https:\/\/www.burespro.com\/#website","url":"https:\/\/www.burespro.com\/","name":"Bur\u00e9s Profesional","description":"Fabricants de terres, substrats de cultiu, fertilitzants i adobs org\u00e0nics","potentialAction":[{"@type":"SearchAction","target":{"@type":"EntryPoint","urlTemplate":"https:\/\/www.burespro.com\/?s={search_term_string}"},"query-input":{"@type":"PropertyValueSpecification","valueRequired":true,"valueName":"search_term_string"}}],"inLanguage":"fr-FR"}]}},"_links":{"self":[{"href":"https:\/\/www.burespro.com\/fr\/wp-json\/wp\/v2\/product\/10203","targetHints":{"allow":["GET"]}}],"collection":[{"href":"https:\/\/www.burespro.com\/fr\/wp-json\/wp\/v2\/product"}],"about":[{"href":"https:\/\/www.burespro.com\/fr\/wp-json\/wp\/v2\/types\/product"}],"replies":[{"embeddable":true,"href":"https:\/\/www.burespro.com\/fr\/wp-json\/wp\/v2\/comments?post=10203"}],"wp:featuredmedia":[{"embeddable":true,"href":"https:\/\/www.burespro.com\/fr\/wp-json\/wp\/v2\/media\/15364"}],"wp:attachment":[{"href":"https:\/\/www.burespro.com\/fr\/wp-json\/wp\/v2\/media?parent=10203"}],"wp:term":[{"taxonomy":"product_brand","embeddable":true,"href":"https:\/\/www.burespro.com\/fr\/wp-json\/wp\/v2\/product_brand?post=10203"},{"taxonomy":"product_cat","embeddable":true,"href":"https:\/\/www.burespro.com\/fr\/wp-json\/wp\/v2\/product_cat?post=10203"},{"taxonomy":"product_tag","embeddable":true,"href":"https:\/\/www.burespro.com\/fr\/wp-json\/wp\/v2\/product_tag?post=10203"},{"taxonomy":"sectores","embeddable":true,"href":"https:\/\/www.burespro.com\/fr\/wp-json\/wp\/v2\/sectores?post=10203"}],"curies":[{"name":"wp","href":"https:\/\/api.w.org\/{rel}","templated":true}]}}