{"id":10180,"date":"2020-03-10T14:36:19","date_gmt":"2020-03-10T15:40:14","guid":{"rendered":"https:\/\/burespro.neorgvirtual.com\/product\/vigorhumus-c-04-poudre-et-pellet\/"},"modified":"2020-05-21T09:01:50","modified_gmt":"2020-05-21T07:01:50","slug":"vigorhumus-c-04-poudre-et-pellet","status":"publish","type":"product","link":"https:\/\/www.burespro.com\/fr\/product\/vigorhumus-c-04-poudre-et-pellet\/","title":{"rendered":"VIGORHUMUS C-04 POUDRE ET PELLET"},"content":{"rendered":"<p><strong>VIGORHUMUS C-04<\/strong> est engrais organo-min\u00e9ral (NPK 8-4-8) certifi\u00e9 pour l&rsquo;agriculture biologique qui garantit une mati\u00e8re humique organique et une teneur minimale en macronutriments secondaires et micronutriments. Ses proportions en macronutriments primaires \u00e9quilibr\u00e9s et sa teneur en mati\u00e8re organique de plus de 50% font du <strong>VIGORHUMUS C-04<\/strong> un engrais organo-min\u00e9ral recommand\u00e9 pour les cultures \u00e0 cycle annuel.<\/p>\n<p>Produit utilisable en agriculture \u00e9cologique selon le r\u00e8glement (CE) N\u00ba834 \/ 2007 du Conseil, du 28 juin 2007. Certification N\u00ba CT71PAE-19.9.<\/p>\n","protected":false},"excerpt":{"rendered":"<p>VIGORHUMUS C-04 est engrais organo-min\u00e9ral (NPK 8-4-8) certifi\u00e9 pour l&rsquo;agriculture biologique qui garantit une mati\u00e8re humique organique et une teneur minimale en macronutriments secondaires et micronutriments. Ses proportions en macronutriments primaires \u00e9quilibr\u00e9s et sa teneur en mati\u00e8re organique de plus de 50% font du VIGORHUMUS C-04 un engrais organo-min\u00e9ral recommand\u00e9 pour les cultures \u00e0 cycle [&hellip;]<\/p>\n","protected":false},"featured_media":15396,"comment_status":"closed","ping_status":"closed","template":"","meta":{"_acf_changed":false,"inline_featured_image":false},"product_brand":[],"product_cat":[150,136,392,388],"product_tag":[438,626,439,452,429,544,645,552,437,476,428,453],"sectores":[364,322,329,371,330,419,369,328],"class_list":{"0":"post-10180","1":"product","2":"type-product","3":"status-publish","4":"has-post-thumbnail","6":"product_cat-abonos-organo-minerales-2","7":"product_cat-abonos-ecologicos-2","8":"product_cat-engrais-organomineraux","9":"product_cat-engrais-ecologiques","10":"product_tag-agricultura-ecologica","11":"product_tag-agriculture-ecologique","12":"product_tag-bures-profesional","13":"product_tag-bures-profesional-fr","14":"product_tag-ecologico","15":"product_tag-ecologique","16":"product_tag-engrais-ecologique","17":"product_tag-engrais-pour-lagriculture","18":"product_tag-fertilizante-ecologico","19":"product_tag-fertilizantes-para-agricultura","20":"product_tag-vigorhumus","21":"product_tag-vigorhumus-fr","22":"sectores-pepiniere","23":"sectores-viverismo","24":"sectores-fruticultura-y-horticultura","25":"sectores-fructiculture-et-horticulture","26":"sectores-floricultura-es","27":"sectores-floriculture-fr","28":"sectores-centres-de-jardinerie","29":"sectores-centros-de-jardineria","31":"first","32":"instock","33":"product-type-simple"},"acf":[],"yoast_head":"<!-- This site is optimized with the Yoast SEO plugin v26.7 - https:\/\/yoast.com\/wordpress\/plugins\/seo\/ -->\n<title>VIGORHUMUS C-04 POUDRE ET PELLET | Bur\u00e9s Profesional<\/title>\n<meta name=\"robots\" content=\"index, follow, max-snippet:-1, max-image-preview:large, max-video-preview:-1\" \/>\n<link rel=\"canonical\" href=\"https:\/\/www.burespro.com\/fr\/product\/vigorhumus-c-04-poudre-et-pellet\/\" \/>\n<meta property=\"og:locale\" content=\"fr_FR\" \/>\n<meta property=\"og:type\" content=\"article\" \/>\n<meta property=\"og:title\" content=\"VIGORHUMUS C-04 POUDRE ET PELLET | Bur\u00e9s Profesional\" \/>\n<meta property=\"og:description\" content=\"VIGORHUMUS C-04 est engrais organo-min\u00e9ral (NPK 8-4-8) certifi\u00e9 pour l&rsquo;agriculture biologique qui garantit une mati\u00e8re humique organique et une teneur minimale en macronutriments secondaires et micronutriments. Ses proportions en macronutriments primaires \u00e9quilibr\u00e9s et sa teneur en mati\u00e8re organique de plus de 50% font du VIGORHUMUS C-04 un engrais organo-min\u00e9ral recommand\u00e9 pour les cultures \u00e0 cycle [&hellip;]\" \/>\n<meta property=\"og:url\" content=\"https:\/\/www.burespro.com\/fr\/product\/vigorhumus-c-04-poudre-et-pellet\/\" \/>\n<meta property=\"og:site_name\" content=\"Bur\u00e9s Profesional\" \/>\n<meta property=\"article:publisher\" content=\"https:\/\/www.facebook.com\/buresprofesionalsa\" \/>\n<meta property=\"article:modified_time\" content=\"2020-05-21T07:01:50+00:00\" \/>\n<meta property=\"og:image\" content=\"https:\/\/www.burespro.com\/wp-content\/uploads\/2020\/03\/VIGORHUMUS-C-04-ECOL\u00d3GICO-NPK-8-4-8-POLVO-1.png\" \/>\n\t<meta property=\"og:image:width\" content=\"1200\" \/>\n\t<meta property=\"og:image:height\" content=\"666\" \/>\n\t<meta property=\"og:image:type\" content=\"image\/png\" \/>\n<meta name=\"twitter:card\" content=\"summary_large_image\" \/>\n<script type=\"application\/ld+json\" class=\"yoast-schema-graph\">{\"@context\":\"https:\/\/schema.org\",\"@graph\":[{\"@type\":\"WebPage\",\"@id\":\"https:\/\/www.burespro.com\/fr\/product\/vigorhumus-c-04-poudre-et-pellet\/\",\"url\":\"https:\/\/www.burespro.com\/fr\/product\/vigorhumus-c-04-poudre-et-pellet\/\",\"name\":\"VIGORHUMUS C-04 POUDRE ET PELLET | Bur\u00e9s Profesional\",\"isPartOf\":{\"@id\":\"https:\/\/www.burespro.com\/#website\"},\"primaryImageOfPage\":{\"@id\":\"https:\/\/www.burespro.com\/fr\/product\/vigorhumus-c-04-poudre-et-pellet\/#primaryimage\"},\"image\":{\"@id\":\"https:\/\/www.burespro.com\/fr\/product\/vigorhumus-c-04-poudre-et-pellet\/#primaryimage\"},\"thumbnailUrl\":\"https:\/\/www.burespro.com\/wp-content\/uploads\/2020\/03\/VIGORHUMUS-C-04-ECOL\u00d3GICO-NPK-8-4-8-POLVO-1.png\",\"datePublished\":\"2020-03-10T15:40:14+00:00\",\"dateModified\":\"2020-05-21T07:01:50+00:00\",\"breadcrumb\":{\"@id\":\"https:\/\/www.burespro.com\/fr\/product\/vigorhumus-c-04-poudre-et-pellet\/#breadcrumb\"},\"inLanguage\":\"fr-FR\",\"potentialAction\":[{\"@type\":\"ReadAction\",\"target\":[\"https:\/\/www.burespro.com\/fr\/product\/vigorhumus-c-04-poudre-et-pellet\/\"]}]},{\"@type\":\"ImageObject\",\"inLanguage\":\"fr-FR\",\"@id\":\"https:\/\/www.burespro.com\/fr\/product\/vigorhumus-c-04-poudre-et-pellet\/#primaryimage\",\"url\":\"https:\/\/www.burespro.com\/wp-content\/uploads\/2020\/03\/VIGORHUMUS-C-04-ECOL\u00d3GICO-NPK-8-4-8-POLVO-1.png\",\"contentUrl\":\"https:\/\/www.burespro.com\/wp-content\/uploads\/2020\/03\/VIGORHUMUS-C-04-ECOL\u00d3GICO-NPK-8-4-8-POLVO-1.png\",\"width\":1200,\"height\":666},{\"@type\":\"BreadcrumbList\",\"@id\":\"https:\/\/www.burespro.com\/fr\/product\/vigorhumus-c-04-poudre-et-pellet\/#breadcrumb\",\"itemListElement\":[{\"@type\":\"ListItem\",\"position\":1,\"name\":\"Inici\",\"item\":\"https:\/\/www.burespro.com\/fr\/\"},{\"@type\":\"ListItem\",\"position\":2,\"name\":\"Boutique\",\"item\":\"https:\/\/www.burespro.com\/fr\/substrats-engrais\/\"},{\"@type\":\"ListItem\",\"position\":3,\"name\":\"VIGORHUMUS C-04 POUDRE ET PELLET\"}]},{\"@type\":\"WebSite\",\"@id\":\"https:\/\/www.burespro.com\/#website\",\"url\":\"https:\/\/www.burespro.com\/\",\"name\":\"Bur\u00e9s Profesional\",\"description\":\"Fabricants de terres, substrats de cultiu, fertilitzants i adobs org\u00e0nics\",\"potentialAction\":[{\"@type\":\"SearchAction\",\"target\":{\"@type\":\"EntryPoint\",\"urlTemplate\":\"https:\/\/www.burespro.com\/?s={search_term_string}\"},\"query-input\":{\"@type\":\"PropertyValueSpecification\",\"valueRequired\":true,\"valueName\":\"search_term_string\"}}],\"inLanguage\":\"fr-FR\"}]}<\/script>\n<!-- \/ Yoast SEO plugin. -->","yoast_head_json":{"title":"VIGORHUMUS C-04 POUDRE ET PELLET | Bur\u00e9s Profesional","robots":{"index":"index","follow":"follow","max-snippet":"max-snippet:-1","max-image-preview":"max-image-preview:large","max-video-preview":"max-video-preview:-1"},"canonical":"https:\/\/www.burespro.com\/fr\/product\/vigorhumus-c-04-poudre-et-pellet\/","og_locale":"fr_FR","og_type":"article","og_title":"VIGORHUMUS C-04 POUDRE ET PELLET | Bur\u00e9s Profesional","og_description":"VIGORHUMUS C-04 est engrais organo-min\u00e9ral (NPK 8-4-8) certifi\u00e9 pour l&rsquo;agriculture biologique qui garantit une mati\u00e8re humique organique et une teneur minimale en macronutriments secondaires et micronutriments. Ses proportions en macronutriments primaires \u00e9quilibr\u00e9s et sa teneur en mati\u00e8re organique de plus de 50% font du VIGORHUMUS C-04 un engrais organo-min\u00e9ral recommand\u00e9 pour les cultures \u00e0 cycle [&hellip;]","og_url":"https:\/\/www.burespro.com\/fr\/product\/vigorhumus-c-04-poudre-et-pellet\/","og_site_name":"Bur\u00e9s Profesional","article_publisher":"https:\/\/www.facebook.com\/buresprofesionalsa","article_modified_time":"2020-05-21T07:01:50+00:00","og_image":[{"width":1200,"height":666,"url":"https:\/\/www.burespro.com\/wp-content\/uploads\/2020\/03\/VIGORHUMUS-C-04-ECOL\u00d3GICO-NPK-8-4-8-POLVO-1.png","type":"image\/png"}],"twitter_card":"summary_large_image","schema":{"@context":"https:\/\/schema.org","@graph":[{"@type":"WebPage","@id":"https:\/\/www.burespro.com\/fr\/product\/vigorhumus-c-04-poudre-et-pellet\/","url":"https:\/\/www.burespro.com\/fr\/product\/vigorhumus-c-04-poudre-et-pellet\/","name":"VIGORHUMUS C-04 POUDRE ET PELLET | Bur\u00e9s Profesional","isPartOf":{"@id":"https:\/\/www.burespro.com\/#website"},"primaryImageOfPage":{"@id":"https:\/\/www.burespro.com\/fr\/product\/vigorhumus-c-04-poudre-et-pellet\/#primaryimage"},"image":{"@id":"https:\/\/www.burespro.com\/fr\/product\/vigorhumus-c-04-poudre-et-pellet\/#primaryimage"},"thumbnailUrl":"https:\/\/www.burespro.com\/wp-content\/uploads\/2020\/03\/VIGORHUMUS-C-04-ECOL\u00d3GICO-NPK-8-4-8-POLVO-1.png","datePublished":"2020-03-10T15:40:14+00:00","dateModified":"2020-05-21T07:01:50+00:00","breadcrumb":{"@id":"https:\/\/www.burespro.com\/fr\/product\/vigorhumus-c-04-poudre-et-pellet\/#breadcrumb"},"inLanguage":"fr-FR","potentialAction":[{"@type":"ReadAction","target":["https:\/\/www.burespro.com\/fr\/product\/vigorhumus-c-04-poudre-et-pellet\/"]}]},{"@type":"ImageObject","inLanguage":"fr-FR","@id":"https:\/\/www.burespro.com\/fr\/product\/vigorhumus-c-04-poudre-et-pellet\/#primaryimage","url":"https:\/\/www.burespro.com\/wp-content\/uploads\/2020\/03\/VIGORHUMUS-C-04-ECOL\u00d3GICO-NPK-8-4-8-POLVO-1.png","contentUrl":"https:\/\/www.burespro.com\/wp-content\/uploads\/2020\/03\/VIGORHUMUS-C-04-ECOL\u00d3GICO-NPK-8-4-8-POLVO-1.png","width":1200,"height":666},{"@type":"BreadcrumbList","@id":"https:\/\/www.burespro.com\/fr\/product\/vigorhumus-c-04-poudre-et-pellet\/#breadcrumb","itemListElement":[{"@type":"ListItem","position":1,"name":"Inici","item":"https:\/\/www.burespro.com\/fr\/"},{"@type":"ListItem","position":2,"name":"Boutique","item":"https:\/\/www.burespro.com\/fr\/substrats-engrais\/"},{"@type":"ListItem","position":3,"name":"VIGORHUMUS C-04 POUDRE ET PELLET"}]},{"@type":"WebSite","@id":"https:\/\/www.burespro.com\/#website","url":"https:\/\/www.burespro.com\/","name":"Bur\u00e9s Profesional","description":"Fabricants de terres, substrats de cultiu, fertilitzants i adobs org\u00e0nics","potentialAction":[{"@type":"SearchAction","target":{"@type":"EntryPoint","urlTemplate":"https:\/\/www.burespro.com\/?s={search_term_string}"},"query-input":{"@type":"PropertyValueSpecification","valueRequired":true,"valueName":"search_term_string"}}],"inLanguage":"fr-FR"}]}},"_links":{"self":[{"href":"https:\/\/www.burespro.com\/fr\/wp-json\/wp\/v2\/product\/10180","targetHints":{"allow":["GET"]}}],"collection":[{"href":"https:\/\/www.burespro.com\/fr\/wp-json\/wp\/v2\/product"}],"about":[{"href":"https:\/\/www.burespro.com\/fr\/wp-json\/wp\/v2\/types\/product"}],"replies":[{"embeddable":true,"href":"https:\/\/www.burespro.com\/fr\/wp-json\/wp\/v2\/comments?post=10180"}],"wp:featuredmedia":[{"embeddable":true,"href":"https:\/\/www.burespro.com\/fr\/wp-json\/wp\/v2\/media\/15396"}],"wp:attachment":[{"href":"https:\/\/www.burespro.com\/fr\/wp-json\/wp\/v2\/media?parent=10180"}],"wp:term":[{"taxonomy":"product_brand","embeddable":true,"href":"https:\/\/www.burespro.com\/fr\/wp-json\/wp\/v2\/product_brand?post=10180"},{"taxonomy":"product_cat","embeddable":true,"href":"https:\/\/www.burespro.com\/fr\/wp-json\/wp\/v2\/product_cat?post=10180"},{"taxonomy":"product_tag","embeddable":true,"href":"https:\/\/www.burespro.com\/fr\/wp-json\/wp\/v2\/product_tag?post=10180"},{"taxonomy":"sectores","embeddable":true,"href":"https:\/\/www.burespro.com\/fr\/wp-json\/wp\/v2\/sectores?post=10180"}],"curies":[{"name":"wp","href":"https:\/\/api.w.org\/{rel}","templated":true}]}}