{"id":10173,"date":"2020-03-10T14:36:19","date_gmt":"2020-03-10T15:40:14","guid":{"rendered":"https:\/\/burespro.neorgvirtual.com\/product\/verplant\/"},"modified":"2020-03-24T11:02:29","modified_gmt":"2020-03-24T11:02:29","slug":"verplant","status":"publish","type":"product","link":"https:\/\/www.burespro.com\/fr\/product\/verplant\/","title":{"rendered":"VERPLANT"},"content":{"rendered":"<p>VERPLANT est un engrais de haute qualit\u00e9. Les engrais fournissent des nutriments dans le sol. Ils sont ajout\u00e9s plus pour \u00e9viter les insuffisances temporaires et \u00e9viter les d\u00e9compensations. L&rsquo;azote est l&rsquo;un des nutriments les moins efficaces en raison des pertes qu&rsquo;il subit. L&rsquo;ajout d&rsquo;un exc\u00e8s de nutriments implique une consommation de luxe, une perte de ressources et une pollution du sol.<br \/>\nSa composition convient \u00e0 tous les types de culture. Ils mettent l&rsquo;accent sur la pelouse, les espaces verts, les terrains de golf, l&rsquo;horticulture traditionnelle et urbaine et la culture des fleurs.<\/p>\n","protected":false},"excerpt":{"rendered":"<p>VERPLANT est un engrais de haute qualit\u00e9. Les engrais fournissent des nutriments dans le sol. Ils sont ajout\u00e9s plus pour \u00e9viter les insuffisances temporaires et \u00e9viter les d\u00e9compensations. L&rsquo;azote est l&rsquo;un des nutriments les moins efficaces en raison des pertes qu&rsquo;il subit. L&rsquo;ajout d&rsquo;un exc\u00e8s de nutriments implique une consommation de luxe, une perte de [&hellip;]<\/p>\n","protected":false},"featured_media":15312,"comment_status":"closed","ping_status":"closed","template":"","meta":{"_acf_changed":false,"inline_featured_image":false},"product_brand":[],"product_cat":[198],"product_tag":[],"sectores":[364,371,367,368,374],"class_list":{"0":"post-10173","1":"product","2":"type-product","3":"status-publish","4":"has-post-thumbnail","6":"product_cat-engrais-mineral","7":"sectores-pepiniere","8":"sectores-fructiculture-et-horticulture","9":"sectores-jardinage-professionnel-paysagisme","10":"sectores-administrations-publiques","11":"sectores-terrains-de-sport-professionels","13":"first","14":"instock","15":"product-type-simple"},"acf":[],"yoast_head":"<!-- This site is optimized with the Yoast SEO plugin v26.7 - https:\/\/yoast.com\/wordpress\/plugins\/seo\/ -->\n<title>VERPLANT | Bur\u00e9s Profesional<\/title>\n<meta name=\"robots\" content=\"index, follow, max-snippet:-1, max-image-preview:large, max-video-preview:-1\" \/>\n<link rel=\"canonical\" href=\"https:\/\/www.burespro.com\/fr\/product\/verplant\/\" \/>\n<meta property=\"og:locale\" content=\"fr_FR\" \/>\n<meta property=\"og:type\" content=\"article\" \/>\n<meta property=\"og:title\" content=\"VERPLANT | Bur\u00e9s Profesional\" \/>\n<meta property=\"og:description\" content=\"VERPLANT est un engrais de haute qualit\u00e9. Les engrais fournissent des nutriments dans le sol. Ils sont ajout\u00e9s plus pour \u00e9viter les insuffisances temporaires et \u00e9viter les d\u00e9compensations. L&rsquo;azote est l&rsquo;un des nutriments les moins efficaces en raison des pertes qu&rsquo;il subit. L&rsquo;ajout d&rsquo;un exc\u00e8s de nutriments implique une consommation de luxe, une perte de [&hellip;]\" \/>\n<meta property=\"og:url\" content=\"https:\/\/www.burespro.com\/fr\/product\/verplant\/\" \/>\n<meta property=\"og:site_name\" content=\"Bur\u00e9s Profesional\" \/>\n<meta property=\"article:publisher\" content=\"https:\/\/www.facebook.com\/buresprofesionalsa\" \/>\n<meta property=\"article:modified_time\" content=\"2020-03-24T11:02:29+00:00\" \/>\n<meta property=\"og:image\" content=\"https:\/\/www.burespro.com\/wp-content\/uploads\/2020\/03\/verplant_D.1200x670.png\" \/>\n\t<meta property=\"og:image:width\" content=\"1200\" \/>\n\t<meta property=\"og:image:height\" content=\"666\" \/>\n\t<meta property=\"og:image:type\" content=\"image\/png\" \/>\n<meta name=\"twitter:card\" content=\"summary_large_image\" \/>\n<script type=\"application\/ld+json\" class=\"yoast-schema-graph\">{\"@context\":\"https:\/\/schema.org\",\"@graph\":[{\"@type\":\"WebPage\",\"@id\":\"https:\/\/www.burespro.com\/fr\/product\/verplant\/\",\"url\":\"https:\/\/www.burespro.com\/fr\/product\/verplant\/\",\"name\":\"VERPLANT | Bur\u00e9s Profesional\",\"isPartOf\":{\"@id\":\"https:\/\/www.burespro.com\/#website\"},\"primaryImageOfPage\":{\"@id\":\"https:\/\/www.burespro.com\/fr\/product\/verplant\/#primaryimage\"},\"image\":{\"@id\":\"https:\/\/www.burespro.com\/fr\/product\/verplant\/#primaryimage\"},\"thumbnailUrl\":\"https:\/\/www.burespro.com\/wp-content\/uploads\/2020\/03\/verplant_D.1200x670.png\",\"datePublished\":\"2020-03-10T15:40:14+00:00\",\"dateModified\":\"2020-03-24T11:02:29+00:00\",\"breadcrumb\":{\"@id\":\"https:\/\/www.burespro.com\/fr\/product\/verplant\/#breadcrumb\"},\"inLanguage\":\"fr-FR\",\"potentialAction\":[{\"@type\":\"ReadAction\",\"target\":[\"https:\/\/www.burespro.com\/fr\/product\/verplant\/\"]}]},{\"@type\":\"ImageObject\",\"inLanguage\":\"fr-FR\",\"@id\":\"https:\/\/www.burespro.com\/fr\/product\/verplant\/#primaryimage\",\"url\":\"https:\/\/www.burespro.com\/wp-content\/uploads\/2020\/03\/verplant_D.1200x670.png\",\"contentUrl\":\"https:\/\/www.burespro.com\/wp-content\/uploads\/2020\/03\/verplant_D.1200x670.png\",\"width\":1200,\"height\":666,\"caption\":\"Verplant abono mineral\"},{\"@type\":\"BreadcrumbList\",\"@id\":\"https:\/\/www.burespro.com\/fr\/product\/verplant\/#breadcrumb\",\"itemListElement\":[{\"@type\":\"ListItem\",\"position\":1,\"name\":\"Inici\",\"item\":\"https:\/\/www.burespro.com\/fr\/\"},{\"@type\":\"ListItem\",\"position\":2,\"name\":\"Boutique\",\"item\":\"https:\/\/www.burespro.com\/fr\/substrats-engrais\/\"},{\"@type\":\"ListItem\",\"position\":3,\"name\":\"VERPLANT\"}]},{\"@type\":\"WebSite\",\"@id\":\"https:\/\/www.burespro.com\/#website\",\"url\":\"https:\/\/www.burespro.com\/\",\"name\":\"Bur\u00e9s Profesional\",\"description\":\"Fabricants de terres, substrats de cultiu, fertilitzants i adobs org\u00e0nics\",\"potentialAction\":[{\"@type\":\"SearchAction\",\"target\":{\"@type\":\"EntryPoint\",\"urlTemplate\":\"https:\/\/www.burespro.com\/?s={search_term_string}\"},\"query-input\":{\"@type\":\"PropertyValueSpecification\",\"valueRequired\":true,\"valueName\":\"search_term_string\"}}],\"inLanguage\":\"fr-FR\"}]}<\/script>\n<!-- \/ Yoast SEO plugin. -->","yoast_head_json":{"title":"VERPLANT | Bur\u00e9s Profesional","robots":{"index":"index","follow":"follow","max-snippet":"max-snippet:-1","max-image-preview":"max-image-preview:large","max-video-preview":"max-video-preview:-1"},"canonical":"https:\/\/www.burespro.com\/fr\/product\/verplant\/","og_locale":"fr_FR","og_type":"article","og_title":"VERPLANT | Bur\u00e9s Profesional","og_description":"VERPLANT est un engrais de haute qualit\u00e9. Les engrais fournissent des nutriments dans le sol. Ils sont ajout\u00e9s plus pour \u00e9viter les insuffisances temporaires et \u00e9viter les d\u00e9compensations. L&rsquo;azote est l&rsquo;un des nutriments les moins efficaces en raison des pertes qu&rsquo;il subit. L&rsquo;ajout d&rsquo;un exc\u00e8s de nutriments implique une consommation de luxe, une perte de [&hellip;]","og_url":"https:\/\/www.burespro.com\/fr\/product\/verplant\/","og_site_name":"Bur\u00e9s Profesional","article_publisher":"https:\/\/www.facebook.com\/buresprofesionalsa","article_modified_time":"2020-03-24T11:02:29+00:00","og_image":[{"width":1200,"height":666,"url":"https:\/\/www.burespro.com\/wp-content\/uploads\/2020\/03\/verplant_D.1200x670.png","type":"image\/png"}],"twitter_card":"summary_large_image","schema":{"@context":"https:\/\/schema.org","@graph":[{"@type":"WebPage","@id":"https:\/\/www.burespro.com\/fr\/product\/verplant\/","url":"https:\/\/www.burespro.com\/fr\/product\/verplant\/","name":"VERPLANT | Bur\u00e9s Profesional","isPartOf":{"@id":"https:\/\/www.burespro.com\/#website"},"primaryImageOfPage":{"@id":"https:\/\/www.burespro.com\/fr\/product\/verplant\/#primaryimage"},"image":{"@id":"https:\/\/www.burespro.com\/fr\/product\/verplant\/#primaryimage"},"thumbnailUrl":"https:\/\/www.burespro.com\/wp-content\/uploads\/2020\/03\/verplant_D.1200x670.png","datePublished":"2020-03-10T15:40:14+00:00","dateModified":"2020-03-24T11:02:29+00:00","breadcrumb":{"@id":"https:\/\/www.burespro.com\/fr\/product\/verplant\/#breadcrumb"},"inLanguage":"fr-FR","potentialAction":[{"@type":"ReadAction","target":["https:\/\/www.burespro.com\/fr\/product\/verplant\/"]}]},{"@type":"ImageObject","inLanguage":"fr-FR","@id":"https:\/\/www.burespro.com\/fr\/product\/verplant\/#primaryimage","url":"https:\/\/www.burespro.com\/wp-content\/uploads\/2020\/03\/verplant_D.1200x670.png","contentUrl":"https:\/\/www.burespro.com\/wp-content\/uploads\/2020\/03\/verplant_D.1200x670.png","width":1200,"height":666,"caption":"Verplant abono mineral"},{"@type":"BreadcrumbList","@id":"https:\/\/www.burespro.com\/fr\/product\/verplant\/#breadcrumb","itemListElement":[{"@type":"ListItem","position":1,"name":"Inici","item":"https:\/\/www.burespro.com\/fr\/"},{"@type":"ListItem","position":2,"name":"Boutique","item":"https:\/\/www.burespro.com\/fr\/substrats-engrais\/"},{"@type":"ListItem","position":3,"name":"VERPLANT"}]},{"@type":"WebSite","@id":"https:\/\/www.burespro.com\/#website","url":"https:\/\/www.burespro.com\/","name":"Bur\u00e9s Profesional","description":"Fabricants de terres, substrats de cultiu, fertilitzants i adobs org\u00e0nics","potentialAction":[{"@type":"SearchAction","target":{"@type":"EntryPoint","urlTemplate":"https:\/\/www.burespro.com\/?s={search_term_string}"},"query-input":{"@type":"PropertyValueSpecification","valueRequired":true,"valueName":"search_term_string"}}],"inLanguage":"fr-FR"}]}},"_links":{"self":[{"href":"https:\/\/www.burespro.com\/fr\/wp-json\/wp\/v2\/product\/10173","targetHints":{"allow":["GET"]}}],"collection":[{"href":"https:\/\/www.burespro.com\/fr\/wp-json\/wp\/v2\/product"}],"about":[{"href":"https:\/\/www.burespro.com\/fr\/wp-json\/wp\/v2\/types\/product"}],"replies":[{"embeddable":true,"href":"https:\/\/www.burespro.com\/fr\/wp-json\/wp\/v2\/comments?post=10173"}],"wp:featuredmedia":[{"embeddable":true,"href":"https:\/\/www.burespro.com\/fr\/wp-json\/wp\/v2\/media\/15312"}],"wp:attachment":[{"href":"https:\/\/www.burespro.com\/fr\/wp-json\/wp\/v2\/media?parent=10173"}],"wp:term":[{"taxonomy":"product_brand","embeddable":true,"href":"https:\/\/www.burespro.com\/fr\/wp-json\/wp\/v2\/product_brand?post=10173"},{"taxonomy":"product_cat","embeddable":true,"href":"https:\/\/www.burespro.com\/fr\/wp-json\/wp\/v2\/product_cat?post=10173"},{"taxonomy":"product_tag","embeddable":true,"href":"https:\/\/www.burespro.com\/fr\/wp-json\/wp\/v2\/product_tag?post=10173"},{"taxonomy":"sectores","embeddable":true,"href":"https:\/\/www.burespro.com\/fr\/wp-json\/wp\/v2\/sectores?post=10173"}],"curies":[{"name":"wp","href":"https:\/\/api.w.org\/{rel}","templated":true}]}}