{"id":10166,"date":"2020-03-10T14:36:19","date_gmt":"2020-03-10T15:40:09","guid":{"rendered":"https:\/\/burespro.neorgvirtual.com\/product\/tourbe-plantobalt-extra\/"},"modified":"2020-08-12T16:59:42","modified_gmt":"2020-08-12T14:59:42","slug":"tourbe-plantobalt-extra","status":"publish","type":"product","link":"https:\/\/www.burespro.com\/fr\/product\/tourbe-plantobalt-extra\/","title":{"rendered":"TOURBE PLANTOBALT EXTRA"},"content":{"rendered":"<p>Tourbe tamis\u00e9e avec une granulom\u00e9trie sup\u00e9rieure \u00e0 40 mm. Particuli\u00e8rement indiqu\u00e9 pour la pr\u00e9paration ou la pr\u00e9paration de substrats pour la p\u00e9pini\u00e8re d&rsquo;arbustes et de plantes ayant un besoin \u00e9lev\u00e9 de ventilation. Le substrat est pr\u00e9par\u00e9 sans additifs. Il peut \u00eatre utilis\u00e9 comme am\u00e9liorant du sol, comme ajout \u00e0 l&rsquo;humus ou comme ingr\u00e9dient dans le sol.<br \/>\nLa tourbe de sphaigne ou la tourbe blonde est utilis\u00e9e pour am\u00e9liorer les propri\u00e9t\u00e9s hygroscopiques et de ventilation des substrats.<\/p>\n<p>DISTRIBUTEUR OFFICIEL DE PLANTOBALT EN ESPAGNE.<\/p>\n","protected":false},"excerpt":{"rendered":"<p>Tourbe tamis\u00e9e avec une granulom\u00e9trie sup\u00e9rieure \u00e0 40 mm. Particuli\u00e8rement indiqu\u00e9 pour la pr\u00e9paration ou la pr\u00e9paration de substrats pour la p\u00e9pini\u00e8re d&rsquo;arbustes et de plantes ayant un besoin \u00e9lev\u00e9 de ventilation. Le substrat est pr\u00e9par\u00e9 sans additifs. Il peut \u00eatre utilis\u00e9 comme am\u00e9liorant du sol, comme ajout \u00e0 l&rsquo;humus ou comme ingr\u00e9dient dans le [&hellip;]<\/p>\n","protected":false},"featured_media":15308,"comment_status":"closed","ping_status":"closed","template":"","meta":{"_acf_changed":false,"inline_featured_image":false},"product_brand":[],"product_cat":[216],"product_tag":[538,584,612,614,618],"sectores":[371,421],"class_list":{"0":"post-10166","1":"product","2":"type-product","3":"status-publish","4":"has-post-thumbnail","6":"product_cat-tourbes-et-tourbes-substrates","7":"product_tag-distribution-de-tourbe-espagne","8":"product_tag-plantobalt-espagne","9":"product_tag-tourbe-de-la-baltique","10":"product_tag-tourbe-du-nord","11":"product_tag-vente-de-tourbe","12":"sectores-fructiculture-et-horticulture","13":"sectores-viticulture-fr","15":"first","16":"instock","17":"product-type-simple"},"acf":[],"yoast_head":"<!-- This site is optimized with the Yoast SEO plugin v26.7 - https:\/\/yoast.com\/wordpress\/plugins\/seo\/ -->\n<title>TOURBE PLANTOBALT EXTRA | Bur\u00e9s Profesional<\/title>\n<meta name=\"robots\" content=\"index, follow, max-snippet:-1, max-image-preview:large, max-video-preview:-1\" \/>\n<link rel=\"canonical\" href=\"https:\/\/www.burespro.com\/fr\/product\/tourbe-plantobalt-extra\/\" \/>\n<meta property=\"og:locale\" content=\"fr_FR\" \/>\n<meta property=\"og:type\" content=\"article\" \/>\n<meta property=\"og:title\" content=\"TOURBE PLANTOBALT EXTRA | Bur\u00e9s Profesional\" \/>\n<meta property=\"og:description\" content=\"Tourbe tamis\u00e9e avec une granulom\u00e9trie sup\u00e9rieure \u00e0 40 mm. Particuli\u00e8rement indiqu\u00e9 pour la pr\u00e9paration ou la pr\u00e9paration de substrats pour la p\u00e9pini\u00e8re d&rsquo;arbustes et de plantes ayant un besoin \u00e9lev\u00e9 de ventilation. Le substrat est pr\u00e9par\u00e9 sans additifs. Il peut \u00eatre utilis\u00e9 comme am\u00e9liorant du sol, comme ajout \u00e0 l&rsquo;humus ou comme ingr\u00e9dient dans le [&hellip;]\" \/>\n<meta property=\"og:url\" content=\"https:\/\/www.burespro.com\/fr\/product\/tourbe-plantobalt-extra\/\" \/>\n<meta property=\"og:site_name\" content=\"Bur\u00e9s Profesional\" \/>\n<meta property=\"article:publisher\" content=\"https:\/\/www.facebook.com\/buresprofesionalsa\" \/>\n<meta property=\"article:modified_time\" content=\"2020-08-12T14:59:42+00:00\" \/>\n<meta property=\"og:image\" content=\"https:\/\/www.burespro.com\/wp-content\/uploads\/2020\/03\/TORBA-PLANTOBALT-CALIBRADA-AMB-PH-CORRETGIT1200x670.png\" \/>\n\t<meta property=\"og:image:width\" content=\"1200\" \/>\n\t<meta property=\"og:image:height\" content=\"666\" \/>\n\t<meta property=\"og:image:type\" content=\"image\/png\" \/>\n<meta name=\"twitter:card\" content=\"summary_large_image\" \/>\n<script type=\"application\/ld+json\" class=\"yoast-schema-graph\">{\"@context\":\"https:\/\/schema.org\",\"@graph\":[{\"@type\":\"WebPage\",\"@id\":\"https:\/\/www.burespro.com\/fr\/product\/tourbe-plantobalt-extra\/\",\"url\":\"https:\/\/www.burespro.com\/fr\/product\/tourbe-plantobalt-extra\/\",\"name\":\"TOURBE PLANTOBALT EXTRA | Bur\u00e9s Profesional\",\"isPartOf\":{\"@id\":\"https:\/\/www.burespro.com\/#website\"},\"primaryImageOfPage\":{\"@id\":\"https:\/\/www.burespro.com\/fr\/product\/tourbe-plantobalt-extra\/#primaryimage\"},\"image\":{\"@id\":\"https:\/\/www.burespro.com\/fr\/product\/tourbe-plantobalt-extra\/#primaryimage\"},\"thumbnailUrl\":\"https:\/\/www.burespro.com\/wp-content\/uploads\/2020\/03\/TORBA-PLANTOBALT-CALIBRADA-AMB-PH-CORRETGIT1200x670.png\",\"datePublished\":\"2020-03-10T15:40:09+00:00\",\"dateModified\":\"2020-08-12T14:59:42+00:00\",\"breadcrumb\":{\"@id\":\"https:\/\/www.burespro.com\/fr\/product\/tourbe-plantobalt-extra\/#breadcrumb\"},\"inLanguage\":\"fr-FR\",\"potentialAction\":[{\"@type\":\"ReadAction\",\"target\":[\"https:\/\/www.burespro.com\/fr\/product\/tourbe-plantobalt-extra\/\"]}]},{\"@type\":\"ImageObject\",\"inLanguage\":\"fr-FR\",\"@id\":\"https:\/\/www.burespro.com\/fr\/product\/tourbe-plantobalt-extra\/#primaryimage\",\"url\":\"https:\/\/www.burespro.com\/wp-content\/uploads\/2020\/03\/TORBA-PLANTOBALT-CALIBRADA-AMB-PH-CORRETGIT1200x670.png\",\"contentUrl\":\"https:\/\/www.burespro.com\/wp-content\/uploads\/2020\/03\/TORBA-PLANTOBALT-CALIBRADA-AMB-PH-CORRETGIT1200x670.png\",\"width\":1200,\"height\":666},{\"@type\":\"BreadcrumbList\",\"@id\":\"https:\/\/www.burespro.com\/fr\/product\/tourbe-plantobalt-extra\/#breadcrumb\",\"itemListElement\":[{\"@type\":\"ListItem\",\"position\":1,\"name\":\"Inici\",\"item\":\"https:\/\/www.burespro.com\/fr\/\"},{\"@type\":\"ListItem\",\"position\":2,\"name\":\"Boutique\",\"item\":\"https:\/\/www.burespro.com\/fr\/substrats-engrais\/\"},{\"@type\":\"ListItem\",\"position\":3,\"name\":\"TOURBE PLANTOBALT EXTRA\"}]},{\"@type\":\"WebSite\",\"@id\":\"https:\/\/www.burespro.com\/#website\",\"url\":\"https:\/\/www.burespro.com\/\",\"name\":\"Bur\u00e9s Profesional\",\"description\":\"Fabricants de terres, substrats de cultiu, fertilitzants i adobs org\u00e0nics\",\"potentialAction\":[{\"@type\":\"SearchAction\",\"target\":{\"@type\":\"EntryPoint\",\"urlTemplate\":\"https:\/\/www.burespro.com\/?s={search_term_string}\"},\"query-input\":{\"@type\":\"PropertyValueSpecification\",\"valueRequired\":true,\"valueName\":\"search_term_string\"}}],\"inLanguage\":\"fr-FR\"}]}<\/script>\n<!-- \/ Yoast SEO plugin. -->","yoast_head_json":{"title":"TOURBE PLANTOBALT EXTRA | Bur\u00e9s Profesional","robots":{"index":"index","follow":"follow","max-snippet":"max-snippet:-1","max-image-preview":"max-image-preview:large","max-video-preview":"max-video-preview:-1"},"canonical":"https:\/\/www.burespro.com\/fr\/product\/tourbe-plantobalt-extra\/","og_locale":"fr_FR","og_type":"article","og_title":"TOURBE PLANTOBALT EXTRA | Bur\u00e9s Profesional","og_description":"Tourbe tamis\u00e9e avec une granulom\u00e9trie sup\u00e9rieure \u00e0 40 mm. Particuli\u00e8rement indiqu\u00e9 pour la pr\u00e9paration ou la pr\u00e9paration de substrats pour la p\u00e9pini\u00e8re d&rsquo;arbustes et de plantes ayant un besoin \u00e9lev\u00e9 de ventilation. Le substrat est pr\u00e9par\u00e9 sans additifs. Il peut \u00eatre utilis\u00e9 comme am\u00e9liorant du sol, comme ajout \u00e0 l&rsquo;humus ou comme ingr\u00e9dient dans le [&hellip;]","og_url":"https:\/\/www.burespro.com\/fr\/product\/tourbe-plantobalt-extra\/","og_site_name":"Bur\u00e9s Profesional","article_publisher":"https:\/\/www.facebook.com\/buresprofesionalsa","article_modified_time":"2020-08-12T14:59:42+00:00","og_image":[{"width":1200,"height":666,"url":"https:\/\/www.burespro.com\/wp-content\/uploads\/2020\/03\/TORBA-PLANTOBALT-CALIBRADA-AMB-PH-CORRETGIT1200x670.png","type":"image\/png"}],"twitter_card":"summary_large_image","schema":{"@context":"https:\/\/schema.org","@graph":[{"@type":"WebPage","@id":"https:\/\/www.burespro.com\/fr\/product\/tourbe-plantobalt-extra\/","url":"https:\/\/www.burespro.com\/fr\/product\/tourbe-plantobalt-extra\/","name":"TOURBE PLANTOBALT EXTRA | Bur\u00e9s Profesional","isPartOf":{"@id":"https:\/\/www.burespro.com\/#website"},"primaryImageOfPage":{"@id":"https:\/\/www.burespro.com\/fr\/product\/tourbe-plantobalt-extra\/#primaryimage"},"image":{"@id":"https:\/\/www.burespro.com\/fr\/product\/tourbe-plantobalt-extra\/#primaryimage"},"thumbnailUrl":"https:\/\/www.burespro.com\/wp-content\/uploads\/2020\/03\/TORBA-PLANTOBALT-CALIBRADA-AMB-PH-CORRETGIT1200x670.png","datePublished":"2020-03-10T15:40:09+00:00","dateModified":"2020-08-12T14:59:42+00:00","breadcrumb":{"@id":"https:\/\/www.burespro.com\/fr\/product\/tourbe-plantobalt-extra\/#breadcrumb"},"inLanguage":"fr-FR","potentialAction":[{"@type":"ReadAction","target":["https:\/\/www.burespro.com\/fr\/product\/tourbe-plantobalt-extra\/"]}]},{"@type":"ImageObject","inLanguage":"fr-FR","@id":"https:\/\/www.burespro.com\/fr\/product\/tourbe-plantobalt-extra\/#primaryimage","url":"https:\/\/www.burespro.com\/wp-content\/uploads\/2020\/03\/TORBA-PLANTOBALT-CALIBRADA-AMB-PH-CORRETGIT1200x670.png","contentUrl":"https:\/\/www.burespro.com\/wp-content\/uploads\/2020\/03\/TORBA-PLANTOBALT-CALIBRADA-AMB-PH-CORRETGIT1200x670.png","width":1200,"height":666},{"@type":"BreadcrumbList","@id":"https:\/\/www.burespro.com\/fr\/product\/tourbe-plantobalt-extra\/#breadcrumb","itemListElement":[{"@type":"ListItem","position":1,"name":"Inici","item":"https:\/\/www.burespro.com\/fr\/"},{"@type":"ListItem","position":2,"name":"Boutique","item":"https:\/\/www.burespro.com\/fr\/substrats-engrais\/"},{"@type":"ListItem","position":3,"name":"TOURBE PLANTOBALT EXTRA"}]},{"@type":"WebSite","@id":"https:\/\/www.burespro.com\/#website","url":"https:\/\/www.burespro.com\/","name":"Bur\u00e9s Profesional","description":"Fabricants de terres, substrats de cultiu, fertilitzants i adobs org\u00e0nics","potentialAction":[{"@type":"SearchAction","target":{"@type":"EntryPoint","urlTemplate":"https:\/\/www.burespro.com\/?s={search_term_string}"},"query-input":{"@type":"PropertyValueSpecification","valueRequired":true,"valueName":"search_term_string"}}],"inLanguage":"fr-FR"}]}},"_links":{"self":[{"href":"https:\/\/www.burespro.com\/fr\/wp-json\/wp\/v2\/product\/10166","targetHints":{"allow":["GET"]}}],"collection":[{"href":"https:\/\/www.burespro.com\/fr\/wp-json\/wp\/v2\/product"}],"about":[{"href":"https:\/\/www.burespro.com\/fr\/wp-json\/wp\/v2\/types\/product"}],"replies":[{"embeddable":true,"href":"https:\/\/www.burespro.com\/fr\/wp-json\/wp\/v2\/comments?post=10166"}],"wp:featuredmedia":[{"embeddable":true,"href":"https:\/\/www.burespro.com\/fr\/wp-json\/wp\/v2\/media\/15308"}],"wp:attachment":[{"href":"https:\/\/www.burespro.com\/fr\/wp-json\/wp\/v2\/media?parent=10166"}],"wp:term":[{"taxonomy":"product_brand","embeddable":true,"href":"https:\/\/www.burespro.com\/fr\/wp-json\/wp\/v2\/product_brand?post=10166"},{"taxonomy":"product_cat","embeddable":true,"href":"https:\/\/www.burespro.com\/fr\/wp-json\/wp\/v2\/product_cat?post=10166"},{"taxonomy":"product_tag","embeddable":true,"href":"https:\/\/www.burespro.com\/fr\/wp-json\/wp\/v2\/product_tag?post=10166"},{"taxonomy":"sectores","embeddable":true,"href":"https:\/\/www.burespro.com\/fr\/wp-json\/wp\/v2\/sectores?post=10166"}],"curies":[{"name":"wp","href":"https:\/\/api.w.org\/{rel}","templated":true}]}}