{"id":10142,"date":"2020-03-10T14:35:51","date_gmt":"2020-03-10T15:39:57","guid":{"rendered":"https:\/\/burespro.neorgvirtual.com\/product\/terreau-amendee-de-base\/"},"modified":"2020-08-12T16:58:31","modified_gmt":"2020-08-12T14:58:31","slug":"terreau-amendee-de-base","status":"publish","type":"product","link":"https:\/\/www.burespro.com\/fr\/product\/terreau-amendee-de-base\/","title":{"rendered":"TERREAU FERTILIS\u00c9 DE BASE"},"content":{"rendered":"<p>La TERREAU FERTILIS\u00c9 DE BASE est une terre fertilis\u00e9e sp\u00e9cialement pr\u00e9par\u00e9e pour une utilisation dans le jardinage urbain et les jardins priv\u00e9s. Sa formulation contient les nutriments n\u00e9cessaires au d\u00e9veloppement v\u00e9g\u00e9tatif des plantes.<\/p>\n<p>De par sa composition, il pr\u00e9sente un bon drainage et une grande capacit\u00e9 de r\u00e9tention d&rsquo;eau.<\/p>\n","protected":false},"excerpt":{"rendered":"<p>La TERREAU FERTILIS\u00c9 DE BASE est une terre fertilis\u00e9e sp\u00e9cialement pr\u00e9par\u00e9e pour une utilisation dans le jardinage urbain et les jardins priv\u00e9s. Sa formulation contient les nutriments n\u00e9cessaires au d\u00e9veloppement v\u00e9g\u00e9tatif des plantes. De par sa composition, il pr\u00e9sente un bon drainage et une grande capacit\u00e9 de r\u00e9tention d&rsquo;eau.<\/p>\n","protected":false},"featured_media":14790,"comment_status":"closed","ping_status":"closed","template":"","meta":{"_acf_changed":false,"inline_featured_image":false},"product_brand":[],"product_cat":[414],"product_tag":[591],"sectores":[367,372,368],"class_list":{"0":"post-10142","1":"product","2":"type-product","3":"status-publish","4":"has-post-thumbnail","6":"product_cat-substrats-de-jardinage","7":"product_tag-substrats-de-gerone","8":"sectores-jardinage-professionnel-paysagisme","9":"sectores-genieux-publiques-et-civiles","10":"sectores-administrations-publiques","12":"first","13":"instock","14":"product-type-simple"},"acf":[],"yoast_head":"<!-- This site is optimized with the Yoast SEO plugin v26.7 - https:\/\/yoast.com\/wordpress\/plugins\/seo\/ -->\n<title>TERREAU FERTILIS\u00c9 DE BASE | Bur\u00e9s Profesional<\/title>\n<meta name=\"robots\" content=\"index, follow, max-snippet:-1, max-image-preview:large, max-video-preview:-1\" \/>\n<link rel=\"canonical\" href=\"https:\/\/www.burespro.com\/fr\/product\/terreau-amendee-de-base\/\" \/>\n<meta property=\"og:locale\" content=\"fr_FR\" \/>\n<meta property=\"og:type\" content=\"article\" \/>\n<meta property=\"og:title\" content=\"TERREAU FERTILIS\u00c9 DE BASE | Bur\u00e9s Profesional\" \/>\n<meta property=\"og:description\" content=\"La TERREAU FERTILIS\u00c9 DE BASE est une terre fertilis\u00e9e sp\u00e9cialement pr\u00e9par\u00e9e pour une utilisation dans le jardinage urbain et les jardins priv\u00e9s. Sa formulation contient les nutriments n\u00e9cessaires au d\u00e9veloppement v\u00e9g\u00e9tatif des plantes. De par sa composition, il pr\u00e9sente un bon drainage et une grande capacit\u00e9 de r\u00e9tention d&rsquo;eau.\" \/>\n<meta property=\"og:url\" content=\"https:\/\/www.burespro.com\/fr\/product\/terreau-amendee-de-base\/\" \/>\n<meta property=\"og:site_name\" content=\"Bur\u00e9s Profesional\" \/>\n<meta property=\"article:publisher\" content=\"https:\/\/www.facebook.com\/buresprofesionalsa\" \/>\n<meta property=\"article:modified_time\" content=\"2020-08-12T14:58:31+00:00\" \/>\n<meta property=\"og:image\" content=\"https:\/\/www.burespro.com\/wp-content\/uploads\/2020\/03\/TIERRA-ABONADA-BASE-1.jpg\" \/>\n\t<meta property=\"og:image:width\" content=\"2560\" \/>\n\t<meta property=\"og:image:height\" content=\"1920\" \/>\n\t<meta property=\"og:image:type\" content=\"image\/jpeg\" \/>\n<meta name=\"twitter:card\" content=\"summary_large_image\" \/>\n<script type=\"application\/ld+json\" class=\"yoast-schema-graph\">{\"@context\":\"https:\/\/schema.org\",\"@graph\":[{\"@type\":\"WebPage\",\"@id\":\"https:\/\/www.burespro.com\/fr\/product\/terreau-amendee-de-base\/\",\"url\":\"https:\/\/www.burespro.com\/fr\/product\/terreau-amendee-de-base\/\",\"name\":\"TERREAU FERTILIS\u00c9 DE BASE | Bur\u00e9s Profesional\",\"isPartOf\":{\"@id\":\"https:\/\/www.burespro.com\/#website\"},\"primaryImageOfPage\":{\"@id\":\"https:\/\/www.burespro.com\/fr\/product\/terreau-amendee-de-base\/#primaryimage\"},\"image\":{\"@id\":\"https:\/\/www.burespro.com\/fr\/product\/terreau-amendee-de-base\/#primaryimage\"},\"thumbnailUrl\":\"https:\/\/www.burespro.com\/wp-content\/uploads\/2020\/03\/TIERRA-ABONADA-BASE-1.jpg\",\"datePublished\":\"2020-03-10T15:39:57+00:00\",\"dateModified\":\"2020-08-12T14:58:31+00:00\",\"breadcrumb\":{\"@id\":\"https:\/\/www.burespro.com\/fr\/product\/terreau-amendee-de-base\/#breadcrumb\"},\"inLanguage\":\"fr-FR\",\"potentialAction\":[{\"@type\":\"ReadAction\",\"target\":[\"https:\/\/www.burespro.com\/fr\/product\/terreau-amendee-de-base\/\"]}]},{\"@type\":\"ImageObject\",\"inLanguage\":\"fr-FR\",\"@id\":\"https:\/\/www.burespro.com\/fr\/product\/terreau-amendee-de-base\/#primaryimage\",\"url\":\"https:\/\/www.burespro.com\/wp-content\/uploads\/2020\/03\/TIERRA-ABONADA-BASE-1.jpg\",\"contentUrl\":\"https:\/\/www.burespro.com\/wp-content\/uploads\/2020\/03\/TIERRA-ABONADA-BASE-1.jpg\",\"width\":2560,\"height\":1920},{\"@type\":\"BreadcrumbList\",\"@id\":\"https:\/\/www.burespro.com\/fr\/product\/terreau-amendee-de-base\/#breadcrumb\",\"itemListElement\":[{\"@type\":\"ListItem\",\"position\":1,\"name\":\"Inici\",\"item\":\"https:\/\/www.burespro.com\/fr\/\"},{\"@type\":\"ListItem\",\"position\":2,\"name\":\"Boutique\",\"item\":\"https:\/\/www.burespro.com\/fr\/substrats-engrais\/\"},{\"@type\":\"ListItem\",\"position\":3,\"name\":\"TERREAU FERTILIS\u00c9 DE BASE\"}]},{\"@type\":\"WebSite\",\"@id\":\"https:\/\/www.burespro.com\/#website\",\"url\":\"https:\/\/www.burespro.com\/\",\"name\":\"Bur\u00e9s Profesional\",\"description\":\"Fabricants de terres, substrats de cultiu, fertilitzants i adobs org\u00e0nics\",\"potentialAction\":[{\"@type\":\"SearchAction\",\"target\":{\"@type\":\"EntryPoint\",\"urlTemplate\":\"https:\/\/www.burespro.com\/?s={search_term_string}\"},\"query-input\":{\"@type\":\"PropertyValueSpecification\",\"valueRequired\":true,\"valueName\":\"search_term_string\"}}],\"inLanguage\":\"fr-FR\"}]}<\/script>\n<!-- \/ Yoast SEO plugin. -->","yoast_head_json":{"title":"TERREAU FERTILIS\u00c9 DE BASE | Bur\u00e9s Profesional","robots":{"index":"index","follow":"follow","max-snippet":"max-snippet:-1","max-image-preview":"max-image-preview:large","max-video-preview":"max-video-preview:-1"},"canonical":"https:\/\/www.burespro.com\/fr\/product\/terreau-amendee-de-base\/","og_locale":"fr_FR","og_type":"article","og_title":"TERREAU FERTILIS\u00c9 DE BASE | Bur\u00e9s Profesional","og_description":"La TERREAU FERTILIS\u00c9 DE BASE est une terre fertilis\u00e9e sp\u00e9cialement pr\u00e9par\u00e9e pour une utilisation dans le jardinage urbain et les jardins priv\u00e9s. Sa formulation contient les nutriments n\u00e9cessaires au d\u00e9veloppement v\u00e9g\u00e9tatif des plantes. De par sa composition, il pr\u00e9sente un bon drainage et une grande capacit\u00e9 de r\u00e9tention d&rsquo;eau.","og_url":"https:\/\/www.burespro.com\/fr\/product\/terreau-amendee-de-base\/","og_site_name":"Bur\u00e9s Profesional","article_publisher":"https:\/\/www.facebook.com\/buresprofesionalsa","article_modified_time":"2020-08-12T14:58:31+00:00","og_image":[{"width":2560,"height":1920,"url":"https:\/\/www.burespro.com\/wp-content\/uploads\/2020\/03\/TIERRA-ABONADA-BASE-1.jpg","type":"image\/jpeg"}],"twitter_card":"summary_large_image","schema":{"@context":"https:\/\/schema.org","@graph":[{"@type":"WebPage","@id":"https:\/\/www.burespro.com\/fr\/product\/terreau-amendee-de-base\/","url":"https:\/\/www.burespro.com\/fr\/product\/terreau-amendee-de-base\/","name":"TERREAU FERTILIS\u00c9 DE BASE | Bur\u00e9s Profesional","isPartOf":{"@id":"https:\/\/www.burespro.com\/#website"},"primaryImageOfPage":{"@id":"https:\/\/www.burespro.com\/fr\/product\/terreau-amendee-de-base\/#primaryimage"},"image":{"@id":"https:\/\/www.burespro.com\/fr\/product\/terreau-amendee-de-base\/#primaryimage"},"thumbnailUrl":"https:\/\/www.burespro.com\/wp-content\/uploads\/2020\/03\/TIERRA-ABONADA-BASE-1.jpg","datePublished":"2020-03-10T15:39:57+00:00","dateModified":"2020-08-12T14:58:31+00:00","breadcrumb":{"@id":"https:\/\/www.burespro.com\/fr\/product\/terreau-amendee-de-base\/#breadcrumb"},"inLanguage":"fr-FR","potentialAction":[{"@type":"ReadAction","target":["https:\/\/www.burespro.com\/fr\/product\/terreau-amendee-de-base\/"]}]},{"@type":"ImageObject","inLanguage":"fr-FR","@id":"https:\/\/www.burespro.com\/fr\/product\/terreau-amendee-de-base\/#primaryimage","url":"https:\/\/www.burespro.com\/wp-content\/uploads\/2020\/03\/TIERRA-ABONADA-BASE-1.jpg","contentUrl":"https:\/\/www.burespro.com\/wp-content\/uploads\/2020\/03\/TIERRA-ABONADA-BASE-1.jpg","width":2560,"height":1920},{"@type":"BreadcrumbList","@id":"https:\/\/www.burespro.com\/fr\/product\/terreau-amendee-de-base\/#breadcrumb","itemListElement":[{"@type":"ListItem","position":1,"name":"Inici","item":"https:\/\/www.burespro.com\/fr\/"},{"@type":"ListItem","position":2,"name":"Boutique","item":"https:\/\/www.burespro.com\/fr\/substrats-engrais\/"},{"@type":"ListItem","position":3,"name":"TERREAU FERTILIS\u00c9 DE BASE"}]},{"@type":"WebSite","@id":"https:\/\/www.burespro.com\/#website","url":"https:\/\/www.burespro.com\/","name":"Bur\u00e9s Profesional","description":"Fabricants de terres, substrats de cultiu, fertilitzants i adobs org\u00e0nics","potentialAction":[{"@type":"SearchAction","target":{"@type":"EntryPoint","urlTemplate":"https:\/\/www.burespro.com\/?s={search_term_string}"},"query-input":{"@type":"PropertyValueSpecification","valueRequired":true,"valueName":"search_term_string"}}],"inLanguage":"fr-FR"}]}},"_links":{"self":[{"href":"https:\/\/www.burespro.com\/fr\/wp-json\/wp\/v2\/product\/10142","targetHints":{"allow":["GET"]}}],"collection":[{"href":"https:\/\/www.burespro.com\/fr\/wp-json\/wp\/v2\/product"}],"about":[{"href":"https:\/\/www.burespro.com\/fr\/wp-json\/wp\/v2\/types\/product"}],"replies":[{"embeddable":true,"href":"https:\/\/www.burespro.com\/fr\/wp-json\/wp\/v2\/comments?post=10142"}],"wp:featuredmedia":[{"embeddable":true,"href":"https:\/\/www.burespro.com\/fr\/wp-json\/wp\/v2\/media\/14790"}],"wp:attachment":[{"href":"https:\/\/www.burespro.com\/fr\/wp-json\/wp\/v2\/media?parent=10142"}],"wp:term":[{"taxonomy":"product_brand","embeddable":true,"href":"https:\/\/www.burespro.com\/fr\/wp-json\/wp\/v2\/product_brand?post=10142"},{"taxonomy":"product_cat","embeddable":true,"href":"https:\/\/www.burespro.com\/fr\/wp-json\/wp\/v2\/product_cat?post=10142"},{"taxonomy":"product_tag","embeddable":true,"href":"https:\/\/www.burespro.com\/fr\/wp-json\/wp\/v2\/product_tag?post=10142"},{"taxonomy":"sectores","embeddable":true,"href":"https:\/\/www.burespro.com\/fr\/wp-json\/wp\/v2\/sectores?post=10142"}],"curies":[{"name":"wp","href":"https:\/\/api.w.org\/{rel}","templated":true}]}}