{"id":10141,"date":"2020-03-10T14:35:51","date_gmt":"2020-03-10T15:39:43","guid":{"rendered":"https:\/\/burespro.neorgvirtual.com\/product\/tereaus-sur-demande\/"},"modified":"2020-08-12T16:55:28","modified_gmt":"2020-08-12T14:55:28","slug":"tereaus-sur-demande","status":"publish","type":"product","link":"https:\/\/www.burespro.com\/fr\/product\/tereaus-sur-demande\/","title":{"rendered":"TEREAUS SUR DEMANDE"},"content":{"rendered":"<p>Substrat fabriqu\u00e9 selon les instructions du client. En prenant soin des besoins sp\u00e9cifiques de notre client, \u00e0 la fois pour un type de culture sp\u00e9cifique et pour le besoin de propri\u00e9t\u00e9s sp\u00e9cifiques, nous produisons le mat\u00e9riau sp\u00e9cialement pour lui.<\/p>\n","protected":false},"excerpt":{"rendered":"<p>Substrat fabriqu\u00e9 selon les instructions du client. En prenant soin des besoins sp\u00e9cifiques de notre client, \u00e0 la fois pour un type de culture sp\u00e9cifique et pour le besoin de propri\u00e9t\u00e9s sp\u00e9cifiques, nous produisons le mat\u00e9riau sp\u00e9cialement pour lui.<\/p>\n","protected":false},"featured_media":12960,"comment_status":"closed","ping_status":"closed","template":"","meta":{"_acf_changed":false,"inline_featured_image":false},"product_brand":[],"product_cat":[217,680],"product_tag":[452,506,558,561,567,564,549,591,597,606,603,609,509,511],"sectores":[364,371,419,421,367,372,368,374],"class_list":{"0":"post-10141","1":"product","2":"type-product","3":"status-publish","4":"has-post-thumbnail","6":"product_cat-substrates-speciaux","7":"product_cat-substrats-pour-toitures-vegetalisees","8":"product_tag-bures-profesional-fr","9":"product_tag-construction-de-jardin","10":"product_tag-jardinage-de-gerone","11":"product_tag-jardinage-professionnel","12":"product_tag-materiel-de-jardinage","13":"product_tag-materiel-de-jardinage-girona","14":"product_tag-substrate-factory-espagne","15":"product_tag-substrats-de-gerone","16":"product_tag-substrats-de-jardinage","17":"product_tag-substrats-en-croissance","18":"product_tag-substrats-personnalises","19":"product_tag-supports-professionnels","20":"product_tag-toits-verts","21":"product_tag-toits-verts-fr","22":"sectores-pepiniere","23":"sectores-fructiculture-et-horticulture","24":"sectores-floriculture-fr","25":"sectores-viticulture-fr","26":"sectores-jardinage-professionnel-paysagisme","27":"sectores-genieux-publiques-et-civiles","28":"sectores-administrations-publiques","29":"sectores-terrains-de-sport-professionels","31":"first","32":"instock","33":"product-type-simple"},"acf":[],"yoast_head":"<!-- This site is optimized with the Yoast SEO plugin v26.7 - https:\/\/yoast.com\/wordpress\/plugins\/seo\/ -->\n<title>TEREAUS SUR DEMANDE | Bur\u00e9s Profesional<\/title>\n<meta name=\"robots\" content=\"index, follow, max-snippet:-1, max-image-preview:large, max-video-preview:-1\" \/>\n<link rel=\"canonical\" href=\"https:\/\/www.burespro.com\/fr\/product\/tereaus-sur-demande\/\" \/>\n<meta property=\"og:locale\" content=\"fr_FR\" \/>\n<meta property=\"og:type\" content=\"article\" \/>\n<meta property=\"og:title\" content=\"TEREAUS SUR DEMANDE | Bur\u00e9s Profesional\" \/>\n<meta property=\"og:description\" content=\"Substrat fabriqu\u00e9 selon les instructions du client. En prenant soin des besoins sp\u00e9cifiques de notre client, \u00e0 la fois pour un type de culture sp\u00e9cifique et pour le besoin de propri\u00e9t\u00e9s sp\u00e9cifiques, nous produisons le mat\u00e9riau sp\u00e9cialement pour lui.\" \/>\n<meta property=\"og:url\" content=\"https:\/\/www.burespro.com\/fr\/product\/tereaus-sur-demande\/\" \/>\n<meta property=\"og:site_name\" content=\"Bur\u00e9s Profesional\" \/>\n<meta property=\"article:publisher\" content=\"https:\/\/www.facebook.com\/buresprofesionalsa\" \/>\n<meta property=\"article:modified_time\" content=\"2020-08-12T14:55:28+00:00\" \/>\n<meta property=\"og:image\" content=\"https:\/\/www.burespro.com\/wp-content\/uploads\/2020\/03\/sustratos-bures.jpg\" \/>\n\t<meta property=\"og:image:width\" content=\"1000\" \/>\n\t<meta property=\"og:image:height\" content=\"1506\" \/>\n\t<meta property=\"og:image:type\" content=\"image\/jpeg\" \/>\n<meta name=\"twitter:card\" content=\"summary_large_image\" \/>\n<script type=\"application\/ld+json\" class=\"yoast-schema-graph\">{\"@context\":\"https:\/\/schema.org\",\"@graph\":[{\"@type\":\"WebPage\",\"@id\":\"https:\/\/www.burespro.com\/fr\/product\/tereaus-sur-demande\/\",\"url\":\"https:\/\/www.burespro.com\/fr\/product\/tereaus-sur-demande\/\",\"name\":\"TEREAUS SUR DEMANDE | Bur\u00e9s Profesional\",\"isPartOf\":{\"@id\":\"https:\/\/www.burespro.com\/#website\"},\"primaryImageOfPage\":{\"@id\":\"https:\/\/www.burespro.com\/fr\/product\/tereaus-sur-demande\/#primaryimage\"},\"image\":{\"@id\":\"https:\/\/www.burespro.com\/fr\/product\/tereaus-sur-demande\/#primaryimage\"},\"thumbnailUrl\":\"https:\/\/www.burespro.com\/wp-content\/uploads\/2020\/03\/sustratos-bures.jpg\",\"datePublished\":\"2020-03-10T15:39:43+00:00\",\"dateModified\":\"2020-08-12T14:55:28+00:00\",\"breadcrumb\":{\"@id\":\"https:\/\/www.burespro.com\/fr\/product\/tereaus-sur-demande\/#breadcrumb\"},\"inLanguage\":\"fr-FR\",\"potentialAction\":[{\"@type\":\"ReadAction\",\"target\":[\"https:\/\/www.burespro.com\/fr\/product\/tereaus-sur-demande\/\"]}]},{\"@type\":\"ImageObject\",\"inLanguage\":\"fr-FR\",\"@id\":\"https:\/\/www.burespro.com\/fr\/product\/tereaus-sur-demande\/#primaryimage\",\"url\":\"https:\/\/www.burespro.com\/wp-content\/uploads\/2020\/03\/sustratos-bures.jpg\",\"contentUrl\":\"https:\/\/www.burespro.com\/wp-content\/uploads\/2020\/03\/sustratos-bures.jpg\",\"width\":1000,\"height\":1506,\"caption\":\"Sustratos Bur\u00e9s\"},{\"@type\":\"BreadcrumbList\",\"@id\":\"https:\/\/www.burespro.com\/fr\/product\/tereaus-sur-demande\/#breadcrumb\",\"itemListElement\":[{\"@type\":\"ListItem\",\"position\":1,\"name\":\"Inici\",\"item\":\"https:\/\/www.burespro.com\/fr\/\"},{\"@type\":\"ListItem\",\"position\":2,\"name\":\"Boutique\",\"item\":\"https:\/\/www.burespro.com\/fr\/substrats-engrais\/\"},{\"@type\":\"ListItem\",\"position\":3,\"name\":\"TEREAUS SUR DEMANDE\"}]},{\"@type\":\"WebSite\",\"@id\":\"https:\/\/www.burespro.com\/#website\",\"url\":\"https:\/\/www.burespro.com\/\",\"name\":\"Bur\u00e9s Profesional\",\"description\":\"Fabricants de terres, substrats de cultiu, fertilitzants i adobs org\u00e0nics\",\"potentialAction\":[{\"@type\":\"SearchAction\",\"target\":{\"@type\":\"EntryPoint\",\"urlTemplate\":\"https:\/\/www.burespro.com\/?s={search_term_string}\"},\"query-input\":{\"@type\":\"PropertyValueSpecification\",\"valueRequired\":true,\"valueName\":\"search_term_string\"}}],\"inLanguage\":\"fr-FR\"}]}<\/script>\n<!-- \/ Yoast SEO plugin. -->","yoast_head_json":{"title":"TEREAUS SUR DEMANDE | Bur\u00e9s Profesional","robots":{"index":"index","follow":"follow","max-snippet":"max-snippet:-1","max-image-preview":"max-image-preview:large","max-video-preview":"max-video-preview:-1"},"canonical":"https:\/\/www.burespro.com\/fr\/product\/tereaus-sur-demande\/","og_locale":"fr_FR","og_type":"article","og_title":"TEREAUS SUR DEMANDE | Bur\u00e9s Profesional","og_description":"Substrat fabriqu\u00e9 selon les instructions du client. En prenant soin des besoins sp\u00e9cifiques de notre client, \u00e0 la fois pour un type de culture sp\u00e9cifique et pour le besoin de propri\u00e9t\u00e9s sp\u00e9cifiques, nous produisons le mat\u00e9riau sp\u00e9cialement pour lui.","og_url":"https:\/\/www.burespro.com\/fr\/product\/tereaus-sur-demande\/","og_site_name":"Bur\u00e9s Profesional","article_publisher":"https:\/\/www.facebook.com\/buresprofesionalsa","article_modified_time":"2020-08-12T14:55:28+00:00","og_image":[{"width":1000,"height":1506,"url":"https:\/\/www.burespro.com\/wp-content\/uploads\/2020\/03\/sustratos-bures.jpg","type":"image\/jpeg"}],"twitter_card":"summary_large_image","schema":{"@context":"https:\/\/schema.org","@graph":[{"@type":"WebPage","@id":"https:\/\/www.burespro.com\/fr\/product\/tereaus-sur-demande\/","url":"https:\/\/www.burespro.com\/fr\/product\/tereaus-sur-demande\/","name":"TEREAUS SUR DEMANDE | Bur\u00e9s Profesional","isPartOf":{"@id":"https:\/\/www.burespro.com\/#website"},"primaryImageOfPage":{"@id":"https:\/\/www.burespro.com\/fr\/product\/tereaus-sur-demande\/#primaryimage"},"image":{"@id":"https:\/\/www.burespro.com\/fr\/product\/tereaus-sur-demande\/#primaryimage"},"thumbnailUrl":"https:\/\/www.burespro.com\/wp-content\/uploads\/2020\/03\/sustratos-bures.jpg","datePublished":"2020-03-10T15:39:43+00:00","dateModified":"2020-08-12T14:55:28+00:00","breadcrumb":{"@id":"https:\/\/www.burespro.com\/fr\/product\/tereaus-sur-demande\/#breadcrumb"},"inLanguage":"fr-FR","potentialAction":[{"@type":"ReadAction","target":["https:\/\/www.burespro.com\/fr\/product\/tereaus-sur-demande\/"]}]},{"@type":"ImageObject","inLanguage":"fr-FR","@id":"https:\/\/www.burespro.com\/fr\/product\/tereaus-sur-demande\/#primaryimage","url":"https:\/\/www.burespro.com\/wp-content\/uploads\/2020\/03\/sustratos-bures.jpg","contentUrl":"https:\/\/www.burespro.com\/wp-content\/uploads\/2020\/03\/sustratos-bures.jpg","width":1000,"height":1506,"caption":"Sustratos Bur\u00e9s"},{"@type":"BreadcrumbList","@id":"https:\/\/www.burespro.com\/fr\/product\/tereaus-sur-demande\/#breadcrumb","itemListElement":[{"@type":"ListItem","position":1,"name":"Inici","item":"https:\/\/www.burespro.com\/fr\/"},{"@type":"ListItem","position":2,"name":"Boutique","item":"https:\/\/www.burespro.com\/fr\/substrats-engrais\/"},{"@type":"ListItem","position":3,"name":"TEREAUS SUR DEMANDE"}]},{"@type":"WebSite","@id":"https:\/\/www.burespro.com\/#website","url":"https:\/\/www.burespro.com\/","name":"Bur\u00e9s Profesional","description":"Fabricants de terres, substrats de cultiu, fertilitzants i adobs org\u00e0nics","potentialAction":[{"@type":"SearchAction","target":{"@type":"EntryPoint","urlTemplate":"https:\/\/www.burespro.com\/?s={search_term_string}"},"query-input":{"@type":"PropertyValueSpecification","valueRequired":true,"valueName":"search_term_string"}}],"inLanguage":"fr-FR"}]}},"_links":{"self":[{"href":"https:\/\/www.burespro.com\/fr\/wp-json\/wp\/v2\/product\/10141","targetHints":{"allow":["GET"]}}],"collection":[{"href":"https:\/\/www.burespro.com\/fr\/wp-json\/wp\/v2\/product"}],"about":[{"href":"https:\/\/www.burespro.com\/fr\/wp-json\/wp\/v2\/types\/product"}],"replies":[{"embeddable":true,"href":"https:\/\/www.burespro.com\/fr\/wp-json\/wp\/v2\/comments?post=10141"}],"wp:featuredmedia":[{"embeddable":true,"href":"https:\/\/www.burespro.com\/fr\/wp-json\/wp\/v2\/media\/12960"}],"wp:attachment":[{"href":"https:\/\/www.burespro.com\/fr\/wp-json\/wp\/v2\/media?parent=10141"}],"wp:term":[{"taxonomy":"product_brand","embeddable":true,"href":"https:\/\/www.burespro.com\/fr\/wp-json\/wp\/v2\/product_brand?post=10141"},{"taxonomy":"product_cat","embeddable":true,"href":"https:\/\/www.burespro.com\/fr\/wp-json\/wp\/v2\/product_cat?post=10141"},{"taxonomy":"product_tag","embeddable":true,"href":"https:\/\/www.burespro.com\/fr\/wp-json\/wp\/v2\/product_tag?post=10141"},{"taxonomy":"sectores","embeddable":true,"href":"https:\/\/www.burespro.com\/fr\/wp-json\/wp\/v2\/sectores?post=10141"}],"curies":[{"name":"wp","href":"https:\/\/api.w.org\/{rel}","templated":true}]}}