{"id":10127,"date":"2020-03-10T14:35:51","date_gmt":"2020-03-10T15:39:43","guid":{"rendered":"https:\/\/burespro.neorgvirtual.com\/product\/substrate-plantaflor-pour-plateaux\/"},"modified":"2020-08-12T12:29:31","modified_gmt":"2020-08-12T10:29:31","slug":"substrate-plantaflor-pour-plateaux","status":"publish","type":"product","link":"https:\/\/www.burespro.com\/fr\/product\/substrate-plantaflor-pour-plateaux\/","title":{"rendered":"SUBSTRATE PLANTAFLOR POUR PLATEAUX"},"content":{"rendered":"<p>Substrat de structure fine et fertilis\u00e9e, la composition approximative de la tourbe blanche et la tourbe noire, et il faut engrais NPK 18-10-20 et les oligo-\u00e9l\u00e9ments.<\/p>\n<p>Substrate appropri\u00e9 pour la plantation et la culture de plantes horticoles et ornementales dans des bacs et des conteneurs de cellules multiples. Merci de sa capacit\u00e9 \u00e0 s&rsquo;\u00e9couler correctement, le substrat est id\u00e9al pour une utilisation dans des lignes de remplissage automatique, ainsi que tous les syst\u00e8mes d&rsquo;exploitation modernes.<\/p>\n","protected":false},"excerpt":{"rendered":"<p>Substrat de structure fine et fertilis\u00e9e, la composition approximative de la tourbe blanche et la tourbe noire, et il faut engrais NPK 18-10-20 et les oligo-\u00e9l\u00e9ments. Substrate appropri\u00e9 pour la plantation et la culture de plantes horticoles et ornementales dans des bacs et des conteneurs de cellules multiples. Merci de sa capacit\u00e9 \u00e0 s&rsquo;\u00e9couler correctement, [&hellip;]<\/p>\n","protected":false},"featured_media":15283,"comment_status":"closed","ping_status":"closed","template":"","meta":{"_acf_changed":false,"inline_featured_image":false},"product_brand":[],"product_cat":[216,219],"product_tag":[538,582,612,614,618],"sectores":[371,369],"class_list":{"0":"post-10127","1":"product","2":"type-product","3":"status-publish","4":"has-post-thumbnail","6":"product_cat-tourbes-et-tourbes-substrates","7":"product_cat-terreaux-pour-la-culture","8":"product_tag-distribution-de-tourbe-espagne","9":"product_tag-plantaflor-espagne","10":"product_tag-tourbe-de-la-baltique","11":"product_tag-tourbe-du-nord","12":"product_tag-vente-de-tourbe","13":"sectores-fructiculture-et-horticulture","14":"sectores-centres-de-jardinerie","16":"first","17":"instock","18":"product-type-simple"},"acf":[],"yoast_head":"<!-- This site is optimized with the Yoast SEO plugin v26.7 - https:\/\/yoast.com\/wordpress\/plugins\/seo\/ -->\n<title>SUBSTRATE PLANTAFLOR POUR PLATEAUX | Bur\u00e9s Profesional<\/title>\n<meta name=\"robots\" content=\"index, follow, max-snippet:-1, max-image-preview:large, max-video-preview:-1\" \/>\n<link rel=\"canonical\" href=\"https:\/\/www.burespro.com\/fr\/product\/substrate-plantaflor-pour-plateaux\/\" \/>\n<meta property=\"og:locale\" content=\"fr_FR\" \/>\n<meta property=\"og:type\" content=\"article\" \/>\n<meta property=\"og:title\" content=\"SUBSTRATE PLANTAFLOR POUR PLATEAUX | Bur\u00e9s Profesional\" \/>\n<meta property=\"og:description\" content=\"Substrat de structure fine et fertilis\u00e9e, la composition approximative de la tourbe blanche et la tourbe noire, et il faut engrais NPK 18-10-20 et les oligo-\u00e9l\u00e9ments. Substrate appropri\u00e9 pour la plantation et la culture de plantes horticoles et ornementales dans des bacs et des conteneurs de cellules multiples. Merci de sa capacit\u00e9 \u00e0 s&rsquo;\u00e9couler correctement, [&hellip;]\" \/>\n<meta property=\"og:url\" content=\"https:\/\/www.burespro.com\/fr\/product\/substrate-plantaflor-pour-plateaux\/\" \/>\n<meta property=\"og:site_name\" content=\"Bur\u00e9s Profesional\" \/>\n<meta property=\"article:publisher\" content=\"https:\/\/www.facebook.com\/buresprofesionalsa\" \/>\n<meta property=\"article:modified_time\" content=\"2020-08-12T10:29:31+00:00\" \/>\n<meta property=\"og:image\" content=\"https:\/\/www.burespro.com\/wp-content\/uploads\/2020\/03\/plantaflor-sustrato-para-plantas-j\u00f3venes1200x670-1.png\" \/>\n\t<meta property=\"og:image:width\" content=\"1200\" \/>\n\t<meta property=\"og:image:height\" content=\"666\" \/>\n\t<meta property=\"og:image:type\" content=\"image\/png\" \/>\n<meta name=\"twitter:card\" content=\"summary_large_image\" \/>\n<script type=\"application\/ld+json\" class=\"yoast-schema-graph\">{\"@context\":\"https:\/\/schema.org\",\"@graph\":[{\"@type\":\"WebPage\",\"@id\":\"https:\/\/www.burespro.com\/fr\/product\/substrate-plantaflor-pour-plateaux\/\",\"url\":\"https:\/\/www.burespro.com\/fr\/product\/substrate-plantaflor-pour-plateaux\/\",\"name\":\"SUBSTRATE PLANTAFLOR POUR PLATEAUX | Bur\u00e9s Profesional\",\"isPartOf\":{\"@id\":\"https:\/\/www.burespro.com\/#website\"},\"primaryImageOfPage\":{\"@id\":\"https:\/\/www.burespro.com\/fr\/product\/substrate-plantaflor-pour-plateaux\/#primaryimage\"},\"image\":{\"@id\":\"https:\/\/www.burespro.com\/fr\/product\/substrate-plantaflor-pour-plateaux\/#primaryimage\"},\"thumbnailUrl\":\"https:\/\/www.burespro.com\/wp-content\/uploads\/2020\/03\/plantaflor-sustrato-para-plantas-j\u00f3venes1200x670-1.png\",\"datePublished\":\"2020-03-10T15:39:43+00:00\",\"dateModified\":\"2020-08-12T10:29:31+00:00\",\"breadcrumb\":{\"@id\":\"https:\/\/www.burespro.com\/fr\/product\/substrate-plantaflor-pour-plateaux\/#breadcrumb\"},\"inLanguage\":\"fr-FR\",\"potentialAction\":[{\"@type\":\"ReadAction\",\"target\":[\"https:\/\/www.burespro.com\/fr\/product\/substrate-plantaflor-pour-plateaux\/\"]}]},{\"@type\":\"ImageObject\",\"inLanguage\":\"fr-FR\",\"@id\":\"https:\/\/www.burespro.com\/fr\/product\/substrate-plantaflor-pour-plateaux\/#primaryimage\",\"url\":\"https:\/\/www.burespro.com\/wp-content\/uploads\/2020\/03\/plantaflor-sustrato-para-plantas-j\u00f3venes1200x670-1.png\",\"contentUrl\":\"https:\/\/www.burespro.com\/wp-content\/uploads\/2020\/03\/plantaflor-sustrato-para-plantas-j\u00f3venes1200x670-1.png\",\"width\":1200,\"height\":666},{\"@type\":\"BreadcrumbList\",\"@id\":\"https:\/\/www.burespro.com\/fr\/product\/substrate-plantaflor-pour-plateaux\/#breadcrumb\",\"itemListElement\":[{\"@type\":\"ListItem\",\"position\":1,\"name\":\"Inici\",\"item\":\"https:\/\/www.burespro.com\/fr\/\"},{\"@type\":\"ListItem\",\"position\":2,\"name\":\"Boutique\",\"item\":\"https:\/\/www.burespro.com\/fr\/substrats-engrais\/\"},{\"@type\":\"ListItem\",\"position\":3,\"name\":\"SUBSTRATE PLANTAFLOR POUR PLATEAUX\"}]},{\"@type\":\"WebSite\",\"@id\":\"https:\/\/www.burespro.com\/#website\",\"url\":\"https:\/\/www.burespro.com\/\",\"name\":\"Bur\u00e9s Profesional\",\"description\":\"Fabricants de terres, substrats de cultiu, fertilitzants i adobs org\u00e0nics\",\"potentialAction\":[{\"@type\":\"SearchAction\",\"target\":{\"@type\":\"EntryPoint\",\"urlTemplate\":\"https:\/\/www.burespro.com\/?s={search_term_string}\"},\"query-input\":{\"@type\":\"PropertyValueSpecification\",\"valueRequired\":true,\"valueName\":\"search_term_string\"}}],\"inLanguage\":\"fr-FR\"}]}<\/script>\n<!-- \/ Yoast SEO plugin. -->","yoast_head_json":{"title":"SUBSTRATE PLANTAFLOR POUR PLATEAUX | Bur\u00e9s Profesional","robots":{"index":"index","follow":"follow","max-snippet":"max-snippet:-1","max-image-preview":"max-image-preview:large","max-video-preview":"max-video-preview:-1"},"canonical":"https:\/\/www.burespro.com\/fr\/product\/substrate-plantaflor-pour-plateaux\/","og_locale":"fr_FR","og_type":"article","og_title":"SUBSTRATE PLANTAFLOR POUR PLATEAUX | Bur\u00e9s Profesional","og_description":"Substrat de structure fine et fertilis\u00e9e, la composition approximative de la tourbe blanche et la tourbe noire, et il faut engrais NPK 18-10-20 et les oligo-\u00e9l\u00e9ments. Substrate appropri\u00e9 pour la plantation et la culture de plantes horticoles et ornementales dans des bacs et des conteneurs de cellules multiples. Merci de sa capacit\u00e9 \u00e0 s&rsquo;\u00e9couler correctement, [&hellip;]","og_url":"https:\/\/www.burespro.com\/fr\/product\/substrate-plantaflor-pour-plateaux\/","og_site_name":"Bur\u00e9s Profesional","article_publisher":"https:\/\/www.facebook.com\/buresprofesionalsa","article_modified_time":"2020-08-12T10:29:31+00:00","og_image":[{"width":1200,"height":666,"url":"https:\/\/www.burespro.com\/wp-content\/uploads\/2020\/03\/plantaflor-sustrato-para-plantas-j\u00f3venes1200x670-1.png","type":"image\/png"}],"twitter_card":"summary_large_image","schema":{"@context":"https:\/\/schema.org","@graph":[{"@type":"WebPage","@id":"https:\/\/www.burespro.com\/fr\/product\/substrate-plantaflor-pour-plateaux\/","url":"https:\/\/www.burespro.com\/fr\/product\/substrate-plantaflor-pour-plateaux\/","name":"SUBSTRATE PLANTAFLOR POUR PLATEAUX | Bur\u00e9s Profesional","isPartOf":{"@id":"https:\/\/www.burespro.com\/#website"},"primaryImageOfPage":{"@id":"https:\/\/www.burespro.com\/fr\/product\/substrate-plantaflor-pour-plateaux\/#primaryimage"},"image":{"@id":"https:\/\/www.burespro.com\/fr\/product\/substrate-plantaflor-pour-plateaux\/#primaryimage"},"thumbnailUrl":"https:\/\/www.burespro.com\/wp-content\/uploads\/2020\/03\/plantaflor-sustrato-para-plantas-j\u00f3venes1200x670-1.png","datePublished":"2020-03-10T15:39:43+00:00","dateModified":"2020-08-12T10:29:31+00:00","breadcrumb":{"@id":"https:\/\/www.burespro.com\/fr\/product\/substrate-plantaflor-pour-plateaux\/#breadcrumb"},"inLanguage":"fr-FR","potentialAction":[{"@type":"ReadAction","target":["https:\/\/www.burespro.com\/fr\/product\/substrate-plantaflor-pour-plateaux\/"]}]},{"@type":"ImageObject","inLanguage":"fr-FR","@id":"https:\/\/www.burespro.com\/fr\/product\/substrate-plantaflor-pour-plateaux\/#primaryimage","url":"https:\/\/www.burespro.com\/wp-content\/uploads\/2020\/03\/plantaflor-sustrato-para-plantas-j\u00f3venes1200x670-1.png","contentUrl":"https:\/\/www.burespro.com\/wp-content\/uploads\/2020\/03\/plantaflor-sustrato-para-plantas-j\u00f3venes1200x670-1.png","width":1200,"height":666},{"@type":"BreadcrumbList","@id":"https:\/\/www.burespro.com\/fr\/product\/substrate-plantaflor-pour-plateaux\/#breadcrumb","itemListElement":[{"@type":"ListItem","position":1,"name":"Inici","item":"https:\/\/www.burespro.com\/fr\/"},{"@type":"ListItem","position":2,"name":"Boutique","item":"https:\/\/www.burespro.com\/fr\/substrats-engrais\/"},{"@type":"ListItem","position":3,"name":"SUBSTRATE PLANTAFLOR POUR PLATEAUX"}]},{"@type":"WebSite","@id":"https:\/\/www.burespro.com\/#website","url":"https:\/\/www.burespro.com\/","name":"Bur\u00e9s Profesional","description":"Fabricants de terres, substrats de cultiu, fertilitzants i adobs org\u00e0nics","potentialAction":[{"@type":"SearchAction","target":{"@type":"EntryPoint","urlTemplate":"https:\/\/www.burespro.com\/?s={search_term_string}"},"query-input":{"@type":"PropertyValueSpecification","valueRequired":true,"valueName":"search_term_string"}}],"inLanguage":"fr-FR"}]}},"_links":{"self":[{"href":"https:\/\/www.burespro.com\/fr\/wp-json\/wp\/v2\/product\/10127","targetHints":{"allow":["GET"]}}],"collection":[{"href":"https:\/\/www.burespro.com\/fr\/wp-json\/wp\/v2\/product"}],"about":[{"href":"https:\/\/www.burespro.com\/fr\/wp-json\/wp\/v2\/types\/product"}],"replies":[{"embeddable":true,"href":"https:\/\/www.burespro.com\/fr\/wp-json\/wp\/v2\/comments?post=10127"}],"wp:featuredmedia":[{"embeddable":true,"href":"https:\/\/www.burespro.com\/fr\/wp-json\/wp\/v2\/media\/15283"}],"wp:attachment":[{"href":"https:\/\/www.burespro.com\/fr\/wp-json\/wp\/v2\/media?parent=10127"}],"wp:term":[{"taxonomy":"product_brand","embeddable":true,"href":"https:\/\/www.burespro.com\/fr\/wp-json\/wp\/v2\/product_brand?post=10127"},{"taxonomy":"product_cat","embeddable":true,"href":"https:\/\/www.burespro.com\/fr\/wp-json\/wp\/v2\/product_cat?post=10127"},{"taxonomy":"product_tag","embeddable":true,"href":"https:\/\/www.burespro.com\/fr\/wp-json\/wp\/v2\/product_tag?post=10127"},{"taxonomy":"sectores","embeddable":true,"href":"https:\/\/www.burespro.com\/fr\/wp-json\/wp\/v2\/sectores?post=10127"}],"curies":[{"name":"wp","href":"https:\/\/api.w.org\/{rel}","templated":true}]}}