{"id":10113,"date":"2020-03-10T14:35:51","date_gmt":"2020-03-10T15:39:43","guid":{"rendered":"https:\/\/burespro.neorgvirtual.com\/product\/substrate-plantaflor-pour-jeunes-plantes-avec-perlite\/"},"modified":"2020-08-12T12:10:28","modified_gmt":"2020-08-12T10:10:28","slug":"substrate-plantaflor-pour-jeunes-plantes-avec-perlite","status":"publish","type":"product","link":"https:\/\/www.burespro.com\/fr\/product\/substrate-plantaflor-pour-jeunes-plantes-avec-perlite\/","title":{"rendered":"SUBSTRATE PLANTAFLOR POUR JEUNES PLANTES AVEC PERLITE"},"content":{"rendered":"<p>Substrate Plantaflor pour jeunes plantes de texture fine et composition environ 50% de tourbe blonde, 50% de tourbe noire et de perlite.<\/p>\n<p>Substrate appropri\u00e9 pour la plantation et le repiquage des jeunes plants, son d\u00e9veloppement v\u00e9g\u00e9tatif, et de lever les cultures sensibles au sel, \u00e0 l&rsquo;exception des plantes acidophiles. Il est \u00e9galement adapt\u00e9 pour le remplissage des bacs et des lignes automatiques pr\u00e9vues.<\/p>\n","protected":false},"excerpt":{"rendered":"<p>Substrate Plantaflor pour jeunes plantes de texture fine et composition environ 50% de tourbe blonde, 50% de tourbe noire et de perlite. Substrate appropri\u00e9 pour la plantation et le repiquage des jeunes plants, son d\u00e9veloppement v\u00e9g\u00e9tatif, et de lever les cultures sensibles au sel, \u00e0 l&rsquo;exception des plantes acidophiles. Il est \u00e9galement adapt\u00e9 pour le [&hellip;]<\/p>\n","protected":false},"featured_media":15279,"comment_status":"closed","ping_status":"closed","template":"","meta":{"_acf_changed":false,"inline_featured_image":false},"product_brand":[],"product_cat":[216,219],"product_tag":[538,582,612,614,618],"sectores":[371,369],"class_list":{"0":"post-10113","1":"product","2":"type-product","3":"status-publish","4":"has-post-thumbnail","6":"product_cat-tourbes-et-tourbes-substrates","7":"product_cat-terreaux-pour-la-culture","8":"product_tag-distribution-de-tourbe-espagne","9":"product_tag-plantaflor-espagne","10":"product_tag-tourbe-de-la-baltique","11":"product_tag-tourbe-du-nord","12":"product_tag-vente-de-tourbe","13":"sectores-fructiculture-et-horticulture","14":"sectores-centres-de-jardinerie","16":"first","17":"instock","18":"product-type-simple"},"acf":[],"yoast_head":"<!-- This site is optimized with the Yoast SEO plugin v26.7 - https:\/\/yoast.com\/wordpress\/plugins\/seo\/ -->\n<title>SUBSTRATE PLANTAFLOR POUR JEUNES PLANTES AVEC PERLITE | Bur\u00e9s Profesional<\/title>\n<meta name=\"description\" content=\"Substrate Plantaflor pour jeunes plantes de texture fine et composition environ 50% de tourbe blonde, 50% de tourbe noire et de perlite.\" \/>\n<meta name=\"robots\" content=\"index, follow, max-snippet:-1, max-image-preview:large, max-video-preview:-1\" \/>\n<link rel=\"canonical\" href=\"https:\/\/www.burespro.com\/fr\/product\/substrate-plantaflor-pour-jeunes-plantes-avec-perlite\/\" \/>\n<meta property=\"og:locale\" content=\"fr_FR\" \/>\n<meta property=\"og:type\" content=\"article\" \/>\n<meta property=\"og:title\" content=\"SUBSTRATE PLANTAFLOR POUR JEUNES PLANTES AVEC PERLITE | Bur\u00e9s Profesional\" \/>\n<meta property=\"og:description\" content=\"Substrate Plantaflor pour jeunes plantes de texture fine et composition environ 50% de tourbe blonde, 50% de tourbe noire et de perlite.\" \/>\n<meta property=\"og:url\" content=\"https:\/\/www.burespro.com\/fr\/product\/substrate-plantaflor-pour-jeunes-plantes-avec-perlite\/\" \/>\n<meta property=\"og:site_name\" content=\"Bur\u00e9s Profesional\" \/>\n<meta property=\"article:publisher\" content=\"https:\/\/www.facebook.com\/buresprofesionalsa\" \/>\n<meta property=\"article:modified_time\" content=\"2020-08-12T10:10:28+00:00\" \/>\n<meta property=\"og:image\" content=\"https:\/\/www.burespro.com\/wp-content\/uploads\/2020\/03\/plantaflor-sustrato-para-plantas-j\u00f3venes1200x670.png\" \/>\n\t<meta property=\"og:image:width\" content=\"1200\" \/>\n\t<meta property=\"og:image:height\" content=\"666\" \/>\n\t<meta property=\"og:image:type\" content=\"image\/png\" \/>\n<meta name=\"twitter:card\" content=\"summary_large_image\" \/>\n<script type=\"application\/ld+json\" class=\"yoast-schema-graph\">{\"@context\":\"https:\/\/schema.org\",\"@graph\":[{\"@type\":\"WebPage\",\"@id\":\"https:\/\/www.burespro.com\/fr\/product\/substrate-plantaflor-pour-jeunes-plantes-avec-perlite\/\",\"url\":\"https:\/\/www.burespro.com\/fr\/product\/substrate-plantaflor-pour-jeunes-plantes-avec-perlite\/\",\"name\":\"SUBSTRATE PLANTAFLOR POUR JEUNES PLANTES AVEC PERLITE | Bur\u00e9s Profesional\",\"isPartOf\":{\"@id\":\"https:\/\/www.burespro.com\/#website\"},\"primaryImageOfPage\":{\"@id\":\"https:\/\/www.burespro.com\/fr\/product\/substrate-plantaflor-pour-jeunes-plantes-avec-perlite\/#primaryimage\"},\"image\":{\"@id\":\"https:\/\/www.burespro.com\/fr\/product\/substrate-plantaflor-pour-jeunes-plantes-avec-perlite\/#primaryimage\"},\"thumbnailUrl\":\"https:\/\/www.burespro.com\/wp-content\/uploads\/2020\/03\/plantaflor-sustrato-para-plantas-j\u00f3venes1200x670.png\",\"datePublished\":\"2020-03-10T15:39:43+00:00\",\"dateModified\":\"2020-08-12T10:10:28+00:00\",\"description\":\"Substrate Plantaflor pour jeunes plantes de texture fine et composition environ 50% de tourbe blonde, 50% de tourbe noire et de perlite.\",\"breadcrumb\":{\"@id\":\"https:\/\/www.burespro.com\/fr\/product\/substrate-plantaflor-pour-jeunes-plantes-avec-perlite\/#breadcrumb\"},\"inLanguage\":\"fr-FR\",\"potentialAction\":[{\"@type\":\"ReadAction\",\"target\":[\"https:\/\/www.burespro.com\/fr\/product\/substrate-plantaflor-pour-jeunes-plantes-avec-perlite\/\"]}]},{\"@type\":\"ImageObject\",\"inLanguage\":\"fr-FR\",\"@id\":\"https:\/\/www.burespro.com\/fr\/product\/substrate-plantaflor-pour-jeunes-plantes-avec-perlite\/#primaryimage\",\"url\":\"https:\/\/www.burespro.com\/wp-content\/uploads\/2020\/03\/plantaflor-sustrato-para-plantas-j\u00f3venes1200x670.png\",\"contentUrl\":\"https:\/\/www.burespro.com\/wp-content\/uploads\/2020\/03\/plantaflor-sustrato-para-plantas-j\u00f3venes1200x670.png\",\"width\":1200,\"height\":666},{\"@type\":\"BreadcrumbList\",\"@id\":\"https:\/\/www.burespro.com\/fr\/product\/substrate-plantaflor-pour-jeunes-plantes-avec-perlite\/#breadcrumb\",\"itemListElement\":[{\"@type\":\"ListItem\",\"position\":1,\"name\":\"Inici\",\"item\":\"https:\/\/www.burespro.com\/fr\/\"},{\"@type\":\"ListItem\",\"position\":2,\"name\":\"Boutique\",\"item\":\"https:\/\/www.burespro.com\/fr\/substrats-engrais\/\"},{\"@type\":\"ListItem\",\"position\":3,\"name\":\"SUBSTRATE PLANTAFLOR POUR JEUNES PLANTES AVEC PERLITE\"}]},{\"@type\":\"WebSite\",\"@id\":\"https:\/\/www.burespro.com\/#website\",\"url\":\"https:\/\/www.burespro.com\/\",\"name\":\"Bur\u00e9s Profesional\",\"description\":\"Fabricants de terres, substrats de cultiu, fertilitzants i adobs org\u00e0nics\",\"potentialAction\":[{\"@type\":\"SearchAction\",\"target\":{\"@type\":\"EntryPoint\",\"urlTemplate\":\"https:\/\/www.burespro.com\/?s={search_term_string}\"},\"query-input\":{\"@type\":\"PropertyValueSpecification\",\"valueRequired\":true,\"valueName\":\"search_term_string\"}}],\"inLanguage\":\"fr-FR\"}]}<\/script>\n<!-- \/ Yoast SEO plugin. -->","yoast_head_json":{"title":"SUBSTRATE PLANTAFLOR POUR JEUNES PLANTES AVEC PERLITE | Bur\u00e9s Profesional","description":"Substrate Plantaflor pour jeunes plantes de texture fine et composition environ 50% de tourbe blonde, 50% de tourbe noire et de perlite.","robots":{"index":"index","follow":"follow","max-snippet":"max-snippet:-1","max-image-preview":"max-image-preview:large","max-video-preview":"max-video-preview:-1"},"canonical":"https:\/\/www.burespro.com\/fr\/product\/substrate-plantaflor-pour-jeunes-plantes-avec-perlite\/","og_locale":"fr_FR","og_type":"article","og_title":"SUBSTRATE PLANTAFLOR POUR JEUNES PLANTES AVEC PERLITE | Bur\u00e9s Profesional","og_description":"Substrate Plantaflor pour jeunes plantes de texture fine et composition environ 50% de tourbe blonde, 50% de tourbe noire et de perlite.","og_url":"https:\/\/www.burespro.com\/fr\/product\/substrate-plantaflor-pour-jeunes-plantes-avec-perlite\/","og_site_name":"Bur\u00e9s Profesional","article_publisher":"https:\/\/www.facebook.com\/buresprofesionalsa","article_modified_time":"2020-08-12T10:10:28+00:00","og_image":[{"width":1200,"height":666,"url":"https:\/\/www.burespro.com\/wp-content\/uploads\/2020\/03\/plantaflor-sustrato-para-plantas-j\u00f3venes1200x670.png","type":"image\/png"}],"twitter_card":"summary_large_image","schema":{"@context":"https:\/\/schema.org","@graph":[{"@type":"WebPage","@id":"https:\/\/www.burespro.com\/fr\/product\/substrate-plantaflor-pour-jeunes-plantes-avec-perlite\/","url":"https:\/\/www.burespro.com\/fr\/product\/substrate-plantaflor-pour-jeunes-plantes-avec-perlite\/","name":"SUBSTRATE PLANTAFLOR POUR JEUNES PLANTES AVEC PERLITE | Bur\u00e9s Profesional","isPartOf":{"@id":"https:\/\/www.burespro.com\/#website"},"primaryImageOfPage":{"@id":"https:\/\/www.burespro.com\/fr\/product\/substrate-plantaflor-pour-jeunes-plantes-avec-perlite\/#primaryimage"},"image":{"@id":"https:\/\/www.burespro.com\/fr\/product\/substrate-plantaflor-pour-jeunes-plantes-avec-perlite\/#primaryimage"},"thumbnailUrl":"https:\/\/www.burespro.com\/wp-content\/uploads\/2020\/03\/plantaflor-sustrato-para-plantas-j\u00f3venes1200x670.png","datePublished":"2020-03-10T15:39:43+00:00","dateModified":"2020-08-12T10:10:28+00:00","description":"Substrate Plantaflor pour jeunes plantes de texture fine et composition environ 50% de tourbe blonde, 50% de tourbe noire et de perlite.","breadcrumb":{"@id":"https:\/\/www.burespro.com\/fr\/product\/substrate-plantaflor-pour-jeunes-plantes-avec-perlite\/#breadcrumb"},"inLanguage":"fr-FR","potentialAction":[{"@type":"ReadAction","target":["https:\/\/www.burespro.com\/fr\/product\/substrate-plantaflor-pour-jeunes-plantes-avec-perlite\/"]}]},{"@type":"ImageObject","inLanguage":"fr-FR","@id":"https:\/\/www.burespro.com\/fr\/product\/substrate-plantaflor-pour-jeunes-plantes-avec-perlite\/#primaryimage","url":"https:\/\/www.burespro.com\/wp-content\/uploads\/2020\/03\/plantaflor-sustrato-para-plantas-j\u00f3venes1200x670.png","contentUrl":"https:\/\/www.burespro.com\/wp-content\/uploads\/2020\/03\/plantaflor-sustrato-para-plantas-j\u00f3venes1200x670.png","width":1200,"height":666},{"@type":"BreadcrumbList","@id":"https:\/\/www.burespro.com\/fr\/product\/substrate-plantaflor-pour-jeunes-plantes-avec-perlite\/#breadcrumb","itemListElement":[{"@type":"ListItem","position":1,"name":"Inici","item":"https:\/\/www.burespro.com\/fr\/"},{"@type":"ListItem","position":2,"name":"Boutique","item":"https:\/\/www.burespro.com\/fr\/substrats-engrais\/"},{"@type":"ListItem","position":3,"name":"SUBSTRATE PLANTAFLOR POUR JEUNES PLANTES AVEC PERLITE"}]},{"@type":"WebSite","@id":"https:\/\/www.burespro.com\/#website","url":"https:\/\/www.burespro.com\/","name":"Bur\u00e9s Profesional","description":"Fabricants de terres, substrats de cultiu, fertilitzants i adobs org\u00e0nics","potentialAction":[{"@type":"SearchAction","target":{"@type":"EntryPoint","urlTemplate":"https:\/\/www.burespro.com\/?s={search_term_string}"},"query-input":{"@type":"PropertyValueSpecification","valueRequired":true,"valueName":"search_term_string"}}],"inLanguage":"fr-FR"}]}},"_links":{"self":[{"href":"https:\/\/www.burespro.com\/fr\/wp-json\/wp\/v2\/product\/10113","targetHints":{"allow":["GET"]}}],"collection":[{"href":"https:\/\/www.burespro.com\/fr\/wp-json\/wp\/v2\/product"}],"about":[{"href":"https:\/\/www.burespro.com\/fr\/wp-json\/wp\/v2\/types\/product"}],"replies":[{"embeddable":true,"href":"https:\/\/www.burespro.com\/fr\/wp-json\/wp\/v2\/comments?post=10113"}],"wp:featuredmedia":[{"embeddable":true,"href":"https:\/\/www.burespro.com\/fr\/wp-json\/wp\/v2\/media\/15279"}],"wp:attachment":[{"href":"https:\/\/www.burespro.com\/fr\/wp-json\/wp\/v2\/media?parent=10113"}],"wp:term":[{"taxonomy":"product_brand","embeddable":true,"href":"https:\/\/www.burespro.com\/fr\/wp-json\/wp\/v2\/product_brand?post=10113"},{"taxonomy":"product_cat","embeddable":true,"href":"https:\/\/www.burespro.com\/fr\/wp-json\/wp\/v2\/product_cat?post=10113"},{"taxonomy":"product_tag","embeddable":true,"href":"https:\/\/www.burespro.com\/fr\/wp-json\/wp\/v2\/product_tag?post=10113"},{"taxonomy":"sectores","embeddable":true,"href":"https:\/\/www.burespro.com\/fr\/wp-json\/wp\/v2\/sectores?post=10113"}],"curies":[{"name":"wp","href":"https:\/\/api.w.org\/{rel}","templated":true}]}}