{"id":10094,"date":"2020-03-10T14:35:51","date_gmt":"2020-03-10T15:39:02","guid":{"rendered":"https:\/\/burespro.neorgvirtual.com\/product\/substrate-pour-pavements-bss-20-40\/"},"modified":"2020-03-11T11:57:33","modified_gmt":"2020-03-11T11:57:33","slug":"substrate-pour-pavements-bss-20-40","status":"publish","type":"product","link":"https:\/\/www.burespro.com\/fr\/product\/substrate-pour-pavements-bss-20-40\/","title":{"rendered":"SUBSTRATE POUR PAVEMENTS BSS 20\/40"},"content":{"rendered":"<p>Les nouveaux quartiers r\u00e9sidentiels, ainsi que les nouvelles infrastructures de transport, soulignent la n\u00e9cessit\u00e9 de r\u00e9cup\u00e9rer des espaces verts pour am\u00e9liorer la sant\u00e9 de notre environnement, ainsi que notre bien-\u00eatre. <br \/>\nLes toitures paysag\u00e9es ou \u00e9cologiques peuvent r\u00e9duire localement l&rsquo;impact environnemental des b\u00e2timents, en plus d&rsquo;offrir une multitude d&rsquo;avantages \u00e9conomiques et \u00e9cologiques: <br \/>\n\u2022 Gestion et utilisation des eaux pluviales. <br \/>\n\u2022 \u00c9conomie d&rsquo;\u00e9nergie: isolation thermique, protection contre les coups de soleil directs. <br \/>\n\u2022 Att\u00e9nuation de l&rsquo;effet \u00ab \u00eelot de chaleur urbain \u00bb. <br \/>\n\u2022 Augmente la long\u00e9vit\u00e9 des membranes isolantes des toitures. <br \/>\n\u2022 Cr\u00e9ation d&rsquo;un environnement plus esth\u00e9tique et agr\u00e9able pour vivre et voyager. <br \/>\nMais pour profiter de tous les avantages qu&rsquo;un toit paysager nous offre, il faut une s\u00e9lection ad\u00e9quate des esp\u00e8ces v\u00e9g\u00e9tales \u00e0 implanter, et bien s\u00fbr, un substrat de croissance adapt\u00e9. <\/p>\n<p>CARACT\u00c9RISTIQUES <br \/>\nLe substrat BVM-2 convient \u00e0 la culture d&rsquo;esp\u00e8ces v\u00e9g\u00e9tales \u00e0 faible besoin d&rsquo;irrigation; Esp\u00e8ce de type sedum. <\/p>\n<p>COMPOSITION <br \/>\nLe substrat BVM-2 pour toitures paysag\u00e8res, est formul\u00e9 principalement \u00e0 partir de sable volcanique de granulom\u00e9trie 0-6 mm (> 80% en poids), provenant des carri\u00e8res de la soci\u00e9t\u00e9 BUR\u00c9S PROFESIONAL, SA, avec un faible pourcentage de fraction L\u00e9gume biologique <br \/>\nLe compost v\u00e9g\u00e9tal apporte toutes les qualit\u00e9s d&rsquo;un amendement organique; La pr\u00e9sence de mati\u00e8re organique favorise la r\u00e9tention d&rsquo;eau en plus de maintenir la structure du substrat et \u00e0 long terme, lib\u00e8re progressivement les nutriments \u00e0 petites doses. <br \/>\nEn revanche, le mat\u00e9riau volcanique met en \u00e9vidence sa bonne a\u00e9ration (porosit\u00e9), son inertie chimique et la stabilit\u00e9 de sa structure. <br \/>\nLe m\u00e9lange pr\u00e9cis de ses composants garantit l&rsquo;efficacit\u00e9 du substrat, avec un drainage et une a\u00e9ration ad\u00e9quate aux besoins du rev\u00eatement v\u00e9g\u00e9tal. <br \/>\nDe plus, le substrat BMV-2 comprend dans sa formulation un engrais de fond (NPK + MgO) pour faciliter l&rsquo;enracinement de la culture. <br \/>\nIl convient de noter que la forte teneur en min\u00e9raux du substrat lui permet de ne pas dispara\u00eetre sous l&rsquo;action du vent ou de l&rsquo;eau (\u00e9rosion), n&rsquo;est pas compact\u00e9 dans le temps et ne favorise pas non plus la croissance des mauvaises herbes, assurant ainsi un faible entretien <br \/>\nLe substrat exerce les fonctions de fourniture de nutriments, d&rsquo;eau et d&rsquo;oxyg\u00e8ne, en plus du support physique de la v\u00e9g\u00e9tation. <br \/>\nLe substrat BVM-2 a une bonne aptitude agronomique, mais surtout il se distingue par sa grande stabilit\u00e9 dans le temps et pour offrir un bon rapport d&rsquo;\u00e9change eau \/ air. <br \/>\nEn raison des caract\u00e9ristiques physico-chimiques de ce produit (forte porosit\u00e9 et drainage rapide du substrat), il est conseill\u00e9 d&rsquo;installer un programme d&rsquo;irrigation, pour garantir le bon \u00e9tat du toit vert pendant les p\u00e9riodes de faibles pr\u00e9cipitations et \/ ou de s\u00e9cheresse estivale. <\/p>\n<p>Avantages du produit: <br \/>\n\u2022 Drainage rapide et haute stabilit\u00e9 <br \/>\n\u2022 Substrat tr\u00e8s poreux <br \/>\n\u2022 Tr\u00e8s bon contr\u00f4le de l&rsquo;apparition des herbes adventices (mauvaises herbes). <br \/>\nD&rsquo;autre part, le compostage ant\u00e9rieur de sa fraction organique nous permet de nous assurer qu&rsquo;il s&rsquo;agit d&rsquo;un substrat exempt d&rsquo;agents phytopathog\u00e8nes et de graines de plantes adventices. <\/p>\n<p>PR\u00c9SENTATION <br \/>\nLe substrat BVM-2 pour les toits paysagers est servi en vrac et emball\u00e9 dans des big-bags d&rsquo;une capacit\u00e9 de 1 m3. <br \/>\nL&rsquo;ensemble du processus de fabrication, ainsi que notre produit final, sont soumis \u00e0 des contr\u00f4les de qualit\u00e9 stricts bas\u00e9s sur les normes ISO 9001 et 14001. <BR><\/p>\n","protected":false},"excerpt":{"rendered":"<p>Les nouveaux quartiers r\u00e9sidentiels, ainsi que les nouvelles infrastructures de transport, soulignent la n\u00e9cessit\u00e9 de r\u00e9cup\u00e9rer des espaces verts pour am\u00e9liorer la sant\u00e9 de notre environnement, ainsi que notre bien-\u00eatre. Les toitures paysag\u00e9es ou \u00e9cologiques peuvent r\u00e9duire localement l&rsquo;impact environnemental des b\u00e2timents, en plus d&rsquo;offrir une multitude d&rsquo;avantages \u00e9conomiques et \u00e9cologiques: \u2022 Gestion et utilisation [&hellip;]<\/p>\n","protected":false},"featured_media":1747,"comment_status":"closed","ping_status":"closed","template":"","meta":{"_acf_changed":false,"inline_featured_image":false},"product_brand":[],"product_cat":[217],"product_tag":[452,506,558,561,567,564,591,597,606,609],"sectores":[367,372,368],"class_list":{"0":"post-10094","1":"product","2":"type-product","3":"status-publish","4":"has-post-thumbnail","6":"product_cat-substrates-speciaux","7":"product_tag-bures-profesional-fr","8":"product_tag-construction-de-jardin","9":"product_tag-jardinage-de-gerone","10":"product_tag-jardinage-professionnel","11":"product_tag-materiel-de-jardinage","12":"product_tag-materiel-de-jardinage-girona","13":"product_tag-substrats-de-gerone","14":"product_tag-substrats-de-jardinage","15":"product_tag-substrats-en-croissance","16":"product_tag-supports-professionnels","17":"sectores-jardinage-professionnel-paysagisme","18":"sectores-genieux-publiques-et-civiles","19":"sectores-administrations-publiques","21":"first","22":"instock","23":"product-type-simple"},"acf":[],"yoast_head":"<!-- This site is optimized with the Yoast SEO plugin v26.7 - https:\/\/yoast.com\/wordpress\/plugins\/seo\/ -->\n<title>SUBSTRATE POUR PAVEMENTS BSS 20\/40 | Bur\u00e9s Profesional<\/title>\n<meta name=\"robots\" content=\"index, follow, max-snippet:-1, max-image-preview:large, max-video-preview:-1\" \/>\n<link rel=\"canonical\" href=\"https:\/\/www.burespro.com\/fr\/product\/substrate-pour-pavements-bss-20-40\/\" \/>\n<meta property=\"og:locale\" content=\"fr_FR\" \/>\n<meta property=\"og:type\" content=\"article\" \/>\n<meta property=\"og:title\" content=\"SUBSTRATE POUR PAVEMENTS BSS 20\/40 | Bur\u00e9s Profesional\" \/>\n<meta property=\"og:description\" content=\"Les nouveaux quartiers r\u00e9sidentiels, ainsi que les nouvelles infrastructures de transport, soulignent la n\u00e9cessit\u00e9 de r\u00e9cup\u00e9rer des espaces verts pour am\u00e9liorer la sant\u00e9 de notre environnement, ainsi que notre bien-\u00eatre. Les toitures paysag\u00e9es ou \u00e9cologiques peuvent r\u00e9duire localement l&rsquo;impact environnemental des b\u00e2timents, en plus d&rsquo;offrir une multitude d&rsquo;avantages \u00e9conomiques et \u00e9cologiques: \u2022 Gestion et utilisation [&hellip;]\" \/>\n<meta property=\"og:url\" content=\"https:\/\/www.burespro.com\/fr\/product\/substrate-pour-pavements-bss-20-40\/\" \/>\n<meta property=\"og:site_name\" content=\"Bur\u00e9s Profesional\" \/>\n<meta property=\"article:publisher\" content=\"https:\/\/www.facebook.com\/buresprofesionalsa\" \/>\n<meta property=\"article:modified_time\" content=\"2020-03-11T11:57:33+00:00\" \/>\n<meta property=\"og:image\" content=\"https:\/\/www.burespro.com\/wp-content\/uploads\/2020\/01\/459_medium.jpg\" \/>\n\t<meta property=\"og:image:width\" content=\"900\" \/>\n\t<meta property=\"og:image:height\" content=\"506\" \/>\n\t<meta property=\"og:image:type\" content=\"image\/jpeg\" \/>\n<meta name=\"twitter:card\" content=\"summary_large_image\" \/>\n<meta name=\"twitter:label1\" content=\"Dur\u00e9e de lecture estim\u00e9e\" \/>\n\t<meta name=\"twitter:data1\" content=\"3 minutes\" \/>\n<script type=\"application\/ld+json\" class=\"yoast-schema-graph\">{\"@context\":\"https:\/\/schema.org\",\"@graph\":[{\"@type\":\"WebPage\",\"@id\":\"https:\/\/www.burespro.com\/fr\/product\/substrate-pour-pavements-bss-20-40\/\",\"url\":\"https:\/\/www.burespro.com\/fr\/product\/substrate-pour-pavements-bss-20-40\/\",\"name\":\"SUBSTRATE POUR PAVEMENTS BSS 20\/40 | Bur\u00e9s Profesional\",\"isPartOf\":{\"@id\":\"https:\/\/www.burespro.com\/#website\"},\"primaryImageOfPage\":{\"@id\":\"https:\/\/www.burespro.com\/fr\/product\/substrate-pour-pavements-bss-20-40\/#primaryimage\"},\"image\":{\"@id\":\"https:\/\/www.burespro.com\/fr\/product\/substrate-pour-pavements-bss-20-40\/#primaryimage\"},\"thumbnailUrl\":\"https:\/\/www.burespro.com\/wp-content\/uploads\/2020\/01\/459_medium.jpg\",\"datePublished\":\"2020-03-10T15:39:02+00:00\",\"dateModified\":\"2020-03-11T11:57:33+00:00\",\"breadcrumb\":{\"@id\":\"https:\/\/www.burespro.com\/fr\/product\/substrate-pour-pavements-bss-20-40\/#breadcrumb\"},\"inLanguage\":\"fr-FR\",\"potentialAction\":[{\"@type\":\"ReadAction\",\"target\":[\"https:\/\/www.burespro.com\/fr\/product\/substrate-pour-pavements-bss-20-40\/\"]}]},{\"@type\":\"ImageObject\",\"inLanguage\":\"fr-FR\",\"@id\":\"https:\/\/www.burespro.com\/fr\/product\/substrate-pour-pavements-bss-20-40\/#primaryimage\",\"url\":\"https:\/\/www.burespro.com\/wp-content\/uploads\/2020\/01\/459_medium.jpg\",\"contentUrl\":\"https:\/\/www.burespro.com\/wp-content\/uploads\/2020\/01\/459_medium.jpg\",\"width\":900,\"height\":506},{\"@type\":\"BreadcrumbList\",\"@id\":\"https:\/\/www.burespro.com\/fr\/product\/substrate-pour-pavements-bss-20-40\/#breadcrumb\",\"itemListElement\":[{\"@type\":\"ListItem\",\"position\":1,\"name\":\"Inici\",\"item\":\"https:\/\/www.burespro.com\/fr\/\"},{\"@type\":\"ListItem\",\"position\":2,\"name\":\"Boutique\",\"item\":\"https:\/\/www.burespro.com\/fr\/substrats-engrais\/\"},{\"@type\":\"ListItem\",\"position\":3,\"name\":\"SUBSTRATE POUR PAVEMENTS BSS 20\/40\"}]},{\"@type\":\"WebSite\",\"@id\":\"https:\/\/www.burespro.com\/#website\",\"url\":\"https:\/\/www.burespro.com\/\",\"name\":\"Bur\u00e9s Profesional\",\"description\":\"Fabricants de terres, substrats de cultiu, fertilitzants i adobs org\u00e0nics\",\"potentialAction\":[{\"@type\":\"SearchAction\",\"target\":{\"@type\":\"EntryPoint\",\"urlTemplate\":\"https:\/\/www.burespro.com\/?s={search_term_string}\"},\"query-input\":{\"@type\":\"PropertyValueSpecification\",\"valueRequired\":true,\"valueName\":\"search_term_string\"}}],\"inLanguage\":\"fr-FR\"}]}<\/script>\n<!-- \/ Yoast SEO plugin. -->","yoast_head_json":{"title":"SUBSTRATE POUR PAVEMENTS BSS 20\/40 | Bur\u00e9s Profesional","robots":{"index":"index","follow":"follow","max-snippet":"max-snippet:-1","max-image-preview":"max-image-preview:large","max-video-preview":"max-video-preview:-1"},"canonical":"https:\/\/www.burespro.com\/fr\/product\/substrate-pour-pavements-bss-20-40\/","og_locale":"fr_FR","og_type":"article","og_title":"SUBSTRATE POUR PAVEMENTS BSS 20\/40 | Bur\u00e9s Profesional","og_description":"Les nouveaux quartiers r\u00e9sidentiels, ainsi que les nouvelles infrastructures de transport, soulignent la n\u00e9cessit\u00e9 de r\u00e9cup\u00e9rer des espaces verts pour am\u00e9liorer la sant\u00e9 de notre environnement, ainsi que notre bien-\u00eatre. Les toitures paysag\u00e9es ou \u00e9cologiques peuvent r\u00e9duire localement l&rsquo;impact environnemental des b\u00e2timents, en plus d&rsquo;offrir une multitude d&rsquo;avantages \u00e9conomiques et \u00e9cologiques: \u2022 Gestion et utilisation [&hellip;]","og_url":"https:\/\/www.burespro.com\/fr\/product\/substrate-pour-pavements-bss-20-40\/","og_site_name":"Bur\u00e9s Profesional","article_publisher":"https:\/\/www.facebook.com\/buresprofesionalsa","article_modified_time":"2020-03-11T11:57:33+00:00","og_image":[{"width":900,"height":506,"url":"https:\/\/www.burespro.com\/wp-content\/uploads\/2020\/01\/459_medium.jpg","type":"image\/jpeg"}],"twitter_card":"summary_large_image","twitter_misc":{"Dur\u00e9e de lecture estim\u00e9e":"3 minutes"},"schema":{"@context":"https:\/\/schema.org","@graph":[{"@type":"WebPage","@id":"https:\/\/www.burespro.com\/fr\/product\/substrate-pour-pavements-bss-20-40\/","url":"https:\/\/www.burespro.com\/fr\/product\/substrate-pour-pavements-bss-20-40\/","name":"SUBSTRATE POUR PAVEMENTS BSS 20\/40 | Bur\u00e9s Profesional","isPartOf":{"@id":"https:\/\/www.burespro.com\/#website"},"primaryImageOfPage":{"@id":"https:\/\/www.burespro.com\/fr\/product\/substrate-pour-pavements-bss-20-40\/#primaryimage"},"image":{"@id":"https:\/\/www.burespro.com\/fr\/product\/substrate-pour-pavements-bss-20-40\/#primaryimage"},"thumbnailUrl":"https:\/\/www.burespro.com\/wp-content\/uploads\/2020\/01\/459_medium.jpg","datePublished":"2020-03-10T15:39:02+00:00","dateModified":"2020-03-11T11:57:33+00:00","breadcrumb":{"@id":"https:\/\/www.burespro.com\/fr\/product\/substrate-pour-pavements-bss-20-40\/#breadcrumb"},"inLanguage":"fr-FR","potentialAction":[{"@type":"ReadAction","target":["https:\/\/www.burespro.com\/fr\/product\/substrate-pour-pavements-bss-20-40\/"]}]},{"@type":"ImageObject","inLanguage":"fr-FR","@id":"https:\/\/www.burespro.com\/fr\/product\/substrate-pour-pavements-bss-20-40\/#primaryimage","url":"https:\/\/www.burespro.com\/wp-content\/uploads\/2020\/01\/459_medium.jpg","contentUrl":"https:\/\/www.burespro.com\/wp-content\/uploads\/2020\/01\/459_medium.jpg","width":900,"height":506},{"@type":"BreadcrumbList","@id":"https:\/\/www.burespro.com\/fr\/product\/substrate-pour-pavements-bss-20-40\/#breadcrumb","itemListElement":[{"@type":"ListItem","position":1,"name":"Inici","item":"https:\/\/www.burespro.com\/fr\/"},{"@type":"ListItem","position":2,"name":"Boutique","item":"https:\/\/www.burespro.com\/fr\/substrats-engrais\/"},{"@type":"ListItem","position":3,"name":"SUBSTRATE POUR PAVEMENTS BSS 20\/40"}]},{"@type":"WebSite","@id":"https:\/\/www.burespro.com\/#website","url":"https:\/\/www.burespro.com\/","name":"Bur\u00e9s Profesional","description":"Fabricants de terres, substrats de cultiu, fertilitzants i adobs org\u00e0nics","potentialAction":[{"@type":"SearchAction","target":{"@type":"EntryPoint","urlTemplate":"https:\/\/www.burespro.com\/?s={search_term_string}"},"query-input":{"@type":"PropertyValueSpecification","valueRequired":true,"valueName":"search_term_string"}}],"inLanguage":"fr-FR"}]}},"_links":{"self":[{"href":"https:\/\/www.burespro.com\/fr\/wp-json\/wp\/v2\/product\/10094","targetHints":{"allow":["GET"]}}],"collection":[{"href":"https:\/\/www.burespro.com\/fr\/wp-json\/wp\/v2\/product"}],"about":[{"href":"https:\/\/www.burespro.com\/fr\/wp-json\/wp\/v2\/types\/product"}],"replies":[{"embeddable":true,"href":"https:\/\/www.burespro.com\/fr\/wp-json\/wp\/v2\/comments?post=10094"}],"wp:featuredmedia":[{"embeddable":true,"href":"https:\/\/www.burespro.com\/fr\/wp-json\/wp\/v2\/media\/1747"}],"wp:attachment":[{"href":"https:\/\/www.burespro.com\/fr\/wp-json\/wp\/v2\/media?parent=10094"}],"wp:term":[{"taxonomy":"product_brand","embeddable":true,"href":"https:\/\/www.burespro.com\/fr\/wp-json\/wp\/v2\/product_brand?post=10094"},{"taxonomy":"product_cat","embeddable":true,"href":"https:\/\/www.burespro.com\/fr\/wp-json\/wp\/v2\/product_cat?post=10094"},{"taxonomy":"product_tag","embeddable":true,"href":"https:\/\/www.burespro.com\/fr\/wp-json\/wp\/v2\/product_tag?post=10094"},{"taxonomy":"sectores","embeddable":true,"href":"https:\/\/www.burespro.com\/fr\/wp-json\/wp\/v2\/sectores?post=10094"}],"curies":[{"name":"wp","href":"https:\/\/api.w.org\/{rel}","templated":true}]}}