{"id":10093,"date":"2020-03-10T14:35:51","date_gmt":"2020-03-10T15:39:02","guid":{"rendered":"https:\/\/burespro.neorgvirtual.com\/product\/sable-silicique-rose\/"},"modified":"2020-04-02T13:04:46","modified_gmt":"2020-04-02T11:04:46","slug":"sable-silicique-rose","status":"publish","type":"product","link":"https:\/\/www.burespro.com\/fr\/product\/sable-silicique-rose\/","title":{"rendered":"SABLE SILICIQUE ROSE"},"content":{"rendered":"<p>Le sable siliceux est un \u00e9l\u00e9ment d\u00e9coratif tr\u00e8s appropri\u00e9 pour les jardins orientaux et asiatiques. En raison de sa taille de grain, il donne une personnalit\u00e9 diff\u00e9rente dans le jardin et permet de cr\u00e9er des espaces oppos\u00e9s dans la m\u00eame zone. Il est recommand\u00e9 de le placer sur des \u00e9l\u00e9ments secs du jardin, pour allonger son effet d\u00e9coratif.<\/p>\n","protected":false},"excerpt":{"rendered":"<p>Le sable siliceux est un \u00e9l\u00e9ment d\u00e9coratif tr\u00e8s appropri\u00e9 pour les jardins orientaux et asiatiques. En raison de sa taille de grain, il donne une personnalit\u00e9 diff\u00e9rente dans le jardin et permet de cr\u00e9er des espaces oppos\u00e9s dans la m\u00eame zone. Il est recommand\u00e9 de le placer sur des \u00e9l\u00e9ments secs du jardin, pour allonger [&hellip;]<\/p>\n","protected":false},"featured_media":14735,"comment_status":"closed","ping_status":"closed","template":"","meta":{"_acf_changed":false,"inline_featured_image":false},"product_brand":[],"product_cat":[704,414],"product_tag":[671,506,531,528,558,561,567,564],"sectores":[367,372,368,374],"class_list":{"0":"post-10093","1":"product","2":"type-product","3":"status-publish","4":"has-post-thumbnail","6":"product_cat-agregats-et-pierres","7":"product_cat-substrats-de-jardinage","8":"product_tag-agregats","9":"product_tag-construction-de-jardin","10":"product_tag-decoratif-mineral","11":"product_tag-decoration-de-jardin","12":"product_tag-jardinage-de-gerone","13":"product_tag-jardinage-professionnel","14":"product_tag-materiel-de-jardinage","15":"product_tag-materiel-de-jardinage-girona","16":"sectores-jardinage-professionnel-paysagisme","17":"sectores-genieux-publiques-et-civiles","18":"sectores-administrations-publiques","19":"sectores-terrains-de-sport-professionels","21":"first","22":"instock","23":"product-type-simple"},"acf":[],"yoast_head":"<!-- This site is optimized with the Yoast SEO plugin v26.7 - https:\/\/yoast.com\/wordpress\/plugins\/seo\/ -->\n<title>SABLE SILICIQUE ROSE | Bur\u00e9s Profesional<\/title>\n<meta name=\"robots\" content=\"index, follow, max-snippet:-1, max-image-preview:large, max-video-preview:-1\" \/>\n<link rel=\"canonical\" href=\"https:\/\/www.burespro.com\/fr\/product\/sable-silicique-rose\/\" \/>\n<meta property=\"og:locale\" content=\"fr_FR\" \/>\n<meta property=\"og:type\" content=\"article\" \/>\n<meta property=\"og:title\" content=\"SABLE SILICIQUE ROSE | Bur\u00e9s Profesional\" \/>\n<meta property=\"og:description\" content=\"Le sable siliceux est un \u00e9l\u00e9ment d\u00e9coratif tr\u00e8s appropri\u00e9 pour les jardins orientaux et asiatiques. En raison de sa taille de grain, il donne une personnalit\u00e9 diff\u00e9rente dans le jardin et permet de cr\u00e9er des espaces oppos\u00e9s dans la m\u00eame zone. Il est recommand\u00e9 de le placer sur des \u00e9l\u00e9ments secs du jardin, pour allonger [&hellip;]\" \/>\n<meta property=\"og:url\" content=\"https:\/\/www.burespro.com\/fr\/product\/sable-silicique-rose\/\" \/>\n<meta property=\"og:site_name\" content=\"Bur\u00e9s Profesional\" \/>\n<meta property=\"article:publisher\" content=\"https:\/\/www.facebook.com\/buresprofesionalsa\" \/>\n<meta property=\"article:modified_time\" content=\"2020-04-02T11:04:46+00:00\" \/>\n<meta property=\"og:image\" content=\"https:\/\/www.burespro.com\/wp-content\/uploads\/2020\/03\/ARENA-SIL\u00cdCICA-ROSA-1.jpg\" \/>\n\t<meta property=\"og:image:width\" content=\"700\" \/>\n\t<meta property=\"og:image:height\" content=\"700\" \/>\n\t<meta property=\"og:image:type\" content=\"image\/jpeg\" \/>\n<meta name=\"twitter:card\" content=\"summary_large_image\" \/>\n<script type=\"application\/ld+json\" class=\"yoast-schema-graph\">{\"@context\":\"https:\/\/schema.org\",\"@graph\":[{\"@type\":\"WebPage\",\"@id\":\"https:\/\/www.burespro.com\/fr\/product\/sable-silicique-rose\/\",\"url\":\"https:\/\/www.burespro.com\/fr\/product\/sable-silicique-rose\/\",\"name\":\"SABLE SILICIQUE ROSE | Bur\u00e9s Profesional\",\"isPartOf\":{\"@id\":\"https:\/\/www.burespro.com\/#website\"},\"primaryImageOfPage\":{\"@id\":\"https:\/\/www.burespro.com\/fr\/product\/sable-silicique-rose\/#primaryimage\"},\"image\":{\"@id\":\"https:\/\/www.burespro.com\/fr\/product\/sable-silicique-rose\/#primaryimage\"},\"thumbnailUrl\":\"https:\/\/www.burespro.com\/wp-content\/uploads\/2020\/03\/ARENA-SIL\u00cdCICA-ROSA-1.jpg\",\"datePublished\":\"2020-03-10T15:39:02+00:00\",\"dateModified\":\"2020-04-02T11:04:46+00:00\",\"breadcrumb\":{\"@id\":\"https:\/\/www.burespro.com\/fr\/product\/sable-silicique-rose\/#breadcrumb\"},\"inLanguage\":\"fr-FR\",\"potentialAction\":[{\"@type\":\"ReadAction\",\"target\":[\"https:\/\/www.burespro.com\/fr\/product\/sable-silicique-rose\/\"]}]},{\"@type\":\"ImageObject\",\"inLanguage\":\"fr-FR\",\"@id\":\"https:\/\/www.burespro.com\/fr\/product\/sable-silicique-rose\/#primaryimage\",\"url\":\"https:\/\/www.burespro.com\/wp-content\/uploads\/2020\/03\/ARENA-SIL\u00cdCICA-ROSA-1.jpg\",\"contentUrl\":\"https:\/\/www.burespro.com\/wp-content\/uploads\/2020\/03\/ARENA-SIL\u00cdCICA-ROSA-1.jpg\",\"width\":700,\"height\":700},{\"@type\":\"BreadcrumbList\",\"@id\":\"https:\/\/www.burespro.com\/fr\/product\/sable-silicique-rose\/#breadcrumb\",\"itemListElement\":[{\"@type\":\"ListItem\",\"position\":1,\"name\":\"Inici\",\"item\":\"https:\/\/www.burespro.com\/fr\/\"},{\"@type\":\"ListItem\",\"position\":2,\"name\":\"Boutique\",\"item\":\"https:\/\/www.burespro.com\/fr\/substrats-engrais\/\"},{\"@type\":\"ListItem\",\"position\":3,\"name\":\"SABLE SILICIQUE ROSE\"}]},{\"@type\":\"WebSite\",\"@id\":\"https:\/\/www.burespro.com\/#website\",\"url\":\"https:\/\/www.burespro.com\/\",\"name\":\"Bur\u00e9s Profesional\",\"description\":\"Fabricants de terres, substrats de cultiu, fertilitzants i adobs org\u00e0nics\",\"potentialAction\":[{\"@type\":\"SearchAction\",\"target\":{\"@type\":\"EntryPoint\",\"urlTemplate\":\"https:\/\/www.burespro.com\/?s={search_term_string}\"},\"query-input\":{\"@type\":\"PropertyValueSpecification\",\"valueRequired\":true,\"valueName\":\"search_term_string\"}}],\"inLanguage\":\"fr-FR\"}]}<\/script>\n<!-- \/ Yoast SEO plugin. -->","yoast_head_json":{"title":"SABLE SILICIQUE ROSE | Bur\u00e9s Profesional","robots":{"index":"index","follow":"follow","max-snippet":"max-snippet:-1","max-image-preview":"max-image-preview:large","max-video-preview":"max-video-preview:-1"},"canonical":"https:\/\/www.burespro.com\/fr\/product\/sable-silicique-rose\/","og_locale":"fr_FR","og_type":"article","og_title":"SABLE SILICIQUE ROSE | Bur\u00e9s Profesional","og_description":"Le sable siliceux est un \u00e9l\u00e9ment d\u00e9coratif tr\u00e8s appropri\u00e9 pour les jardins orientaux et asiatiques. En raison de sa taille de grain, il donne une personnalit\u00e9 diff\u00e9rente dans le jardin et permet de cr\u00e9er des espaces oppos\u00e9s dans la m\u00eame zone. Il est recommand\u00e9 de le placer sur des \u00e9l\u00e9ments secs du jardin, pour allonger [&hellip;]","og_url":"https:\/\/www.burespro.com\/fr\/product\/sable-silicique-rose\/","og_site_name":"Bur\u00e9s Profesional","article_publisher":"https:\/\/www.facebook.com\/buresprofesionalsa","article_modified_time":"2020-04-02T11:04:46+00:00","og_image":[{"width":700,"height":700,"url":"https:\/\/www.burespro.com\/wp-content\/uploads\/2020\/03\/ARENA-SIL\u00cdCICA-ROSA-1.jpg","type":"image\/jpeg"}],"twitter_card":"summary_large_image","schema":{"@context":"https:\/\/schema.org","@graph":[{"@type":"WebPage","@id":"https:\/\/www.burespro.com\/fr\/product\/sable-silicique-rose\/","url":"https:\/\/www.burespro.com\/fr\/product\/sable-silicique-rose\/","name":"SABLE SILICIQUE ROSE | Bur\u00e9s Profesional","isPartOf":{"@id":"https:\/\/www.burespro.com\/#website"},"primaryImageOfPage":{"@id":"https:\/\/www.burespro.com\/fr\/product\/sable-silicique-rose\/#primaryimage"},"image":{"@id":"https:\/\/www.burespro.com\/fr\/product\/sable-silicique-rose\/#primaryimage"},"thumbnailUrl":"https:\/\/www.burespro.com\/wp-content\/uploads\/2020\/03\/ARENA-SIL\u00cdCICA-ROSA-1.jpg","datePublished":"2020-03-10T15:39:02+00:00","dateModified":"2020-04-02T11:04:46+00:00","breadcrumb":{"@id":"https:\/\/www.burespro.com\/fr\/product\/sable-silicique-rose\/#breadcrumb"},"inLanguage":"fr-FR","potentialAction":[{"@type":"ReadAction","target":["https:\/\/www.burespro.com\/fr\/product\/sable-silicique-rose\/"]}]},{"@type":"ImageObject","inLanguage":"fr-FR","@id":"https:\/\/www.burespro.com\/fr\/product\/sable-silicique-rose\/#primaryimage","url":"https:\/\/www.burespro.com\/wp-content\/uploads\/2020\/03\/ARENA-SIL\u00cdCICA-ROSA-1.jpg","contentUrl":"https:\/\/www.burespro.com\/wp-content\/uploads\/2020\/03\/ARENA-SIL\u00cdCICA-ROSA-1.jpg","width":700,"height":700},{"@type":"BreadcrumbList","@id":"https:\/\/www.burespro.com\/fr\/product\/sable-silicique-rose\/#breadcrumb","itemListElement":[{"@type":"ListItem","position":1,"name":"Inici","item":"https:\/\/www.burespro.com\/fr\/"},{"@type":"ListItem","position":2,"name":"Boutique","item":"https:\/\/www.burespro.com\/fr\/substrats-engrais\/"},{"@type":"ListItem","position":3,"name":"SABLE SILICIQUE ROSE"}]},{"@type":"WebSite","@id":"https:\/\/www.burespro.com\/#website","url":"https:\/\/www.burespro.com\/","name":"Bur\u00e9s Profesional","description":"Fabricants de terres, substrats de cultiu, fertilitzants i adobs org\u00e0nics","potentialAction":[{"@type":"SearchAction","target":{"@type":"EntryPoint","urlTemplate":"https:\/\/www.burespro.com\/?s={search_term_string}"},"query-input":{"@type":"PropertyValueSpecification","valueRequired":true,"valueName":"search_term_string"}}],"inLanguage":"fr-FR"}]}},"_links":{"self":[{"href":"https:\/\/www.burespro.com\/fr\/wp-json\/wp\/v2\/product\/10093","targetHints":{"allow":["GET"]}}],"collection":[{"href":"https:\/\/www.burespro.com\/fr\/wp-json\/wp\/v2\/product"}],"about":[{"href":"https:\/\/www.burespro.com\/fr\/wp-json\/wp\/v2\/types\/product"}],"replies":[{"embeddable":true,"href":"https:\/\/www.burespro.com\/fr\/wp-json\/wp\/v2\/comments?post=10093"}],"wp:featuredmedia":[{"embeddable":true,"href":"https:\/\/www.burespro.com\/fr\/wp-json\/wp\/v2\/media\/14735"}],"wp:attachment":[{"href":"https:\/\/www.burespro.com\/fr\/wp-json\/wp\/v2\/media?parent=10093"}],"wp:term":[{"taxonomy":"product_brand","embeddable":true,"href":"https:\/\/www.burespro.com\/fr\/wp-json\/wp\/v2\/product_brand?post=10093"},{"taxonomy":"product_cat","embeddable":true,"href":"https:\/\/www.burespro.com\/fr\/wp-json\/wp\/v2\/product_cat?post=10093"},{"taxonomy":"product_tag","embeddable":true,"href":"https:\/\/www.burespro.com\/fr\/wp-json\/wp\/v2\/product_tag?post=10093"},{"taxonomy":"sectores","embeddable":true,"href":"https:\/\/www.burespro.com\/fr\/wp-json\/wp\/v2\/sectores?post=10093"}],"curies":[{"name":"wp","href":"https:\/\/api.w.org\/{rel}","templated":true}]}}